{"id":8691,"date":"2020-01-29T12:38:01","date_gmt":"2020-01-29T10:38:01","guid":{"rendered":"http:\/\/horsefood.ee\/?post_type=product&#038;p=8691"},"modified":"2026-04-17T15:58:15","modified_gmt":"2026-04-17T12:58:15","slug":"multibeet-senior-mix","status":"publish","type":"product","link":"https:\/\/horsefood.ee\/latvia\/pood\/multibeet-senior-mix\/","title":{"rendered":"Multibeet Senior-Mix (hambaprobleemid \/ halb konditsioon \/ pirtsakad s\u00f6\u00f6jad \/ temperamentsed isendid) 20kg"},"content":{"rendered":"<p><em><strong>Kasutatakse naturaalseid komponente ning sellest johtuvalt v\u00f5ivad osad m\u00e4rgitud v\u00e4\u00e4rtused m\u00f5ningal m\u00e4\u00e4ral k\u00f5ikuda!<\/strong><\/em><\/p>\n<hr \/>\n<p>Energia 11.6 MJ<br \/>\nEWPa 0.85<br \/>\nSeeditav valk (VREp) 11.0 %<br \/>\nToorproteiin 14.0 %<br \/>\nToorrasv 4.5 %<br \/>\nToorkiud 17.5 %<br \/>\nToortuhk 9.3 %<br \/>\nSuhkur 5.8 %<br \/>\nT\u00e4rklis 7.4 %<\/p>\n<p>Mineraalid ja mikroelemendid (kg kohta):<\/p>\n<p>Kaltsium 13.9 g<br \/>\nFosfor 5.4 g<br \/>\nNaatrium 3.8 g<br \/>\nKaalium 9.6 g<br \/>\nMagneesium 7.0 g<br \/>\nVask 52 mg<br \/>\nRaud 75 mg<br \/>\nTsink 220 mg<br \/>\nMangaan 104 mg<br \/>\nSeleen 0.35 mg<br \/>\nJood 2.60 mg<\/p>\n<p>Lisandid\/kg:<\/p>\n<p>A-vitamiin 3a672a 26635 IE<br \/>\nD3-vitamiin 3a671 3408 IE<br \/>\nE-vitamiin 3a700 350 mg<br \/>\nRaud(II)sulfaat monoh\u00fcdraat 3b103 50 mg<br \/>\nKoobaltkabonaat (kattega) 3b304 0.78 mg<br \/>\nMangaanoksiid 3b502 104 mg<br \/>\nSeleenip\u00e4rm 3b811 0.35 mg<br \/>\nVaskkelaat (gl\u00fctsiin) 3b413 26 mg<br \/>\nTsinksulfaat monoh\u00fcdraat 3b605 78 mg<br \/>\nTsinkkelaat (gl\u00fctsiin) 3b607 139 mg<br \/>\nNaatriumseleniit 3b801 0.35 mg<br \/>\nKaltsiumjodaat (veevaba) 3b202 2.6 mg<br \/>\nVasksulfaat pentah\u00fcdraat 3b405 26 mg<\/p>\n<p>&nbsp;<\/p>","protected":false},"excerpt":{"rendered":"<p class=\"p1\"><span class=\"s1\">\u26a0\ufe0f <\/span><strong>S\u00f6\u00f6ta ainult eelnevalt leotatult.<\/strong><\/p>\n<p class=\"p1\"><b>L\u00e4bim\u00f5eldud t\u00e4iends\u00f6\u00f6t hobustele ja ponidele, kellel on hambaprobleemid, raskused konditsiooni hoidmisel v\u00f5i kes on s\u00f6\u00f6gi suhtes pirtsakad ning kelle puhul on oluline hea enesetunne ja kontrollitud energiatase.<\/b><\/p>\n<p class=\"p3\">Multibeet Senior-Mix on loodud hobustele ja ponidele, kellel on hambaprobleemide t\u00f5ttu keeruline tavap\u00e4rast kores\u00f6\u00f6ta s\u00fc\u00fca v\u00f5i piisavas koguses omastada. Leotatuna moodustab s\u00f6\u00f6t pehme ja kergesti s\u00f6\u00f6dava segu, mis sobib ka tundlikuma seedimisega isenditele. T\u00e4iends\u00f6\u00f6t<\/p>\n<p class=\"p3\">Segu sisaldab peedi- ja siguripulpi, mis v\u00f5imaldab kasutada toodet osaliselt v\u00f5i t\u00e4ielikult <span class=\"s2\"><b>toorkiu (kores\u00f6\u00f6da) asendajana<\/b><\/span>. See teeb Multibeet Senior-Mixist praktilise lahenduse hobustele, kelle heinatarbimine on piiratud.<\/p>\n<p class=\"p3\">Valgurikas koostis sobib hobustele, kellel on kalduvus kehakaalu kaotada v\u00f5i kellel on tavap\u00e4raselt raske head konditsiooni hoida. See toetab lihasmassi s\u00e4ilitamist ja \u00fcldist f\u00fc\u00fcsilist vormi.<\/p>\n<p class=\"p3\">Madal t\u00e4rklisesisaldus aitab hoida seedes\u00fcsteemi stabiilsena ja v\u00e4hendada soolestikuh\u00e4irete riski. Lisatud inuliin ja p\u00e4rmikultuurid toimivad pre- ja probiootikumidena, toetades soolefloora tasakaalu ja s\u00f6\u00f6da paremat omastamist.<\/p>\n<p class=\"p3\">T\u00e4nu aeglaselt vabanevale energiale sobib Multibeet Senior-Mix ka energilisematele ja temperamentsematele hobustele, aidates hoida rahulikumat ja \u00fchtlasemat enesetunnet.<\/p>\n<p class=\"p1\"><b>Vaakuumpakendatud, et s\u00e4ilitada s\u00f6\u00f6da v\u00e4rskus ning vitamiinide ja mineraalide kvaliteet.<\/b><\/p>\n<h3><span style=\"font-size: 80%;\"><b>Sobib h\u00e4sti hobustele ja ponidele:<\/b><\/span><\/h3>\n<ul>\n<li>\n<p class=\"p1\">kellel on hambaprobleemid v\u00f5i raskused kores\u00f6\u00f6da s\u00f6\u00f6misel<\/p>\n<\/li>\n<li>\n<p class=\"p1\">kellel on keeruline hoida head kehakonditsiooni<\/p>\n<\/li>\n<li>\n<p class=\"p1\">kes on s\u00f6\u00f6gi suhtes pirtsakad<\/p>\n<\/li>\n<li>\n<p class=\"p1\">kelle seedimine vajab lisatuge<\/p>\n<\/li>\n<li>\n<p class=\"p1\">kes vajavad leotatavat ja kergesti omastatavat t\u00e4iss\u00f6\u00f6ta<\/p>\n<\/li>\n<\/ul>\n<h3><span style=\"font-size: 80%;\"><b>Toitev\u00e4\u00e4rtus<\/b><\/span><\/h3>\n<ul>\n<li>\n<p class=\"p1\">Hobuse poolt seeditav energia: <span class=\"s1\"><b>11,6 MJ\/kg<\/b><\/span><\/p>\n<\/li>\n<li>\n<p class=\"p1\">Hobuse poolt seeditav toores valk: <span class=\"s1\"><b>11,0%<\/b><\/span><\/p>\n<\/li>\n<\/ul>\n<h3><span style=\"font-size: 80%;\"><b>Koostis<\/b><\/span><\/h3>\n<p class=\"p3\">Peedipulp, p\u00e4evalilleseemnejahu, siguripulp, lutsern, sojaoad, maisihelbed, linaseemne\u00f5li, odrahelbed, nisutangud, p\u00e4evalilleseemned, kaerapeenkliid, hernehelbed, melass, kaltsiumkarbonaat, \u00f5unapulp, naatriumkloriid, monokaltsiumfosfaat, oder, nisu, maapirnit\u00e4rklis, p\u00e4evalillejahu.<\/p>\n<p class=\"p1\">Soovituslikud kogused on suunavad. \u00d5ige kogus kujuneb t\u00f6\u00f6 k\u00e4igus ning vastavalt hobuse konditsioonile.<\/p>\n<p class=\"p1\">Kui kahtled sobivuses v\u00f5i koguses, kirjuta meile \u2013 aitame hea meelega kaasa m\u00f5elda (ka Messengeris).<\/p>\n<h3><span style=\"font-size: 80%;\"><b>S\u00f6\u00f6tmissoovitused (100 kg kehakaalu kohta)<\/b><\/span><\/h3>\n<ul>\n<li>\n<p class=\"p1\">\u00dclalpidamine \/ puhkus: <span class=\"s1\"><b>0,30\u20130,40 kg<\/b><\/span><\/p>\n<\/li>\n<li>\n<p class=\"p1\">T\u00f6\u00f6s olevad hobused ja ponid: <span class=\"s1\"><b>0,50\u20130,70 kg<\/b><\/span><\/p>\n<\/li>\n<\/ul>\n<p class=\"p1\"><span style=\"font-size: 100%;\"><b>Valmistamine:<\/b><\/span><\/p>\n<p class=\"p3\">Lisa <span class=\"s2\"><b>1 kg Multibeet Senior-Mixi<\/b><\/span> juurde <span class=\"s2\"><b>2 liitrit vett<\/b><\/span> (soojemapoolset) ja lase <span class=\"s2\"><b>v\u00e4hemalt 3 tundi<\/b><\/span> seista. \u00a0 Valmis leotatud segu tuleb \u00e4ra s\u00f6\u00f6ta <span class=\"s2\"><b>24 tunni jooksul<\/b><\/span>.<\/p>\n<p><a href=\"http:\/\/horsefood.ee\/wp-content\/uploads\/2020\/01\/IMG_2905-scaled.jpg\"><img loading=\"lazy\" decoding=\"async\" class=\"alignleft wp-image-9251\" src=\"http:\/\/horsefood.ee\/wp-content\/uploads\/2020\/01\/IMG_2905-1024x682.jpg\" alt=\"\" width=\"350\" height=\"233\" srcset=\"https:\/\/i0.wp.com\/horsefood.ee\/wp-content\/uploads\/2020\/01\/IMG_2905-scaled.jpg?resize=1024%2C682&amp;ssl=1 1024w, https:\/\/i0.wp.com\/horsefood.ee\/wp-content\/uploads\/2020\/01\/IMG_2905-scaled.jpg?resize=300%2C200&amp;ssl=1 300w, https:\/\/i0.wp.com\/horsefood.ee\/wp-content\/uploads\/2020\/01\/IMG_2905-scaled.jpg?resize=768%2C511&amp;ssl=1 768w, https:\/\/i0.wp.com\/horsefood.ee\/wp-content\/uploads\/2020\/01\/IMG_2905-scaled.jpg?resize=1536%2C1023&amp;ssl=1 1536w, https:\/\/i0.wp.com\/horsefood.ee\/wp-content\/uploads\/2020\/01\/IMG_2905-scaled.jpg?resize=2048%2C1364&amp;ssl=1 2048w, https:\/\/i0.wp.com\/horsefood.ee\/wp-content\/uploads\/2020\/01\/IMG_2905-scaled.jpg?resize=416%2C277&amp;ssl=1 416w\" sizes=\"auto, (max-width: 350px) 100vw, 350px\" \/><\/a><\/p>","protected":false},"featured_media":8934,"template":"","meta":{"jetpack_post_was_ever_published":false,"jetpack_publicize_message":"","jetpack_publicize_feature_enabled":true,"jetpack_social_post_already_shared":true,"jetpack_social_options":{"image_generator_settings":{"template":"highway","default_image_id":0,"font":"","enabled":false},"version":2}},"product_brand":[],"product_cat":[56,39],"product_tag":[69,80],"class_list":{"0":"post-8691","1":"product","2":"type-product","3":"status-publish","4":"has-post-thumbnail","6":"product_cat-horsefoodthebest","7":"product_cat-muslid","8":"product_tag-seenioritele","9":"product_tag-temperament-kontrolli-alla","11":"first","12":"instock","13":"shipping-taxable","14":"purchasable","15":"product-type-simple"},"jetpack_publicize_connections":[],"jetpack_sharing_enabled":true,"jetpack-related-posts":[{"id":3496,"url":"https:\/\/horsefood.ee\/latvia\/pood\/happy-summer-mix\/","url_meta":{"origin":8691,"position":0},"title":"Happy-Summer Mix (kaeravaba \/ ainevahetushaigused) 20kg","author":"Georg Koppel","date":"14. Apr 2017","format":false,"excerpt":"T\u00e4iends\u00f6\u00f6t. Kaeravaba, 7-t funktsionaalset maitsetaime (ginko, n\u00f5ges, pune, k\u00fc\u00fcslauk, majoraan, t\u00fc\u00fcmian, basiilik) sisalduv kvaliteetm\u00fcslisegu on spetsiaalselt v\u00e4ljat\u00f6\u00f6tatud \u00fclitundlikele hobustele (kaasaarvatud suveekseem, laminiit, EMS, Cushings, rasumine ja insuliinresistentsus). Madal suhkru- ja t\u00e4rklisesisaldus. Kergelt seeduv. Rohkelt head linaseemne\u00f5li.\u00a0Lisatud on diatomiitmuld ning p\u00e4rmikultuure. T\u00e4isvitaminiseeritud. K\u00f5ike mikroelemente, eelk\u00f5ige: tsinki, vaske ning seleeni on piisavalt.\u2026","rel":"","context":"Similar post","block_context":{"text":"Similar post","link":""},"img":{"alt_text":"","src":"https:\/\/i0.wp.com\/www.horsefood.ee\/wp-content\/uploads\/2020\/02\/Kvaliteet-1024x576.png?resize=350%2C200&ssl=1","width":350,"height":200,"srcset":"https:\/\/i0.wp.com\/www.horsefood.ee\/wp-content\/uploads\/2020\/02\/Kvaliteet-1024x576.png?resize=350%2C200&ssl=1 1x, https:\/\/i0.wp.com\/www.horsefood.ee\/wp-content\/uploads\/2020\/02\/Kvaliteet-1024x576.png?resize=525%2C300&ssl=1 1.5x, https:\/\/i0.wp.com\/www.horsefood.ee\/wp-content\/uploads\/2020\/02\/Kvaliteet-1024x576.png?resize=700%2C400&ssl=1 2x"},"classes":[]},{"id":3498,"url":"https:\/\/horsefood.ee\/latvia\/pood\/slobbermeel\/","url_meta":{"origin":8691,"position":1},"title":"MASH e Slobbermeel (seedimine \/ konditsioon \/ lisaenergia) 20kg","author":"Georg Koppel","date":"14. Apr 2017","format":false,"excerpt":"T\u00e4iends\u00f6\u00f6t. Maitsev maiuspala igale hobusele \/ponile! HORSEFOOD the best mashipudru valmistatakse sooja veega segatuna, suhtega 1:1. S\u00f6\u00f6detakse leigena. Energia taastamiseks\/lisaenergia. Kaaluiibe lisamiseks\/kehakonditsiooni parandamiseks. Seedimise soodustamiseks. Sisaldab k\u00f5rgekvaliteedilist teravilja, kliisid, linaseemneid ning maisihelbeid. K\u00f5rge rasva sisaldus 7%. Hobuse poolt seeditav energia 15,0MJ\/kg Hobuse poolt seeditav toores valk 9% Koostis: mais, nisukuskuss,\u2026","rel":"","context":"Similar post","block_context":{"text":"Similar post","link":""},"img":{"alt_text":"","src":"https:\/\/i0.wp.com\/horsefood.ee\/wp-content\/uploads\/2017\/04\/Slobbermeel-1.jpg?fit=327%2C491&ssl=1&resize=350%2C200","width":350,"height":200},"classes":[]},{"id":5993,"url":"https:\/\/horsefood.ee\/latvia\/pood\/speed-mix-plahvatuslik-energia-tippsport-pre-ja-probiootikumid-20kg\/","url_meta":{"origin":8691,"position":2},"title":"Speed-Mix (must kaer \/pre- ja probiootikumid \/ plahvatuslik energia) 20kg","author":"kadri koppel","date":"27. Aug 2018","format":false,"excerpt":"\u00a0 ...Kiiresti, kiiremini, veel kiiremini! T\u00e4iends\u00f6\u00f6t. K\u00f5rgekvaliteediline maitsev mix, mis pakub plahvatuslikku energiat. Baas t\u00e4isteravilja, ohtralt j\u00e4mejahvatusega teravilja, nagu must kaer jm ning maisihelbed. Lisatud hernehelbed ja pre- ja probiootikumid.\u00a0Kohandatud t\u00e4rklise- ja suhkrusisaldusega. Sporthobustele, kes vajavad plahvatuslikku energiat. Tippsportivad isendid. Vitamiinide, mineraalide, toitainete sisaldus vastab rangemale saavutusspordi normidele! Mix sisaldab\u2026","rel":"","context":"Similar post","block_context":{"text":"Similar post","link":""},"img":{"alt_text":"","src":"https:\/\/i0.wp.com\/horsefood.ee\/wp-content\/uploads\/2018\/08\/Pilt.jpg?fit=383%2C575&ssl=1&resize=350%2C200","width":350,"height":200},"classes":[]},{"id":4300,"url":"https:\/\/horsefood.ee\/latvia\/pood\/grow-mix-20kg-varsadsaludmarad\/","url_meta":{"origin":8691,"position":3},"title":"Grow-Mix (varsad alates 3-elun\u00e4dalast \/ s\u00e4lud kuni 2,5eluaastat \/ m\u00e4rad) 20kg","author":"kadri koppel","date":"26. Sep 2017","format":false,"excerpt":"T\u00e4iends\u00f6\u00f6t. Spetsiaalne, \u00e4\u00e4rmiselt k\u00f5rgekvaliteediline m\u00fcslisegu tiinetele- ja lakteerivatele m\u00e4radele ning nende varssadele s\u00f6\u00f6tmiseks kuni 1,5 eluaasta-ni. Selles mixis sisalduv kogu teravili on j\u00e4mejahvatatud ja\/v\u00f5i paisutatud ja sisaldab k\u00f5iki vajalikke komponente, et loomalapsest kasvaks tulevikus elur\u00f5\u00f5mus ja terve hobune\/poni. *\u00a0Spetsiaalne\u00a0m\u00fcslisegu\u00a0m\u00e4radele\/varssadele\/s\u00e4lgudele. *\u00a0Sisaldab\u00a0pre-\u00a0ja\u00a0probiootikume. *\u00a0Lisatud\u00a0p\u00e4rmikultuure\u00a0seedimise\u00a0soodustamiseks,\u00a0s\u00f6\u00f6da\u00a0efektiivsuse\u00a0parendamiseks\u00a0ning\u00a0-edendamiseks. *\u00a0Lisatud foolhapet ja E-vitamiini 400mg. Hobuse poolt seeditav energia\u2026","rel":"","context":"Similar post","block_context":{"text":"Similar post","link":""},"img":{"alt_text":"","src":"https:\/\/i0.wp.com\/horsefood.ee\/wp-content\/uploads\/2017\/09\/Grow-Mix-1.jpg?fit=397%2C596&ssl=1&resize=350%2C200","width":350,"height":200},"classes":[]},{"id":3490,"url":"https:\/\/horsefood.ee\/latvia\/pood\/kruidenstruktuurmix\/","url_meta":{"origin":8691,"position":4},"title":"Kruidenstruktuurmix (kaeravaba \/ tervisem\u00fcsli \/ hingamine \/ sport) 20kg","author":"Georg Koppel","date":"14. Apr 2017","format":false,"excerpt":"T\u00e4iends\u00f6\u00f6t. Kaeravaba, \u00e4\u00e4rmiselt\u00a0kergelt seeduv taimem\u00fcsli, mis sobib s\u00f6\u00f6tmiseks k\u00f5ikidele hobustele\/ponidele. See v\u00e4\u00e4rtuslik segu toetab viljakust, kasvu, arengut, sooritusv\u00f5imet ja tervist! Madala suhkrusisaldusega.\u00a0Tervislik segu, mis sisaldab kergelt seeduvaid eelt\u00f6\u00f6deldud teraviljahelbeid, kuivatatud porgandeid, hernehelbeid ning kliisid. V\u00e4rsked lutsernivarred pakuvad piisavalt kiudu ning m\u00fcslisegust saab t\u00e4nu lisatud maitse\u00fcrtidele abi ka kergemate hingamisteede probleemide\u2026","rel":"","context":"Similar post","block_context":{"text":"Similar post","link":""},"img":{"alt_text":"","src":"https:\/\/i0.wp.com\/horsefood.ee\/wp-content\/uploads\/2017\/04\/Kruidenstruktuurmix-1.jpg?fit=383%2C575&ssl=1&resize=350%2C200","width":350,"height":200},"classes":[]},{"id":3492,"url":"https:\/\/horsefood.ee\/latvia\/pood\/easy-mix\/","url_meta":{"origin":8691,"position":5},"title":"Easy-mix (kaeravaba \/ n\u00e4rvilisus \/ sport \/ keskmine koormus) 20kg","author":"Georg Koppel","date":"14. Apr 2017","format":false,"excerpt":"Kaeravaba m\u00fcsli hobustele L\u00e4bim\u00f5eldud kaeravaba lisands\u00f6\u00f6t hobustele, kelle puhul on oluline piisav energiavarustus ilma liigse erutuvuseta ning kes t\u00f6\u00f6tavad \u00fclalpidamisel kuni keskmise koormusega. See kaeravaba m\u00fcsli on loodud hobustele, kellele on vaja anda h\u00e4sti omastatavat energiat, hoides samal ajal temperamendi rahuliku ja kontrollituna. Sobib igap\u00e4evaseks kasutamiseks hobustele, kes teevad keskmist\u2026","rel":"","context":"Similar post","block_context":{"text":"Similar post","link":""},"img":{"alt_text":"","src":"https:\/\/i0.wp.com\/horsefood.ee\/wp-content\/uploads\/2017\/04\/Easy-Mix-1.jpg?fit=383%2C575&ssl=1&resize=350%2C200","width":350,"height":200},"classes":[]}],"_links":{"self":[{"href":"https:\/\/horsefood.ee\/latvia\/wp-json\/wp\/v2\/product\/8691","targetHints":{"allow":["GET"]}}],"collection":[{"href":"https:\/\/horsefood.ee\/latvia\/wp-json\/wp\/v2\/product"}],"about":[{"href":"https:\/\/horsefood.ee\/latvia\/wp-json\/wp\/v2\/types\/product"}],"wp:featuredmedia":[{"embeddable":true,"href":"https:\/\/horsefood.ee\/latvia\/wp-json\/wp\/v2\/media\/8934"}],"wp:attachment":[{"href":"https:\/\/horsefood.ee\/latvia\/wp-json\/wp\/v2\/media?parent=8691"}],"wp:term":[{"taxonomy":"product_brand","embeddable":true,"href":"https:\/\/horsefood.ee\/latvia\/wp-json\/wp\/v2\/product_brand?post=8691"},{"taxonomy":"product_cat","embeddable":true,"href":"https:\/\/horsefood.ee\/latvia\/wp-json\/wp\/v2\/product_cat?post=8691"},{"taxonomy":"product_tag","embeddable":true,"href":"https:\/\/horsefood.ee\/latvia\/wp-json\/wp\/v2\/product_tag?post=8691"}],"curies":[{"name":"wp","href":"https:\/\/api.w.org\/{rel}","templated":true}]}}