{"id":8688,"date":"2020-01-29T09:30:19","date_gmt":"2020-01-29T07:30:19","guid":{"rendered":"http:\/\/horsefood.ee\/?post_type=product&#038;p=8688"},"modified":"2026-04-22T18:34:50","modified_gmt":"2026-04-22T15:34:50","slug":"graanvrij-mix-teraviljavaba-muslisegu-melassivaba-madal-suhkur-tarklis-20kg","status":"publish","type":"product","link":"https:\/\/horsefood.ee\/latvia\/pood\/graanvrij-mix-teraviljavaba-muslisegu-melassivaba-madal-suhkur-tarklis-20kg\/","title":{"rendered":"Graanvrij-Mix (teravilja- ja melassivaba \/ madal suhkur-t\u00e4rklis \/ probiootikum \/ kerge-keskmine t\u00f6\u00f6) 20kg"},"content":{"rendered":"<p><strong><em>Kasutatakse naturaalseid komponente ning sellest johtuvalt v\u00f5ivad osad m\u00e4rgitud v\u00e4\u00e4rtused m\u00f5ningal m\u00e4\u00e4ral k\u00f5ikuda!<\/em><\/strong><\/p>\n<hr \/>\n<p>Energia 10.1 MJ<br \/>\nEWPa 0.68<br \/>\nSeeditav valk (VREp) 8.9 %<br \/>\nToorproteiin 13.2 %<br \/>\nToorrasv 6.4 %<br \/>\nToorkiud 26.5 %<br \/>\nToortuhk 9.2 %<br \/>\nSuhkur 3.8 %<br \/>\nT\u00e4rklis 4.8 %<\/p>\n<p>Mineraalid ja mikroelemendid (kg kohta):<\/p>\n<p>Kaltsium 12.9 g<br \/>\nFosfor 4.1 g<br \/>\nNaatrium 4.7 g<br \/>\nKaalium 12.8 g<br \/>\nMagneesium 5.9 g<br \/>\nVask 46 mg<br \/>\nRaud 66 mg<br \/>\nTsink 195 mg<br \/>\nMangaan 92 mg<br \/>\nSeleen 0.60 mg<br \/>\nJood 2.30 mg<\/p>\n<p>Lisandid\/kg:<\/p>\n<p>A-vitamiin 3a672a 20020 IE<br \/>\nD3-vitamiin 3a671 3080 IE<br \/>\nE-vitamiin 3a700 408 mg<br \/>\nRaud(II)sulfaat monoh\u00fcdraat 3b103 45 mg<br \/>\nKoobaltkabonaat (kattega) 3b304 0.69 mg<br \/>\nMangaanoksiid 3b502 92 mg<br \/>\nVaskkelaat (gl\u00fctsiin) 3b413 23 mg<br \/>\nTsinksulfaat monoh\u00fcdraat 3b605 69 mg<br \/>\nTsinkkelaat (gl\u00fctsiin) 3b607 123 mg<br \/>\nNaatriumseleniit 3b801 0.31 mg<br \/>\nSeleenip\u00e4rm 3b811 0.31 mg<br \/>\nKaltsiumjodaat (veevaba) 3b202 2.3 mg<br \/>\nVasksulfaat pentah\u00fcdraat 3b405 23 mg<\/p>","protected":false},"excerpt":{"rendered":"<p class=\"p1\"><b>L\u00e4bim\u00f5eldud teravilja- ja melassivaba t\u00e4iends\u00f6\u00f6t hobustele, kelle t\u00f6\u00f6koormus on kerge kuni keskmine ning kelle puhul on oluline seedes\u00fcsteemi tasakaal ja kontrollitud energiatase.<\/b><\/p>\n<p class=\"p3\">Grainfree-Mix on t\u00e4iss\u00f6\u00f6t hobustele, kellel ei sobi teraviljarikkad s\u00f6\u00f6dad ning kelle ratsioon peab olema madala suhkru- ja t\u00e4rklisesisaldusega. Sobib h\u00e4sti igap\u00e4evaseks s\u00f6\u00f6tmiseks hobustele, kelle energiavajadus ei ole k\u00f5rge, kuid kelle puhul loeb seedimise heaolu ja stabiilne enesetunne.<\/p>\n<p class=\"p3\">Lutsern on segu p\u00f5hitooraine, mis aitab viia kiudainesisalduse sobivale tasemele ning toetab loomulikku m\u00e4lumis- ja s\u00fcljetootmist. See aitab hoida mao ja soolestiku t\u00f6\u00f6d tasakaalus ka regulaarse s\u00f6\u00f6tmise korral.<\/p>\n<p class=\"p3\">Madala suhkru- ja t\u00e4rklisesisaldusega koostis sobib hobustele, kellel on risk mao ja soolestiku kiireks hapestumiseks, ning neile, kelle energiatarbimist tuleb teadlikult piirata.<\/p>\n<p class=\"p3\">Sisaldab sigurit, mis on pektiini ja inuliini allikas ning toimib probiootikumina soolefloora toetamiseks. See aitab parandada s\u00f6\u00f6da omastamist ja toetab seedes\u00fcsteemi \u00fcldist tasakaalu.<\/p>\n<p class=\"p3\">Lisatud porgandi- ja hernehelbed parandavad s\u00f6\u00f6da maitsvust ning soodustavad regulaarset s\u00f6\u00f6mist ka valivamate hobuste puhul.<\/p>\n<p class=\"p1\"><b>Vaakuumpakendatud, et s\u00e4ilitada s\u00f6\u00f6da v\u00e4rskus ning vitamiinide ja mineraalide kvaliteet.<\/b><\/p>\n<h3><span style=\"font-size: 80%;\"><b>Sobib h\u00e4sti hobustele ja ponidele:<\/b><\/span><\/h3>\n<ul>\n<li>\n<p class=\"p1\">kelle t\u00f6\u00f6koormus on kerge kuni keskmine<\/p>\n<\/li>\n<li>\n<p class=\"p1\">kellel on tundlik seedimine v\u00f5i kalduvus mao- ja soolestiku\u00e4rritustele<\/p>\n<\/li>\n<li>\n<p class=\"p1\">kelle ratsioon peab olema teravilja- ja melassivaba<\/p>\n<\/li>\n<li>\n<p class=\"p1\">metaboolsete seisunditega hobustele, kelle puhul on oluline kontrollitud energiatarbimine<\/p>\n<\/li>\n<\/ul>\n<h3><span style=\"font-size: 80%;\"><b>Toitev\u00e4\u00e4rtus<\/b><\/span><\/h3>\n<ul>\n<li>\n<p class=\"p1\">Hobuse poolt seeditav energia: <span class=\"s1\"><b>10,0 MJ\/kg<\/b><\/span><\/p>\n<\/li>\n<li>\n<p class=\"p1\">Hobuse poolt seeditav toores valk: <span class=\"s1\"><b>8,9%<\/b><\/span><\/p>\n<\/li>\n<\/ul>\n<h3><span style=\"font-size: 80%;\"><b>Koostis<\/b><\/span><\/h3>\n<h3><span style=\"font-size: 80%;\">Lutsern, p\u00e4evalilleseemned, \u00f5unapulp, p\u00e4evalilleseemnejahu, linaseemne\u00f5li, lupiinihelbed, oahelbed, hernehelbed, porgandihelbed, magneesiumoksiid, siguripulp, monokaltsiumfosfaat, naatriumkloriid, kaltsiumkarbonaat, kartulit\u00e4rklis.<\/span><\/h3>\n<h3><span style=\"font-size: 80%;\"><b>S\u00f6\u00f6tmissoovitused<\/b><\/span><\/h3>\n<p class=\"p3\">Soovituslikud kogused on suunavad. \u00d5ige kogus kujuneb t\u00f6\u00f6 k\u00e4igus ning vastavalt hobuse konditsioonile.<\/p>\n<p class=\"p3\">Kui kahtled sobivuses v\u00f5i koguses, kirjuta meile \u2013 aitame hea meelega kaasa m\u00f5elda (ka Messengeris).<\/p>\n<p>S\u00d6\u00d6TMISSOOVITUSED 100kg\/kehakaalu kohta:<\/p>\n<ul>\n<li><strong>\u00dclalpidamine<\/strong> \u2013 0,20 \u2013 0,3kg<\/li>\n<li><strong>Kerge koormus<\/strong> \u2013 0,3 \u2013 0,4kg<\/li>\n<li><strong>Keskmine koormus<\/strong> \u2013 0,4 \u2013 0,5kg<\/li>\n<\/ul>\n<p><a href=\"http:\/\/horsefood.ee\/wp-content\/uploads\/2020\/01\/IMG_3175-scaled.jpg\"><img loading=\"lazy\" decoding=\"async\" class=\"alignleft wp-image-9250\" src=\"http:\/\/horsefood.ee\/wp-content\/uploads\/2020\/01\/IMG_3175-1024x682.jpg\" alt=\"\" width=\"350\" height=\"233\" srcset=\"https:\/\/i0.wp.com\/horsefood.ee\/wp-content\/uploads\/2020\/01\/IMG_3175-scaled.jpg?resize=1024%2C682&amp;ssl=1 1024w, https:\/\/i0.wp.com\/horsefood.ee\/wp-content\/uploads\/2020\/01\/IMG_3175-scaled.jpg?resize=300%2C200&amp;ssl=1 300w, https:\/\/i0.wp.com\/horsefood.ee\/wp-content\/uploads\/2020\/01\/IMG_3175-scaled.jpg?resize=768%2C511&amp;ssl=1 768w, https:\/\/i0.wp.com\/horsefood.ee\/wp-content\/uploads\/2020\/01\/IMG_3175-scaled.jpg?resize=1536%2C1023&amp;ssl=1 1536w, https:\/\/i0.wp.com\/horsefood.ee\/wp-content\/uploads\/2020\/01\/IMG_3175-scaled.jpg?resize=2048%2C1364&amp;ssl=1 2048w, https:\/\/i0.wp.com\/horsefood.ee\/wp-content\/uploads\/2020\/01\/IMG_3175-scaled.jpg?resize=416%2C277&amp;ssl=1 416w\" sizes=\"auto, (max-width: 350px) 100vw, 350px\" \/><\/a><\/p>","protected":false},"featured_media":8689,"template":"","meta":{"jetpack_post_was_ever_published":false,"jetpack_publicize_message":"","jetpack_publicize_feature_enabled":true,"jetpack_social_post_already_shared":true,"jetpack_social_options":{"image_generator_settings":{"template":"highway","default_image_id":0,"font":"","enabled":false},"version":2}},"product_brand":[],"product_cat":[56,39],"product_tag":[77,67,73,80,71],"class_list":{"0":"post-8688","1":"product","2":"type-product","3":"status-publish","4":"has-post-thumbnail","6":"product_cat-horsefoodthebest","7":"product_cat-muslid","8":"product_tag-harrastus","9":"product_tag-keskmine-koormus","10":"product_tag-seedimisprobleemid","11":"product_tag-temperament-kontrolli-alla","12":"product_tag-teravilja-ja-melassivaba","14":"first","15":"instock","16":"shipping-taxable","17":"purchasable","18":"product-type-simple"},"jetpack_publicize_connections":[],"jetpack_sharing_enabled":true,"jetpack-related-posts":[{"id":3498,"url":"https:\/\/horsefood.ee\/latvia\/pood\/slobbermeel\/","url_meta":{"origin":8688,"position":0},"title":"MASH e Slobbermeel (seedimine \/ konditsioon \/ lisaenergia) 20kg","author":"Georg Koppel","date":"14. Apr 2017","format":false,"excerpt":"T\u00e4iends\u00f6\u00f6t. Maitsev maiuspala igale hobusele \/ponile! HORSEFOOD the best mashipudru valmistatakse sooja veega segatuna, suhtega 1:1. S\u00f6\u00f6detakse leigena. Energia taastamiseks\/lisaenergia. Kaaluiibe lisamiseks\/kehakonditsiooni parandamiseks. Seedimise soodustamiseks. Sisaldab k\u00f5rgekvaliteedilist teravilja, kliisid, linaseemneid ning maisihelbeid. K\u00f5rge rasva sisaldus 7%. Hobuse poolt seeditav energia 15,0MJ\/kg Hobuse poolt seeditav toores valk 9% Koostis: mais, nisukuskuss,\u2026","rel":"","context":"Similar post","block_context":{"text":"Similar post","link":""},"img":{"alt_text":"","src":"https:\/\/i0.wp.com\/horsefood.ee\/wp-content\/uploads\/2017\/04\/Slobbermeel-1.jpg?fit=327%2C491&ssl=1&resize=350%2C200","width":350,"height":200},"classes":[]},{"id":3496,"url":"https:\/\/horsefood.ee\/latvia\/pood\/happy-summer-mix\/","url_meta":{"origin":8688,"position":1},"title":"Happy-Summer Mix (kaeravaba \/ ainevahetushaigused) 20kg","author":"Georg Koppel","date":"14. Apr 2017","format":false,"excerpt":"T\u00e4iends\u00f6\u00f6t. Kaeravaba, 7-t funktsionaalset maitsetaime (ginko, n\u00f5ges, pune, k\u00fc\u00fcslauk, majoraan, t\u00fc\u00fcmian, basiilik) sisalduv kvaliteetm\u00fcslisegu on spetsiaalselt v\u00e4ljat\u00f6\u00f6tatud \u00fclitundlikele hobustele (kaasaarvatud suveekseem, laminiit, EMS, Cushings, rasumine ja insuliinresistentsus). Madal suhkru- ja t\u00e4rklisesisaldus. Kergelt seeduv. Rohkelt head linaseemne\u00f5li.\u00a0Lisatud on diatomiitmuld ning p\u00e4rmikultuure. T\u00e4isvitaminiseeritud. K\u00f5ike mikroelemente, eelk\u00f5ige: tsinki, vaske ning seleeni on piisavalt.\u2026","rel":"","context":"Similar post","block_context":{"text":"Similar post","link":""},"img":{"alt_text":"","src":"https:\/\/i0.wp.com\/www.horsefood.ee\/wp-content\/uploads\/2020\/02\/Kvaliteet-1024x576.png?resize=350%2C200&ssl=1","width":350,"height":200,"srcset":"https:\/\/i0.wp.com\/www.horsefood.ee\/wp-content\/uploads\/2020\/02\/Kvaliteet-1024x576.png?resize=350%2C200&ssl=1 1x, https:\/\/i0.wp.com\/www.horsefood.ee\/wp-content\/uploads\/2020\/02\/Kvaliteet-1024x576.png?resize=525%2C300&ssl=1 1.5x, https:\/\/i0.wp.com\/www.horsefood.ee\/wp-content\/uploads\/2020\/02\/Kvaliteet-1024x576.png?resize=700%2C400&ssl=1 2x"},"classes":[]},{"id":5993,"url":"https:\/\/horsefood.ee\/latvia\/pood\/speed-mix-plahvatuslik-energia-tippsport-pre-ja-probiootikumid-20kg\/","url_meta":{"origin":8688,"position":2},"title":"Speed-Mix (must kaer \/pre- ja probiootikumid \/ plahvatuslik energia) 20kg","author":"kadri koppel","date":"27. Aug 2018","format":false,"excerpt":"\u00a0 ...Kiiresti, kiiremini, veel kiiremini! T\u00e4iends\u00f6\u00f6t. K\u00f5rgekvaliteediline maitsev mix, mis pakub plahvatuslikku energiat. Baas t\u00e4isteravilja, ohtralt j\u00e4mejahvatusega teravilja, nagu must kaer jm ning maisihelbed. Lisatud hernehelbed ja pre- ja probiootikumid.\u00a0Kohandatud t\u00e4rklise- ja suhkrusisaldusega. Sporthobustele, kes vajavad plahvatuslikku energiat. Tippsportivad isendid. Vitamiinide, mineraalide, toitainete sisaldus vastab rangemale saavutusspordi normidele! Mix sisaldab\u2026","rel":"","context":"Similar post","block_context":{"text":"Similar post","link":""},"img":{"alt_text":"","src":"https:\/\/i0.wp.com\/horsefood.ee\/wp-content\/uploads\/2018\/08\/Pilt.jpg?fit=383%2C575&ssl=1&resize=350%2C200","width":350,"height":200},"classes":[]},{"id":4300,"url":"https:\/\/horsefood.ee\/latvia\/pood\/grow-mix-20kg-varsadsaludmarad\/","url_meta":{"origin":8688,"position":3},"title":"Grow-Mix (varsad alates 3-elun\u00e4dalast \/ s\u00e4lud kuni 2,5eluaastat \/ m\u00e4rad) 20kg","author":"kadri koppel","date":"26. Sep 2017","format":false,"excerpt":"T\u00e4iends\u00f6\u00f6t. Spetsiaalne, \u00e4\u00e4rmiselt k\u00f5rgekvaliteediline m\u00fcslisegu tiinetele- ja lakteerivatele m\u00e4radele ning nende varssadele s\u00f6\u00f6tmiseks kuni 1,5 eluaasta-ni. Selles mixis sisalduv kogu teravili on j\u00e4mejahvatatud ja\/v\u00f5i paisutatud ja sisaldab k\u00f5iki vajalikke komponente, et loomalapsest kasvaks tulevikus elur\u00f5\u00f5mus ja terve hobune\/poni. *\u00a0Spetsiaalne\u00a0m\u00fcslisegu\u00a0m\u00e4radele\/varssadele\/s\u00e4lgudele. *\u00a0Sisaldab\u00a0pre-\u00a0ja\u00a0probiootikume. *\u00a0Lisatud\u00a0p\u00e4rmikultuure\u00a0seedimise\u00a0soodustamiseks,\u00a0s\u00f6\u00f6da\u00a0efektiivsuse\u00a0parendamiseks\u00a0ning\u00a0-edendamiseks. *\u00a0Lisatud foolhapet ja E-vitamiini 400mg. Hobuse poolt seeditav energia\u2026","rel":"","context":"Similar post","block_context":{"text":"Similar post","link":""},"img":{"alt_text":"","src":"https:\/\/i0.wp.com\/horsefood.ee\/wp-content\/uploads\/2017\/09\/Grow-Mix-1.jpg?fit=397%2C596&ssl=1&resize=350%2C200","width":350,"height":200},"classes":[]},{"id":3490,"url":"https:\/\/horsefood.ee\/latvia\/pood\/kruidenstruktuurmix\/","url_meta":{"origin":8688,"position":4},"title":"Kruidenstruktuurmix (kaeravaba \/ tervisem\u00fcsli \/ hingamine \/ sport) 20kg","author":"Georg Koppel","date":"14. Apr 2017","format":false,"excerpt":"T\u00e4iends\u00f6\u00f6t. Kaeravaba, \u00e4\u00e4rmiselt\u00a0kergelt seeduv taimem\u00fcsli, mis sobib s\u00f6\u00f6tmiseks k\u00f5ikidele hobustele\/ponidele. See v\u00e4\u00e4rtuslik segu toetab viljakust, kasvu, arengut, sooritusv\u00f5imet ja tervist! Madala suhkrusisaldusega.\u00a0Tervislik segu, mis sisaldab kergelt seeduvaid eelt\u00f6\u00f6deldud teraviljahelbeid, kuivatatud porgandeid, hernehelbeid ning kliisid. V\u00e4rsked lutsernivarred pakuvad piisavalt kiudu ning m\u00fcslisegust saab t\u00e4nu lisatud maitse\u00fcrtidele abi ka kergemate hingamisteede probleemide\u2026","rel":"","context":"Similar post","block_context":{"text":"Similar post","link":""},"img":{"alt_text":"","src":"https:\/\/i0.wp.com\/horsefood.ee\/wp-content\/uploads\/2017\/04\/Kruidenstruktuurmix-1.jpg?fit=383%2C575&ssl=1&resize=350%2C200","width":350,"height":200},"classes":[]},{"id":5952,"url":"https:\/\/horsefood.ee\/latvia\/pood\/sunsetbalance-korrel-10kg-mineraalid-eriline-kaitse-hf-ambris\/","url_meta":{"origin":8688,"position":5},"title":"Sunsetbalance Korrel (mineraalid\/immuunsus\/eriline kaitse) 10kg","author":"kadri koppel","date":"25. Aug 2018","format":false,"excerpt":"Terve keha tasakaalu nimel! Hobuse organismi puhastamine ainevahetusej\u00e4\u00e4kidest on oluline samm. Need 3mm graanulid on loodud spetsiaalselt tundlikele (ainevahetushaigused, suveekseem, laminiit, cushing`s, insuliinresistentsus jm) isenditele, aga loomulikult sobivad need k\u00f5ikidele hobustele,\u00a0kellede organism vajab erilist kaitset! S\u00f6\u00f6dalisand. Sisaldavad kergelt seeduvaid s\u00fcsivesikuid, v\u00e4ikeses koguses! Rohkelt\u00a0linaseemneid. P\u00e4rmikultuurid. Madal t\u00e4rklise sisaldus! Olulised vitamiinid on\u2026","rel":"","context":"Similar post","block_context":{"text":"Similar post","link":""},"img":{"alt_text":"","src":"https:\/\/i0.wp.com\/horsefood.ee\/wp-content\/uploads\/2018\/08\/Sunset-Balance-6t%C3%B6%C3%B6deldud-scaled.jpg?fit=1200%2C740&ssl=1&resize=350%2C200","width":350,"height":200,"srcset":"https:\/\/i0.wp.com\/horsefood.ee\/wp-content\/uploads\/2018\/08\/Sunset-Balance-6t%C3%B6%C3%B6deldud-scaled.jpg?fit=1200%2C740&ssl=1&resize=350%2C200 1x, https:\/\/i0.wp.com\/horsefood.ee\/wp-content\/uploads\/2018\/08\/Sunset-Balance-6t%C3%B6%C3%B6deldud-scaled.jpg?fit=1200%2C740&ssl=1&resize=525%2C300 1.5x, https:\/\/i0.wp.com\/horsefood.ee\/wp-content\/uploads\/2018\/08\/Sunset-Balance-6t%C3%B6%C3%B6deldud-scaled.jpg?fit=1200%2C740&ssl=1&resize=700%2C400 2x, https:\/\/i0.wp.com\/horsefood.ee\/wp-content\/uploads\/2018\/08\/Sunset-Balance-6t%C3%B6%C3%B6deldud-scaled.jpg?fit=1200%2C740&ssl=1&resize=1050%2C600 3x"},"classes":[]}],"_links":{"self":[{"href":"https:\/\/horsefood.ee\/latvia\/wp-json\/wp\/v2\/product\/8688","targetHints":{"allow":["GET"]}}],"collection":[{"href":"https:\/\/horsefood.ee\/latvia\/wp-json\/wp\/v2\/product"}],"about":[{"href":"https:\/\/horsefood.ee\/latvia\/wp-json\/wp\/v2\/types\/product"}],"wp:featuredmedia":[{"embeddable":true,"href":"https:\/\/horsefood.ee\/latvia\/wp-json\/wp\/v2\/media\/8689"}],"wp:attachment":[{"href":"https:\/\/horsefood.ee\/latvia\/wp-json\/wp\/v2\/media?parent=8688"}],"wp:term":[{"taxonomy":"product_brand","embeddable":true,"href":"https:\/\/horsefood.ee\/latvia\/wp-json\/wp\/v2\/product_brand?post=8688"},{"taxonomy":"product_cat","embeddable":true,"href":"https:\/\/horsefood.ee\/latvia\/wp-json\/wp\/v2\/product_cat?post=8688"},{"taxonomy":"product_tag","embeddable":true,"href":"https:\/\/horsefood.ee\/latvia\/wp-json\/wp\/v2\/product_tag?post=8688"}],"curies":[{"name":"wp","href":"https:\/\/api.w.org\/{rel}","templated":true}]}}