{"id":7439,"date":"2019-05-11T00:24:14","date_gmt":"2019-05-10T21:24:14","guid":{"rendered":"http:\/\/horsefood.ee\/?post_type=product&#038;p=7439"},"modified":"2026-04-17T15:58:15","modified_gmt":"2026-04-17T12:58:15","slug":"heinakuubikud-20kg","status":"publish","type":"product","link":"https:\/\/horsefood.ee\/latvia\/pood\/heinakuubikud-20kg\/","title":{"rendered":"Heinagraanulid \/ ei vaja leotamist \/ ei sobi kores\u00f6\u00f6da t\u00e4ielikuks asendamiseks 20kg"},"content":{"rendered":"","protected":false},"excerpt":{"rendered":"<p><strong>Van Corp Loomas\u00f6\u00f6dad heinagraanulid<\/strong>\u00a0on valmistatud <strong>100% tolmuvabast<\/strong> kuivatatud karjamaarohust. Need on loodud ratsiooni t\u00e4iendamiseks v\u00f5i s\u00f6\u00f6tmiseks kores\u00f6\u00f6da puuduse korral.<\/p>\n<p>Pelleteid v\u00f5ib s\u00f6\u00f6ta kuivalt, sest meie\u00a0<strong>heinagraanulid ei vaja leotamist!\u00a0<\/strong>Loomulikult on lubatud graanuleid soojas vees leotada, kuid see ei ole h\u00e4davajalik.<\/p>\n<p>Lisands\u00f6\u00f6t. Ei sobi kores\u00f6\u00f6da t\u00e4ielikuks asendamiseks (t\u00e4ielikuks kores\u00f6\u00f6da asendajaks sobib Multibeet-seniormix).<\/p>\n<p><strong>Graanuli suurus:<\/strong> 6mm.<\/p>\n<p><strong>Energiav\u00e4\u00e4rtus:\u00a0<\/strong>10,1MJ\/kg.<\/p>\n<p><strong>Anal\u00fc\u00fctiline koostis<\/strong>: toorvalk 170 gr, toorrasv 28 gr, toortuhk 125 gr, toorkiud 200 gr, kaltsiumi (Ca) 8 gr, fosfori (P) 3,1 gr, naatrium (NaCl) 2,1 gr, magneesiumi (Mg) 1,9 gr.<\/p>\n<p><strong>Aminohapped<\/strong>: l\u00fcsiin 8gr, metioniin 2,4gr.<\/p>\n<p><strong>Mikroelemendid:\u00a0<\/strong>ei ole mingeid t\u00e4iendusi. Sisaldavad ainult rohu looduslikke mikroelemente.<\/p>\n<p><strong>Vitamiinid:\u00a0<\/strong>\u00a0ei ole mingeid t\u00e4iendusi. Sisaldavad ainult rohu looduslikke vitamiine.<\/p>\n<p>&nbsp;<\/p>\n<hr \/>\n<p><a href=\"http:\/\/horsefood.ee\/wp-content\/uploads\/2017\/05\/Elu-ilma-j\u00f5us\u00f6\u00f6data.png\"><img loading=\"lazy\" decoding=\"async\" class=\"size-large wp-image-6229 alignleft\" src=\"http:\/\/horsefood.ee\/wp-content\/uploads\/2017\/05\/Elu-ilma-j\u00f5us\u00f6\u00f6data-724x1024.png\" alt=\"\" width=\"724\" height=\"1024\" srcset=\"https:\/\/i0.wp.com\/horsefood.ee\/wp-content\/uploads\/2017\/05\/Elu-ilma-j%C3%B5us%C3%B6%C3%B6data.png?resize=724%2C1024&amp;ssl=1 724w, https:\/\/i0.wp.com\/horsefood.ee\/wp-content\/uploads\/2017\/05\/Elu-ilma-j%C3%B5us%C3%B6%C3%B6data.png?resize=212%2C300&amp;ssl=1 212w, https:\/\/i0.wp.com\/horsefood.ee\/wp-content\/uploads\/2017\/05\/Elu-ilma-j%C3%B5us%C3%B6%C3%B6data.png?resize=768%2C1086&amp;ssl=1 768w, https:\/\/i0.wp.com\/horsefood.ee\/wp-content\/uploads\/2017\/05\/Elu-ilma-j%C3%B5us%C3%B6%C3%B6data.png?resize=424%2C600&amp;ssl=1 424w, https:\/\/i0.wp.com\/horsefood.ee\/wp-content\/uploads\/2017\/05\/Elu-ilma-j%C3%B5us%C3%B6%C3%B6data.png?w=794&amp;ssl=1 794w\" sizes=\"auto, (max-width: 724px) 100vw, 724px\" \/><\/a><\/p>\n<p>&nbsp;<\/p>","protected":false},"featured_media":7442,"template":"","meta":{"jetpack_post_was_ever_published":false,"jetpack_publicize_message":"","jetpack_publicize_feature_enabled":true,"jetpack_social_post_already_shared":true,"jetpack_social_options":{"image_generator_settings":{"template":"highway","default_image_id":0,"font":"","enabled":false},"version":2}},"product_brand":[],"product_cat":[37,56],"product_tag":[],"class_list":{"0":"post-7439","1":"product","2":"type-product","3":"status-publish","4":"has-post-thumbnail","6":"product_cat-graanulid","7":"product_cat-horsefoodthebest","9":"first","10":"instock","11":"shipping-taxable","12":"purchasable","13":"product-type-simple"},"jetpack_publicize_connections":[],"jetpack_sharing_enabled":true,"jetpack-related-posts":[{"id":17597,"url":"https:\/\/horsefood.ee\/latvia\/pood\/all-round-paardenbrok-ulalpidamisgraanul-1000kg-ettetellimisel\/","url_meta":{"origin":7439,"position":0},"title":"All-round paardenbrok (igap\u00e4evane graanul \/ m\u00f5\u00f5dukas koormus) Bigbox 1000,0kg ettetellimisel!","author":"Kaido Koppel","date":"6. Aug 2023","format":false,"excerpt":"Ilma kaerata, suure vitamiinide-, mineraalide ja mikroelementide osakaaluga. Optimaalne graanul, mis sobib k\u00f5ikidele madalat energiataset n\u00f5udvatele hobustele ja ponidele.\u00a0 See lisands\u00f6\u00f6t sisaldab enam kui k\u00fcllaldaselt vajalikke toitaineid, mis on vajalikud hoolduss\u00f6\u00f6dana. See graanul sobib ka kores\u00f6\u00f6da lisandiks, kui hobune on \u00fclalpidamisel v\u00f5i teeb kergemat t\u00f6\u00f6d. Koostis: nisu, oder, mais, kaerajahu,\u2026","rel":"","context":"Similar post","block_context":{"text":"Similar post","link":""},"img":{"alt_text":"","src":"https:\/\/i0.wp.com\/horsefood.ee\/wp-content\/uploads\/2023\/08\/Big-Box.-Horsefood-the-best-scaled.jpg?fit=1135%2C1200&ssl=1&resize=350%2C200","width":350,"height":200,"srcset":"https:\/\/i0.wp.com\/horsefood.ee\/wp-content\/uploads\/2023\/08\/Big-Box.-Horsefood-the-best-scaled.jpg?fit=1135%2C1200&ssl=1&resize=350%2C200 1x, https:\/\/i0.wp.com\/horsefood.ee\/wp-content\/uploads\/2023\/08\/Big-Box.-Horsefood-the-best-scaled.jpg?fit=1135%2C1200&ssl=1&resize=525%2C300 1.5x, https:\/\/i0.wp.com\/horsefood.ee\/wp-content\/uploads\/2023\/08\/Big-Box.-Horsefood-the-best-scaled.jpg?fit=1135%2C1200&ssl=1&resize=700%2C400 2x, https:\/\/i0.wp.com\/horsefood.ee\/wp-content\/uploads\/2023\/08\/Big-Box.-Horsefood-the-best-scaled.jpg?fit=1135%2C1200&ssl=1&resize=1050%2C600 3x"},"classes":[]},{"id":20613,"url":"https:\/\/horsefood.ee\/latvia\/pood\/horsefood-stomach-protect-seedimine-maohaavad-ph-tasakaal-3000-gr\/","url_meta":{"origin":7439,"position":1},"title":"Horsefood Stomach Protect (seedimine\/maohaavad\/ Ph-tasakaal)  3000 gr","author":"Kaido Koppel","date":"25. Nov 2024","format":false,"excerpt":"Horsefood Stomach Protect aitab hoida hobuse mao happe-aluse tasakaalu. Hobuse magu toodab pidevalt maohapet, mis on vajalik toidu seedimiseks ja kahjulike bakterite h\u00e4vitamiseks. N\u00e4rimine stimuleerib s\u00fclje tootmist, mis aitab maohapet neutraliseerida ja hoida mao pH-taset tasakaalus. Kui hobune ei saa piisavalt n\u00e4rida, v\u00f5ib maohape kahjustada mao limaskesta. Stress v\u00f5ib samuti\u2026","rel":"","context":"Similar post","block_context":{"text":"Similar post","link":""},"img":{"alt_text":"","src":"","width":0,"height":0},"classes":[]},{"id":4304,"url":"https:\/\/horsefood.ee\/latvia\/pood\/antiklit-gel-250ml-laikegeel-lakale-ja-sabale\/","url_meta":{"origin":7439,"position":2},"title":"Antiklit-GEL (l\u00e4ikegeel lakale ja sabale \/ siidine tulemus!) 250ml","author":"kadri koppel","date":"26. Sep 2017","format":false,"excerpt":"L\u00e4ikegeel lakale ja sabale. Hea alternatiiv nendele hobustele, kelledele tavap\u00e4rane spreitamine ei sobi. S\u00e4rav l\u00e4ige ning kauakestev tulemus!","rel":"","context":"Similar post","block_context":{"text":"Similar post","link":""},"img":{"alt_text":"","src":"https:\/\/i0.wp.com\/horsefood.ee\/wp-content\/uploads\/2017\/10\/L%C3%A4ikegeel.jpg?fit=801%2C1200&ssl=1&resize=350%2C200","width":350,"height":200,"srcset":"https:\/\/i0.wp.com\/horsefood.ee\/wp-content\/uploads\/2017\/10\/L%C3%A4ikegeel.jpg?fit=801%2C1200&ssl=1&resize=350%2C200 1x, https:\/\/i0.wp.com\/horsefood.ee\/wp-content\/uploads\/2017\/10\/L%C3%A4ikegeel.jpg?fit=801%2C1200&ssl=1&resize=525%2C300 1.5x, https:\/\/i0.wp.com\/horsefood.ee\/wp-content\/uploads\/2017\/10\/L%C3%A4ikegeel.jpg?fit=801%2C1200&ssl=1&resize=700%2C400 2x"},"classes":[]},{"id":3466,"url":"https:\/\/horsefood.ee\/latvia\/pood\/basis-sportbrok\/","url_meta":{"origin":7439,"position":3},"title":"Basis-sportbrok (harrastus \/ sport \/ kerge-keskmine koormus) 20kg","author":"Georg Koppel","date":"14. Apr 2017","format":false,"excerpt":"Sellel maitsval graanulil on ulatuslikud rakendusv\u00f5imalused: v\u00e4ga sobiv ka ratsakoolidele. Ideaalne kiudaine, rasva, t\u00e4rklise ja suhkru tasakaal, mis pakub hobusele palju-palju enamat, kui Sa \"baasgraanulilt\" isegi oodata oskaksid! \u00d6konoomne ja lihtne toita! H\u00e4mmastav hinna ja kvaliteedisuhe! T\u00e4iends\u00f6\u00f6t. Tervislik graanul k\u00f5ikidele hobustele ja ponidele treenimisel kuni keskmise koormuseni. Selle toote eeliseks\u2026","rel":"","context":"Similar post","block_context":{"text":"Similar post","link":""},"img":{"alt_text":"","src":"https:\/\/i0.wp.com\/horsefood.ee\/wp-content\/uploads\/2020\/02\/Kvaliteet-1024x576.png?resize=350%2C200","width":350,"height":200,"srcset":"https:\/\/i0.wp.com\/horsefood.ee\/wp-content\/uploads\/2020\/02\/Kvaliteet-1024x576.png?resize=350%2C200 1x, https:\/\/i0.wp.com\/horsefood.ee\/wp-content\/uploads\/2020\/02\/Kvaliteet-1024x576.png?resize=525%2C300 1.5x, https:\/\/i0.wp.com\/horsefood.ee\/wp-content\/uploads\/2020\/02\/Kvaliteet-1024x576.png?resize=700%2C400 2x"},"classes":[]},{"id":3504,"url":"https:\/\/horsefood.ee\/latvia\/pood\/parmigraanulid\/","url_meta":{"origin":7439,"position":4},"title":"P\u00e4rmigraanulid (seedimine \/ investeering tulevikku!) 4kg","author":"Georg Koppel","date":"14. Apr 2017","format":false,"excerpt":"T\u00e4iends\u00f6\u00f6t. Pix-Peq (p\u00e4rmigraanulid) on t\u00e4iends\u00f6\u00f6t graanuli kujul.\u00a0Need\u00a0graanulid sisaldavad t\u00e4ielikult fermenteeritud p\u00e4rmikultuure, mis on v\u00e4ga t\u00f5hus tugi loomaorganismi omaenese soolefloora bakteritele. Eluj\u00f5ulised\u00a0bakterid suudavad s\u00f6\u00f6ta seedida efektiivsemalt ning tagavad sellisel moel t\u00e4iuslikuma toitainete k\u00e4ttesaadavuse ning omastatavuse. Kuidas Bix-Peq graanulid t\u00f6\u00f6tavad? Hobuse toidu ens\u00fcmaatiline seedimine toimub peensooles. Korralikult mitte\u00e4raseedunud toiduosakesed liiguvad edasi j\u00e4me-\u2026","rel":"","context":"Similar post","block_context":{"text":"Similar post","link":""},"img":{"alt_text":"","src":"https:\/\/i0.wp.com\/horsefood.ee\/wp-content\/uploads\/2017\/11\/P%C3%A4rmigraanulid.jpg?fit=801%2C1200&ssl=1&resize=350%2C200","width":350,"height":200,"srcset":"https:\/\/i0.wp.com\/horsefood.ee\/wp-content\/uploads\/2017\/11\/P%C3%A4rmigraanulid.jpg?fit=801%2C1200&ssl=1&resize=350%2C200 1x, https:\/\/i0.wp.com\/horsefood.ee\/wp-content\/uploads\/2017\/11\/P%C3%A4rmigraanulid.jpg?fit=801%2C1200&ssl=1&resize=525%2C300 1.5x, https:\/\/i0.wp.com\/horsefood.ee\/wp-content\/uploads\/2017\/11\/P%C3%A4rmigraanulid.jpg?fit=801%2C1200&ssl=1&resize=700%2C400 2x"},"classes":[]},{"id":8688,"url":"https:\/\/horsefood.ee\/latvia\/pood\/graanvrij-mix-teraviljavaba-muslisegu-melassivaba-madal-suhkur-tarklis-20kg\/","url_meta":{"origin":7439,"position":5},"title":"Graanvrij-Mix (teravilja- ja melassivaba \/ madal suhkur-t\u00e4rklis \/ probiootikum \/ kerge-keskmine t\u00f6\u00f6) 20kg","author":"kadri koppel","date":"29. Jan 2020","format":false,"excerpt":"L\u00e4bim\u00f5eldud teravilja- ja melassivaba t\u00e4iends\u00f6\u00f6t hobustele, kelle t\u00f6\u00f6koormus on kerge kuni keskmine ning kelle puhul on oluline seedes\u00fcsteemi tasakaal ja kontrollitud energiatase. Grainfree-Mix on t\u00e4iss\u00f6\u00f6t hobustele, kellel ei sobi teraviljarikkad s\u00f6\u00f6dad ning kelle ratsioon peab olema madala suhkru- ja t\u00e4rklisesisaldusega. Sobib h\u00e4sti igap\u00e4evaseks s\u00f6\u00f6tmiseks hobustele, kelle energiavajadus ei ole k\u00f5rge,\u2026","rel":"","context":"Similar post","block_context":{"text":"Similar post","link":""},"img":{"alt_text":"","src":"https:\/\/i0.wp.com\/horsefood.ee\/wp-content\/uploads\/2019\/03\/26.-Teraviljavaba-poster.png?fit=365%2C500&ssl=1&resize=350%2C200","width":350,"height":200},"classes":[]}],"_links":{"self":[{"href":"https:\/\/horsefood.ee\/latvia\/wp-json\/wp\/v2\/product\/7439","targetHints":{"allow":["GET"]}}],"collection":[{"href":"https:\/\/horsefood.ee\/latvia\/wp-json\/wp\/v2\/product"}],"about":[{"href":"https:\/\/horsefood.ee\/latvia\/wp-json\/wp\/v2\/types\/product"}],"wp:featuredmedia":[{"embeddable":true,"href":"https:\/\/horsefood.ee\/latvia\/wp-json\/wp\/v2\/media\/7442"}],"wp:attachment":[{"href":"https:\/\/horsefood.ee\/latvia\/wp-json\/wp\/v2\/media?parent=7439"}],"wp:term":[{"taxonomy":"product_brand","embeddable":true,"href":"https:\/\/horsefood.ee\/latvia\/wp-json\/wp\/v2\/product_brand?post=7439"},{"taxonomy":"product_cat","embeddable":true,"href":"https:\/\/horsefood.ee\/latvia\/wp-json\/wp\/v2\/product_cat?post=7439"},{"taxonomy":"product_tag","embeddable":true,"href":"https:\/\/horsefood.ee\/latvia\/wp-json\/wp\/v2\/product_tag?post=7439"}],"curies":[{"name":"wp","href":"https:\/\/api.w.org\/{rel}","templated":true}]}}