{"id":7276,"date":"2019-04-12T08:52:07","date_gmt":"2019-04-12T05:52:07","guid":{"rendered":"http:\/\/horsefood.ee\/?post_type=product&#038;p=7276"},"modified":"2026-04-12T14:55:07","modified_gmt":"2026-04-12T11:55:07","slug":"suhkrupeet-20kg","status":"publish","type":"product","link":"https:\/\/horsefood.ee\/latvia\/pood\/suhkrupeet-20kg\/","title":{"rendered":"Suhkrupeedi viljalihagraanulid (konditsioon \/ seedimine \/ \u00fclimaitsev) 20kg"},"content":{"rendered":"<p><a href=\"https:\/\/i0.wp.com\/horsefood.ee\/wp-content\/uploads\/2019\/04\/Peet-pulp-1.png\"><img data-recalc-dims=\"1\" loading=\"lazy\" decoding=\"async\" data-attachment-id=\"7395\" data-permalink=\"https:\/\/horsefood.ee\/latvia\/?attachment_id=7395#main\" data-orig-file=\"https:\/\/i0.wp.com\/www.horsefood.ee\/wp-content\/uploads\/2019\/04\/Peet-pulp-1.png?fit=940%2C788&amp;ssl=1\" data-orig-size=\"940,788\" data-comments-opened=\"0\" data-image-meta=\"{&quot;aperture&quot;:&quot;0&quot;,&quot;credit&quot;:&quot;&quot;,&quot;camera&quot;:&quot;&quot;,&quot;caption&quot;:&quot;&quot;,&quot;created_timestamp&quot;:&quot;0&quot;,&quot;copyright&quot;:&quot;&quot;,&quot;focal_length&quot;:&quot;0&quot;,&quot;iso&quot;:&quot;0&quot;,&quot;shutter_speed&quot;:&quot;0&quot;,&quot;title&quot;:&quot;&quot;,&quot;orientation&quot;:&quot;0&quot;}\" data-image-title=\"\" data-image-description=\"\" data-image-caption=\"\" data-medium-file=\"https:\/\/i0.wp.com\/www.horsefood.ee\/wp-content\/uploads\/2019\/04\/Peet-pulp-1.png?fit=300%2C251&amp;ssl=1\" data-large-file=\"https:\/\/i0.wp.com\/www.horsefood.ee\/wp-content\/uploads\/2019\/04\/Peet-pulp-1.png?fit=940%2C788&amp;ssl=1\" class=\"aligncenter size-full wp-image-7395\" src=\"https:\/\/i0.wp.com\/horsefood.ee\/wp-content\/uploads\/2019\/04\/Peet-pulp-1.png?resize=940%2C788\" alt=\"\" width=\"940\" height=\"788\" srcset=\"https:\/\/i0.wp.com\/www.horsefood.ee\/wp-content\/uploads\/2019\/04\/Peet-pulp-1.png?w=940&amp;ssl=1 940w, https:\/\/i0.wp.com\/www.horsefood.ee\/wp-content\/uploads\/2019\/04\/Peet-pulp-1.png?resize=300%2C251&amp;ssl=1 300w, https:\/\/i0.wp.com\/www.horsefood.ee\/wp-content\/uploads\/2019\/04\/Peet-pulp-1.png?resize=768%2C644&amp;ssl=1 768w, https:\/\/i0.wp.com\/www.horsefood.ee\/wp-content\/uploads\/2019\/04\/Peet-pulp-1.png?resize=416%2C349&amp;ssl=1 416w\" sizes=\"(max-width: 940px) 100vw, 940px\" \/><\/a><\/p>","protected":false},"excerpt":{"rendered":"<p><strong>Van Corp Loomas\u00f6\u00f6dad<\/strong> <strong>suhkrupeedigraanulid<\/strong> on maitsev ja energiarikas lisands\u00f6\u00f6t. Sisaldab kergesti laguneeritavaid s\u00fcsivesikuid (pektiinid), mida vabastatakse j\u00e4rk-j\u00e4rgult. Suhkrupeedi viljalihagraanuleid toodetakse peedist suhkru eemaldamise j\u00e4rgselt, kus allesj\u00e4\u00e4nud peedimass kuivatakse ja pressitakse seej\u00e4rel 6mm vormidesse. S\u00f6\u00f6damaterjal<\/p>\n<p>Hollandi peedipulp on tuntud oma k\u00f5rge kvaliteedi ja v\u00e4ga heade maitseomaduste poolest. <strong>Enne loomadele s\u00f6\u00f6tmist tuleb graanuleid leotada vees <\/strong>(soojas vees paisuvad graanulid kiiremini)!<\/p>\n<p>Graanuli suurus: <strong>6mm.<\/strong><\/p>\n<p>S\u00d6\u00d6TMISSOOVITUSED: ratsioon \u00fclesehitada j\u00e4rk-j\u00e4rgult. 1-2kg\/p\u00e4evas. Kogus oleneb loomaliigist ja individuaalsest vajadusest.<\/p>","protected":false},"featured_media":7615,"template":"","meta":{"jetpack_post_was_ever_published":false,"jetpack_publicize_message":"","jetpack_publicize_feature_enabled":true,"jetpack_social_post_already_shared":true,"jetpack_social_options":{"image_generator_settings":{"template":"highway","enabled":false},"version":2}},"product_brand":[],"product_cat":[56,37],"product_tag":[75,69,80,71],"class_list":{"0":"post-7276","1":"product","2":"type-product","3":"status-publish","4":"has-post-thumbnail","6":"product_cat-horsefoodthebest","7":"product_cat-graanulid","8":"product_tag-konditsiooni-parandamine","9":"product_tag-seenioritele","10":"product_tag-temperament-kontrolli-alla","11":"product_tag-teravilja-ja-melassivaba","13":"first","14":"onbackorder","15":"shipping-taxable","16":"purchasable","17":"product-type-simple"},"jetpack_publicize_connections":[],"jetpack_sharing_enabled":true,"jetpack-related-posts":[],"_links":{"self":[{"href":"https:\/\/horsefood.ee\/latvia\/wp-json\/wp\/v2\/product\/7276"}],"collection":[{"href":"https:\/\/horsefood.ee\/latvia\/wp-json\/wp\/v2\/product"}],"about":[{"href":"https:\/\/horsefood.ee\/latvia\/wp-json\/wp\/v2\/types\/product"}],"wp:featuredmedia":[{"embeddable":true,"href":"https:\/\/horsefood.ee\/latvia\/wp-json\/wp\/v2\/media\/7615"}],"wp:attachment":[{"href":"https:\/\/horsefood.ee\/latvia\/wp-json\/wp\/v2\/media?parent=7276"}],"wp:term":[{"taxonomy":"product_brand","embeddable":true,"href":"https:\/\/horsefood.ee\/latvia\/wp-json\/wp\/v2\/product_brand?post=7276"},{"taxonomy":"product_cat","embeddable":true,"href":"https:\/\/horsefood.ee\/latvia\/wp-json\/wp\/v2\/product_cat?post=7276"},{"taxonomy":"product_tag","embeddable":true,"href":"https:\/\/horsefood.ee\/latvia\/wp-json\/wp\/v2\/product_tag?post=7276"}],"curies":[{"name":"wp","href":"https:\/\/api.w.org\/{rel}","templated":true}]}}