{"id":7118,"date":"2019-03-13T20:31:46","date_gmt":"2019-03-13T18:31:46","guid":{"rendered":"http:\/\/horsefood.ee\/?post_type=product&#038;p=7118"},"modified":"2026-04-12T14:31:50","modified_gmt":"2026-04-12T11:31:50","slug":"eko-kvaliteedimargiga-graanulid-25kg","status":"publish","type":"product","link":"https:\/\/horsefood.ee\/latvia\/pood\/eko-kvaliteedimargiga-graanulid-25kg\/","title":{"rendered":"Mahem\u00e4rgisega \u00f6koloogilised s\u00f6\u00f6dagraanulid (k\u00f5ik hobuspordi distsipliinid) 20kg. (Ettetellimisel)"},"content":{"rendered":"<ul>\n<li><strong>J\u00e4rgnevas tabelis on esitatud toitumuslikud n\u00e4itajad.<\/strong><\/li>\n<li><strong>Tabelis olevad v\u00e4\u00e4rtused vastavad toote kilogrammi kohta.<\/strong><\/li>\n<li><strong>Kuna kasutatakse looduslikku toorainet, v\u00f5ivad allpool loetletud v\u00e4\u00e4rtused m\u00f5ningal m\u00e4\u00e4ral varieeruda.<\/strong><\/li>\n<li><strong>Hobusele olulisemad mikroelemendid on lisatud kelaadivormis e orgaanilisel kujul.<\/strong><\/li>\n<\/ul>\n<hr \/>\n<p>Energia 11.6 MJ<br \/>\nEWPa 0.85<br \/>\nSeeditav valk (VREp) 9.3 %<br \/>\nToorproteiin 11.5 %<br \/>\nToorrasv 2.8 %<br \/>\nToorkiud 10.0 %<br \/>\nToortuhk 8.5 %<br \/>\nSuhkur 4.1 %<br \/>\nT\u00e4rklis 37.5 %<\/p>\n<p>Mineraalid ja mikroelemendid (kg kohta):<\/p>\n<p>Kaltsium 10.0 g<br \/>\nFosfor 4.5 g<br \/>\nNaatrium 5.5 g<br \/>\nKaalium 9.0 g<br \/>\nMagneesium 3.5 g<br \/>\nVask 20 mg<br \/>\nRaud 46 mg<br \/>\nTsink 120 mg<br \/>\nMangaan 50 mg<br \/>\nSeleen 0.50 mg<br \/>\nJood 1.50 mg<\/p>\n<p>Lisandid\/kg:<br \/>\nA-vitamiin 3a672a 15000 IE<br \/>\nD3-vitamiin 3a671 2200 IE<br \/>\nE-vitamiin 3a700 125 mg<br \/>\nRaud(II)sulfaat monoh\u00fcdraat 3b103 46 mg<br \/>\nTsinkoksiid 3b603 80 mg<br \/>\nKoobaltkabonaat (kattega) 3b304 0.95 mg<br \/>\nMangaanoksiid 3b502 50 mg<br \/>\nTsinkkloriid-h\u00fcdroksiid 3b609 40 mg<br \/>\nNaatriumseleniit 3b801 0.5 mg<br \/>\nKaltsiumjodaat (veevaba) 3b202 1.5 mg<br \/>\nVasksulfaat pentah\u00fcdraat 3b405 13.33 mg<\/p>","protected":false},"excerpt":{"rendered":"<p><strong>EKO<\/strong>\u00a0(haldaja <strong>Skal \u2013<\/strong> mittetulunduslik orgaanilise toodangu inspektsioon) on Hollandi mahem\u00e4rgis. <strong>Vastab Euroopa \u00dchenduse mahem\u00e4rgise kriteeriumitele <\/strong><strong>EU 834\/2007.\u00a0<\/strong><\/p>\n<p>Graanuli suurus 5mm.<\/p>\n<p>T\u00e4iends\u00f6\u00f6t. Antud v\u00e4\u00e4rtuslik hobus\u00f6\u00f6dagraanul on v\u00e4etiste, pestitsiidide, geneetilise muundamise ning keemilise t\u00f6\u00f6tlemise vaba.<strong> 100% bioloogilised agrikultuurid!\u00a0<\/strong><\/p>\n<p><strong>Koostis<\/strong>: nisu, oder, kaer, nisu semolina, mais, spelta, peedimelass, linaseemned, p\u00e4evalilleseemne helbed, kriit, monokaltsiumfosfaat, eelsegu, sool.<\/p>\n<p><em>Hobuse poolt seeditav energia 13,0MJ\/kg<\/em><br \/>\n<em>Hobuse poolt seeditav toores valk 9,3%<\/em><\/p>\n<p>S\u00d6\u00d6TMISSOOVITUSED 100kg\/kehakaalu kohta:<\/p>\n<ul>\n<li><strong>\u00dclalpidamine<\/strong>\u00a0\u2013 0,3 \u2013 0,4kg<\/li>\n<li><strong>Kerge koormus<\/strong>\u00a0\u2013 0,4 \u2013 0,5kg<\/li>\n<li><strong>Keskmine koormus<\/strong>\u00a0\u2013 0,5 \u2013 0,6kg<\/li>\n<li><strong>Raske t\u00f6\u00f6\u00a0<\/strong>\u2013 0,6 \u2013 0,8kg<\/li>\n<\/ul>","protected":false},"featured_media":7614,"template":"","meta":{"jetpack_post_was_ever_published":false,"jetpack_publicize_message":"","jetpack_publicize_feature_enabled":true,"jetpack_social_post_already_shared":true,"jetpack_social_options":{"image_generator_settings":{"template":"highway","default_image_id":0,"font":"","enabled":false},"version":2}},"product_brand":[],"product_cat":[37,56],"product_tag":[70],"class_list":{"0":"post-7118","1":"product","2":"type-product","3":"status-publish","4":"has-post-thumbnail","6":"product_cat-graanulid","7":"product_cat-horsefoodthebest","8":"product_tag-aretussoodad","10":"first","11":"onbackorder","12":"shipping-taxable","13":"purchasable","14":"product-type-simple"},"jetpack_publicize_connections":[],"jetpack_sharing_enabled":true,"jetpack-related-posts":[{"id":3496,"url":"https:\/\/horsefood.ee\/latvia\/pood\/happy-summer-mix\/","url_meta":{"origin":7118,"position":0},"title":"Happy-Summer Mix (kaeravaba \/ ainevahetushaigused) 20kg","author":"Georg Koppel","date":"14. Apr 2017","format":false,"excerpt":"T\u00e4iends\u00f6\u00f6t. Kaeravaba, 7-t funktsionaalset maitsetaime (ginko, n\u00f5ges, pune, k\u00fc\u00fcslauk, majoraan, t\u00fc\u00fcmian, basiilik) sisalduv kvaliteetm\u00fcslisegu on spetsiaalselt v\u00e4ljat\u00f6\u00f6tatud \u00fclitundlikele hobustele (kaasaarvatud suveekseem, laminiit, EMS, Cushings, rasumine ja insuliinresistentsus). Madal suhkru- ja t\u00e4rklisesisaldus. Kergelt seeduv. Rohkelt head linaseemne\u00f5li.\u00a0Lisatud on diatomiitmuld ning p\u00e4rmikultuure. T\u00e4isvitaminiseeritud. K\u00f5ike mikroelemente, eelk\u00f5ige: tsinki, vaske ning seleeni on piisavalt.\u2026","rel":"","context":"Similar post","block_context":{"text":"Similar post","link":""},"img":{"alt_text":"","src":"https:\/\/i0.wp.com\/www.horsefood.ee\/wp-content\/uploads\/2020\/02\/Kvaliteet-1024x576.png?resize=350%2C200&ssl=1","width":350,"height":200,"srcset":"https:\/\/i0.wp.com\/www.horsefood.ee\/wp-content\/uploads\/2020\/02\/Kvaliteet-1024x576.png?resize=350%2C200&ssl=1 1x, https:\/\/i0.wp.com\/www.horsefood.ee\/wp-content\/uploads\/2020\/02\/Kvaliteet-1024x576.png?resize=525%2C300&ssl=1 1.5x, https:\/\/i0.wp.com\/www.horsefood.ee\/wp-content\/uploads\/2020\/02\/Kvaliteet-1024x576.png?resize=700%2C400&ssl=1 2x"},"classes":[]},{"id":5993,"url":"https:\/\/horsefood.ee\/latvia\/pood\/speed-mix-plahvatuslik-energia-tippsport-pre-ja-probiootikumid-20kg\/","url_meta":{"origin":7118,"position":1},"title":"Speed-Mix (must kaer \/pre- ja probiootikumid \/ plahvatuslik energia) 20kg","author":"kadri koppel","date":"27. Aug 2018","format":false,"excerpt":"\u00a0 ...Kiiresti, kiiremini, veel kiiremini! T\u00e4iends\u00f6\u00f6t. K\u00f5rgekvaliteediline maitsev mix, mis pakub plahvatuslikku energiat. Baas t\u00e4isteravilja, ohtralt j\u00e4mejahvatusega teravilja, nagu must kaer jm ning maisihelbed. Lisatud hernehelbed ja pre- ja probiootikumid.\u00a0Kohandatud t\u00e4rklise- ja suhkrusisaldusega. Sporthobustele, kes vajavad plahvatuslikku energiat. Tippsportivad isendid. Vitamiinide, mineraalide, toitainete sisaldus vastab rangemale saavutusspordi normidele! Mix sisaldab\u2026","rel":"","context":"Similar post","block_context":{"text":"Similar post","link":""},"img":{"alt_text":"","src":"https:\/\/i0.wp.com\/horsefood.ee\/wp-content\/uploads\/2018\/08\/Pilt.jpg?fit=383%2C575&ssl=1&resize=350%2C200","width":350,"height":200},"classes":[]},{"id":4300,"url":"https:\/\/horsefood.ee\/latvia\/pood\/grow-mix-20kg-varsadsaludmarad\/","url_meta":{"origin":7118,"position":2},"title":"Grow-Mix (varsad alates 3-elun\u00e4dalast \/ s\u00e4lud kuni 2,5eluaastat \/ m\u00e4rad) 20kg","author":"kadri koppel","date":"26. Sep 2017","format":false,"excerpt":"T\u00e4iends\u00f6\u00f6t. Spetsiaalne, \u00e4\u00e4rmiselt k\u00f5rgekvaliteediline m\u00fcslisegu tiinetele- ja lakteerivatele m\u00e4radele ning nende varssadele s\u00f6\u00f6tmiseks kuni 1,5 eluaasta-ni. Selles mixis sisalduv kogu teravili on j\u00e4mejahvatatud ja\/v\u00f5i paisutatud ja sisaldab k\u00f5iki vajalikke komponente, et loomalapsest kasvaks tulevikus elur\u00f5\u00f5mus ja terve hobune\/poni. *\u00a0Spetsiaalne\u00a0m\u00fcslisegu\u00a0m\u00e4radele\/varssadele\/s\u00e4lgudele. *\u00a0Sisaldab\u00a0pre-\u00a0ja\u00a0probiootikume. *\u00a0Lisatud\u00a0p\u00e4rmikultuure\u00a0seedimise\u00a0soodustamiseks,\u00a0s\u00f6\u00f6da\u00a0efektiivsuse\u00a0parendamiseks\u00a0ning\u00a0-edendamiseks. *\u00a0Lisatud foolhapet ja E-vitamiini 400mg. Hobuse poolt seeditav energia\u2026","rel":"","context":"Similar post","block_context":{"text":"Similar post","link":""},"img":{"alt_text":"","src":"https:\/\/i0.wp.com\/horsefood.ee\/wp-content\/uploads\/2017\/09\/Grow-Mix-1.jpg?fit=397%2C596&ssl=1&resize=350%2C200","width":350,"height":200},"classes":[]},{"id":3490,"url":"https:\/\/horsefood.ee\/latvia\/pood\/kruidenstruktuurmix\/","url_meta":{"origin":7118,"position":3},"title":"Kruidenstruktuurmix (kaeravaba \/ tervisem\u00fcsli \/ hingamine \/ sport) 20kg","author":"Georg Koppel","date":"14. Apr 2017","format":false,"excerpt":"T\u00e4iends\u00f6\u00f6t. Kaeravaba, \u00e4\u00e4rmiselt\u00a0kergelt seeduv taimem\u00fcsli, mis sobib s\u00f6\u00f6tmiseks k\u00f5ikidele hobustele\/ponidele. See v\u00e4\u00e4rtuslik segu toetab viljakust, kasvu, arengut, sooritusv\u00f5imet ja tervist! Madala suhkrusisaldusega.\u00a0Tervislik segu, mis sisaldab kergelt seeduvaid eelt\u00f6\u00f6deldud teraviljahelbeid, kuivatatud porgandeid, hernehelbeid ning kliisid. V\u00e4rsked lutsernivarred pakuvad piisavalt kiudu ning m\u00fcslisegust saab t\u00e4nu lisatud maitse\u00fcrtidele abi ka kergemate hingamisteede probleemide\u2026","rel":"","context":"Similar post","block_context":{"text":"Similar post","link":""},"img":{"alt_text":"","src":"https:\/\/i0.wp.com\/horsefood.ee\/wp-content\/uploads\/2017\/04\/Kruidenstruktuurmix-1.jpg?fit=383%2C575&ssl=1&resize=350%2C200","width":350,"height":200},"classes":[]},{"id":5970,"url":"https:\/\/horsefood.ee\/latvia\/pood\/merriebrok-beta\/","url_meta":{"origin":7118,"position":4},"title":"Merriebrok-Beta (t\u00f5uaretuse m\u00e4rad \/ t\u00e4kud \/ beetakaroteen) 20kg","author":"kadri koppel","date":"26. Aug 2018","format":false,"excerpt":"\u00a0 V\u00e4\u00e4rtuslik t\u00e4iends\u00f6\u00f6t sugum\u00e4radele, et toetada nende viljakust\u00a0ning loob maksimaalsed eeldused tervislikuks loote arenguks. \u00a0Sobivas omavahelise suhtes toitained: vitamiinid, mikroelemendid, aminohapped. Loote kaitse: sisaldab kaetud vormis beetakaroteeni ja foolhapet.\u00a0 E-vitamiini 400mg. Need graanulid sobivad ka s\u00f6\u00f6tmiseks t\u00e4kkudele! Koostis:\u00a0oder, nisupeenkliijahu, sojajahu, nisujahu, linnaseidud, linaseemned, premix, heinagraanulid, kriit, soja\u00f5li, peedimelass, monokaltsiumfosfaat, sool,\u2026","rel":"","context":"Similar post","block_context":{"text":"Similar post","link":""},"img":{"alt_text":"","src":"https:\/\/i0.wp.com\/horsefood.ee\/wp-content\/uploads\/2020\/02\/Kvaliteet-1024x576.png?resize=350%2C200","width":350,"height":200,"srcset":"https:\/\/i0.wp.com\/horsefood.ee\/wp-content\/uploads\/2020\/02\/Kvaliteet-1024x576.png?resize=350%2C200 1x, https:\/\/i0.wp.com\/horsefood.ee\/wp-content\/uploads\/2020\/02\/Kvaliteet-1024x576.png?resize=525%2C300 1.5x, https:\/\/i0.wp.com\/horsefood.ee\/wp-content\/uploads\/2020\/02\/Kvaliteet-1024x576.png?resize=700%2C400 2x"},"classes":[]},{"id":3492,"url":"https:\/\/horsefood.ee\/latvia\/pood\/easy-mix\/","url_meta":{"origin":7118,"position":5},"title":"Easy-mix (kaeravaba \/ n\u00e4rvilisus \/ sport \/ keskmine koormus) 20kg","author":"Georg Koppel","date":"14. Apr 2017","format":false,"excerpt":"Kaeravaba m\u00fcsli hobustele L\u00e4bim\u00f5eldud kaeravaba lisands\u00f6\u00f6t hobustele, kelle puhul on oluline piisav energiavarustus ilma liigse erutuvuseta ning kes t\u00f6\u00f6tavad \u00fclalpidamisel kuni keskmise koormusega. See kaeravaba m\u00fcsli on loodud hobustele, kellele on vaja anda h\u00e4sti omastatavat energiat, hoides samal ajal temperamendi rahuliku ja kontrollituna. Sobib igap\u00e4evaseks kasutamiseks hobustele, kes teevad keskmist\u2026","rel":"","context":"Similar post","block_context":{"text":"Similar post","link":""},"img":{"alt_text":"","src":"https:\/\/i0.wp.com\/horsefood.ee\/wp-content\/uploads\/2017\/04\/Easy-Mix-1.jpg?fit=383%2C575&ssl=1&resize=350%2C200","width":350,"height":200},"classes":[]}],"_links":{"self":[{"href":"https:\/\/horsefood.ee\/latvia\/wp-json\/wp\/v2\/product\/7118","targetHints":{"allow":["GET"]}}],"collection":[{"href":"https:\/\/horsefood.ee\/latvia\/wp-json\/wp\/v2\/product"}],"about":[{"href":"https:\/\/horsefood.ee\/latvia\/wp-json\/wp\/v2\/types\/product"}],"wp:featuredmedia":[{"embeddable":true,"href":"https:\/\/horsefood.ee\/latvia\/wp-json\/wp\/v2\/media\/7614"}],"wp:attachment":[{"href":"https:\/\/horsefood.ee\/latvia\/wp-json\/wp\/v2\/media?parent=7118"}],"wp:term":[{"taxonomy":"product_brand","embeddable":true,"href":"https:\/\/horsefood.ee\/latvia\/wp-json\/wp\/v2\/product_brand?post=7118"},{"taxonomy":"product_cat","embeddable":true,"href":"https:\/\/horsefood.ee\/latvia\/wp-json\/wp\/v2\/product_cat?post=7118"},{"taxonomy":"product_tag","embeddable":true,"href":"https:\/\/horsefood.ee\/latvia\/wp-json\/wp\/v2\/product_tag?post=7118"}],"curies":[{"name":"wp","href":"https:\/\/api.w.org\/{rel}","templated":true}]}}