{"id":6637,"date":"2019-01-26T12:09:20","date_gmt":"2019-01-26T10:09:20","guid":{"rendered":"http:\/\/horsefood.ee\/?post_type=product&#038;p=6637"},"modified":"2026-02-08T11:21:31","modified_gmt":"2026-02-08T09:21:31","slug":"mood-control","status":"publish","type":"product","link":"https:\/\/horsefood.ee\/latvia\/pood\/mood-control\/","title":{"rendered":"MOOD CONTROL 1000ml (Hormoonid kontrolli alla \/ meeleoluh\u00e4ired)"},"content":{"rendered":"<p><strong><em>Kasutatakse naturaalseid komponente ning sellest johtuvalt v\u00f5ivad osad m\u00e4rgitud v\u00e4\u00e4rtused m\u00f5ningal m\u00e4\u00e4ral k\u00f5ikuda!<\/em><\/strong><\/p>","protected":false},"excerpt":{"rendered":"<p><em><strong>Julian&amp;Jones Mood Control.\u00a0<\/strong><\/em>Esmaklassiline s\u00f6\u00f6dalisand hormonaalsest foonist tingitud <strong>emotsioonide, \u00e4revuse, agressiivsuse<\/strong> ja <strong>meeleoluh\u00e4irete<\/strong> leevendamiseks. Hormoonaalse ts\u00fckli k\u00f5ikumine v\u00f5ib h\u00e4irida sooritusv\u00f5imet, p\u00f5hjustada liigset \u00e4rrituvust ning meeleoluh\u00e4ireid.\u00a0Hirm, sisemise turvatunde puudumine ja tugev soov enesekaitseks v\u00f5ib muuta paljud loomad nn &#8220;kuumaks&#8221;.\u00a0 Need hobused on \u00e4rrituvad, \u00e4revad, higistavad\u00a0 soorituse ajal ebanormaalselt palju ning blokeerivad ennast sellisel moel.<\/p>\n<p><em><strong>Mood Control\u00a0<\/strong><\/em>on \u00e4\u00e4rmiselt\u00a0<strong>k\u00f5rgekvaliteediline<\/strong>\u00a0vedel s\u00f6\u00f6dalisand dosaatorpudelis, mis sisaldab <strong>kontsentreeritud ekstrakte koos naturaalsete antioks\u00fcdantidega<\/strong>, mis tugevdavad ps\u00fc\u00fchikat ning leevendavad hormonaalsest foonist tingitud domineerivaid k\u00e4itumish\u00e4ireid, nagu kiuslikkus, agressiivsus ja \u00e4rrituvus m\u00e4radel, ruunadel ja t\u00e4kkudel.<\/p>\n<p><strong>V\u00f5ib kasutada v\u00f5istluste ajal! Ei oma negatiivset toimet sooritusv\u00f5imele!<\/strong><\/p>\n<p><strong>Kasutamine:\u00a0\u00a0<\/strong><em><strong>Mood Control<\/strong><\/em> lisandit v\u00f5ib anda koos j\u00f5us\u00f6\u00f6daga, aga t\u00f5husama m\u00f5ju saab siis, kui lahust otse s\u00fcstlast hobuse suhu manustada!<\/p>\n<p>&#8211;<strong>ainult t\u00e4iskasvanud loomadele.<\/strong><\/p>\n<ul>\n<li>Normstressorid &#8211; <strong>25ml\/1 kord p\u00e4evas.\u00a0<\/strong>Normannust v\u00f5ib kasutada pikema perioodi jooksul.<\/li>\n<li>Raskete k\u00e4itumisharjumuste kontrollimiseks m\u00e4radel, t\u00e4kkudel ja ruunadel 25ml\/2 korda p\u00e4evas. Maksimaalselt <strong>14 p\u00e4eva<\/strong> tohib topeltannust kasutada!<\/li>\n<li><strong>Maksimaalne manustatav \u00fchekordne kogus\/p\u00e4evas<\/strong> v\u00f5ib olla: 75ml poni ja 150ml\/hobune!<\/li>\n<\/ul>\n<p><strong>-poni annus<\/strong> on pool t\u00e4iskasvanud hobuse annusest!<\/p>\n<p><strong>OLE TEADLIK!<\/strong><\/p>\n<ul>\n<li>Tootja ei anna t\u00e4pset soovituslikku p\u00e4evaannust, kuna iga loom on erinev ja igale loomale tuleb leida temale nn sobiv doos, mis parandaks tema meeleolu.<\/li>\n<li>Seda toodet <strong>ei tohi<\/strong> kasutada tiinetele m\u00e4radele!<\/li>\n<\/ul>\n<p><strong>KOOSTIS:<br \/>\n<\/strong>Gl\u00fctseriin, naatriumkloriid.<br \/>\nLisandid: Vitamiinid ja provitamiinid: Vitamiin B5, Vitamiin B6.<br \/>\nAromaatsed lisandid: Agnus castuse ekstrakt, Angelica sinensis (Dong\u00a0Quai) ekstrakt, Trifolium pratensise ekstrakt, Humulus Lupuluse ekstrakt,\u00a0Chamomilla ekstrakt, Melissa officinalis ekstrakt, Glycyrrhizae glabra<br \/>\nekstrakt, Verbena officinalise ekstrakt.<br \/>\n+ Aromaatsed lisandid<\/p>\n<p><strong>Anal\u00fc\u00fctiline koostis:\u00a0<\/strong>52,7% niiskus, 0,8% toorvalk, 0,75% toorrasv, 0,0% toorkiud, 0,7% toortuhk, 0,1% naatrium (Na).<\/p>\n<p>Toodetud Julian&amp;Jones@, Sveits.<\/p>\n<p><strong><a href=\"http:\/\/julianandjones.com\/products.php\" target=\"_blank\" rel=\"noopener noreferrer\">Loe lisaks siit<\/a><\/strong><\/p>","protected":false},"featured_media":6647,"template":"","meta":{"jetpack_post_was_ever_published":false,"jetpack_publicize_message":"","jetpack_publicize_feature_enabled":true,"jetpack_social_post_already_shared":true,"jetpack_social_options":{"image_generator_settings":{"template":"highway","enabled":false},"version":2}},"product_brand":[],"product_cat":[56],"product_tag":[76,70,80],"class_list":{"0":"post-6637","1":"product","2":"type-product","3":"status-publish","4":"has-post-thumbnail","6":"product_cat-horsefoodthebest","7":"product_tag-heaolu-ja-tervis","8":"product_tag-aretussoodad","9":"product_tag-temperament-kontrolli-alla","11":"first","12":"outofstock","13":"shipping-taxable","14":"purchasable","15":"product-type-simple"},"jetpack_publicize_connections":[],"jetpack_sharing_enabled":true,"jetpack-related-posts":[],"_links":{"self":[{"href":"https:\/\/horsefood.ee\/latvia\/wp-json\/wp\/v2\/product\/6637"}],"collection":[{"href":"https:\/\/horsefood.ee\/latvia\/wp-json\/wp\/v2\/product"}],"about":[{"href":"https:\/\/horsefood.ee\/latvia\/wp-json\/wp\/v2\/types\/product"}],"wp:featuredmedia":[{"embeddable":true,"href":"https:\/\/horsefood.ee\/latvia\/wp-json\/wp\/v2\/media\/6647"}],"wp:attachment":[{"href":"https:\/\/horsefood.ee\/latvia\/wp-json\/wp\/v2\/media?parent=6637"}],"wp:term":[{"taxonomy":"product_brand","embeddable":true,"href":"https:\/\/horsefood.ee\/latvia\/wp-json\/wp\/v2\/product_brand?post=6637"},{"taxonomy":"product_cat","embeddable":true,"href":"https:\/\/horsefood.ee\/latvia\/wp-json\/wp\/v2\/product_cat?post=6637"},{"taxonomy":"product_tag","embeddable":true,"href":"https:\/\/horsefood.ee\/latvia\/wp-json\/wp\/v2\/product_tag?post=6637"}],"curies":[{"name":"wp","href":"https:\/\/api.w.org\/{rel}","templated":true}]}}