{"id":6383,"date":"2018-12-04T19:16:57","date_gmt":"2018-12-04T17:16:57","guid":{"rendered":"http:\/\/horsefood.ee\/?post_type=product&#038;p=6383"},"modified":"2025-08-01T11:39:49","modified_gmt":"2025-08-01T08:39:49","slug":"tallitahvel","status":"publish","type":"product","link":"https:\/\/horsefood.ee\/latvia\/pood\/tallitahvel\/","title":{"rendered":"Tallitahvel Horsefood`The best hobusetallidele!"},"content":{"rendered":"","protected":false},"excerpt":{"rendered":"<hr \/>\n<p>Suurus A4. M\u00e4rkmeid saab tahvlile kirjutada tahvlikriidiga. N\u00e4gus ja vastupidav.<\/p>","protected":false},"featured_media":7055,"template":"","meta":{"jetpack_post_was_ever_published":false,"jetpack_publicize_message":"","jetpack_publicize_feature_enabled":true,"jetpack_social_post_already_shared":false,"jetpack_social_options":{"image_generator_settings":{"template":"highway","default_image_id":0,"font":"","enabled":false},"version":2}},"product_brand":[],"product_cat":[56,41],"product_tag":[],"class_list":{"0":"post-6383","1":"product","2":"type-product","3":"status-publish","4":"has-post-thumbnail","6":"product_cat-horsefoodthebest","7":"product_cat-teised-tooted","9":"first","10":"instock","11":"shipping-taxable","12":"purchasable","13":"product-type-simple"},"jetpack_publicize_connections":[],"jetpack_sharing_enabled":true,"jetpack-related-posts":[{"id":7276,"url":"https:\/\/horsefood.ee\/latvia\/pood\/suhkrupeet-20kg\/","url_meta":{"origin":6383,"position":0},"title":"Suhkrupeedi viljalihagraanulid (konditsioon \/ seedimine \/ \u00fclimaitsev) 20kg","author":"kadri koppel","date":"12. Apr 2019","format":false,"excerpt":"Van Corp Loomas\u00f6\u00f6dad suhkrupeedigraanulid on maitsev ja energiarikas lisands\u00f6\u00f6t. Sisaldab kergesti laguneeritavaid s\u00fcsivesikuid (pektiinid), mida vabastatakse j\u00e4rk-j\u00e4rgult. Suhkrupeedi viljalihagraanuleid toodetakse peedist suhkru eemaldamise j\u00e4rgselt, kus allesj\u00e4\u00e4nud peedimass kuivatakse ja pressitakse seej\u00e4rel 6mm vormidesse. S\u00f6\u00f6damaterjal Hollandi peedipulp on tuntud oma k\u00f5rge kvaliteedi ja v\u00e4ga heade maitseomaduste poolest. Enne loomadele s\u00f6\u00f6tmist tuleb\u2026","rel":"","context":"Similar post","block_context":{"text":"Similar post","link":""},"img":{"alt_text":"","src":"https:\/\/i0.wp.com\/horsefood.ee\/wp-content\/uploads\/2019\/04\/Suhkrupeet-transparent.png?fit=1060%2C707&ssl=1&resize=350%2C200","width":350,"height":200,"srcset":"https:\/\/i0.wp.com\/horsefood.ee\/wp-content\/uploads\/2019\/04\/Suhkrupeet-transparent.png?fit=1060%2C707&ssl=1&resize=350%2C200 1x, https:\/\/i0.wp.com\/horsefood.ee\/wp-content\/uploads\/2019\/04\/Suhkrupeet-transparent.png?fit=1060%2C707&ssl=1&resize=525%2C300 1.5x, https:\/\/i0.wp.com\/horsefood.ee\/wp-content\/uploads\/2019\/04\/Suhkrupeet-transparent.png?fit=1060%2C707&ssl=1&resize=700%2C400 2x, https:\/\/i0.wp.com\/horsefood.ee\/wp-content\/uploads\/2019\/04\/Suhkrupeet-transparent.png?fit=1060%2C707&ssl=1&resize=1050%2C600 3x"},"classes":[]},{"id":12959,"url":"https:\/\/horsefood.ee\/latvia\/pood\/hoof-resilience-shine\/","url_meta":{"origin":6383,"position":1},"title":"HOOF RESILIENCE &#038; SHINE (Kabjasalv) 850ml","author":"Kaido Koppel","date":"11. Mai 2021","format":false,"excerpt":"Kabja vastupidavus ja s\u00e4ra! Traditsiooniliselt toodetud kabjam\u00e4\u00e4re.\u00a0 Hoolikalt valitud \u00f5lide segu, mida saab kasutada pragunenud, tundlike ja\/v\u00f5i habraste kapjade jaoks. See parandab kabja kvaliteeti, soodustab kabja kasvu ning tagab optimaalse niiskustasakaalu. Spetsiifiliste eeterlike \u00f5lide olemasolu tagab vastupidavuse ning laseb hobuse kapjadel s\u00e4rada.\u00a0 \u00d5li on oluline m\u00e4\u00e4rida harjaga mitu korda n\u00e4dalas\u2026","rel":"","context":"Similar post","block_context":{"text":"Similar post","link":""},"img":{"alt_text":"","src":"https:\/\/i0.wp.com\/horsefood.ee\/wp-content\/uploads\/2021\/05\/Hoof-resilience-black-750ml-sh.jpg?fit=1200%2C1200&ssl=1&resize=350%2C200","width":350,"height":200,"srcset":"https:\/\/i0.wp.com\/horsefood.ee\/wp-content\/uploads\/2021\/05\/Hoof-resilience-black-750ml-sh.jpg?fit=1200%2C1200&ssl=1&resize=350%2C200 1x, https:\/\/i0.wp.com\/horsefood.ee\/wp-content\/uploads\/2021\/05\/Hoof-resilience-black-750ml-sh.jpg?fit=1200%2C1200&ssl=1&resize=525%2C300 1.5x, https:\/\/i0.wp.com\/horsefood.ee\/wp-content\/uploads\/2021\/05\/Hoof-resilience-black-750ml-sh.jpg?fit=1200%2C1200&ssl=1&resize=700%2C400 2x, https:\/\/i0.wp.com\/horsefood.ee\/wp-content\/uploads\/2021\/05\/Hoof-resilience-black-750ml-sh.jpg?fit=1200%2C1200&ssl=1&resize=1050%2C600 3x"},"classes":[]},{"id":5449,"url":"https:\/\/horsefood.ee\/latvia\/pood\/mais-lijnzaadbrok-20kg\/","url_meta":{"origin":6383,"position":2},"title":"Mais-lijnzaadbrok 5mm (alakaalulisus \/ lisaenergia) 20kg","author":"kadri koppel","date":"17. Apr 2018","format":false,"excerpt":"Palju \u00f5nnelikumad, heas konditsioonis loomad. Antud graanul on s\u00fcndinud praktilise vajaduse k\u00e4igus, et parandada kiiresti looma lihasmassi ja pakkuda lisaenergiat. T\u00e4iends\u00f6\u00f6t. Graanul on \u00fclimalt maitsev ja seda on v\u00e4ga kerge s\u00f6\u00f6ta. Suurus 5mm. Ei sisalda vitamiine ega mineraale ja seega sobib lisas\u00f6\u00f6tmiseks j\u00f5u- ja p\u00f5his\u00f6\u00f6dale. K\u00f5rge t\u00e4rklise 53% ja kvaliteedilise\u2026","rel":"","context":"Similar post","block_context":{"text":"Similar post","link":""},"img":{"alt_text":"","src":"https:\/\/i0.wp.com\/horsefood.ee\/wp-content\/uploads\/2020\/02\/Kvaliteet-1024x576.png?resize=350%2C200","width":350,"height":200,"srcset":"https:\/\/i0.wp.com\/horsefood.ee\/wp-content\/uploads\/2020\/02\/Kvaliteet-1024x576.png?resize=350%2C200 1x, https:\/\/i0.wp.com\/horsefood.ee\/wp-content\/uploads\/2020\/02\/Kvaliteet-1024x576.png?resize=525%2C300 1.5x, https:\/\/i0.wp.com\/horsefood.ee\/wp-content\/uploads\/2020\/02\/Kvaliteet-1024x576.png?resize=700%2C400 2x"},"classes":[]},{"id":4128,"url":"https:\/\/horsefood.ee\/latvia\/pood\/easy-mag-mix-magneesium\/","url_meta":{"origin":6383,"position":3},"title":"Easy&#038;Relax (magneesium \/ n\u00e4rvis\u00fcsteemi tugevdamine) 1000ml","author":"kadri koppel","date":"18. Aug 2017","format":false,"excerpt":"S\u00f6\u00f6dalisand hobustele. Horsefood Easy & Relax aitab tundlikke hobuseid kahjustamata nende sooritust. Magneesium ja B-vitamiinid m\u00e4ngivad olulist rolli lihaste funktsioneerimisel. Stress treeningu, reisimise v\u00f5i uute olukordade ajal suurendab magneesiumi ja B-vitamiinide puuduse riski ning neid tuleb sellistes olukordades t\u00e4iendada stressi v\u00e4hendava efekti saavutamiseks. Hobused, kes tarbivad Horsefood Easy & Relax'i,\u2026","rel":"","context":"Similar post","block_context":{"text":"Similar post","link":""},"img":{"alt_text":"","src":"https:\/\/i0.wp.com\/horsefood.ee\/wp-content\/uploads\/2023\/10\/IMG_0768-scaled.jpeg?fit=900%2C1200&ssl=1&resize=350%2C200","width":350,"height":200,"srcset":"https:\/\/i0.wp.com\/horsefood.ee\/wp-content\/uploads\/2023\/10\/IMG_0768-scaled.jpeg?fit=900%2C1200&ssl=1&resize=350%2C200 1x, https:\/\/i0.wp.com\/horsefood.ee\/wp-content\/uploads\/2023\/10\/IMG_0768-scaled.jpeg?fit=900%2C1200&ssl=1&resize=525%2C300 1.5x, https:\/\/i0.wp.com\/horsefood.ee\/wp-content\/uploads\/2023\/10\/IMG_0768-scaled.jpeg?fit=900%2C1200&ssl=1&resize=700%2C400 2x"},"classes":[]},{"id":6637,"url":"https:\/\/horsefood.ee\/latvia\/pood\/mood-control\/","url_meta":{"origin":6383,"position":4},"title":"MOOD CONTROL 1000ml (Hormoonid kontrolli alla \/ meeleoluh\u00e4ired)","author":"kadri koppel","date":"26. Jan 2019","format":false,"excerpt":"Julian&Jones Mood Control.\u00a0Esmaklassiline s\u00f6\u00f6dalisand hormonaalsest foonist tingitud emotsioonide, \u00e4revuse, agressiivsuse ja meeleoluh\u00e4irete leevendamiseks. Hormoonaalse ts\u00fckli k\u00f5ikumine v\u00f5ib h\u00e4irida sooritusv\u00f5imet, p\u00f5hjustada liigset \u00e4rrituvust ning meeleoluh\u00e4ireid.\u00a0Hirm, sisemise turvatunde puudumine ja tugev soov enesekaitseks v\u00f5ib muuta paljud loomad nn \"kuumaks\".\u00a0 Need hobused on \u00e4rrituvad, \u00e4revad, higistavad\u00a0 soorituse ajal ebanormaalselt palju ning blokeerivad ennast\u2026","rel":"","context":"Similar post","block_context":{"text":"Similar post","link":""},"img":{"alt_text":"","src":"https:\/\/i0.wp.com\/horsefood.ee\/wp-content\/uploads\/2019\/01\/Mood-Control.png?fit=350%2C400&ssl=1&resize=350%2C200","width":350,"height":200},"classes":[]},{"id":4304,"url":"https:\/\/horsefood.ee\/latvia\/pood\/antiklit-gel-250ml-laikegeel-lakale-ja-sabale\/","url_meta":{"origin":6383,"position":5},"title":"Antiklit-GEL (l\u00e4ikegeel lakale ja sabale \/ siidine tulemus!) 250ml","author":"kadri koppel","date":"26. Sep 2017","format":false,"excerpt":"L\u00e4ikegeel lakale ja sabale. Hea alternatiiv nendele hobustele, kelledele tavap\u00e4rane spreitamine ei sobi. S\u00e4rav l\u00e4ige ning kauakestev tulemus!","rel":"","context":"Similar post","block_context":{"text":"Similar post","link":""},"img":{"alt_text":"","src":"https:\/\/i0.wp.com\/horsefood.ee\/wp-content\/uploads\/2017\/10\/L%C3%A4ikegeel.jpg?fit=801%2C1200&ssl=1&resize=350%2C200","width":350,"height":200,"srcset":"https:\/\/i0.wp.com\/horsefood.ee\/wp-content\/uploads\/2017\/10\/L%C3%A4ikegeel.jpg?fit=801%2C1200&ssl=1&resize=350%2C200 1x, https:\/\/i0.wp.com\/horsefood.ee\/wp-content\/uploads\/2017\/10\/L%C3%A4ikegeel.jpg?fit=801%2C1200&ssl=1&resize=525%2C300 1.5x, https:\/\/i0.wp.com\/horsefood.ee\/wp-content\/uploads\/2017\/10\/L%C3%A4ikegeel.jpg?fit=801%2C1200&ssl=1&resize=700%2C400 2x"},"classes":[]}],"_links":{"self":[{"href":"https:\/\/horsefood.ee\/latvia\/wp-json\/wp\/v2\/product\/6383","targetHints":{"allow":["GET"]}}],"collection":[{"href":"https:\/\/horsefood.ee\/latvia\/wp-json\/wp\/v2\/product"}],"about":[{"href":"https:\/\/horsefood.ee\/latvia\/wp-json\/wp\/v2\/types\/product"}],"wp:featuredmedia":[{"embeddable":true,"href":"https:\/\/horsefood.ee\/latvia\/wp-json\/wp\/v2\/media\/7055"}],"wp:attachment":[{"href":"https:\/\/horsefood.ee\/latvia\/wp-json\/wp\/v2\/media?parent=6383"}],"wp:term":[{"taxonomy":"product_brand","embeddable":true,"href":"https:\/\/horsefood.ee\/latvia\/wp-json\/wp\/v2\/product_brand?post=6383"},{"taxonomy":"product_cat","embeddable":true,"href":"https:\/\/horsefood.ee\/latvia\/wp-json\/wp\/v2\/product_cat?post=6383"},{"taxonomy":"product_tag","embeddable":true,"href":"https:\/\/horsefood.ee\/latvia\/wp-json\/wp\/v2\/product_tag?post=6383"}],"curies":[{"name":"wp","href":"https:\/\/api.w.org\/{rel}","templated":true}]}}