{"id":6367,"date":"2018-12-03T23:22:00","date_gmt":"2018-12-03T21:22:00","guid":{"rendered":"http:\/\/horsefood.ee\/?post_type=product&#038;p=6367"},"modified":"2026-04-23T10:06:36","modified_gmt":"2026-04-23T07:06:36","slug":"urdimaiused-5kg","status":"publish","type":"product","link":"https:\/\/horsefood.ee\/latvia\/pood\/urdimaiused-5kg\/","title":{"rendered":"\u00dcrdimaiustused Horsefoodi originaalpakendis 5kg"},"content":{"rendered":"<p><strong>NB! Kasutatakse naturaalseid komponente, ning sellest johtuvalt v\u00f5ivad osad m\u00e4rgitud v\u00e4\u00e4rtused m\u00f5ningal m\u00e4\u00e4ral k\u00f5ikuda!<\/strong><\/p>\n<hr \/>\n<p>Toorproteiin 12,5%, toorrasv 2,8%, toortselluloos (kiudaine) 13,5%, Ca 2%, P 0,5%, A-vitamiin, D-vitamiin, E-vitamiin.<\/p>","protected":false},"excerpt":{"rendered":"<p>\u00dclimaitsvad ja tervislikud \u00fcrdibonbonid on n\u00fc\u00fcd saadaval ka 5kg pakendis!<\/p>\n<p>Usu, need on t\u00e4iesti imelised 6-e erineva maitsetaimega\/ &#8211; vitamiinidega rikastatud maiused Sinu hobusele v\u00f5i ponile. T\u00e4iends\u00f6\u00f6t<\/p>\n<p><strong>Koostis:\u00a0<\/strong>mais, kaltsiumkarbonaat, soolakad kuivikud, kummel, salvei, sarapuup\u00e4hkli lehed, k\u00f5rven\u00f5ges, koriander, majoraan.<\/p>\n<p>A-vitamiin (3a672b) 20 000 IE<\/p>\n<p>D3-vitamiin (3a671) 1500IE<\/p>\n<p>E-vitamiin (3a700) 150mg<\/p>\n<p>Pakend: 5kg<\/p>","protected":false},"featured_media":6381,"template":"","meta":{"jetpack_post_was_ever_published":false,"jetpack_publicize_message":"","jetpack_publicize_feature_enabled":true,"jetpack_social_post_already_shared":false,"jetpack_social_options":{"image_generator_settings":{"template":"highway","default_image_id":0,"font":"","enabled":false},"version":2}},"product_brand":[],"product_cat":[56,51],"product_tag":[76,74,78],"class_list":{"0":"post-6367","1":"product","2":"type-product","3":"status-publish","4":"has-post-thumbnail","6":"product_cat-horsefoodthebest","7":"product_cat-maiused","8":"product_tag-heaolu-ja-tervis","9":"product_tag-hingamisprobleemid","10":"product_tag-maiused","12":"first","13":"instock","14":"shipping-taxable","15":"purchasable","16":"product-type-simple"},"jetpack_publicize_connections":[],"jetpack_sharing_enabled":true,"jetpack-related-posts":[{"id":3506,"url":"https:\/\/horsefood.ee\/latvia\/pood\/vitahorse-korrels-mineraalid\/","url_meta":{"origin":6367,"position":0},"title":"Vita Horse Korrels (vitamiinid\/mineraalid\/immuunsus\/j\u00f5udlus) 5kg","author":"Georg Koppel","date":"14. Apr 2017","format":false,"excerpt":"Maksimumkogus vitamiine\/mineraale.\u00a0 Maksimaalselt vitaminiseeritud\/ mineraliseeritud\/mikroelementidega varustatud graanulid, mis sobivad s\u00f6\u00f6tmiseks k\u00f5ikidele hobustele\/ponidele! S\u00f6\u00f6dalisand. Horsefood`the best Vita Horse Korrels \u00a0toote funktsioonid: \u00fclalpidamiseks, enne ja\u00a0peale rasket f\u00fc\u00fcsilist koormust, taastumiseks. Graanulid on v\u00e4ga soovitatavad hobustele, kellede ratsioon koosneb peamiselt kores\u00f6\u00f6dast. Annustamine\/p\u00e4evas: \u00dclalpidamine: 5gr\/100kg kehakaalu kohta Kiiremaks taastumiseks:\u00a010gr\/100kg kehakaalu kohta (maksimaalselt 14 p\u00e4eva!!) Tiined\u2026","rel":"","context":"Similar post","block_context":{"text":"Similar post","link":""},"img":{"alt_text":"","src":"https:\/\/i0.wp.com\/horsefood.ee\/wp-content\/uploads\/2017\/10\/Mineraalid.jpg?fit=801%2C1200&ssl=1&resize=350%2C200","width":350,"height":200,"srcset":"https:\/\/i0.wp.com\/horsefood.ee\/wp-content\/uploads\/2017\/10\/Mineraalid.jpg?fit=801%2C1200&ssl=1&resize=350%2C200 1x, https:\/\/i0.wp.com\/horsefood.ee\/wp-content\/uploads\/2017\/10\/Mineraalid.jpg?fit=801%2C1200&ssl=1&resize=525%2C300 1.5x, https:\/\/i0.wp.com\/horsefood.ee\/wp-content\/uploads\/2017\/10\/Mineraalid.jpg?fit=801%2C1200&ssl=1&resize=700%2C400 2x"},"classes":[]},{"id":3508,"url":"https:\/\/horsefood.ee\/latvia\/pood\/urdimaiustused\/","url_meta":{"origin":6367,"position":1},"title":"\u00dcrdimaiustused 6-e erineva maitsetaimega, 1,5kg karbis","author":"Georg Koppel","date":"14. Apr 2017","format":false,"excerpt":"Maitsvad, tervislikud ja naturaalsed maiused Sinu hobusele v\u00f5i ponile! T\u00e4iends\u00f6\u00f6t Koostis:\u00a0mais, kaltsiumkarbonaat, soolakad kuivikud, kummel, salvei, sarapuup\u00e4hkli lehed, k\u00f5rven\u00f5ges, koriander, majoraan. A-vitamiin (3a672b) 20 000 IE D3-vitamiin (3a671) 1500IE E-vitamiin (3a700) 150mg Pakend: 1,5 kg. \u00a0","rel":"","context":"Similar post","block_context":{"text":"Similar post","link":""},"img":{"alt_text":"","src":"https:\/\/i0.wp.com\/horsefood.ee\/wp-content\/uploads\/2017\/04\/%C3%9Crdikommid-15kg.png?fit=794%2C1123&ssl=1&resize=350%2C200","width":350,"height":200,"srcset":"https:\/\/i0.wp.com\/horsefood.ee\/wp-content\/uploads\/2017\/04\/%C3%9Crdikommid-15kg.png?fit=794%2C1123&ssl=1&resize=350%2C200 1x, https:\/\/i0.wp.com\/horsefood.ee\/wp-content\/uploads\/2017\/04\/%C3%9Crdikommid-15kg.png?fit=794%2C1123&ssl=1&resize=525%2C300 1.5x, https:\/\/i0.wp.com\/horsefood.ee\/wp-content\/uploads\/2017\/04\/%C3%9Crdikommid-15kg.png?fit=794%2C1123&ssl=1&resize=700%2C400 2x"},"classes":[]},{"id":6622,"url":"https:\/\/horsefood.ee\/latvia\/pood\/e-seleenmix-e-vitamiin-seleen\/","url_meta":{"origin":6367,"position":2},"title":"E-Seleen (k\u00f5ikide rakkude kaitse, immuunsus) 1000ml","author":"kadri koppel","date":"23. Jan 2019","format":false,"excerpt":"T\u00e4iends\u00f6\u00f6t hobustele. Horsefood E-Seleen on v\u00f5imas antioks\u00fcdant, mis pakub tuge hobustele ja ponidele, kes peavad regulaarselt treenima. See on oluline lihaste ja k\u00f5\u00f5luste kaitsmiseks ning nende tippvormis hoidmiseks. See maitsev lisand on kombinatsioon erinevatest E-vitamiini vormidest, sealhulgas looduslikust vormist RRR-alfatokoferoolist, orgaanilisest seleeniallikast, C-vitamiinist ja aminohapetest. E-vitamiin on v\u00f5imas antioks\u00fcdant, mis\u2026","rel":"","context":"Similar post","block_context":{"text":"Similar post","link":""},"img":{"alt_text":"","src":"https:\/\/i0.wp.com\/horsefood.ee\/wp-content\/uploads\/2023\/10\/IMG_0769-1-scaled.jpeg?fit=900%2C1200&ssl=1&resize=350%2C200","width":350,"height":200,"srcset":"https:\/\/i0.wp.com\/horsefood.ee\/wp-content\/uploads\/2023\/10\/IMG_0769-1-scaled.jpeg?fit=900%2C1200&ssl=1&resize=350%2C200 1x, https:\/\/i0.wp.com\/horsefood.ee\/wp-content\/uploads\/2023\/10\/IMG_0769-1-scaled.jpeg?fit=900%2C1200&ssl=1&resize=525%2C300 1.5x, https:\/\/i0.wp.com\/horsefood.ee\/wp-content\/uploads\/2023\/10\/IMG_0769-1-scaled.jpeg?fit=900%2C1200&ssl=1&resize=700%2C400 2x"},"classes":[]},{"id":17597,"url":"https:\/\/horsefood.ee\/latvia\/pood\/all-round-paardenbrok-ulalpidamisgraanul-1000kg-ettetellimisel\/","url_meta":{"origin":6367,"position":3},"title":"All-round paardenbrok (igap\u00e4evane graanul \/ m\u00f5\u00f5dukas koormus) Bigbox 1000,0kg ettetellimisel!","author":"Kaido Koppel","date":"6. Aug 2023","format":false,"excerpt":"Ilma kaerata, suure vitamiinide-, mineraalide ja mikroelementide osakaaluga. Optimaalne graanul, mis sobib k\u00f5ikidele madalat energiataset n\u00f5udvatele hobustele ja ponidele.\u00a0 See lisands\u00f6\u00f6t sisaldab enam kui k\u00fcllaldaselt vajalikke toitaineid, mis on vajalikud hoolduss\u00f6\u00f6dana. See graanul sobib ka kores\u00f6\u00f6da lisandiks, kui hobune on \u00fclalpidamisel v\u00f5i teeb kergemat t\u00f6\u00f6d. Koostis: nisu, oder, mais, kaerajahu,\u2026","rel":"","context":"Similar post","block_context":{"text":"Similar post","link":""},"img":{"alt_text":"","src":"https:\/\/i0.wp.com\/horsefood.ee\/wp-content\/uploads\/2023\/08\/Big-Box.-Horsefood-the-best-scaled.jpg?fit=1135%2C1200&ssl=1&resize=350%2C200","width":350,"height":200,"srcset":"https:\/\/i0.wp.com\/horsefood.ee\/wp-content\/uploads\/2023\/08\/Big-Box.-Horsefood-the-best-scaled.jpg?fit=1135%2C1200&ssl=1&resize=350%2C200 1x, https:\/\/i0.wp.com\/horsefood.ee\/wp-content\/uploads\/2023\/08\/Big-Box.-Horsefood-the-best-scaled.jpg?fit=1135%2C1200&ssl=1&resize=525%2C300 1.5x, https:\/\/i0.wp.com\/horsefood.ee\/wp-content\/uploads\/2023\/08\/Big-Box.-Horsefood-the-best-scaled.jpg?fit=1135%2C1200&ssl=1&resize=700%2C400 2x, https:\/\/i0.wp.com\/horsefood.ee\/wp-content\/uploads\/2023\/08\/Big-Box.-Horsefood-the-best-scaled.jpg?fit=1135%2C1200&ssl=1&resize=1050%2C600 3x"},"classes":[]},{"id":12957,"url":"https:\/\/horsefood.ee\/latvia\/pood\/superhorze-lactarecovery\/","url_meta":{"origin":6367,"position":4},"title":"SUPERHORZE LACTARECOVERY (Taastumine\/j\u00f5udlus) 1000ml","author":"Kaido Koppel","date":"11. Mai 2021","format":false,"excerpt":"Ainulaadne segu elektrol\u00fc\u00fctidest, kiiresti imenduvatest taimsetest toitainetest, vitamiin E-st, B-vitamiini kompleksist ning orgaanilisest seleenip\u00e4rmist soolestiku tasakaalu toetamiseks p\u00e4rast tugevaid j\u00f5upingutusi, tsingist ja suurest kogusest tugevatest kudede ehitusplokkidest (aminohapetest), mis leevendavad lihasskeleti ebamugavusi ja toetavad optimaalset taastumist! Hea taastumine on \u00fcks peamistest faktoritest, mis tagab Teie hobuse maksimaalse j\u00f5udluse mitmep\u00e4evaste v\u00f5istluste\u2026","rel":"","context":"Similar post","block_context":{"text":"Similar post","link":""},"img":{"alt_text":"","src":"https:\/\/i0.wp.com\/horsefood.ee\/wp-content\/uploads\/2021\/05\/SuperHorze-Lacta-Recovery-1L-shadow.png?fit=800%2C1200&ssl=1&resize=350%2C200","width":350,"height":200,"srcset":"https:\/\/i0.wp.com\/horsefood.ee\/wp-content\/uploads\/2021\/05\/SuperHorze-Lacta-Recovery-1L-shadow.png?fit=800%2C1200&ssl=1&resize=350%2C200 1x, https:\/\/i0.wp.com\/horsefood.ee\/wp-content\/uploads\/2021\/05\/SuperHorze-Lacta-Recovery-1L-shadow.png?fit=800%2C1200&ssl=1&resize=525%2C300 1.5x, https:\/\/i0.wp.com\/horsefood.ee\/wp-content\/uploads\/2021\/05\/SuperHorze-Lacta-Recovery-1L-shadow.png?fit=800%2C1200&ssl=1&resize=700%2C400 2x"},"classes":[]},{"id":19604,"url":"https:\/\/horsefood.ee\/latvia\/pood\/horsefood-licks-optimaalne-kogus-vitamiinie-mineraale-ja-mikroelemente-15kg\/","url_meta":{"origin":6367,"position":5},"title":"Horsefood Licks  (optimaalne kogus  vitamiinie, mineraale ja mikroelemente)  15kg","author":"Kaido Koppel","date":"10. J\u016bn 2024","format":false,"excerpt":"See suurp\u00e4rane vitamiini\u00e4mber pakub hobustele optimaalset vitamiinide, mineraalide ja mikroelementide t\u00e4iendust, toetades hobuse tervist. - Sobib hobustele, kes ei saa lisands\u00f6\u00f6ta. - Suurep\u00e4rane t\u00e4iendus noorte hobuste kasvatamisel. - Ideaalne karjatamisel. - Sobib tiinetele ja imetavatele m\u00e4radele. - Kergesti omastatav. Horsefood Licks on hea imendumisv\u00f5imega ja on rikastatud k\u00fc\u00fcslaugu ekstraktiga. Pakub\u2026","rel":"","context":"Similar post","block_context":{"text":"Similar post","link":""},"img":{"alt_text":"","src":"https:\/\/i0.wp.com\/horsefood.ee\/wp-content\/uploads\/2024\/06\/HF_Licks_Mineralenemmer.png?fit=800%2C800&ssl=1&resize=350%2C200","width":350,"height":200,"srcset":"https:\/\/i0.wp.com\/horsefood.ee\/wp-content\/uploads\/2024\/06\/HF_Licks_Mineralenemmer.png?fit=800%2C800&ssl=1&resize=350%2C200 1x, https:\/\/i0.wp.com\/horsefood.ee\/wp-content\/uploads\/2024\/06\/HF_Licks_Mineralenemmer.png?fit=800%2C800&ssl=1&resize=525%2C300 1.5x, https:\/\/i0.wp.com\/horsefood.ee\/wp-content\/uploads\/2024\/06\/HF_Licks_Mineralenemmer.png?fit=800%2C800&ssl=1&resize=700%2C400 2x"},"classes":[]}],"_links":{"self":[{"href":"https:\/\/horsefood.ee\/latvia\/wp-json\/wp\/v2\/product\/6367","targetHints":{"allow":["GET"]}}],"collection":[{"href":"https:\/\/horsefood.ee\/latvia\/wp-json\/wp\/v2\/product"}],"about":[{"href":"https:\/\/horsefood.ee\/latvia\/wp-json\/wp\/v2\/types\/product"}],"wp:featuredmedia":[{"embeddable":true,"href":"https:\/\/horsefood.ee\/latvia\/wp-json\/wp\/v2\/media\/6381"}],"wp:attachment":[{"href":"https:\/\/horsefood.ee\/latvia\/wp-json\/wp\/v2\/media?parent=6367"}],"wp:term":[{"taxonomy":"product_brand","embeddable":true,"href":"https:\/\/horsefood.ee\/latvia\/wp-json\/wp\/v2\/product_brand?post=6367"},{"taxonomy":"product_cat","embeddable":true,"href":"https:\/\/horsefood.ee\/latvia\/wp-json\/wp\/v2\/product_cat?post=6367"},{"taxonomy":"product_tag","embeddable":true,"href":"https:\/\/horsefood.ee\/latvia\/wp-json\/wp\/v2\/product_tag?post=6367"}],"curies":[{"name":"wp","href":"https:\/\/api.w.org\/{rel}","templated":true}]}}