{"id":5956,"date":"2018-08-25T22:53:02","date_gmt":"2018-08-25T19:53:02","guid":{"rendered":"http:\/\/horsefood.ee\/?post_type=product&#038;p=5956"},"modified":"2025-09-22T14:06:50","modified_gmt":"2025-09-22T11:06:50","slug":"sport-recovery-sooritusvoime-taastumine-10kg","status":"publish","type":"product","link":"https:\/\/horsefood.ee\/latvia\/pood\/sport-recovery-sooritusvoime-taastumine-10kg\/","title":{"rendered":"Sport Recovery (sooritusv\u00f5ime \/ taastumine) HF \u00e4mbris 10kg"},"content":{"rendered":"<p><a href=\"https:\/\/i0.wp.com\/horsefood.ee\/wp-content\/uploads\/2018\/04\/Sport-Recovery-2.png\"><img data-recalc-dims=\"1\" loading=\"lazy\" decoding=\"async\" data-attachment-id=\"5614\" data-permalink=\"https:\/\/horsefood.ee\/latvia\/?attachment_id=5614#main\" data-orig-file=\"https:\/\/i0.wp.com\/www.horsefood.ee\/wp-content\/uploads\/2018\/04\/Sport-Recovery-2.png?fit=940%2C788&amp;ssl=1\" data-orig-size=\"940,788\" data-comments-opened=\"0\" data-image-meta=\"{&quot;aperture&quot;:&quot;0&quot;,&quot;credit&quot;:&quot;&quot;,&quot;camera&quot;:&quot;&quot;,&quot;caption&quot;:&quot;&quot;,&quot;created_timestamp&quot;:&quot;0&quot;,&quot;copyright&quot;:&quot;&quot;,&quot;focal_length&quot;:&quot;0&quot;,&quot;iso&quot;:&quot;0&quot;,&quot;shutter_speed&quot;:&quot;0&quot;,&quot;title&quot;:&quot;&quot;,&quot;orientation&quot;:&quot;0&quot;}\" data-image-title=\"\" data-image-description=\"\" data-image-caption=\"\" data-large-file=\"https:\/\/i0.wp.com\/www.horsefood.ee\/wp-content\/uploads\/2018\/04\/Sport-Recovery-2.png?fit=940%2C788&amp;ssl=1\" class=\"size-full wp-image-5614 alignleft\" src=\"https:\/\/i0.wp.com\/horsefood.ee\/wp-content\/uploads\/2018\/04\/Sport-Recovery-2.png?resize=940%2C788\" alt=\"\" width=\"940\" height=\"788\" srcset=\"https:\/\/i0.wp.com\/www.horsefood.ee\/wp-content\/uploads\/2018\/04\/Sport-Recovery-2.png?w=940&amp;ssl=1 940w, https:\/\/i0.wp.com\/www.horsefood.ee\/wp-content\/uploads\/2018\/04\/Sport-Recovery-2.png?resize=300%2C251&amp;ssl=1 300w, https:\/\/i0.wp.com\/www.horsefood.ee\/wp-content\/uploads\/2018\/04\/Sport-Recovery-2.png?resize=768%2C644&amp;ssl=1 768w, https:\/\/i0.wp.com\/www.horsefood.ee\/wp-content\/uploads\/2018\/04\/Sport-Recovery-2.png?resize=600%2C503&amp;ssl=1 600w\" sizes=\"auto, (max-width: 940px) 100vw, 940px\" \/><\/a><\/p>","protected":false},"excerpt":{"rendered":"<hr \/>\n<p><strong>Maksimaalse v\u00f5imekusega lihased ja kiire taastumine pingutusest. Iga p\u00e4ev!<\/strong><\/p>\n<p>T\u00e4iends\u00f6\u00f6t.\u00a0<strong>Sport Recovery+<\/strong>\u00a0granuleeritud lisandit kasutatakse \u00fche komponendina ka\u00a0<em>Horsefood`the best<\/em>\u00a0s\u00f6\u00f6das, Refit Energybrok. Siiski, k\u00f5ik hobused ei vaja s\u00f6\u00f6dast saadavat energiatihedust\/toitev\u00e4\u00e4rtust, kuid ometi vajavad ka nemad maksimaalse v\u00f5imekusega lihaseid ja tuge pingutusest taastumiseks. Teatud isendid v\u00f5ivad vajada lisatuge, kas siis\u00a0<strong>vigastusest taastumise j\u00e4rgselt<\/strong>\u00a0v\u00f5i tippsoorituse juures treenimisel.<\/p>\n<p>See hiljuti v\u00e4ljat\u00f6\u00f6tatud ja praktikas professionaalsete ratsasportlaste poolt tunnustatud lisand sisaldab\u00a0<strong>nisu h\u00e4sti diferentseerunud varuvalkusid<\/strong>, kui\u00a0<strong>v\u00e4\u00e4rtuslikku\u00a0 a l e u r o o n i\u00a0\u00a0<\/strong>komponenti. Graanul sisaldab kiudaineid, naturaalseid antioks\u00fcdante, B- ja E-vitamiini ning erinevaid orgaanilisi mineraale.<\/p>\n<ul>\n<li><strong>Naturaalne ja tervislik<\/strong>\u00a0lahendus\u00a0<strong>kiireks taastumiseks<\/strong>ja\u00a0<strong>maksimaalseks soorituseks<\/strong>.<\/li>\n<li>Immuuns\u00fcsteemi tugevdamise kaudu paranevad verev\u00e4\u00e4rtused.<\/li>\n<li>Kindlustab seedetrakti head funktsiooni.<\/li>\n<li>Parandab s\u00f6\u00f6da efektiivsust, toitainete imenduvust, mineraalide omastatavust.<\/li>\n<li>Toetab lihaste arengut ning takistab piimhappe kuhjumist organismi.<\/li>\n<li>V\u00e4hendab stressi.<\/li>\n<li>Normaliseerib\/taastab s\u00fcdamel\u00f6\u00f6gisageduse peale pingutust.<\/li>\n<\/ul>\n<p><strong>Koostis:\u00a0<\/strong><em><strong>Aleuroon 50%<\/strong><\/em>, h\u00fcdrol\u00fc\u00fcsitud nisuvalk 24%, t\u00e4istera-nisumanna, oder, kaltsiumkarbonaat, melass, vitamiinid, mineraalid.<\/p>\n<p>Annustamine\/p\u00e4evas:<\/p>\n<p><strong>Raske t\u00f6\u00f6<\/strong>\u00a0\u2013 20gr\/100kg kehakaalu kohta<\/p>\n<hr \/>\n<p style=\"text-align: left;\"><strong><a href=\"http:\/\/horsefood.ee\/wp-content\/uploads\/2018\/11\/Aleuroon-toote-eelised.png\"><img loading=\"lazy\" decoding=\"async\" class=\"size-medium wp-image-6263 alignleft\" src=\"http:\/\/horsefood.ee\/wp-content\/uploads\/2018\/11\/Aleuroon-toote-eelised-300x251.png\" alt=\"\" width=\"300\" height=\"251\" srcset=\"https:\/\/i0.wp.com\/www.horsefood.ee\/wp-content\/uploads\/2018\/11\/Aleuroon-toote-eelised.png?resize=300%2C251&amp;ssl=1 300w, https:\/\/i0.wp.com\/www.horsefood.ee\/wp-content\/uploads\/2018\/11\/Aleuroon-toote-eelised.png?resize=768%2C644&amp;ssl=1 768w, https:\/\/i0.wp.com\/www.horsefood.ee\/wp-content\/uploads\/2018\/11\/Aleuroon-toote-eelised.png?resize=600%2C503&amp;ssl=1 600w, https:\/\/i0.wp.com\/www.horsefood.ee\/wp-content\/uploads\/2018\/11\/Aleuroon-toote-eelised.png?w=940&amp;ssl=1 940w\" sizes=\"auto, (max-width: 300px) 100vw, 300px\" \/><\/a><span style=\"color: #000000;\">MIlline on toote Grainwise Tarwe Aleurone (Nisu aleuroon) tervislik m\u00f5ju?<\/span><\/strong><\/p>\n<p>&nbsp;<\/p>\n<p><span style=\"color: #000000;\"><strong>TOOTE EELISED:<\/strong><\/span><\/p>\n<p><span style=\"color: #000000;\"><strong>100% looduslik.\u00a0<em>Grainwise Tarwe Aleurone<\/em><\/strong> on \u00fcks nisutera seitsmest kihist (<strong>aleuroonkiht<\/strong>), mis on teraviljast eraldatud arvukate valgukehade poolt. Kasutatud eraldamise tehnika on ainulaadne ja selle patent kuulub <em><strong>B\u00fchler Grain-Wise<\/strong><\/em>\u2019ile. Aleuroonkiht sisaldab juba looduslikult vitamiine, mineraale ja teatud happeid. Loomulik koostis tagab organismis v\u00e4ga hea imendumise.<\/span><\/p>\n<p><span style=\"color: #000000;\"><strong>P\u00f5letikuvastane.<\/strong> Uuringud n\u00e4itavad, et <em><strong>Grainwise Tarwe Aleurone<\/strong><\/em> m\u00f5jutab positiivselt kogu verepilti. Valgete vereliblede hulga kasv t\u00f5stab immuunsust (valge verelible=immuunrakk).<\/span><\/p>\n<p><span style=\"color: #000000;\"><strong>Antibakteriaalne.\u00a0<\/strong>F\u00fctiinhappe (mis h\u00e4vitab baktereid) sisalduse t\u00f5ttu m\u00f5jub <em><strong>Grainwise Tarwe Aleurone<\/strong><\/em> antioks\u00fcdandina (neutraliseerib kahjulikke m\u00f5jusid ja toetab ens\u00fc\u00fcmide tootmist ning hormoon- ja immuuns\u00fcsteemi) ja p\u00f5letikuvastasena (omadus, mis m\u00f5jub positiivselt p\u00f5letiku poolt soodustatud nahahaiguste korral).<\/span><\/p>\n<p><span style=\"color: #000000;\"><strong>T\u00f5stab taastumisv\u00f5imet.\u00a0<em>Grainwise Tarwe Aleurone<\/em><\/strong> aeglustab s\u00fcdame t\u00f6\u00f6d ja kiirendab organismi taastumist p\u00e4rast stressirikast perioodi ja\/v\u00f5i pingutust. Kreatiini-kinaasi n\u00e4itaja v\u00e4henemine veres on m\u00e4rk sellest, et rakkude h\u00e4vimine toimub aeglasemalt, mis t\u00e4hendab, et looma f\u00fc\u00fcsiline vorm on parem.<\/span><\/p>\n<p><span style=\"color: #000000;\"><strong>Toetab immuuns\u00fcsteemi.<\/strong> Uuringud n\u00e4itavad, et <em><strong>Grainwise Tarwe Aleurone<\/strong><\/em> m\u00f5jutab positiivselt verepilti. Grainwise Tarwe Aleurone t\u00f5stab gammaglobuliinide, eosinofiilide ja leukots\u00fc\u00fctide tootmist, mis m\u00e4ngivad olulist rolli parasiitide, viiruste ja bakterite h\u00e4vitamises ning omavad positiivset m\u00f5ju t\u00f5uaretuses.<\/span><\/p>\n<p><span style=\"color: #000000;\"><strong>Taastab soolestiku bakterite tasakaalu.<\/strong> T\u00e4nu nisu aleuroonkihis sisalduvatele kiudainetele paraneb toitumise kvaliteet ja soolestiku mikrofloora ning alaneb mao pH-tase.<\/span><\/p>\n<p><span style=\"color: #000000;\"><strong>Suurendab vitaalsust.\u00a0<em>Grainwise Tarwe Aleurone<\/em><\/strong> suurendab punaste vereliblede tootmist, mis omakorda hoolitsevad kopsude ja teiste kudede hapnikuga varustamise eest, ja see t\u00f5stab energiataset. Energiataset t\u00f5stab ka tootes sisalduv B-vitamiin.<\/span><\/p>\n<p><span style=\"color: #000000;\"><strong>Allikas<\/strong>: VanCorp Agenda\/Editie 2018<\/span><\/p>\n<p>&nbsp;<\/p>","protected":false},"featured_media":5957,"template":"","meta":{"jetpack_post_was_ever_published":false,"jetpack_publicize_message":"","jetpack_publicize_feature_enabled":true,"jetpack_social_post_already_shared":true,"jetpack_social_options":{"image_generator_settings":{"template":"highway","default_image_id":0,"font":"","enabled":false},"version":2}},"product_brand":[],"product_cat":[56,40],"product_tag":[65,81],"class_list":{"0":"post-5956","1":"product","2":"type-product","3":"status-publish","4":"has-post-thumbnail","6":"product_cat-horsefoodthebest","7":"product_cat-lisandid","8":"product_tag-tippsooritus","9":"product_tag-lihased","11":"first","12":"onbackorder","13":"shipping-taxable","14":"purchasable","15":"product-type-simple"},"jetpack_publicize_connections":[],"jetpack_sharing_enabled":true,"jetpack-related-posts":[{"id":5373,"url":"https:\/\/horsefood.ee\/latvia\/pood\/sport-recoverytaastumine-sooritusvoime4kg\/","url_meta":{"origin":5956,"position":0},"title":"Sport Recovery+(aleuroon \/ sooritusv\u00f5ime \/ taastumine) 4kg","author":"kadri koppel","date":"1. Apr 2018","format":false,"excerpt":"Maksimaalse v\u00f5imekusega lihased ja kiire taastumine pingutusest. Iga p\u00e4ev! S\u00f6\u00f6dalisand. Horsefood Sport Recovery+ granuleeritud lisandit kasutatakse \u00fche komponendina ka\u00a0Horsefood`the best s\u00f6\u00f6das, Refit Energybrok. Siiski, k\u00f5ik hobused ei vaja s\u00f6\u00f6dast saadavat energiatihedust\/toitev\u00e4\u00e4rtust, kuid ometi vajavad ka nemad maksimaalse v\u00f5imekusega lihaseid ja tuge pingutusest taastumiseks. Teatud isendid v\u00f5ivad vajada lisatuge, kas siis\u2026","rel":"","context":"Similar post","block_context":{"text":"Similar post","link":""},"img":{"alt_text":"","src":"https:\/\/i0.wp.com\/www.horsefood.ee\/wp-content\/uploads\/2023\/10\/IMG_8072.jpeg?fit=700%2C700&ssl=1&resize=350%2C200","width":350,"height":200,"srcset":"https:\/\/i0.wp.com\/www.horsefood.ee\/wp-content\/uploads\/2023\/10\/IMG_8072.jpeg?fit=700%2C700&ssl=1&resize=350%2C200 1x, https:\/\/i0.wp.com\/www.horsefood.ee\/wp-content\/uploads\/2023\/10\/IMG_8072.jpeg?fit=700%2C700&ssl=1&resize=525%2C300 1.5x, https:\/\/i0.wp.com\/www.horsefood.ee\/wp-content\/uploads\/2023\/10\/IMG_8072.jpeg?fit=700%2C700&ssl=1&resize=700%2C400 2x"},"classes":[]},{"id":3893,"url":"https:\/\/horsefood.ee\/latvia\/pood\/biotiin-1kg\/","url_meta":{"origin":5956,"position":1},"title":"Biotinemix (kabjad\/karvkate\/terve nahk) 1000gr","author":"kadri koppel","date":"27. J\u016bn 2017","format":false,"excerpt":"S\u00f6\u00f6dalisand hobustele. Horsefood Biotine Mix t\u00e4iendab vajalikke toitaineid nii tervete kapjade kasvu ja elastsuse, kui ka karvkatte tiheduse ning tervisliku naha jaoks. Lisatud on kergesti omastatavat tsinki, vaske, kaltsiumi, magneesiumi ja mangaani, mis tagavad hobusele t\u00e4ieliku sisemise toetuse. L\u00fcsiin ja metioniin tagavad t\u00e4iendava valgu kabjamaterjali ja karvade ehitamiseks. Lisaks sisaldab\u2026","rel":"","context":"Similar post","block_context":{"text":"Similar post","link":""},"img":{"alt_text":"","src":"https:\/\/i0.wp.com\/www.horsefood.ee\/wp-content\/uploads\/2017\/06\/Biotinemix.png?fit=800%2C800&ssl=1&resize=350%2C200","width":350,"height":200,"srcset":"https:\/\/i0.wp.com\/www.horsefood.ee\/wp-content\/uploads\/2017\/06\/Biotinemix.png?fit=800%2C800&ssl=1&resize=350%2C200 1x, https:\/\/i0.wp.com\/www.horsefood.ee\/wp-content\/uploads\/2017\/06\/Biotinemix.png?fit=800%2C800&ssl=1&resize=525%2C300 1.5x, https:\/\/i0.wp.com\/www.horsefood.ee\/wp-content\/uploads\/2017\/06\/Biotinemix.png?fit=800%2C800&ssl=1&resize=700%2C400 2x"},"classes":[]},{"id":12970,"url":"https:\/\/horsefood.ee\/latvia\/pood\/heparen-12-kg\/","url_meta":{"origin":5956,"position":2},"title":"HEPAREN+ (Neerude ja maksa kaitse) 1000ml","author":"Kaido Koppel","date":"11. Mai 2021","format":false,"excerpt":"See on dieettoit maksa ja neerude toetamiseks. Kasutatakse Teie hobuse tervise s\u00e4ilitamiseks, maksimaalse vastupidavuse ja eluj\u00f5u saavutamiseks.\u00a0 Hobuse organism peab t\u00f6\u00f6tlema palju j\u00e4\u00e4kaineid. Maksa, neerude ning vereringe ja -rakkudega seotud probleemid on tippspordihobustel v\u00e4ga levinud.\u00a0 Treeningu ajal toodab hobuse keha oks\u00fcdatiivseid j\u00e4\u00e4kaineid (vabu radikaale, piimhapet jm), mis on rakkudele koormaks.\u2026","rel":"","context":"Similar post","block_context":{"text":"Similar post","link":""},"img":{"alt_text":"","src":"https:\/\/i0.wp.com\/www.horsefood.ee\/wp-content\/uploads\/2021\/05\/Heparen-1L-shadow.jpg?fit=800%2C1200&ssl=1&resize=350%2C200","width":350,"height":200,"srcset":"https:\/\/i0.wp.com\/www.horsefood.ee\/wp-content\/uploads\/2021\/05\/Heparen-1L-shadow.jpg?fit=800%2C1200&ssl=1&resize=350%2C200 1x, https:\/\/i0.wp.com\/www.horsefood.ee\/wp-content\/uploads\/2021\/05\/Heparen-1L-shadow.jpg?fit=800%2C1200&ssl=1&resize=525%2C300 1.5x, https:\/\/i0.wp.com\/www.horsefood.ee\/wp-content\/uploads\/2021\/05\/Heparen-1L-shadow.jpg?fit=800%2C1200&ssl=1&resize=700%2C400 2x"},"classes":[]},{"id":7276,"url":"https:\/\/horsefood.ee\/latvia\/pood\/suhkrupeet-20kg\/","url_meta":{"origin":5956,"position":3},"title":"Suhkrupeedi viljalihagraanulid (konditsioon \/ seedimine \/ \u00fclimaitsev) 20kg","author":"kadri koppel","date":"12. Apr 2019","format":false,"excerpt":"Van Corp Loomas\u00f6\u00f6dad suhkrupeedigraanulid on maitsev ja energiarikas lisands\u00f6\u00f6t. Sisaldab kergesti laguneeritavaid s\u00fcsivesikuid (pektiinid), mida vabastatakse j\u00e4rk-j\u00e4rgult. Suhkrupeedi viljalihagraanuleid toodetakse peedist suhkru eemaldamise j\u00e4rgselt, kus allesj\u00e4\u00e4nud peedimass kuivatakse ja pressitakse seej\u00e4rel 6mm vormidesse. S\u00f6\u00f6damaterjal Hollandi peedipulp on tuntud oma k\u00f5rge kvaliteedi ja v\u00e4ga heade maitseomaduste poolest. Enne loomadele s\u00f6\u00f6tmist tuleb\u2026","rel":"","context":"Similar post","block_context":{"text":"Similar post","link":""},"img":{"alt_text":"","src":"https:\/\/i0.wp.com\/www.horsefood.ee\/wp-content\/uploads\/2019\/04\/Suhkrupeet-transparent.png?fit=1060%2C707&ssl=1&resize=350%2C200","width":350,"height":200,"srcset":"https:\/\/i0.wp.com\/www.horsefood.ee\/wp-content\/uploads\/2019\/04\/Suhkrupeet-transparent.png?fit=1060%2C707&ssl=1&resize=350%2C200 1x, https:\/\/i0.wp.com\/www.horsefood.ee\/wp-content\/uploads\/2019\/04\/Suhkrupeet-transparent.png?fit=1060%2C707&ssl=1&resize=525%2C300 1.5x, https:\/\/i0.wp.com\/www.horsefood.ee\/wp-content\/uploads\/2019\/04\/Suhkrupeet-transparent.png?fit=1060%2C707&ssl=1&resize=700%2C400 2x, https:\/\/i0.wp.com\/www.horsefood.ee\/wp-content\/uploads\/2019\/04\/Suhkrupeet-transparent.png?fit=1060%2C707&ssl=1&resize=1050%2C600 3x"},"classes":[]},{"id":12957,"url":"https:\/\/horsefood.ee\/latvia\/pood\/superhorze-lactarecovery\/","url_meta":{"origin":5956,"position":4},"title":"SUPERHORZE LACTARECOVERY (Taastumine\/j\u00f5udlus) 1000ml","author":"Kaido Koppel","date":"11. Mai 2021","format":false,"excerpt":"Ainulaadne segu elektrol\u00fc\u00fctidest, kiiresti imenduvatest taimsetest toitainetest, vitamiin E-st, B-vitamiini kompleksist ning orgaanilisest seleenip\u00e4rmist soolestiku tasakaalu toetamiseks p\u00e4rast tugevaid j\u00f5upingutusi, tsingist ja suurest kogusest tugevatest kudede ehitusplokkidest (aminohapetest), mis leevendavad lihasskeleti ebamugavusi ja toetavad optimaalset taastumist! Hea taastumine on \u00fcks peamistest faktoritest, mis tagab Teie hobuse maksimaalse j\u00f5udluse mitmep\u00e4evaste v\u00f5istluste\u2026","rel":"","context":"Similar post","block_context":{"text":"Similar post","link":""},"img":{"alt_text":"","src":"https:\/\/i0.wp.com\/www.horsefood.ee\/wp-content\/uploads\/2021\/05\/SuperHorze-Lacta-Recovery-1L-shadow.png?fit=800%2C1200&ssl=1&resize=350%2C200","width":350,"height":200,"srcset":"https:\/\/i0.wp.com\/www.horsefood.ee\/wp-content\/uploads\/2021\/05\/SuperHorze-Lacta-Recovery-1L-shadow.png?fit=800%2C1200&ssl=1&resize=350%2C200 1x, https:\/\/i0.wp.com\/www.horsefood.ee\/wp-content\/uploads\/2021\/05\/SuperHorze-Lacta-Recovery-1L-shadow.png?fit=800%2C1200&ssl=1&resize=525%2C300 1.5x, https:\/\/i0.wp.com\/www.horsefood.ee\/wp-content\/uploads\/2021\/05\/SuperHorze-Lacta-Recovery-1L-shadow.png?fit=800%2C1200&ssl=1&resize=700%2C400 2x"},"classes":[]},{"id":3746,"url":"https:\/\/horsefood.ee\/latvia\/pood\/linaseemned-kohe-kasutusvalmis-sootmiseks-20kg\/","url_meta":{"origin":5956,"position":5},"title":"Linaseemned kohe valmis s\u00f6\u00f6tmiseks (seedimine \/ heaolu) 20kg","author":"kadri koppel","date":"23. Mai 2017","format":false,"excerpt":"T\u00e4iends\u00f6\u00f6t. Horsefood` the best linaseemned on kohe kasutusvalmis s\u00f6\u00f6tmiseks.\u00a0Tootes sisaldub nn linataimeliim+linaseemne\u00f5li+seemnemass. K\u00f5rge \u00f5li sisaldusega.\u00a0Tolmuvabad.\u00a0 Horsefood`the best linaseemned kohe valmis s\u00f6\u00f6tmiseks: \u2013 annab\u00a0karvale\u00a0kauni\u00a0ja\u00a0t\u00e4iusliku\u00a0l\u00e4ike, \u2013\u00a0seedimise\u00a0soodustamiseks\u00a0\u2013\u00a0ennetab koolikuid. Kuivana s\u00f6\u00f6tes soodustab s\u00fcljeeritust, mis aitab neutraliseerida maohapet. Maos on parem pH tasakaal ning v\u00e4heneb v\u00f5imalus maohaavandite tekkimiseks, \u2013 aitab\u00a0piimhappej\u00e4\u00e4ke\u00a0kehast\u00a0v\u00e4ljutada, \u2013 sisaldab\u00a0inuliini\u00a06%\u00a0\u2013\u00a0toimib\u00a0kui\u00a0prebiootikum,\u00a0mis\u00a0soodustab\u00a0piimhappebakterite\u00a0kasvu, \u2013 k\u00f5rgem\u00a0E-vitamiini\u00a0sisaldus, \u2013\u00a0Omega-3\u00a0\u2013\u00a0aeglaselt\u00a0vabanev\u00a0energia\u00a0\u2013\u00a0sobib\u00a0kestvusspordialadele.\u2026","rel":"","context":"Similar post","block_context":{"text":"Similar post","link":""},"img":{"alt_text":"","src":"https:\/\/i0.wp.com\/www.horsefood.ee\/wp-content\/uploads\/2017\/05\/Lijnzaad-Kantklaar-1.jpg?fit=383%2C575&ssl=1&resize=350%2C200","width":350,"height":200},"classes":[]}],"_links":{"self":[{"href":"https:\/\/horsefood.ee\/latvia\/wp-json\/wp\/v2\/product\/5956","targetHints":{"allow":["GET"]}}],"collection":[{"href":"https:\/\/horsefood.ee\/latvia\/wp-json\/wp\/v2\/product"}],"about":[{"href":"https:\/\/horsefood.ee\/latvia\/wp-json\/wp\/v2\/types\/product"}],"wp:featuredmedia":[{"embeddable":true,"href":"https:\/\/horsefood.ee\/latvia\/wp-json\/wp\/v2\/media\/5957"}],"wp:attachment":[{"href":"https:\/\/horsefood.ee\/latvia\/wp-json\/wp\/v2\/media?parent=5956"}],"wp:term":[{"taxonomy":"product_brand","embeddable":true,"href":"https:\/\/horsefood.ee\/latvia\/wp-json\/wp\/v2\/product_brand?post=5956"},{"taxonomy":"product_cat","embeddable":true,"href":"https:\/\/horsefood.ee\/latvia\/wp-json\/wp\/v2\/product_cat?post=5956"},{"taxonomy":"product_tag","embeddable":true,"href":"https:\/\/horsefood.ee\/latvia\/wp-json\/wp\/v2\/product_tag?post=5956"}],"curies":[{"name":"wp","href":"https:\/\/api.w.org\/{rel}","templated":true}]}}