{"id":5952,"date":"2018-08-25T22:27:00","date_gmt":"2018-08-25T19:27:00","guid":{"rendered":"http:\/\/horsefood.ee\/?post_type=product&#038;p=5952"},"modified":"2026-04-30T09:59:06","modified_gmt":"2026-04-30T06:59:06","slug":"sunsetbalance-korrel-10kg-mineraalid-eriline-kaitse-hf-ambris","status":"publish","type":"product","link":"https:\/\/horsefood.ee\/latvia\/pood\/sunsetbalance-korrel-10kg-mineraalid-eriline-kaitse-hf-ambris\/","title":{"rendered":"Sunsetbalance Korrel (mineraalid\/immuunsus\/eriline kaitse) 10kg"},"content":{"rendered":"<h2><b>Anal\u00fc\u00fctilised koostisosad (kg kohta)<\/b><\/h2>\n<p class=\"p3\">Toorproteiin \u2013 11,6%<\/p>\n<p class=\"p3\">Toorrasv \u2013 5,3%<\/p>\n<p class=\"p3\">Toorkiud \u2013 14,1%<\/p>\n<p class=\"p3\">Toortuhk \u2013 19,7%<\/p>\n<p class=\"p3\">T\u00e4rklis \u2013 9,8%<\/p>\n<p class=\"p3\">Suhkur \u2013 2,9%<\/p>\n<p class=\"p3\">Kaltsium (Ca) \u2013 1,60%<\/p>\n<p class=\"p3\">Fosfor (P) \u2013 1,00%<\/p>\n<p class=\"p3\">Naatrium (Na) \u2013 1,10%<\/p>\n<p class=\"p3\">Kaalium (K) \u2013 12,0 g<\/p>\n<p class=\"p3\">Magneesium (Mg) \u2013 0,9 g<\/p>\n<p class=\"p3\">Oregano \u2013 265 mg<\/p>\n<h1><b>Lisandid (kg kohta)<\/b><\/h1>\n<p class=\"p3\">A-vitamiin 3a672a 7500 IE<br \/>\nD3-vitamiin 3a671 15000 IE<br \/>\nE-vitamiin 3a700 1000 mg<br \/>\nC-vitamiin 3a312 200 mg<br \/>\nBiotiin 3a880 840 mcg<br \/>\nRaud(II)sulfaat monoh\u00fcdraat 3b103 373 mg<br \/>\nTsinkoksiid 3b603 301 mg<br \/>\nKoobaltkabonaat (kattega) 3b304 6.01 mg<br \/>\nMangaanoksiid 3b502 119 mg<br \/>\nTsinkkelaat (gl\u00fctsiin) 3b607 92 mg<br \/>\nNaatriumseleniit 3b801 770 mcg<br \/>\nKaltsiumjodaat (veevaba) 3b202 2 mg<br \/>\nTsinksulfaat monoh\u00fcdraat 3b605 7 mg<br \/>\nVaskkelaat 3b406 40 mg<\/p>","protected":false},"excerpt":{"rendered":"<hr \/>\n<p><em><strong>Terve keha tasakaalu nimel!<\/strong><\/em><\/p>\n<p>Hobuse organismi puhastamine ainevahetusej\u00e4\u00e4kidest on oluline samm. Need 3mm graanulid on loodud spetsiaalselt tundlikele (ainevahetushaigused, suveekseem, laminiit, cushing`s, insuliinresistentsus jm) isenditele, aga loomulikult sobivad need <strong>k\u00f5ikidele hobustele,<\/strong>\u00a0kellede organism <strong>vajab erilist kaitset<\/strong>! S\u00f6\u00f6dalisand.<\/p>\n<ul>\n<li>Sisaldavad kergelt seeduvaid s\u00fcsivesikuid, v\u00e4ikeses koguses!<\/li>\n<li>Rohkelt\u00a0<strong>linaseemneid.<\/strong><\/li>\n<li><strong>P\u00e4rmikultuurid.<\/strong><\/li>\n<li>Madal t\u00e4rklise sisaldus!<\/li>\n<li>Olulised vitamiinid on sellises vahekorras, et ainevahetusej\u00e4\u00e4kproduktid saavad kehast h\u00f5lpsasti v\u00e4ljuda!<\/li>\n<li>Hobuse organismile <strong>\u00fclit\u00e4htsaid mikroelemente<\/strong> (nagu vask-,\/tsinkkelaat ja seleen) on lisatud suurel m\u00e4\u00e4ral!<\/li>\n<li>Sisaldab <strong>seitset v\u00f5imsat funktsionaalset maitsetaime<\/strong>, nagu ginko, k\u00f5rven\u00f5ges, pune, k\u00fc\u00fcslauk, majoraan, t\u00fc\u00fcmian ja basiilik.<\/li>\n<li>Lisatud <strong>diatomiitmuld<\/strong> ja p\u00e4rmikultuurid annavad kehale optimaalse toe ja vastupidavuse!<\/li>\n<\/ul>\n<p><strong>Koostis:\u00a0<\/strong>kaerahelbejahu-graanulid, nisud, linaseemned, p\u00e4rmikultuurid, premix, kliid, oder, Silica(r\u00e4nidioksiid), suhkrupeedimahl-melass, kriit, lambal\u00e4\u00e4ts, maitsetaimed.<\/p>\n<p><strong>Kasutamine:<\/strong><\/p>\n<ul>\n<li>\u00dclalpidamiseks:\u00a0\u00a0<strong>20gr\/100kg kehakaalu kohta<\/strong><\/li>\n<li><strong>Organismi puhastamiseks ainevahetusej\u00e4\u00e4kidest:<\/strong>\u00a0 80gr\/100kg kehakaalu kohta (maksimaalset kogust tohib kasutada ainult\/kuni 20 p\u00e4eva!).<\/li>\n<\/ul>\n<p><strong>Pakend: HF \u00e4mbris 10kg &#8211; laokaup<\/strong>, 20kg paberkott &#8211; ettetellimisega!<\/p>\n<p><a href=\"https:\/\/www.horsefood.ee\/wp-content\/uploads\/2018\/08\/Sunset-Balance-Korrels-3t\u00f6\u00f6deldud-scaled.jpg\"><img loading=\"lazy\" decoding=\"async\" class=\"alignleft wp-image-12826 size-medium\" src=\"https:\/\/www.horsefood.ee\/wp-content\/uploads\/2018\/08\/Sunset-Balance-Korrels-3t\u00f6\u00f6deldud-300x200.jpg\" alt=\"\" width=\"300\" height=\"200\" srcset=\"https:\/\/i0.wp.com\/horsefood.ee\/wp-content\/uploads\/2018\/08\/Sunset-Balance-Korrels-3t%C3%B6%C3%B6deldud-scaled.jpg?resize=300%2C200&amp;ssl=1 300w, https:\/\/i0.wp.com\/horsefood.ee\/wp-content\/uploads\/2018\/08\/Sunset-Balance-Korrels-3t%C3%B6%C3%B6deldud-scaled.jpg?resize=1024%2C682&amp;ssl=1 1024w, https:\/\/i0.wp.com\/horsefood.ee\/wp-content\/uploads\/2018\/08\/Sunset-Balance-Korrels-3t%C3%B6%C3%B6deldud-scaled.jpg?resize=768%2C511&amp;ssl=1 768w, https:\/\/i0.wp.com\/horsefood.ee\/wp-content\/uploads\/2018\/08\/Sunset-Balance-Korrels-3t%C3%B6%C3%B6deldud-scaled.jpg?resize=1536%2C1023&amp;ssl=1 1536w, https:\/\/i0.wp.com\/horsefood.ee\/wp-content\/uploads\/2018\/08\/Sunset-Balance-Korrels-3t%C3%B6%C3%B6deldud-scaled.jpg?resize=2048%2C1364&amp;ssl=1 2048w, https:\/\/i0.wp.com\/horsefood.ee\/wp-content\/uploads\/2018\/08\/Sunset-Balance-Korrels-3t%C3%B6%C3%B6deldud-scaled.jpg?resize=600%2C399&amp;ssl=1 600w\" sizes=\"auto, (max-width: 300px) 100vw, 300px\" \/><\/a><\/p>","protected":false},"featured_media":12827,"template":"","meta":{"jetpack_post_was_ever_published":false,"jetpack_publicize_message":"","jetpack_publicize_feature_enabled":true,"jetpack_social_post_already_shared":false,"jetpack_social_options":{"image_generator_settings":{"template":"highway","default_image_id":0,"font":"","enabled":false},"version":2}},"product_brand":[],"product_cat":[56,52],"product_tag":[72,76,74,79,69,82],"class_list":{"0":"post-5952","1":"product","2":"type-product","3":"status-publish","4":"has-post-thumbnail","6":"product_cat-horsefoodthebest","7":"product_cat-mineraalid","8":"product_tag-ainevahetushaigused","9":"product_tag-heaolu-ja-tervis","10":"product_tag-hingamisprobleemid","11":"product_tag-mineraalid","12":"product_tag-seenioritele","13":"product_tag-ulekaalulisus","15":"first","16":"instock","17":"shipping-taxable","18":"purchasable","19":"product-type-simple"},"jetpack_publicize_connections":[],"jetpack_sharing_enabled":true,"jetpack-related-posts":[{"id":3506,"url":"https:\/\/horsefood.ee\/latvia\/pood\/vitahorse-korrels-mineraalid\/","url_meta":{"origin":5952,"position":0},"title":"Vita Horse Korrels (vitamiinid\/mineraalid\/immuunsus\/j\u00f5udlus) 5kg","author":"Georg Koppel","date":"14. Apr 2017","format":false,"excerpt":"Maksimumkogus vitamiine\/mineraale.\u00a0 Maksimaalselt vitaminiseeritud\/ mineraliseeritud\/mikroelementidega varustatud graanulid, mis sobivad s\u00f6\u00f6tmiseks k\u00f5ikidele hobustele\/ponidele! S\u00f6\u00f6dalisand. Horsefood`the best Vita Horse Korrels \u00a0toote funktsioonid: \u00fclalpidamiseks, enne ja\u00a0peale rasket f\u00fc\u00fcsilist koormust, taastumiseks. Graanulid on v\u00e4ga soovitatavad hobustele, kellede ratsioon koosneb peamiselt kores\u00f6\u00f6dast. Annustamine\/p\u00e4evas: \u00dclalpidamine: 5gr\/100kg kehakaalu kohta Kiiremaks taastumiseks:\u00a010gr\/100kg kehakaalu kohta (maksimaalselt 14 p\u00e4eva!!) Tiined\u2026","rel":"","context":"Similar post","block_context":{"text":"Similar post","link":""},"img":{"alt_text":"","src":"https:\/\/i0.wp.com\/horsefood.ee\/wp-content\/uploads\/2017\/10\/Mineraalid.jpg?fit=801%2C1200&ssl=1&resize=350%2C200","width":350,"height":200,"srcset":"https:\/\/i0.wp.com\/horsefood.ee\/wp-content\/uploads\/2017\/10\/Mineraalid.jpg?fit=801%2C1200&ssl=1&resize=350%2C200 1x, https:\/\/i0.wp.com\/horsefood.ee\/wp-content\/uploads\/2017\/10\/Mineraalid.jpg?fit=801%2C1200&ssl=1&resize=525%2C300 1.5x, https:\/\/i0.wp.com\/horsefood.ee\/wp-content\/uploads\/2017\/10\/Mineraalid.jpg?fit=801%2C1200&ssl=1&resize=700%2C400 2x"},"classes":[]},{"id":5970,"url":"https:\/\/horsefood.ee\/latvia\/pood\/merriebrok-beta\/","url_meta":{"origin":5952,"position":1},"title":"Merriebrok-Beta (t\u00f5uaretuse m\u00e4rad \/ t\u00e4kud \/ beetakaroteen) 20kg","author":"kadri koppel","date":"26. Aug 2018","format":false,"excerpt":"\u00a0 V\u00e4\u00e4rtuslik t\u00e4iends\u00f6\u00f6t sugum\u00e4radele, et toetada nende viljakust\u00a0ning loob maksimaalsed eeldused tervislikuks loote arenguks. \u00a0Sobivas omavahelise suhtes toitained: vitamiinid, mikroelemendid, aminohapped. Loote kaitse: sisaldab kaetud vormis beetakaroteeni ja foolhapet.\u00a0 E-vitamiini 400mg. Need graanulid sobivad ka s\u00f6\u00f6tmiseks t\u00e4kkudele! Koostis:\u00a0oder, nisupeenkliijahu, sojajahu, nisujahu, linnaseidud, linaseemned, premix, heinagraanulid, kriit, soja\u00f5li, peedimelass, monokaltsiumfosfaat, sool,\u2026","rel":"","context":"Similar post","block_context":{"text":"Similar post","link":""},"img":{"alt_text":"","src":"https:\/\/i0.wp.com\/horsefood.ee\/wp-content\/uploads\/2020\/02\/Kvaliteet-1024x576.png?resize=350%2C200","width":350,"height":200,"srcset":"https:\/\/i0.wp.com\/horsefood.ee\/wp-content\/uploads\/2020\/02\/Kvaliteet-1024x576.png?resize=350%2C200 1x, https:\/\/i0.wp.com\/horsefood.ee\/wp-content\/uploads\/2020\/02\/Kvaliteet-1024x576.png?resize=525%2C300 1.5x, https:\/\/i0.wp.com\/horsefood.ee\/wp-content\/uploads\/2020\/02\/Kvaliteet-1024x576.png?resize=700%2C400 2x"},"classes":[]},{"id":3486,"url":"https:\/\/horsefood.ee\/latvia\/pood\/jaarlingmerriebrokken\/","url_meta":{"origin":5952,"position":2},"title":"Jaarling-Merriebrokken (s\u00e4lud kuni 2,5eluaastat \/ m\u00e4rad) 20kg","author":"Georg Koppel","date":"14. Apr 2017","format":false,"excerpt":"T\u00e4iends\u00f6\u00f6t. Need graanulid on v\u00e4ljat\u00f6\u00f6tatud s\u00f6\u00f6tmiseks t\u00f5uaretuses m\u00e4radele (aretuss\u00f6\u00f6t tuleb lisada ratsiooni v\u00e4hemalt 3 kuud enne oodatavat poegimist), varsa imetamise ajal ja s\u00e4lgudele kuni 2,5 eluaastani. K\u00f5rge toit-, mineraalainete ning vitamiinide sisaldus. E-vitamiini 400mg. Tootes sisalduvad vask- ja tsinkkelaat optimeerivad imendumist vereringesse. Hobuse poolt seeditav energia 14,0MJ\/kg Hobuse poolt seeditav\u2026","rel":"","context":"Similar post","block_context":{"text":"Similar post","link":""},"img":{"alt_text":"","src":"https:\/\/i0.wp.com\/horsefood.ee\/wp-content\/uploads\/2017\/04\/Jaarling-merriebrokken-1.jpg?fit=500%2C750&ssl=1&resize=350%2C200","width":350,"height":200},"classes":[]},{"id":3483,"url":"https:\/\/horsefood.ee\/latvia\/pood\/refit-energybrok\/","url_meta":{"origin":5952,"position":3},"title":"Refit Energybrok (kiire taastumine \/ sport \/ raske t\u00f6\u00f6) 20kg","author":"Georg Koppel","date":"14. Apr 2017","format":false,"excerpt":"T\u00e4iends\u00f6\u00f6t. K\u00f5ikidele hobuspordialadele sobiv graanul, treenimisel kuni k\u00f5rgeima koormuseni. J\u00e4rk-j\u00e4rgult vabanev energia.\u00a0 Sisaldab looduslikku p\u00e4ritolu antioks\u00fcdante. Tugevdab immuuns\u00fcsteemi. K\u00f5ikide vitamiinide ning -mineraalainete taset on suunatud vastamaks saavutusspordi ootustele - suurem kogus kaltsiumit, fosforit ning magneesiumit. Parandab lihaste ainevahetust, tagab kiire taastumisev\u00f5ime ning normaliseerib s\u00fcdame l\u00f6\u00f6gisagedust peale saavutust. K\u00f5rge valgusisaldus, et\u2026","rel":"","context":"Similar post","block_context":{"text":"Similar post","link":""},"img":{"alt_text":"","src":"https:\/\/i0.wp.com\/horsefood.ee\/wp-content\/uploads\/2017\/04\/Refit-Energybrok-1.jpg?fit=500%2C667&ssl=1&resize=350%2C200","width":350,"height":200},"classes":[]},{"id":3466,"url":"https:\/\/horsefood.ee\/latvia\/pood\/basis-sportbrok\/","url_meta":{"origin":5952,"position":4},"title":"Basis-sportbrok (harrastus \/ sport \/ kerge-keskmine koormus) 20kg","author":"Georg Koppel","date":"14. Apr 2017","format":false,"excerpt":"Sellel maitsval graanulil on ulatuslikud rakendusv\u00f5imalused: v\u00e4ga sobiv ka ratsakoolidele. Ideaalne kiudaine, rasva, t\u00e4rklise ja suhkru tasakaal, mis pakub hobusele palju-palju enamat, kui Sa \"baasgraanulilt\" isegi oodata oskaksid! \u00d6konoomne ja lihtne toita! H\u00e4mmastav hinna ja kvaliteedisuhe! T\u00e4iends\u00f6\u00f6t. Tervislik graanul k\u00f5ikidele hobustele ja ponidele treenimisel kuni keskmise koormuseni. Selle toote eeliseks\u2026","rel":"","context":"Similar post","block_context":{"text":"Similar post","link":""},"img":{"alt_text":"","src":"https:\/\/i0.wp.com\/horsefood.ee\/wp-content\/uploads\/2020\/02\/Kvaliteet-1024x576.png?resize=350%2C200","width":350,"height":200,"srcset":"https:\/\/i0.wp.com\/horsefood.ee\/wp-content\/uploads\/2020\/02\/Kvaliteet-1024x576.png?resize=350%2C200 1x, https:\/\/i0.wp.com\/horsefood.ee\/wp-content\/uploads\/2020\/02\/Kvaliteet-1024x576.png?resize=525%2C300 1.5x, https:\/\/i0.wp.com\/horsefood.ee\/wp-content\/uploads\/2020\/02\/Kvaliteet-1024x576.png?resize=700%2C400 2x"},"classes":[]},{"id":5086,"url":"https:\/\/horsefood.ee\/latvia\/pood\/digest-control-brok-20kg\/","url_meta":{"origin":5952,"position":5},"title":"Digest Control Brok (seedimine \/ k\u00f5ikidele hobustele) 20kg","author":"kadri koppel","date":"25. Jan 2018","format":false,"excerpt":"T\u00e4iends\u00f6\u00f6t. HORSEFOOD`the best \u00e4\u00e4rmiselt k\u00f5rgekvaliteediline spordigraanul. Loodud spetsiaalselt treenivatele\u00a0hobustele, kelledel on tundlikum seedes\u00fcsteem v\u00f5i probleeme seedimisega. Sobilik graanul k\u00f5ikidele hobustele, igasuguse koormuse juures treenimisel!\u00a0\u00a0J\u00e4rk-j\u00e4rgult\u00a0vabanev energia.\u00a0 Antud graanul sisaldab rikkalikult toorkiudu, mis stimuleerib n\u00e4rimist ning soodustab s\u00fcljeeritust. N\u00e4rimisintensiivsusest s\u00f5ltub s\u00fclje eritumise kogus, mis aitab neutraliseerida happelist maosekreeti. Graanulis sisalduvad toitained on\u2026","rel":"","context":"Similar post","block_context":{"text":"Similar post","link":""},"img":{"alt_text":"","src":"https:\/\/i0.wp.com\/horsefood.ee\/wp-content\/uploads\/2020\/02\/Kvaliteet-1024x576.png?resize=350%2C200","width":350,"height":200,"srcset":"https:\/\/i0.wp.com\/horsefood.ee\/wp-content\/uploads\/2020\/02\/Kvaliteet-1024x576.png?resize=350%2C200 1x, https:\/\/i0.wp.com\/horsefood.ee\/wp-content\/uploads\/2020\/02\/Kvaliteet-1024x576.png?resize=525%2C300 1.5x, https:\/\/i0.wp.com\/horsefood.ee\/wp-content\/uploads\/2020\/02\/Kvaliteet-1024x576.png?resize=700%2C400 2x"},"classes":[]}],"_links":{"self":[{"href":"https:\/\/horsefood.ee\/latvia\/wp-json\/wp\/v2\/product\/5952","targetHints":{"allow":["GET"]}}],"collection":[{"href":"https:\/\/horsefood.ee\/latvia\/wp-json\/wp\/v2\/product"}],"about":[{"href":"https:\/\/horsefood.ee\/latvia\/wp-json\/wp\/v2\/types\/product"}],"wp:featuredmedia":[{"embeddable":true,"href":"https:\/\/horsefood.ee\/latvia\/wp-json\/wp\/v2\/media\/12827"}],"wp:attachment":[{"href":"https:\/\/horsefood.ee\/latvia\/wp-json\/wp\/v2\/media?parent=5952"}],"wp:term":[{"taxonomy":"product_brand","embeddable":true,"href":"https:\/\/horsefood.ee\/latvia\/wp-json\/wp\/v2\/product_brand?post=5952"},{"taxonomy":"product_cat","embeddable":true,"href":"https:\/\/horsefood.ee\/latvia\/wp-json\/wp\/v2\/product_cat?post=5952"},{"taxonomy":"product_tag","embeddable":true,"href":"https:\/\/horsefood.ee\/latvia\/wp-json\/wp\/v2\/product_tag?post=5952"}],"curies":[{"name":"wp","href":"https:\/\/api.w.org\/{rel}","templated":true}]}}