{"id":5451,"date":"2018-04-17T10:19:57","date_gmt":"2018-04-17T07:19:57","guid":{"rendered":"http:\/\/horsefood.ee\/?post_type=product&#038;p=5451"},"modified":"2026-04-12T14:40:30","modified_gmt":"2026-04-12T11:40:30","slug":"elektrolyten-mix-elektroluudid-1kg","status":"publish","type":"product","link":"https:\/\/horsefood.ee\/latvia\/pood\/elektrolyten-mix-elektroluudid-1kg\/","title":{"rendered":"Elektrolyten+ (elektrol\u00fc\u00fcdid\/taastumine) 1000ml"},"content":{"rendered":"<p><strong>Anal\u00fc\u00fctiline koostis:<\/strong><\/p>\n<hr \/>\n<p>niiskus 67,9%<br \/>\ntoorproteiin 0,71%<br \/>\ntoorrasv 0,0%<br \/>\ntoortuhk 10,8%<br \/>\ntoorkiud 0,0%<br \/>\nnaatrium 3,3%<\/p>\n<p>Lisandid\/kg:<br \/>\nA-vitamiin 3a672a 132600 IE<br \/>\nVaskkelaat (gl\u00fctsiin) 3b413 125 mg<br \/>\nTsinkkelaat (gl\u00fctsiin) 3b607 500 mg<br \/>\nMangaanikelaat (gl\u00fctsiin) 3b506 240 mg<\/p>","protected":false},"excerpt":{"rendered":"<p>S\u00f6\u00f6dalisand hobustele. <strong>Horsefood Electrolyten+<\/strong> on ideaalne toode mineraalide ja mikroelementide kiireks t\u00e4iendamiseks suure vedelikukaotuse korral, mis tekib f\u00fc\u00fcsiliste pingutuste tagaj\u00e4rjel. Oluline on seda anda k\u00f5rgetel temperatuuridel ja \u00fclem\u00e4\u00e4rase higistamise korral. Enne ja p\u00e4rast pingutust tuleks anda Electrolyten+ tagamaks hobusele mineraalide tasakaalu ja ennetamaks kehasoolade puudust. See sisaldab kergesti omastatavaid mikroelemente optimaalse tulemuse saavutamiseks. Elektrol\u00fc\u00fcdid on kehas olulised mineraalid (sh naatrium, kaalium, magneesium, kaltsium), mis osalevad paljudes kehaprotsessides ja tagavad n\u00e4iteks lihaste n\u00f5uetekohase toimimise ja vedelikutasakaalu.<\/p>\n<p><strong>Koostis:\u00a0<\/strong>gl\u00fctserool, naatriumkloriid, dekstroos, kaaliumkloriid, trimagneesiumtsitraat, trinaatriumtsitraat, kaltsiumkloriid, trikaltsiumtsitraat.<\/p>\n<p><strong>Kasutamis\u00f5petus:<\/strong><\/p>\n<p><strong>Hobune: 40 &#8211; 100 ml. <\/strong><\/p>\n<p><strong>Poni: -50%hobuse annusest. <\/strong><\/p>\n<p>Lahustada 10 liitris leiges vees ja joota, kui loomad on rahuolekus. Elektrol\u00fc\u00fctide segu v\u00f5ib lisada s\u00f6\u00f6dale.<\/p>\n<p>Enne selle toote kasutamist konsulteerige veterinaariga.<\/p>\n<p>Hoida kuivas ja toatemperatuuril. P\u00e4rast kasutamist sulgege korralikult.<\/p>\n<p>Tootel on piiratud s\u00e4ilivusaeg avamise j\u00e4rel. Hoidke lastele k\u00e4ttesaamatus kohas.<\/p>\n<p><strong>Pudel &#8211; <\/strong>1000ml.<\/p>\n<p><a href=\"https:\/\/www.horsefood.ee\/wp-content\/uploads\/2018\/04\/Elektrolyten-scaled.jpg\"><img loading=\"lazy\" decoding=\"async\" class=\"alignleft size-full wp-image-18114\" src=\"https:\/\/www.horsefood.ee\/wp-content\/uploads\/2018\/04\/Elektrolyten-scaled.jpg\" alt=\"\" width=\"2560\" height=\"1847\" srcset=\"https:\/\/i0.wp.com\/www.horsefood.ee\/wp-content\/uploads\/2018\/04\/Elektrolyten-scaled.jpg?w=2560&amp;ssl=1 2560w, https:\/\/i0.wp.com\/www.horsefood.ee\/wp-content\/uploads\/2018\/04\/Elektrolyten-scaled.jpg?resize=300%2C216&amp;ssl=1 300w, https:\/\/i0.wp.com\/www.horsefood.ee\/wp-content\/uploads\/2018\/04\/Elektrolyten-scaled.jpg?resize=1024%2C739&amp;ssl=1 1024w, https:\/\/i0.wp.com\/www.horsefood.ee\/wp-content\/uploads\/2018\/04\/Elektrolyten-scaled.jpg?resize=768%2C554&amp;ssl=1 768w, https:\/\/i0.wp.com\/www.horsefood.ee\/wp-content\/uploads\/2018\/04\/Elektrolyten-scaled.jpg?resize=1536%2C1108&amp;ssl=1 1536w, https:\/\/i0.wp.com\/www.horsefood.ee\/wp-content\/uploads\/2018\/04\/Elektrolyten-scaled.jpg?resize=2048%2C1478&amp;ssl=1 2048w, https:\/\/i0.wp.com\/www.horsefood.ee\/wp-content\/uploads\/2018\/04\/Elektrolyten-scaled.jpg?resize=600%2C433&amp;ssl=1 600w\" sizes=\"(max-width: 2560px) 100vw, 2560px\" \/><\/a><\/p>\n<p>&nbsp;<\/p>\n<p>&nbsp;<\/p>","protected":false},"featured_media":18098,"template":"","meta":{"jetpack_post_was_ever_published":false,"jetpack_publicize_message":"","jetpack_publicize_feature_enabled":true,"jetpack_social_post_already_shared":false,"jetpack_social_options":{"image_generator_settings":{"template":"highway","enabled":false},"version":2}},"product_brand":[],"product_cat":[56,40],"product_tag":[67,65],"class_list":{"0":"post-5451","1":"product","2":"type-product","3":"status-publish","4":"has-post-thumbnail","6":"product_cat-horsefoodthebest","7":"product_cat-lisandid","8":"product_tag-keskmine-koormus","9":"product_tag-tippsooritus","11":"first","12":"instock","13":"shipping-taxable","14":"purchasable","15":"product-type-simple"},"jetpack_publicize_connections":[],"jetpack_sharing_enabled":true,"jetpack-related-posts":[],"_links":{"self":[{"href":"https:\/\/horsefood.ee\/latvia\/wp-json\/wp\/v2\/product\/5451"}],"collection":[{"href":"https:\/\/horsefood.ee\/latvia\/wp-json\/wp\/v2\/product"}],"about":[{"href":"https:\/\/horsefood.ee\/latvia\/wp-json\/wp\/v2\/types\/product"}],"wp:featuredmedia":[{"embeddable":true,"href":"https:\/\/horsefood.ee\/latvia\/wp-json\/wp\/v2\/media\/18098"}],"wp:attachment":[{"href":"https:\/\/horsefood.ee\/latvia\/wp-json\/wp\/v2\/media?parent=5451"}],"wp:term":[{"taxonomy":"product_brand","embeddable":true,"href":"https:\/\/horsefood.ee\/latvia\/wp-json\/wp\/v2\/product_brand?post=5451"},{"taxonomy":"product_cat","embeddable":true,"href":"https:\/\/horsefood.ee\/latvia\/wp-json\/wp\/v2\/product_cat?post=5451"},{"taxonomy":"product_tag","embeddable":true,"href":"https:\/\/horsefood.ee\/latvia\/wp-json\/wp\/v2\/product_tag?post=5451"}],"curies":[{"name":"wp","href":"https:\/\/api.w.org\/{rel}","templated":true}]}}