{"id":5373,"date":"2018-04-01T21:02:13","date_gmt":"2018-04-01T18:02:13","guid":{"rendered":"http:\/\/horsefood.ee\/?post_type=product&#038;p=5373"},"modified":"2026-04-12T15:01:27","modified_gmt":"2026-04-12T12:01:27","slug":"sport-recoverytaastumine-sooritusvoime4kg","status":"publish","type":"product","link":"https:\/\/horsefood.ee\/latvia\/pood\/sport-recoverytaastumine-sooritusvoime4kg\/","title":{"rendered":"Sport Recovery+(aleuroon \/ sooritusv\u00f5ime \/ taastumine) 4kg"},"content":{"rendered":"<p><strong>NB! Kasutatakse naturaalseid komponente ning sellest johtuvalt v\u00f5ivad osad m\u00e4rgitud v\u00e4\u00e4rtused m\u00f5ningal m\u00e4\u00e4ral k\u00f5ikuda!<\/strong><\/p>\n<hr \/>\n<p>EWPa 0.80<br \/>\nSeeditav valk (VREp) 22.2 %<br \/>\nToorproteiin 30.5 %<br \/>\nToorrasv 4.5 %<br \/>\nToorkiud 27.3 %<br \/>\nToortuhk 10.8 %<br \/>\nSuhkur 2.8 %<br \/>\nT\u00e4rklis 11.8 %<\/p>\n<p>Mineraalid ja mikroelemendid (kg kohta):<br \/>\nKaltsium 14.0 g<br \/>\nFosfor 11.0 g<br \/>\nNaatrium 0.1 g<br \/>\nKaalium 9.5 g<br \/>\nMagneesium 0.9 g<br \/>\nVask 25 mg<br \/>\nRaud 150 mg<br \/>\nTsink 200 mg<br \/>\nMangaan 150 mg<br \/>\nSeleen 0.75 mg<\/p>\n<p>Lisandid\/kg:<br \/>\nA-vitamiin 3a672a 54000 IE<br \/>\nD3-vitamiin 3a671 5400 IE<br \/>\nE-vitamiin 3a700 700 mg<br \/>\nC-vitamiin 3a312 300 mg<br \/>\nBiotiin 3a880 400 mcg<br \/>\nRaud(II)sulfaat monoh\u00fcdraat 3b103 150 mg<br \/>\nTsinkoksiid 3b603 180 mg<br \/>\nMangaanoksiid 3b502 180 mg<br \/>\nNaatriumseleniit 3b801 1500 mcg<br \/>\nVasksulfaat pentah\u00fcdraat 3b405 30 mg<\/p>","protected":false},"excerpt":{"rendered":"<hr \/>\n<p><strong>Maksimaalse v\u00f5imekusega lihased ja kiire taastumine pingutusest. Iga p\u00e4ev!<\/strong><\/p>\n<p>S\u00f6\u00f6dalisand. <strong><em>Horsefood Sport Recovery+<\/em><\/strong> granuleeritud lisandit kasutatakse \u00fche komponendina ka\u00a0<em>Horsefood`the best<\/em> s\u00f6\u00f6das, Refit Energybrok. Siiski, k\u00f5ik hobused ei vaja s\u00f6\u00f6dast saadavat energiatihedust\/toitev\u00e4\u00e4rtust, kuid ometi vajavad ka nemad maksimaalse v\u00f5imekusega lihaseid ja tuge pingutusest taastumiseks. Teatud isendid v\u00f5ivad vajada lisatuge, kas siis <strong>vigastusest taastumise j\u00e4rgselt<\/strong>\u00a0v\u00f5i tippsoorituse juures treenimisel.<\/p>\n<p>See hiljuti v\u00e4ljat\u00f6\u00f6tatud ja praktikas professionaalsete ratsasportlaste poolt tunnustatud lisand sisaldab <strong>nisu h\u00e4sti diferentseerunud varuvalkusid<\/strong>, kui\u00a0<strong>v\u00e4\u00e4rtuslikku\u00a0 a l e u r o o n i\u00a0\u00a0<\/strong>komponenti. <em><strong>Horsefood Sport Recovery+ <\/strong><\/em>graanulid sisaldavad suurel hulgal naturaalseid komponente, B- ja E-vitamiini, magneesiumi, rauda, tsinki ning furalic acid, mis omab antioks\u00fcdantiivset toimet.<\/p>\n<ul>\n<li><strong>Naturaalne ja tervislik<\/strong> lahendus <strong>kiireks taastumiseks<\/strong> ja <strong>maksimaalseks soorituseks<\/strong>.<\/li>\n<li>Immuuns\u00fcsteemi tugevdamise kaudu paranevad verev\u00e4\u00e4rtused.<\/li>\n<li>Kindlustab seedetrakti head funktsiooni.<\/li>\n<li>Parandab s\u00f6\u00f6da efektiivsust, toitainete imenduvust, mineraalainete omastatavust.<\/li>\n<li>Toetab lihaste arengut ning takistab piimhappe kuhjumist organismi.<\/li>\n<li>V\u00e4hendab stressi.<\/li>\n<li>Normaliseerib\/taastab s\u00fcdamel\u00f6\u00f6gisageduse peale pingutust.<\/li>\n<\/ul>\n<p><strong>Koostis:\u00a0Aleuroon 50%<\/strong>, h\u00fcdrol\u00fc\u00fcsitud nisuvalk 24%, t\u00e4istera-nisumanna, oder, kaltsiumkarbonaat, melass, vitamiinid, mineraalid.<\/p>\n<p>Annustamine\/p\u00e4evas:<\/p>\n<p><strong>Raske t\u00f6\u00f6<\/strong> &#8211; 20gr\/100kg kehakaalu kohta (1m\u00f5\u00f5tlusikas = 80,0gr).<\/p>\n<p><strong>Pakend: 4kg &#8211; laokaup,<\/strong> 10kg HF \u00e4mbris &#8211; ettetellimisega, 20kg paberkotis &#8211; ettetellimisega!<\/p>\n<hr \/>\n<p style=\"text-align: left;\"><strong><a href=\"http:\/\/horsefood.ee\/wp-content\/uploads\/2018\/11\/Aleuroon-toote-eelised.png\"><img loading=\"lazy\" decoding=\"async\" class=\"size-medium wp-image-6263 alignleft\" src=\"http:\/\/horsefood.ee\/wp-content\/uploads\/2018\/11\/Aleuroon-toote-eelised-300x251.png\" alt=\"\" width=\"300\" height=\"251\" srcset=\"https:\/\/i0.wp.com\/horsefood.ee\/wp-content\/uploads\/2018\/11\/Aleuroon-toote-eelised.png?resize=300%2C251&amp;ssl=1 300w, https:\/\/i0.wp.com\/horsefood.ee\/wp-content\/uploads\/2018\/11\/Aleuroon-toote-eelised.png?resize=768%2C644&amp;ssl=1 768w, https:\/\/i0.wp.com\/horsefood.ee\/wp-content\/uploads\/2018\/11\/Aleuroon-toote-eelised.png?resize=600%2C503&amp;ssl=1 600w, https:\/\/i0.wp.com\/horsefood.ee\/wp-content\/uploads\/2018\/11\/Aleuroon-toote-eelised.png?w=940&amp;ssl=1 940w\" sizes=\"auto, (max-width: 300px) 100vw, 300px\" \/><\/a><span style=\"color: #000000;\">MIlline on toote Grainwise Tarwe Aleurone (Nisu aleuroon) tervislik m\u00f5ju?<\/span><\/strong><\/p>\n<p>&nbsp;<\/p>\n<p><span style=\"color: #000000;\"><strong>TOOTE EELISED:<\/strong><\/span><\/p>\n<p><span style=\"color: #000000;\"><strong>100% looduslik.\u00a0<em>Grainwise Tarwe Aleurone<\/em><\/strong> on \u00fcks nisutera seitsmest kihist (<strong>aleuroonkiht<\/strong>), mis on teraviljast eraldatud arvukate valgukehade poolt. Kasutatud eraldamise tehnika on ainulaadne ja selle patent kuulub <em><strong>B\u00fchler Grain-Wise<\/strong><\/em>\u2019ile. Aleuroonkiht sisaldab juba looduslikult vitamiine, mineraale ja teatud happeid. Loomulik koostis tagab organismis v\u00e4ga hea imendumise.<\/span><\/p>\n<p><span style=\"color: #000000;\"><strong>P\u00f5letikuvastane.<\/strong> Uuringud n\u00e4itavad, et <em><strong>Grainwise Tarwe Aleurone<\/strong><\/em> m\u00f5jutab positiivselt kogu verepilti. Valgete vereliblede hulga kasv t\u00f5stab immuunsust (valge verelible=immuunrakk).<\/span><\/p>\n<p><span style=\"color: #000000;\"><strong>Antibakteriaalne.\u00a0<\/strong>F\u00fctiinhappe (mis h\u00e4vitab baktereid) sisalduse t\u00f5ttu m\u00f5jub <em><strong>Grainwise Tarwe Aleurone<\/strong><\/em> antioks\u00fcdandina (neutraliseerib kahjulikke m\u00f5jusid ja toetab ens\u00fc\u00fcmide tootmist ning hormoon- ja immuuns\u00fcsteemi) ja p\u00f5letikuvastasena (omadus, mis m\u00f5jub positiivselt p\u00f5letiku poolt soodustatud nahahaiguste korral).<\/span><\/p>\n<p><span style=\"color: #000000;\"><strong>T\u00f5stab taastumisv\u00f5imet.\u00a0<em>Grainwise Tarwe Aleurone<\/em><\/strong> aeglustab s\u00fcdame t\u00f6\u00f6d ja kiirendab organismi taastumist p\u00e4rast stressirikast perioodi ja\/v\u00f5i pingutust. Kreatiini-kinaasi n\u00e4itaja v\u00e4henemine veres on m\u00e4rk sellest, et rakkude h\u00e4vimine toimub aeglasemalt, mis t\u00e4hendab, et looma f\u00fc\u00fcsiline vorm on parem.<\/span><\/p>\n<p><span style=\"color: #000000;\"><strong>Toetab immuuns\u00fcsteemi.<\/strong> Uuringud n\u00e4itavad, et <em><strong>Grainwise Tarwe Aleurone<\/strong><\/em> m\u00f5jutab positiivselt verepilti. Grainwise Tarwe Aleurone t\u00f5stab gammaglobuliinide, eosinofiilide ja leukots\u00fc\u00fctide tootmist, mis m\u00e4ngivad olulist rolli parasiitide, viiruste ja bakterite h\u00e4vitamises ning omavad positiivset m\u00f5ju t\u00f5uaretuses.<\/span><\/p>\n<p><span style=\"color: #000000;\"><strong>Taastab soolestiku bakterite tasakaalu.<\/strong> T\u00e4nu nisu aleuroonkihis sisalduvatele kiudainetele paraneb toitumise kvaliteet ja soolestiku mikrofloora ning alaneb mao pH-tase.<\/span><\/p>\n<p><span style=\"color: #000000;\"><strong>Suurendab vitaalsust.\u00a0<em>Grainwise Tarwe Aleurone<\/em><\/strong> suurendab punaste vereliblede tootmist, mis omakorda hoolitsevad kopsude ja teiste kudede hapnikuga varustamise eest, ja see t\u00f5stab energiataset. Energiataset t\u00f5stab ka tootes sisalduv B-vitamiin.<\/span><\/p>\n<p><span style=\"color: #000000;\"><strong>Allikas<\/strong>: VanCorp Agenda\/Editie 2018<\/span><\/p>\n<p>&nbsp;<\/p>","protected":false},"featured_media":18092,"template":"","meta":{"jetpack_post_was_ever_published":false,"jetpack_publicize_message":"","jetpack_publicize_feature_enabled":true,"jetpack_social_post_already_shared":false,"jetpack_social_options":{"image_generator_settings":{"template":"highway","default_image_id":0,"font":"","enabled":false},"version":2}},"product_brand":[],"product_cat":[56,40],"product_tag":[77,67,65,82],"class_list":{"0":"post-5373","1":"product","2":"type-product","3":"status-publish","4":"has-post-thumbnail","6":"product_cat-horsefoodthebest","7":"product_cat-lisandid","8":"product_tag-harrastus","9":"product_tag-keskmine-koormus","10":"product_tag-tippsooritus","11":"product_tag-ulekaalulisus","13":"first","14":"instock","15":"shipping-taxable","16":"purchasable","17":"product-type-simple"},"jetpack_publicize_connections":[],"jetpack_sharing_enabled":true,"jetpack-related-posts":[{"id":5952,"url":"https:\/\/horsefood.ee\/latvia\/pood\/sunsetbalance-korrel-10kg-mineraalid-eriline-kaitse-hf-ambris\/","url_meta":{"origin":5373,"position":0},"title":"Sunsetbalance Korrel (mineraalid\/immuunsus\/eriline kaitse) 10kg","author":"kadri koppel","date":"25. Aug 2018","format":false,"excerpt":"Terve keha tasakaalu nimel! Hobuse organismi puhastamine ainevahetusej\u00e4\u00e4kidest on oluline samm. Need 3mm graanulid on loodud spetsiaalselt tundlikele (ainevahetushaigused, suveekseem, laminiit, cushing`s, insuliinresistentsus jm) isenditele, aga loomulikult sobivad need k\u00f5ikidele hobustele,\u00a0kellede organism vajab erilist kaitset! S\u00f6\u00f6dalisand. Sisaldavad kergelt seeduvaid s\u00fcsivesikuid, v\u00e4ikeses koguses! Rohkelt\u00a0linaseemneid. P\u00e4rmikultuurid. Madal t\u00e4rklise sisaldus! Olulised vitamiinid on\u2026","rel":"","context":"Similar post","block_context":{"text":"Similar post","link":""},"img":{"alt_text":"","src":"https:\/\/i0.wp.com\/horsefood.ee\/wp-content\/uploads\/2018\/08\/Sunset-Balance-6t%C3%B6%C3%B6deldud-scaled.jpg?fit=1200%2C740&ssl=1&resize=350%2C200","width":350,"height":200,"srcset":"https:\/\/i0.wp.com\/horsefood.ee\/wp-content\/uploads\/2018\/08\/Sunset-Balance-6t%C3%B6%C3%B6deldud-scaled.jpg?fit=1200%2C740&ssl=1&resize=350%2C200 1x, https:\/\/i0.wp.com\/horsefood.ee\/wp-content\/uploads\/2018\/08\/Sunset-Balance-6t%C3%B6%C3%B6deldud-scaled.jpg?fit=1200%2C740&ssl=1&resize=525%2C300 1.5x, https:\/\/i0.wp.com\/horsefood.ee\/wp-content\/uploads\/2018\/08\/Sunset-Balance-6t%C3%B6%C3%B6deldud-scaled.jpg?fit=1200%2C740&ssl=1&resize=700%2C400 2x, https:\/\/i0.wp.com\/horsefood.ee\/wp-content\/uploads\/2018\/08\/Sunset-Balance-6t%C3%B6%C3%B6deldud-scaled.jpg?fit=1200%2C740&ssl=1&resize=1050%2C600 3x"},"classes":[]},{"id":3498,"url":"https:\/\/horsefood.ee\/latvia\/pood\/slobbermeel\/","url_meta":{"origin":5373,"position":1},"title":"MASH e Slobbermeel (seedimine \/ konditsioon \/ lisaenergia) 20kg","author":"Georg Koppel","date":"14. Apr 2017","format":false,"excerpt":"T\u00e4iends\u00f6\u00f6t. Maitsev maiuspala igale hobusele \/ponile! HORSEFOOD the best mashipudru valmistatakse sooja veega segatuna, suhtega 1:1. S\u00f6\u00f6detakse leigena. Energia taastamiseks\/lisaenergia. Kaaluiibe lisamiseks\/kehakonditsiooni parandamiseks. Seedimise soodustamiseks. Sisaldab k\u00f5rgekvaliteedilist teravilja, kliisid, linaseemneid ning maisihelbeid. K\u00f5rge rasva sisaldus 7%. Hobuse poolt seeditav energia 15,0MJ\/kg Hobuse poolt seeditav toores valk 9% Koostis: mais, nisukuskuss,\u2026","rel":"","context":"Similar post","block_context":{"text":"Similar post","link":""},"img":{"alt_text":"","src":"https:\/\/i0.wp.com\/horsefood.ee\/wp-content\/uploads\/2017\/04\/Slobbermeel-1.jpg?fit=327%2C491&ssl=1&resize=350%2C200","width":350,"height":200},"classes":[]},{"id":3483,"url":"https:\/\/horsefood.ee\/latvia\/pood\/refit-energybrok\/","url_meta":{"origin":5373,"position":2},"title":"Refit Energybrok (kiire taastumine \/ sport \/ raske t\u00f6\u00f6) 20kg","author":"Georg Koppel","date":"14. Apr 2017","format":false,"excerpt":"T\u00e4iends\u00f6\u00f6t. K\u00f5ikidele hobuspordialadele sobiv graanul, treenimisel kuni k\u00f5rgeima koormuseni. J\u00e4rk-j\u00e4rgult vabanev energia.\u00a0 Sisaldab looduslikku p\u00e4ritolu antioks\u00fcdante. Tugevdab immuuns\u00fcsteemi. K\u00f5ikide vitamiinide ning -mineraalainete taset on suunatud vastamaks saavutusspordi ootustele - suurem kogus kaltsiumit, fosforit ning magneesiumit. Parandab lihaste ainevahetust, tagab kiire taastumisev\u00f5ime ning normaliseerib s\u00fcdame l\u00f6\u00f6gisagedust peale saavutust. K\u00f5rge valgusisaldus, et\u2026","rel":"","context":"Similar post","block_context":{"text":"Similar post","link":""},"img":{"alt_text":"","src":"https:\/\/i0.wp.com\/horsefood.ee\/wp-content\/uploads\/2017\/04\/Refit-Energybrok-1.jpg?fit=500%2C667&ssl=1&resize=350%2C200","width":350,"height":200},"classes":[]},{"id":3506,"url":"https:\/\/horsefood.ee\/latvia\/pood\/vitahorse-korrels-mineraalid\/","url_meta":{"origin":5373,"position":3},"title":"Vita Horse Korrels (vitamiinid\/mineraalid\/immuunsus\/j\u00f5udlus) 5kg","author":"Georg Koppel","date":"14. Apr 2017","format":false,"excerpt":"Maksimumkogus vitamiine\/mineraale.\u00a0 Maksimaalselt vitaminiseeritud\/ mineraliseeritud\/mikroelementidega varustatud graanulid, mis sobivad s\u00f6\u00f6tmiseks k\u00f5ikidele hobustele\/ponidele! S\u00f6\u00f6dalisand. Horsefood`the best Vita Horse Korrels \u00a0toote funktsioonid: \u00fclalpidamiseks, enne ja\u00a0peale rasket f\u00fc\u00fcsilist koormust, taastumiseks. Graanulid on v\u00e4ga soovitatavad hobustele, kellede ratsioon koosneb peamiselt kores\u00f6\u00f6dast. Annustamine\/p\u00e4evas: \u00dclalpidamine: 5gr\/100kg kehakaalu kohta Kiiremaks taastumiseks:\u00a010gr\/100kg kehakaalu kohta (maksimaalselt 14 p\u00e4eva!!) Tiined\u2026","rel":"","context":"Similar post","block_context":{"text":"Similar post","link":""},"img":{"alt_text":"","src":"https:\/\/i0.wp.com\/horsefood.ee\/wp-content\/uploads\/2017\/10\/Mineraalid.jpg?fit=801%2C1200&ssl=1&resize=350%2C200","width":350,"height":200,"srcset":"https:\/\/i0.wp.com\/horsefood.ee\/wp-content\/uploads\/2017\/10\/Mineraalid.jpg?fit=801%2C1200&ssl=1&resize=350%2C200 1x, https:\/\/i0.wp.com\/horsefood.ee\/wp-content\/uploads\/2017\/10\/Mineraalid.jpg?fit=801%2C1200&ssl=1&resize=525%2C300 1.5x, https:\/\/i0.wp.com\/horsefood.ee\/wp-content\/uploads\/2017\/10\/Mineraalid.jpg?fit=801%2C1200&ssl=1&resize=700%2C400 2x"},"classes":[]},{"id":5970,"url":"https:\/\/horsefood.ee\/latvia\/pood\/merriebrok-beta\/","url_meta":{"origin":5373,"position":4},"title":"Merriebrok-Beta (t\u00f5uaretuse m\u00e4rad \/ t\u00e4kud \/ beetakaroteen) 20kg","author":"kadri koppel","date":"26. Aug 2018","format":false,"excerpt":"\u00a0 V\u00e4\u00e4rtuslik t\u00e4iends\u00f6\u00f6t sugum\u00e4radele, et toetada nende viljakust\u00a0ning loob maksimaalsed eeldused tervislikuks loote arenguks. \u00a0Sobivas omavahelise suhtes toitained: vitamiinid, mikroelemendid, aminohapped. Loote kaitse: sisaldab kaetud vormis beetakaroteeni ja foolhapet.\u00a0 E-vitamiini 400mg. Need graanulid sobivad ka s\u00f6\u00f6tmiseks t\u00e4kkudele! Koostis:\u00a0oder, nisupeenkliijahu, sojajahu, nisujahu, linnaseidud, linaseemned, premix, heinagraanulid, kriit, soja\u00f5li, peedimelass, monokaltsiumfosfaat, sool,\u2026","rel":"","context":"Similar post","block_context":{"text":"Similar post","link":""},"img":{"alt_text":"","src":"https:\/\/i0.wp.com\/horsefood.ee\/wp-content\/uploads\/2020\/02\/Kvaliteet-1024x576.png?resize=350%2C200","width":350,"height":200,"srcset":"https:\/\/i0.wp.com\/horsefood.ee\/wp-content\/uploads\/2020\/02\/Kvaliteet-1024x576.png?resize=350%2C200 1x, https:\/\/i0.wp.com\/horsefood.ee\/wp-content\/uploads\/2020\/02\/Kvaliteet-1024x576.png?resize=525%2C300 1.5x, https:\/\/i0.wp.com\/horsefood.ee\/wp-content\/uploads\/2020\/02\/Kvaliteet-1024x576.png?resize=700%2C400 2x"},"classes":[]},{"id":3466,"url":"https:\/\/horsefood.ee\/latvia\/pood\/basis-sportbrok\/","url_meta":{"origin":5373,"position":5},"title":"Basis-sportbrok (harrastus \/ sport \/ kerge-keskmine koormus) 20kg","author":"Georg Koppel","date":"14. Apr 2017","format":false,"excerpt":"Sellel maitsval graanulil on ulatuslikud rakendusv\u00f5imalused: v\u00e4ga sobiv ka ratsakoolidele. Ideaalne kiudaine, rasva, t\u00e4rklise ja suhkru tasakaal, mis pakub hobusele palju-palju enamat, kui Sa \"baasgraanulilt\" isegi oodata oskaksid! \u00d6konoomne ja lihtne toita! H\u00e4mmastav hinna ja kvaliteedisuhe! T\u00e4iends\u00f6\u00f6t. Tervislik graanul k\u00f5ikidele hobustele ja ponidele treenimisel kuni keskmise koormuseni. Selle toote eeliseks\u2026","rel":"","context":"Similar post","block_context":{"text":"Similar post","link":""},"img":{"alt_text":"","src":"https:\/\/i0.wp.com\/horsefood.ee\/wp-content\/uploads\/2020\/02\/Kvaliteet-1024x576.png?resize=350%2C200","width":350,"height":200,"srcset":"https:\/\/i0.wp.com\/horsefood.ee\/wp-content\/uploads\/2020\/02\/Kvaliteet-1024x576.png?resize=350%2C200 1x, https:\/\/i0.wp.com\/horsefood.ee\/wp-content\/uploads\/2020\/02\/Kvaliteet-1024x576.png?resize=525%2C300 1.5x, https:\/\/i0.wp.com\/horsefood.ee\/wp-content\/uploads\/2020\/02\/Kvaliteet-1024x576.png?resize=700%2C400 2x"},"classes":[]}],"_links":{"self":[{"href":"https:\/\/horsefood.ee\/latvia\/wp-json\/wp\/v2\/product\/5373","targetHints":{"allow":["GET"]}}],"collection":[{"href":"https:\/\/horsefood.ee\/latvia\/wp-json\/wp\/v2\/product"}],"about":[{"href":"https:\/\/horsefood.ee\/latvia\/wp-json\/wp\/v2\/types\/product"}],"wp:featuredmedia":[{"embeddable":true,"href":"https:\/\/horsefood.ee\/latvia\/wp-json\/wp\/v2\/media\/18092"}],"wp:attachment":[{"href":"https:\/\/horsefood.ee\/latvia\/wp-json\/wp\/v2\/media?parent=5373"}],"wp:term":[{"taxonomy":"product_brand","embeddable":true,"href":"https:\/\/horsefood.ee\/latvia\/wp-json\/wp\/v2\/product_brand?post=5373"},{"taxonomy":"product_cat","embeddable":true,"href":"https:\/\/horsefood.ee\/latvia\/wp-json\/wp\/v2\/product_cat?post=5373"},{"taxonomy":"product_tag","embeddable":true,"href":"https:\/\/horsefood.ee\/latvia\/wp-json\/wp\/v2\/product_tag?post=5373"}],"curies":[{"name":"wp","href":"https:\/\/api.w.org\/{rel}","templated":true}]}}