{"id":5086,"date":"2018-01-25T23:37:43","date_gmt":"2018-01-25T21:37:43","guid":{"rendered":"http:\/\/horsefood.ee\/?post_type=product&#038;p=5086"},"modified":"2026-04-20T21:39:53","modified_gmt":"2026-04-20T18:39:53","slug":"digest-control-brok-20kg","status":"publish","type":"product","link":"https:\/\/horsefood.ee\/latvia\/pood\/digest-control-brok-20kg\/","title":{"rendered":"Digest Control Brok (seedimine \/ k\u00f5ikidele hobustele) 20kg"},"content":{"rendered":"<ul>\n<li><strong>J\u00e4rgnevas tabelis on esitatud toitumuslikud n\u00e4itajad.<\/strong><\/li>\n<li><strong>Tabelis olevad v\u00e4\u00e4rtused vastavad toote kilogrammi kohta.<\/strong><\/li>\n<li><strong>Kuna kasutatakse looduslikku toorainet, v\u00f5ivad allpool loetletud v\u00e4\u00e4rtused m\u00f5ningal m\u00e4\u00e4ral varieeruda.<\/strong><\/li>\n<li><strong>Hobusele olulisemad mikroelemendid on lisatud kelaadivormis e orgaanilisel kujul.\u00a0<\/strong><\/li>\n<\/ul>\n<hr \/>\n<p>Toorproteiin 13,6%<br \/>\nToorrasv 6,5%<br \/>\nToorkiud 9,6%<br \/>\nToortuhk 8,5%<br \/>\nT\u00e4rklis 27,3%<br \/>\nSuhkur 4,5%<\/p>\n<p>Ca 12,0gr<br \/>\nP 5,7gr<br \/>\nNa 4,5gr<br \/>\nMg 4,4gr<br \/>\nK 9,8gr<\/p>\n<p>Lisandid\/kg:<\/p>\n<p>A-vitamiin 3a672a 45000 IE<br \/>\nD3-vitamiin 3a671 10500 IE<br \/>\nE-vitamiin 3a700 512 mg<br \/>\nC-vitamiin 3a312 69 mg<br \/>\nBiotiin 3a880 260 mcg<br \/>\nRaud(II)sulfaat monoh\u00fcdraat 3b103 120 mg<br \/>\nTsinkoksiid 3b603 107 mg<br \/>\nKoobaltkabonaat (kattega) 3b304 1.1 mg<br \/>\nMangaanoksiid 3b502 40 mg<br \/>\nNaatriumseleniit 3b801 500 mcg<br \/>\nKaltsiumjodaat (veevaba) 3b202 0.7 mg<br \/>\nVasksulfaat pentah\u00fcdraat 3b405 7 mg<br \/>\nVaskkelaat 3b406 13.5 mg<\/p>\n<p><a href=\"https:\/\/i0.wp.com\/horsefood.ee\/wp-content\/uploads\/2020\/02\/Kvaliteet.png\"><img data-recalc-dims=\"1\" loading=\"lazy\" decoding=\"async\" data-attachment-id=\"9847\" data-permalink=\"https:\/\/horsefood.ee\/latvia\/hinnakiri\/kvaliteet\/#main\" data-orig-file=\"https:\/\/i0.wp.com\/www.horsefood.ee\/wp-content\/uploads\/2020\/02\/Kvaliteet.png?fit=1920%2C1080&amp;ssl=1\" data-orig-size=\"1920,1080\" data-comments-opened=\"0\" data-image-meta=\"{&quot;aperture&quot;:&quot;0&quot;,&quot;credit&quot;:&quot;&quot;,&quot;camera&quot;:&quot;&quot;,&quot;caption&quot;:&quot;&quot;,&quot;created_timestamp&quot;:&quot;0&quot;,&quot;copyright&quot;:&quot;&quot;,&quot;focal_length&quot;:&quot;0&quot;,&quot;iso&quot;:&quot;0&quot;,&quot;shutter_speed&quot;:&quot;0&quot;,&quot;title&quot;:&quot;&quot;,&quot;orientation&quot;:&quot;0&quot;}\" data-image-title=\"\" data-image-description=\"\" data-image-caption=\"\" data-large-file=\"https:\/\/i0.wp.com\/www.horsefood.ee\/wp-content\/uploads\/2020\/02\/Kvaliteet.png?fit=1020%2C574&amp;ssl=1\" class=\"size-large wp-image-9847 alignleft\" src=\"https:\/\/i0.wp.com\/horsefood.ee\/wp-content\/uploads\/2020\/02\/Kvaliteet-1024x576.png?resize=980%2C551\" alt=\"\" width=\"980\" height=\"551\" srcset=\"https:\/\/i0.wp.com\/www.horsefood.ee\/wp-content\/uploads\/2020\/02\/Kvaliteet.png?resize=1024%2C576&amp;ssl=1 1024w, https:\/\/i0.wp.com\/www.horsefood.ee\/wp-content\/uploads\/2020\/02\/Kvaliteet.png?resize=300%2C169&amp;ssl=1 300w, https:\/\/i0.wp.com\/www.horsefood.ee\/wp-content\/uploads\/2020\/02\/Kvaliteet.png?resize=768%2C432&amp;ssl=1 768w, https:\/\/i0.wp.com\/www.horsefood.ee\/wp-content\/uploads\/2020\/02\/Kvaliteet.png?resize=1536%2C864&amp;ssl=1 1536w, https:\/\/i0.wp.com\/www.horsefood.ee\/wp-content\/uploads\/2020\/02\/Kvaliteet.png?resize=416%2C234&amp;ssl=1 416w, https:\/\/i0.wp.com\/www.horsefood.ee\/wp-content\/uploads\/2020\/02\/Kvaliteet.png?w=1920&amp;ssl=1 1920w\" sizes=\"auto, (max-width: 980px) 100vw, 980px\" \/><\/a><\/p>\n<p>&nbsp;<\/p>","protected":false},"excerpt":{"rendered":"<p>T\u00e4iends\u00f6\u00f6t. <em><strong>HORSEFOOD`the best <\/strong>\u00e4\u00e4rmiselt<\/em> k\u00f5rgekvaliteediline spordigraanul. Loodud spetsiaalselt <strong>treenivatele\u00a0hobustele, kelledel on tundlikum seedes\u00fcsteem<\/strong> v\u00f5i probleeme seedimisega. Sobilik graanul k\u00f5ikidele hobustele, igasuguse koormuse juures treenimisel!\u00a0\u00a0<strong>J\u00e4rk-j\u00e4rgult\u00a0vabanev energia.\u00a0<\/strong><\/p>\n<p>Antud graanul sisaldab rikkalikult toorkiudu, mis stimuleerib n\u00e4rimist ning soodustab s\u00fcljeeritust. N\u00e4rimisintensiivsusest s\u00f5ltub s\u00fclje eritumise kogus, mis aitab neutraliseerida happelist maosekreeti. Graanulis sisalduvad toitained on h\u00f5lpsasti omastatavad ning s\u00f6\u00f6t on \u00e4\u00e4rmiselt kergelt seeduv, mis on hea tervise ja spordisaavutuste jaoks suureks eeliseks.<\/p>\n<ul>\n<li><strong>Korrigeeritud suhkru ja t\u00e4rklisesisaldusega.\u00a0<\/strong><\/li>\n<li>T\u00e4ielikult vitaminiseeritud\/mineraalidega varustatud graanuls\u00f6\u00f6t.<\/li>\n<li>Sisaldab <strong>p\u00e4rmikultuure, speltat ja merevetikaid.<\/strong><\/li>\n<li>Tootes sisalduvad asendamatud aminohapped tagavad \u00f5ige valgu tasakaalu.<\/li>\n<li>Linaseemned on loomulik Omega-3\/-6 rasvhapete allikas.<\/li>\n<\/ul>\n<p>Antud graanul koos loomale pakutava hea kvaliteediga kores\u00f6\u00f6daga,<strong> j\u00e4ljendab hobuse ajalooliselt liigiomast toitumismustrit!<\/strong><\/p>\n<p><strong>Koostis:<\/strong> oder, nisu semolina, sojaoa kestad, linaseemned, heinagraanulid, mais, linnaseidud, r\u00f6stitud sojaoad, spelta, nisujahu, premix, peedimelass, merevetikad, kriit, naatriumvesinikkarbonaat, p\u00e4rm.<\/p>\n<p><i>Hobuse poolt seeditav energia 13,0MJ\/kg<br \/>\nHobuse poolt seeditav valk WREp 10,4%<\/i><\/p>\n<p>EWpa 0,90\/kg<\/p>\n<p>S\u00d6\u00d6TMISSOOVITUSED 100kg\/kehakaalu kohta:<\/p>\n<ul>\n<li><strong>\u00dclalpidamine<\/strong>\u00a0\u2013 0,20 &#8211; 0,25kg<\/li>\n<li><strong>Kerge koormus<\/strong>\u00a0\u2013 0,25 &#8211; 0,30kg<\/li>\n<li><strong>Keskmine koormus<\/strong>\u00a0\u2013 0,30 &#8211; 0,35kg<\/li>\n<li><strong>Raske t\u00f6\u00f6\u00a0<\/strong>&#8211; 0,35 &#8211; 0,45kg<\/li>\n<\/ul>","protected":false},"featured_media":5584,"template":"","meta":{"jetpack_post_was_ever_published":false,"jetpack_publicize_message":"","jetpack_publicize_feature_enabled":true,"jetpack_social_post_already_shared":false,"jetpack_social_options":{"image_generator_settings":{"template":"highway","default_image_id":0,"font":"","enabled":false},"version":2}},"product_brand":[],"product_cat":[37,56],"product_tag":[76,73],"class_list":{"0":"post-5086","1":"product","2":"type-product","3":"status-publish","4":"has-post-thumbnail","6":"product_cat-graanulid","7":"product_cat-horsefoodthebest","8":"product_tag-heaolu-ja-tervis","9":"product_tag-seedimisprobleemid","11":"first","12":"instock","13":"shipping-taxable","14":"purchasable","15":"product-type-simple"},"jetpack_publicize_connections":[],"jetpack_sharing_enabled":true,"jetpack-related-posts":[{"id":5970,"url":"https:\/\/horsefood.ee\/latvia\/pood\/merriebrok-beta\/","url_meta":{"origin":5086,"position":0},"title":"Merriebrok-Beta (t\u00f5uaretuse m\u00e4rad \/ t\u00e4kud \/ beetakaroteen) 20kg","author":"kadri koppel","date":"26. Aug 2018","format":false,"excerpt":"\u00a0 V\u00e4\u00e4rtuslik t\u00e4iends\u00f6\u00f6t sugum\u00e4radele, et toetada nende viljakust\u00a0ning loob maksimaalsed eeldused tervislikuks loote arenguks. \u00a0Sobivas omavahelise suhtes toitained: vitamiinid, mikroelemendid, aminohapped. Loote kaitse: sisaldab kaetud vormis beetakaroteeni ja foolhapet.\u00a0 E-vitamiini 400mg. Need graanulid sobivad ka s\u00f6\u00f6tmiseks t\u00e4kkudele! Koostis:\u00a0oder, nisupeenkliijahu, sojajahu, nisujahu, linnaseidud, linaseemned, premix, heinagraanulid, kriit, soja\u00f5li, peedimelass, monokaltsiumfosfaat, sool,\u2026","rel":"","context":"Similar post","block_context":{"text":"Similar post","link":""},"img":{"alt_text":"","src":"https:\/\/i0.wp.com\/horsefood.ee\/wp-content\/uploads\/2020\/02\/Kvaliteet-1024x576.png?resize=350%2C200","width":350,"height":200,"srcset":"https:\/\/i0.wp.com\/horsefood.ee\/wp-content\/uploads\/2020\/02\/Kvaliteet-1024x576.png?resize=350%2C200 1x, https:\/\/i0.wp.com\/horsefood.ee\/wp-content\/uploads\/2020\/02\/Kvaliteet-1024x576.png?resize=525%2C300 1.5x, https:\/\/i0.wp.com\/horsefood.ee\/wp-content\/uploads\/2020\/02\/Kvaliteet-1024x576.png?resize=700%2C400 2x"},"classes":[]},{"id":3486,"url":"https:\/\/horsefood.ee\/latvia\/pood\/jaarlingmerriebrokken\/","url_meta":{"origin":5086,"position":1},"title":"Jaarling-Merriebrokken (s\u00e4lud kuni 2,5eluaastat \/ m\u00e4rad) 20kg","author":"Georg Koppel","date":"14. Apr 2017","format":false,"excerpt":"T\u00e4iends\u00f6\u00f6t. Need graanulid on v\u00e4ljat\u00f6\u00f6tatud s\u00f6\u00f6tmiseks t\u00f5uaretuses m\u00e4radele (aretuss\u00f6\u00f6t tuleb lisada ratsiooni v\u00e4hemalt 3 kuud enne oodatavat poegimist), varsa imetamise ajal ja s\u00e4lgudele kuni 2,5 eluaastani. K\u00f5rge toit-, mineraalainete ning vitamiinide sisaldus. E-vitamiini 400mg. Tootes sisalduvad vask- ja tsinkkelaat optimeerivad imendumist vereringesse. Hobuse poolt seeditav energia 14,0MJ\/kg Hobuse poolt seeditav\u2026","rel":"","context":"Similar post","block_context":{"text":"Similar post","link":""},"img":{"alt_text":"","src":"https:\/\/i0.wp.com\/www.horsefood.ee\/wp-content\/uploads\/2017\/04\/Jaarling-merriebrokken-1.jpg?fit=500%2C750&ssl=1&resize=350%2C200","width":350,"height":200},"classes":[]},{"id":3483,"url":"https:\/\/horsefood.ee\/latvia\/pood\/refit-energybrok\/","url_meta":{"origin":5086,"position":2},"title":"Refit Energybrok (kiire taastumine \/ sport \/ raske t\u00f6\u00f6) 20kg","author":"Georg Koppel","date":"14. Apr 2017","format":false,"excerpt":"T\u00e4iends\u00f6\u00f6t. K\u00f5ikidele hobuspordialadele sobiv graanul, treenimisel kuni k\u00f5rgeima koormuseni. J\u00e4rk-j\u00e4rgult vabanev energia.\u00a0 Sisaldab looduslikku p\u00e4ritolu antioks\u00fcdante. Tugevdab immuuns\u00fcsteemi. K\u00f5ikide vitamiinide ning -mineraalainete taset on suunatud vastamaks saavutusspordi ootustele - suurem kogus kaltsiumit, fosforit ning magneesiumit. Parandab lihaste ainevahetust, tagab kiire taastumisev\u00f5ime ning normaliseerib s\u00fcdame l\u00f6\u00f6gisagedust peale saavutust. K\u00f5rge valgusisaldus, et\u2026","rel":"","context":"Similar post","block_context":{"text":"Similar post","link":""},"img":{"alt_text":"","src":"https:\/\/i0.wp.com\/www.horsefood.ee\/wp-content\/uploads\/2017\/04\/Refit-Energybrok-1.jpg?fit=500%2C667&ssl=1&resize=350%2C200","width":350,"height":200},"classes":[]},{"id":3466,"url":"https:\/\/horsefood.ee\/latvia\/pood\/basis-sportbrok\/","url_meta":{"origin":5086,"position":3},"title":"Basis-sportbrok (harrastus \/ sport \/ kerge-keskmine koormus) 20kg","author":"Georg Koppel","date":"14. Apr 2017","format":false,"excerpt":"Sellel maitsval graanulil on ulatuslikud rakendusv\u00f5imalused: v\u00e4ga sobiv ka ratsakoolidele. Ideaalne kiudaine, rasva, t\u00e4rklise ja suhkru tasakaal, mis pakub hobusele palju-palju enamat, kui Sa \"baasgraanulilt\" isegi oodata oskaksid! \u00d6konoomne ja lihtne toita! H\u00e4mmastav hinna ja kvaliteedisuhe! T\u00e4iends\u00f6\u00f6t. Tervislik graanul k\u00f5ikidele hobustele ja ponidele treenimisel kuni keskmise koormuseni. Selle toote eeliseks\u2026","rel":"","context":"Similar post","block_context":{"text":"Similar post","link":""},"img":{"alt_text":"","src":"https:\/\/i0.wp.com\/horsefood.ee\/wp-content\/uploads\/2020\/02\/Kvaliteet-1024x576.png?resize=350%2C200","width":350,"height":200,"srcset":"https:\/\/i0.wp.com\/horsefood.ee\/wp-content\/uploads\/2020\/02\/Kvaliteet-1024x576.png?resize=350%2C200 1x, https:\/\/i0.wp.com\/horsefood.ee\/wp-content\/uploads\/2020\/02\/Kvaliteet-1024x576.png?resize=525%2C300 1.5x, https:\/\/i0.wp.com\/horsefood.ee\/wp-content\/uploads\/2020\/02\/Kvaliteet-1024x576.png?resize=700%2C400 2x"},"classes":[]},{"id":7118,"url":"https:\/\/horsefood.ee\/latvia\/pood\/eko-kvaliteedimargiga-graanulid-25kg\/","url_meta":{"origin":5086,"position":4},"title":"Mahem\u00e4rgisega \u00f6koloogilised s\u00f6\u00f6dagraanulid (k\u00f5ik hobuspordi distsipliinid) 20kg. (Ettetellimisel)","author":"kadri koppel","date":"13. Mar 2019","format":false,"excerpt":"EKO\u00a0(haldaja Skal \u2013 mittetulunduslik orgaanilise toodangu inspektsioon) on Hollandi mahem\u00e4rgis. Vastab Euroopa \u00dchenduse mahem\u00e4rgise kriteeriumitele EU 834\/2007.\u00a0 Graanuli suurus 5mm. T\u00e4iends\u00f6\u00f6t. Antud v\u00e4\u00e4rtuslik hobus\u00f6\u00f6dagraanul on v\u00e4etiste, pestitsiidide, geneetilise muundamise ning keemilise t\u00f6\u00f6tlemise vaba. 100% bioloogilised agrikultuurid!\u00a0 Koostis: nisu, oder, kaer, nisu semolina, mais, spelta, peedimelass, linaseemned, p\u00e4evalilleseemne helbed, kriit, monokaltsiumfosfaat,\u2026","rel":"","context":"Similar post","block_context":{"text":"Similar post","link":""},"img":{"alt_text":"","src":"https:\/\/i0.wp.com\/www.horsefood.ee\/wp-content\/uploads\/2019\/03\/Bioloogilised-graanulid.png?fit=365%2C500&ssl=1&resize=350%2C200","width":350,"height":200},"classes":[]},{"id":3496,"url":"https:\/\/horsefood.ee\/latvia\/pood\/happy-summer-mix\/","url_meta":{"origin":5086,"position":5},"title":"Happy-Summer Mix (kaeravaba \/ ainevahetushaigused) 20kg","author":"Georg Koppel","date":"14. Apr 2017","format":false,"excerpt":"T\u00e4iends\u00f6\u00f6t. Kaeravaba, 7-t funktsionaalset maitsetaime (ginko, n\u00f5ges, pune, k\u00fc\u00fcslauk, majoraan, t\u00fc\u00fcmian, basiilik) sisalduv kvaliteetm\u00fcslisegu on spetsiaalselt v\u00e4ljat\u00f6\u00f6tatud \u00fclitundlikele hobustele (kaasaarvatud suveekseem, laminiit, EMS, Cushings, rasumine ja insuliinresistentsus). Madal suhkru- ja t\u00e4rklisesisaldus. Kergelt seeduv. Rohkelt head linaseemne\u00f5li.\u00a0Lisatud on diatomiitmuld ning p\u00e4rmikultuure. T\u00e4isvitaminiseeritud. K\u00f5ike mikroelemente, eelk\u00f5ige: tsinki, vaske ning seleeni on piisavalt.\u2026","rel":"","context":"Similar post","block_context":{"text":"Similar post","link":""},"img":{"alt_text":"","src":"https:\/\/i0.wp.com\/www.horsefood.ee\/wp-content\/uploads\/2020\/02\/Kvaliteet-1024x576.png?resize=350%2C200&ssl=1","width":350,"height":200,"srcset":"https:\/\/i0.wp.com\/www.horsefood.ee\/wp-content\/uploads\/2020\/02\/Kvaliteet-1024x576.png?resize=350%2C200&ssl=1 1x, https:\/\/i0.wp.com\/www.horsefood.ee\/wp-content\/uploads\/2020\/02\/Kvaliteet-1024x576.png?resize=525%2C300&ssl=1 1.5x, https:\/\/i0.wp.com\/www.horsefood.ee\/wp-content\/uploads\/2020\/02\/Kvaliteet-1024x576.png?resize=700%2C400&ssl=1 2x"},"classes":[]}],"_links":{"self":[{"href":"https:\/\/horsefood.ee\/latvia\/wp-json\/wp\/v2\/product\/5086","targetHints":{"allow":["GET"]}}],"collection":[{"href":"https:\/\/horsefood.ee\/latvia\/wp-json\/wp\/v2\/product"}],"about":[{"href":"https:\/\/horsefood.ee\/latvia\/wp-json\/wp\/v2\/types\/product"}],"wp:featuredmedia":[{"embeddable":true,"href":"https:\/\/horsefood.ee\/latvia\/wp-json\/wp\/v2\/media\/5584"}],"wp:attachment":[{"href":"https:\/\/horsefood.ee\/latvia\/wp-json\/wp\/v2\/media?parent=5086"}],"wp:term":[{"taxonomy":"product_brand","embeddable":true,"href":"https:\/\/horsefood.ee\/latvia\/wp-json\/wp\/v2\/product_brand?post=5086"},{"taxonomy":"product_cat","embeddable":true,"href":"https:\/\/horsefood.ee\/latvia\/wp-json\/wp\/v2\/product_cat?post=5086"},{"taxonomy":"product_tag","embeddable":true,"href":"https:\/\/horsefood.ee\/latvia\/wp-json\/wp\/v2\/product_tag?post=5086"}],"curies":[{"name":"wp","href":"https:\/\/api.w.org\/{rel}","templated":true}]}}