{"id":4215,"date":"2017-09-10T00:49:45","date_gmt":"2017-09-09T21:49:45","guid":{"rendered":"http:\/\/horsefood.ee\/?post_type=product&#038;p=4215"},"modified":"2026-04-23T10:06:36","modified_gmt":"2026-04-23T07:06:36","slug":"hippoluz-lutsern-20kg","status":"publish","type":"product","link":"https:\/\/horsefood.ee\/latvia\/pood\/hippoluz-lutsern-20kg\/","title":{"rendered":"LUTSERN hekseldatud \/ Hippoluz (100% naturaalne toode \/ tolmuvaba \/ rikastatud linaseemne\u00f5liga) 90 l"},"content":{"rendered":"<ul>\n<li>Toorproteiin 15%,<\/li>\n<li>toorrasv\/-\u00f5li 2%,<\/li>\n<li>toortuhk 8%,<\/li>\n<li>toorkiud 22%.<\/li>\n<\/ul>","protected":false},"excerpt":{"rendered":"<p>T\u00e4iends\u00f6\u00f6t. Eriline <strong>lutsernisegu <\/strong>(hekseldatud), rikastatud\u00a0<strong>linaseemne\u00f5liga,\u00a0<\/strong><strong>100% naturaalne toode!<\/strong><\/p>\n<blockquote><p>Lutserniheinal on parim puhverdusv\u00f5ime happelise maon\u00f5re vastu. Teadlikud sportlased pakuvad peot\u00e4is-paar lutserni oma lemmikutele hommikul, enne t\u00f6\u00f6le rakendamist!<\/p><\/blockquote>\n<ul>\n<li><strong>Ergutab s\u00fcljeeritust ja soodustab seedimist.<\/strong>\u00a0Turvaline valik maohaavadega loomadele.<\/li>\n<li><strong>Hea kaltsiumiallikas.<\/strong> Lutsernis on 3x rohkem kaltsiumit, kui tavalises karjamaarohus.\u00a0Kaltsium on luutiheduse moodustamisel oluline komponent (samuti kabja sarvkesta koostisosa).<\/li>\n<li><strong>Hea j\u00f5uallikas.\u00a0<\/strong>Aeglaselt vabanev energia. Ei tee hobuseid kuumaks.<\/li>\n<\/ul>\n<p><strong>Koostis:\u00a0<\/strong>alfaalfa-lutsern, suhkruroomelass, kaerakestad.<\/p>\n<p><strong>Kasutamine:\u00a0<\/strong>+\/- 0,8kg \/100kg kehakaalu kohta, p\u00e4evas.<\/p>\n<p><strong>Tootja: <\/strong>D&#8217;Hooghe@,\u00a0Belgia.<\/p>\n<p>&nbsp;<\/p>\n<p>&nbsp;<\/p>","protected":false},"featured_media":4275,"template":"","meta":{"jetpack_post_was_ever_published":false,"jetpack_publicize_message":"","jetpack_publicize_feature_enabled":true,"jetpack_social_post_already_shared":false,"jetpack_social_options":{"image_generator_settings":{"template":"highway","default_image_id":0,"font":"","enabled":false},"version":2}},"product_brand":[],"product_cat":[56,39],"product_tag":[77,76,67,65,68,73,69,70,80,71],"class_list":{"0":"post-4215","1":"product","2":"type-product","3":"status-publish","4":"has-post-thumbnail","6":"product_cat-horsefoodthebest","7":"product_cat-muslid","8":"product_tag-harrastus","9":"product_tag-heaolu-ja-tervis","10":"product_tag-keskmine-koormus","11":"product_tag-tippsooritus","12":"product_tag-lutsern","13":"product_tag-seedimisprobleemid","14":"product_tag-seenioritele","15":"product_tag-aretussoodad","16":"product_tag-temperament-kontrolli-alla","17":"product_tag-teravilja-ja-melassivaba","19":"first","20":"instock","21":"shipping-taxable","22":"purchasable","23":"product-type-simple"},"jetpack_publicize_connections":[],"jetpack_sharing_enabled":true,"jetpack-related-posts":[{"id":3512,"url":"https:\/\/horsefood.ee\/latvia\/pood\/lavendli-shampoon\/","url_meta":{"origin":4215,"position":0},"title":"Lavendli shampoon (100% naturaalne toode) 1000ml","author":"Georg Koppel","date":"14. Apr 2017","format":false,"excerpt":"Soovi korral v\u00f5ib antud shampooniga pesta k\u00f5iki koduloomi. Naturaalne toode! V\u00e4rske ja \u00f5rn lavendli aroom! pH neutraalne! V\u00e4ga heade pesemisomadustega! Kasutamine:\u00a0Pese oma kodulooma tavalisel viisil. V\u00e4ltida shampooni sattumist silma! Loputa hoolikalt!","rel":"","context":"Similar post","block_context":{"text":"Similar post","link":""},"img":{"alt_text":"","src":"https:\/\/i0.wp.com\/horsefood.ee\/wp-content\/uploads\/2017\/10\/Lavendli-shampoon.jpg?fit=801%2C1200&ssl=1&resize=350%2C200","width":350,"height":200,"srcset":"https:\/\/i0.wp.com\/horsefood.ee\/wp-content\/uploads\/2017\/10\/Lavendli-shampoon.jpg?fit=801%2C1200&ssl=1&resize=350%2C200 1x, https:\/\/i0.wp.com\/horsefood.ee\/wp-content\/uploads\/2017\/10\/Lavendli-shampoon.jpg?fit=801%2C1200&ssl=1&resize=525%2C300 1.5x, https:\/\/i0.wp.com\/horsefood.ee\/wp-content\/uploads\/2017\/10\/Lavendli-shampoon.jpg?fit=801%2C1200&ssl=1&resize=700%2C400 2x"},"classes":[]},{"id":3754,"url":"https:\/\/horsefood.ee\/latvia\/pood\/msm-salv-250gr\/","url_meta":{"origin":4215,"position":1},"title":"MSM salv (p\u00f5letikuvastane \/ ravib \/ rahustab) 250ml","author":"kadri koppel","date":"23. Mai 2017","format":false,"excerpt":"\u00a0 MSM salv rahustab, pehmendab ja toetab v\u00e4liseid vigastusi (p\u00f5letikuvastane). Sobib naha, kapjade- ja karvahoolduseks. 100% naturaalne toode! Kasutamine:\u00a0m\u00e4\u00e4rida mitu korda p\u00e4evas kahjustunud piirkondadele.","rel":"","context":"Similar post","block_context":{"text":"Similar post","link":""},"img":{"alt_text":"","src":"https:\/\/i0.wp.com\/horsefood.ee\/wp-content\/uploads\/2017\/10\/MSM-salv.jpg?fit=801%2C1200&ssl=1&resize=350%2C200","width":350,"height":200,"srcset":"https:\/\/i0.wp.com\/horsefood.ee\/wp-content\/uploads\/2017\/10\/MSM-salv.jpg?fit=801%2C1200&ssl=1&resize=350%2C200 1x, https:\/\/i0.wp.com\/horsefood.ee\/wp-content\/uploads\/2017\/10\/MSM-salv.jpg?fit=801%2C1200&ssl=1&resize=525%2C300 1.5x, https:\/\/i0.wp.com\/horsefood.ee\/wp-content\/uploads\/2017\/10\/MSM-salv.jpg?fit=801%2C1200&ssl=1&resize=700%2C400 2x"},"classes":[]},{"id":3752,"url":"https:\/\/horsefood.ee\/latvia\/pood\/linaseemneoli-5l\/","url_meta":{"origin":4215,"position":2},"title":"Linaseemne\u00f5li \/ esimene k\u00fclmpress \/ k\u00f5rge toitev\u00e4\u00e4rtus \/ 5000ml","author":"kadri koppel","date":"23. Mai 2017","format":false,"excerpt":"\u00a0Horsefood`the best\u00a0\u00fclikvaliteetne, esimese k\u00fclmpressi linaseemne\u00f5li. 100% naturaalne toode. Linaseemnetes sisalduv\u00a0Omega-3\u00a0asendamatu rasvhape avaldab hobusele j\u00e4rgmisi toimeid: paraneb karvkatte ning naha seiuskord; aitab hoida naha niisutatud ja elastsena, alandab erutuvust\/n\u00e4rvilisust, alandab allergilisi reaktsioone ning hooajalist naha s\u00fcgelust (suveekseem jm), alandab p\u00f5letikulisi protsesse loomaorganismis, paraneb liigeste paindlikkus ja mobiilsus, omab positiivset m\u00f5ju immuunvastusele,\u2026","rel":"","context":"Similar post","block_context":{"text":"Similar post","link":""},"img":{"alt_text":"","src":"https:\/\/i0.wp.com\/horsefood.ee\/wp-content\/uploads\/2023\/10\/IMG_8168.jpeg?fit=920%2C920&ssl=1&resize=350%2C200","width":350,"height":200,"srcset":"https:\/\/i0.wp.com\/horsefood.ee\/wp-content\/uploads\/2023\/10\/IMG_8168.jpeg?fit=920%2C920&ssl=1&resize=350%2C200 1x, https:\/\/i0.wp.com\/horsefood.ee\/wp-content\/uploads\/2023\/10\/IMG_8168.jpeg?fit=920%2C920&ssl=1&resize=525%2C300 1.5x, https:\/\/i0.wp.com\/horsefood.ee\/wp-content\/uploads\/2023\/10\/IMG_8168.jpeg?fit=920%2C920&ssl=1&resize=700%2C400 2x"},"classes":[]},{"id":3666,"url":"https:\/\/horsefood.ee\/latvia\/pood\/horse-dinner\/","url_meta":{"origin":4215,"position":3},"title":"Horse Dinner (kores\u00f6\u00f6t, silo kvaliteet) 20kg","author":"kadri koppel","date":"21. Apr 2017","format":false,"excerpt":"Silo kvaliteet. K\u00f5rgekvaliteediline\u00a0Itaalia raihein.\u00a0 S\u00e4ilitusainete ja kemikaalide vaba. 100% looduslik toode!\u00a0 Soodne pH 5,5. Niiskusesisaldus: 30-45%. Tolmuvaba! V\u00e4ga maitsev! Standard kasutamine: 1kg\/100kg kehakaalu kohta p\u00e4evas. K\u00f5rgekvaliteediline kores\u00f6\u00f6t on hobusele parim valik kiireks energia taastamiseks ja seda eriti just v\u00e4ljas\u00f5itudel v\u00f5istluspaikadesse. Osad isendid kulutavad siis kaks ja rohkem korda energiat, kui\u2026","rel":"","context":"Similar post","block_context":{"text":"Similar post","link":""},"img":{"alt_text":"","src":"https:\/\/i0.wp.com\/horsefood.ee\/wp-content\/uploads\/2017\/04\/horsedinner.png?fit=600%2C766&ssl=1&resize=350%2C200","width":350,"height":200,"srcset":"https:\/\/i0.wp.com\/horsefood.ee\/wp-content\/uploads\/2017\/04\/horsedinner.png?fit=600%2C766&ssl=1&resize=350%2C200 1x, https:\/\/i0.wp.com\/horsefood.ee\/wp-content\/uploads\/2017\/04\/horsedinner.png?fit=600%2C766&ssl=1&resize=525%2C300 1.5x"},"classes":[]},{"id":3510,"url":"https:\/\/horsefood.ee\/latvia\/pood\/lakapalsam\/","url_meta":{"origin":4215,"position":4},"title":"Laka &#8211; ja sabapalsam Hi-Gloss 500ml \/kauap\u00fcsiv premiumklassi toode!","author":"Georg Koppel","date":"14. Apr 2017","format":false,"excerpt":"Valides HI-GLOSS laka-ja sabapalsami, valid Sa\u00a0premiumklassi\u00a0toote! Peaaegu mitte \u00fckski teine samalaadne toode Maailmas, ei paku paremat s\u00e4ra ja vol\u00fc\u00fcmikamat look'i v\u00f5istlusteks v\u00f5i mis iganes hobu\u00fcrituseks, kui teeb seda HI-GLOSS! Ilus s\u00e4ra! Vol\u00fc\u00fcmikas look`! Eemaldab kergelt mustuse ja tolmu! Pikaajaline kaitse! Kergelt l\u00e4bikammitav! Kiire kuivamine! Neutraalse aroomiga! Vesi-\u00f5lis segu, mis sisaldab\u2026","rel":"","context":"Similar post","block_context":{"text":"Similar post","link":""},"img":{"alt_text":"","src":"https:\/\/i0.wp.com\/horsefood.ee\/wp-content\/uploads\/2017\/10\/Laka-ja-sabapalsam.jpg?fit=801%2C1200&ssl=1&resize=350%2C200","width":350,"height":200,"srcset":"https:\/\/i0.wp.com\/horsefood.ee\/wp-content\/uploads\/2017\/10\/Laka-ja-sabapalsam.jpg?fit=801%2C1200&ssl=1&resize=350%2C200 1x, https:\/\/i0.wp.com\/horsefood.ee\/wp-content\/uploads\/2017\/10\/Laka-ja-sabapalsam.jpg?fit=801%2C1200&ssl=1&resize=525%2C300 1.5x, https:\/\/i0.wp.com\/horsefood.ee\/wp-content\/uploads\/2017\/10\/Laka-ja-sabapalsam.jpg?fit=801%2C1200&ssl=1&resize=700%2C400 2x"},"classes":[]},{"id":17511,"url":"https:\/\/horsefood.ee\/latvia\/pood\/gastro-activecare-mix-teravilja-melassi-ja-gluteenivaba-korge-kiudainesisaldus-lisatud-parm-ja-magneesium-20kg\/","url_meta":{"origin":4215,"position":5},"title":"Gastro Activecare-Mix (teravilja-, melassi- ja gluteenivaba \/ k\u00f5rge kiudainesisaldus \/ lisatud p\u00e4rm ja magneesium \/ k\u00f5rgeim koormus) 20kg","author":"kadri koppel","date":"21. J\u016bl 2023","format":false,"excerpt":"L\u00e4bim\u00f5eldud kiudainerikas m\u00fcsli sporthobustele, kellel on tundlik seedimine, kuid kes t\u00f6\u00f6tavad ka k\u00f5rgema koormuse juures. T\u00e4iends\u00f6\u00f6t. Gastro Activecare-Mix on loodud hobustele, kelle puhul ei sobi traditsioonilised teraviljarikkad s\u00f6\u00f6dad, kuid kellelt oodatakse siiski j\u00f5udlust, vastupidavust ja head t\u00f6\u00f6v\u00f5imet ka intensiivse treeningu ja v\u00f5istlusperioodil. K\u00f5rge toorkiu sisaldus (u 21%) toetab s\u00fclje tootmist\u2026","rel":"","context":"Similar post","block_context":{"text":"Similar post","link":""},"img":{"alt_text":"","src":"https:\/\/i0.wp.com\/horsefood.ee\/wp-content\/uploads\/2023\/07\/Gastro-ActiveCare-Mix-1.jpg?fit=720%2C1024&ssl=1&resize=350%2C200","width":350,"height":200,"srcset":"https:\/\/i0.wp.com\/horsefood.ee\/wp-content\/uploads\/2023\/07\/Gastro-ActiveCare-Mix-1.jpg?fit=720%2C1024&ssl=1&resize=350%2C200 1x, https:\/\/i0.wp.com\/horsefood.ee\/wp-content\/uploads\/2023\/07\/Gastro-ActiveCare-Mix-1.jpg?fit=720%2C1024&ssl=1&resize=525%2C300 1.5x, https:\/\/i0.wp.com\/horsefood.ee\/wp-content\/uploads\/2023\/07\/Gastro-ActiveCare-Mix-1.jpg?fit=720%2C1024&ssl=1&resize=700%2C400 2x"},"classes":[]}],"_links":{"self":[{"href":"https:\/\/horsefood.ee\/latvia\/wp-json\/wp\/v2\/product\/4215","targetHints":{"allow":["GET"]}}],"collection":[{"href":"https:\/\/horsefood.ee\/latvia\/wp-json\/wp\/v2\/product"}],"about":[{"href":"https:\/\/horsefood.ee\/latvia\/wp-json\/wp\/v2\/types\/product"}],"wp:featuredmedia":[{"embeddable":true,"href":"https:\/\/horsefood.ee\/latvia\/wp-json\/wp\/v2\/media\/4275"}],"wp:attachment":[{"href":"https:\/\/horsefood.ee\/latvia\/wp-json\/wp\/v2\/media?parent=4215"}],"wp:term":[{"taxonomy":"product_brand","embeddable":true,"href":"https:\/\/horsefood.ee\/latvia\/wp-json\/wp\/v2\/product_brand?post=4215"},{"taxonomy":"product_cat","embeddable":true,"href":"https:\/\/horsefood.ee\/latvia\/wp-json\/wp\/v2\/product_cat?post=4215"},{"taxonomy":"product_tag","embeddable":true,"href":"https:\/\/horsefood.ee\/latvia\/wp-json\/wp\/v2\/product_tag?post=4215"}],"curies":[{"name":"wp","href":"https:\/\/api.w.org\/{rel}","templated":true}]}}