{"id":4178,"date":"2017-08-23T16:40:33","date_gmt":"2017-08-23T13:40:33","guid":{"rendered":"http:\/\/horsefood.ee\/?post_type=product&#038;p=4178"},"modified":"2026-01-21T11:15:16","modified_gmt":"2026-01-21T09:15:16","slug":"soodaamber-kaanega-15l","status":"publish","type":"product","link":"https:\/\/horsefood.ee\/latvia\/pood\/soodaamber-kaanega-15l\/","title":{"rendered":"Horsefood`The best originaal s\u00f6\u00f6da\u00e4mber koos kaanega \/ 15L"},"content":{"rendered":"","protected":false},"excerpt":{"rendered":"<p>Horsefood s\u00f6\u00f6da\u00e4mber kaanega 15L.<\/p>\n<p>NB! S\u00f6\u00f6dakopsik ei kuulu komplekti!<\/p>\n<p><a href=\"http:\/\/horsefood.ee\/wp-content\/uploads\/2019\/09\/IMG_0921.jpg\"><img loading=\"lazy\" decoding=\"async\" class=\"wp-image-8064 size-medium alignleft\" src=\"http:\/\/horsefood.ee\/wp-content\/uploads\/2019\/09\/IMG_0921-300x200.jpg\" alt=\"\" width=\"300\" height=\"200\" srcset=\"https:\/\/i0.wp.com\/horsefood.ee\/wp-content\/uploads\/2019\/09\/IMG_0921.jpg?resize=300%2C200&amp;ssl=1 300w, https:\/\/i0.wp.com\/horsefood.ee\/wp-content\/uploads\/2019\/09\/IMG_0921.jpg?resize=768%2C511&amp;ssl=1 768w, https:\/\/i0.wp.com\/horsefood.ee\/wp-content\/uploads\/2019\/09\/IMG_0921.jpg?resize=1024%2C682&amp;ssl=1 1024w, https:\/\/i0.wp.com\/horsefood.ee\/wp-content\/uploads\/2019\/09\/IMG_0921.jpg?resize=416%2C277&amp;ssl=1 416w, https:\/\/i0.wp.com\/horsefood.ee\/wp-content\/uploads\/2019\/09\/IMG_0921.jpg?w=2040&amp;ssl=1 2040w, https:\/\/i0.wp.com\/horsefood.ee\/wp-content\/uploads\/2019\/09\/IMG_0921.jpg?w=3060&amp;ssl=1 3060w\" sizes=\"auto, (max-width: 300px) 100vw, 300px\" \/><\/a><\/p>","protected":false},"featured_media":4490,"template":"","meta":{"jetpack_post_was_ever_published":false,"jetpack_publicize_message":"","jetpack_publicize_feature_enabled":true,"jetpack_social_post_already_shared":false,"jetpack_social_options":{"image_generator_settings":{"template":"highway","default_image_id":0,"font":"","enabled":false},"version":2}},"product_brand":[],"product_cat":[56,41],"product_tag":[],"class_list":{"0":"post-4178","1":"product","2":"type-product","3":"status-publish","4":"has-post-thumbnail","6":"product_cat-horsefoodthebest","7":"product_cat-teised-tooted","9":"first","10":"instock","11":"shipping-taxable","12":"purchasable","13":"product-type-simple"},"jetpack_publicize_connections":[],"jetpack_sharing_enabled":true,"jetpack-related-posts":[{"id":19522,"url":"https:\/\/horsefood.ee\/latvia\/pood\/soodakopsik\/","url_meta":{"origin":4178,"position":0},"title":"S\u00f6\u00f6dakopsik","author":"Kaido Koppel","date":"25. Mai 2024","format":false,"excerpt":"S\u00f6\u00f6dakopsik mahutab 1kg graanuleid v\u00f5i 750gr m\u00fcslit.","rel":"","context":"Similar post","block_context":{"text":"Similar post","link":""},"img":{"alt_text":"","src":"https:\/\/i0.wp.com\/horsefood.ee\/wp-content\/uploads\/2020\/02\/linaseemnekopsik-scaled.jpg?fit=1200%2C799&ssl=1&resize=350%2C200","width":350,"height":200,"srcset":"https:\/\/i0.wp.com\/horsefood.ee\/wp-content\/uploads\/2020\/02\/linaseemnekopsik-scaled.jpg?fit=1200%2C799&ssl=1&resize=350%2C200 1x, https:\/\/i0.wp.com\/horsefood.ee\/wp-content\/uploads\/2020\/02\/linaseemnekopsik-scaled.jpg?fit=1200%2C799&ssl=1&resize=525%2C300 1.5x, https:\/\/i0.wp.com\/horsefood.ee\/wp-content\/uploads\/2020\/02\/linaseemnekopsik-scaled.jpg?fit=1200%2C799&ssl=1&resize=700%2C400 2x, https:\/\/i0.wp.com\/horsefood.ee\/wp-content\/uploads\/2020\/02\/linaseemnekopsik-scaled.jpg?fit=1200%2C799&ssl=1&resize=1050%2C600 3x"},"classes":[]},{"id":6637,"url":"https:\/\/horsefood.ee\/latvia\/pood\/mood-control\/","url_meta":{"origin":4178,"position":1},"title":"MOOD CONTROL 1000ml (Hormoonid kontrolli alla \/ meeleoluh\u00e4ired)","author":"kadri koppel","date":"26. Jan 2019","format":false,"excerpt":"Julian&Jones Mood Control.\u00a0Esmaklassiline s\u00f6\u00f6dalisand hormonaalsest foonist tingitud emotsioonide, \u00e4revuse, agressiivsuse ja meeleoluh\u00e4irete leevendamiseks. Hormoonaalse ts\u00fckli k\u00f5ikumine v\u00f5ib h\u00e4irida sooritusv\u00f5imet, p\u00f5hjustada liigset \u00e4rrituvust ning meeleoluh\u00e4ireid.\u00a0Hirm, sisemise turvatunde puudumine ja tugev soov enesekaitseks v\u00f5ib muuta paljud loomad nn \"kuumaks\".\u00a0 Need hobused on \u00e4rrituvad, \u00e4revad, higistavad\u00a0 soorituse ajal ebanormaalselt palju ning blokeerivad ennast\u2026","rel":"","context":"Similar post","block_context":{"text":"Similar post","link":""},"img":{"alt_text":"","src":"https:\/\/i0.wp.com\/horsefood.ee\/wp-content\/uploads\/2019\/01\/Mood-Control.png?fit=350%2C400&ssl=1&resize=350%2C200","width":350,"height":200},"classes":[]},{"id":4304,"url":"https:\/\/horsefood.ee\/latvia\/pood\/antiklit-gel-250ml-laikegeel-lakale-ja-sabale\/","url_meta":{"origin":4178,"position":2},"title":"Antiklit-GEL (l\u00e4ikegeel lakale ja sabale \/ siidine tulemus!) 250ml","author":"kadri koppel","date":"26. Sep 2017","format":false,"excerpt":"L\u00e4ikegeel lakale ja sabale. Hea alternatiiv nendele hobustele, kelledele tavap\u00e4rane spreitamine ei sobi. S\u00e4rav l\u00e4ige ning kauakestev tulemus!","rel":"","context":"Similar post","block_context":{"text":"Similar post","link":""},"img":{"alt_text":"","src":"https:\/\/i0.wp.com\/horsefood.ee\/wp-content\/uploads\/2017\/10\/L%C3%A4ikegeel.jpg?fit=801%2C1200&ssl=1&resize=350%2C200","width":350,"height":200,"srcset":"https:\/\/i0.wp.com\/horsefood.ee\/wp-content\/uploads\/2017\/10\/L%C3%A4ikegeel.jpg?fit=801%2C1200&ssl=1&resize=350%2C200 1x, https:\/\/i0.wp.com\/horsefood.ee\/wp-content\/uploads\/2017\/10\/L%C3%A4ikegeel.jpg?fit=801%2C1200&ssl=1&resize=525%2C300 1.5x, https:\/\/i0.wp.com\/horsefood.ee\/wp-content\/uploads\/2017\/10\/L%C3%A4ikegeel.jpg?fit=801%2C1200&ssl=1&resize=700%2C400 2x"},"classes":[]},{"id":7439,"url":"https:\/\/horsefood.ee\/latvia\/pood\/heinakuubikud-20kg\/","url_meta":{"origin":4178,"position":3},"title":"Heinagraanulid \/ ei vaja leotamist \/ ei sobi kores\u00f6\u00f6da t\u00e4ielikuks asendamiseks 20kg","author":"kadri koppel","date":"11. Mai 2019","format":false,"excerpt":"Van Corp Loomas\u00f6\u00f6dad heinagraanulid\u00a0on valmistatud 100% tolmuvabast kuivatatud karjamaarohust. Need on loodud ratsiooni t\u00e4iendamiseks v\u00f5i s\u00f6\u00f6tmiseks kores\u00f6\u00f6da puuduse korral. Pelleteid v\u00f5ib s\u00f6\u00f6ta kuivalt, sest meie\u00a0heinagraanulid ei vaja leotamist!\u00a0Loomulikult on lubatud graanuleid soojas vees leotada, kuid see ei ole h\u00e4davajalik. Lisands\u00f6\u00f6t. Ei sobi kores\u00f6\u00f6da t\u00e4ielikuks asendamiseks (t\u00e4ielikuks kores\u00f6\u00f6da asendajaks sobib Multibeet-seniormix).\u2026","rel":"","context":"Similar post","block_context":{"text":"Similar post","link":""},"img":{"alt_text":"","src":"https:\/\/i0.wp.com\/horsefood.ee\/wp-content\/uploads\/2019\/05\/1.png?fit=794%2C1123&ssl=1&resize=350%2C200","width":350,"height":200,"srcset":"https:\/\/i0.wp.com\/horsefood.ee\/wp-content\/uploads\/2019\/05\/1.png?fit=794%2C1123&ssl=1&resize=350%2C200 1x, https:\/\/i0.wp.com\/horsefood.ee\/wp-content\/uploads\/2019\/05\/1.png?fit=794%2C1123&ssl=1&resize=525%2C300 1.5x, https:\/\/i0.wp.com\/horsefood.ee\/wp-content\/uploads\/2019\/05\/1.png?fit=794%2C1123&ssl=1&resize=700%2C400 2x"},"classes":[]},{"id":4954,"url":"https:\/\/horsefood.ee\/latvia\/pood\/urdimaiustused-horsefoodi-ambris-75kg\/","url_meta":{"origin":4178,"position":4},"title":"\u00dcrdimaiustused 7,5kg, Horsefoodi originaal\u00e4mbris","author":"kadri koppel","date":"17. Dec 2017","format":false,"excerpt":"Maitsvad, tervislikud ja naturaalsed maiused Sinu hobusele v\u00f5i ponile! Toode on pakendatud Horsefoodi 15 L originaal\u00e4mbrisse. Koostis:\u00a0mais, kaltsiumkarbonaat, soolakad kuivikud, kummel, salvei, sarapuup\u00e4hkli lehed, k\u00f5rven\u00f5ges, koriander, majoraan. Pakend: 7,5kg","rel":"","context":"Similar post","block_context":{"text":"Similar post","link":""},"img":{"alt_text":"","src":"https:\/\/i0.wp.com\/horsefood.ee\/wp-content\/uploads\/2017\/12\/%C3%9Crdikommid-75kg.png?fit=794%2C1123&ssl=1&resize=350%2C200","width":350,"height":200,"srcset":"https:\/\/i0.wp.com\/horsefood.ee\/wp-content\/uploads\/2017\/12\/%C3%9Crdikommid-75kg.png?fit=794%2C1123&ssl=1&resize=350%2C200 1x, https:\/\/i0.wp.com\/horsefood.ee\/wp-content\/uploads\/2017\/12\/%C3%9Crdikommid-75kg.png?fit=794%2C1123&ssl=1&resize=525%2C300 1.5x, https:\/\/i0.wp.com\/horsefood.ee\/wp-content\/uploads\/2017\/12\/%C3%9Crdikommid-75kg.png?fit=794%2C1123&ssl=1&resize=700%2C400 2x"},"classes":[]},{"id":3508,"url":"https:\/\/horsefood.ee\/latvia\/pood\/urdimaiustused\/","url_meta":{"origin":4178,"position":5},"title":"\u00dcrdimaiustused 6-e erineva maitsetaimega, 1,5kg karbis","author":"Georg Koppel","date":"14. Apr 2017","format":false,"excerpt":"Maitsvad, tervislikud ja naturaalsed maiused Sinu hobusele v\u00f5i ponile! T\u00e4iends\u00f6\u00f6t Koostis:\u00a0mais, kaltsiumkarbonaat, soolakad kuivikud, kummel, salvei, sarapuup\u00e4hkli lehed, k\u00f5rven\u00f5ges, koriander, majoraan. A-vitamiin (3a672b) 20 000 IE D3-vitamiin (3a671) 1500IE E-vitamiin (3a700) 150mg Pakend: 1,5 kg. \u00a0","rel":"","context":"Similar post","block_context":{"text":"Similar post","link":""},"img":{"alt_text":"","src":"https:\/\/i0.wp.com\/horsefood.ee\/wp-content\/uploads\/2017\/04\/%C3%9Crdikommid-15kg.png?fit=794%2C1123&ssl=1&resize=350%2C200","width":350,"height":200,"srcset":"https:\/\/i0.wp.com\/horsefood.ee\/wp-content\/uploads\/2017\/04\/%C3%9Crdikommid-15kg.png?fit=794%2C1123&ssl=1&resize=350%2C200 1x, https:\/\/i0.wp.com\/horsefood.ee\/wp-content\/uploads\/2017\/04\/%C3%9Crdikommid-15kg.png?fit=794%2C1123&ssl=1&resize=525%2C300 1.5x, https:\/\/i0.wp.com\/horsefood.ee\/wp-content\/uploads\/2017\/04\/%C3%9Crdikommid-15kg.png?fit=794%2C1123&ssl=1&resize=700%2C400 2x"},"classes":[]}],"_links":{"self":[{"href":"https:\/\/horsefood.ee\/latvia\/wp-json\/wp\/v2\/product\/4178","targetHints":{"allow":["GET"]}}],"collection":[{"href":"https:\/\/horsefood.ee\/latvia\/wp-json\/wp\/v2\/product"}],"about":[{"href":"https:\/\/horsefood.ee\/latvia\/wp-json\/wp\/v2\/types\/product"}],"wp:featuredmedia":[{"embeddable":true,"href":"https:\/\/horsefood.ee\/latvia\/wp-json\/wp\/v2\/media\/4490"}],"wp:attachment":[{"href":"https:\/\/horsefood.ee\/latvia\/wp-json\/wp\/v2\/media?parent=4178"}],"wp:term":[{"taxonomy":"product_brand","embeddable":true,"href":"https:\/\/horsefood.ee\/latvia\/wp-json\/wp\/v2\/product_brand?post=4178"},{"taxonomy":"product_cat","embeddable":true,"href":"https:\/\/horsefood.ee\/latvia\/wp-json\/wp\/v2\/product_cat?post=4178"},{"taxonomy":"product_tag","embeddable":true,"href":"https:\/\/horsefood.ee\/latvia\/wp-json\/wp\/v2\/product_tag?post=4178"}],"curies":[{"name":"wp","href":"https:\/\/api.w.org\/{rel}","templated":true}]}}