{"id":4128,"date":"2017-08-18T23:43:05","date_gmt":"2017-08-18T20:43:05","guid":{"rendered":"http:\/\/horsefood.ee\/?post_type=product&#038;p=4128"},"modified":"2026-04-21T09:54:32","modified_gmt":"2026-04-21T06:54:32","slug":"easy-mag-mix-magneesium","status":"publish","type":"product","link":"https:\/\/horsefood.ee\/latvia\/pood\/easy-mag-mix-magneesium\/","title":{"rendered":"Easy&#038;Relax (magneesium \/ n\u00e4rvis\u00fcsteemi tugevdamine) 1000ml"},"content":{"rendered":"<p><strong>Anal\u00fc\u00fctiline koostis:<\/strong><\/p>\n<hr \/>\n<p>niiskus 87,5%<br \/>\ntoorvalk 0,9%<br \/>\ntoorrasv 0,0%<br \/>\ntoortuhk 0,2%<br \/>\ntoorkiud 0,0%<br \/>\nmagneesium 1,6%<br \/>\nnaatrium 0,2%<\/p>\n<p>Lisandid\/kg:<br \/>\nL-tr\u00fcptofaan 3c440 10000 mg<\/p>","protected":false},"excerpt":{"rendered":"<hr \/>\n<p>S\u00f6\u00f6dalisand hobustele.<\/p>\n<p><strong>Horsefood Easy &amp; Relax<\/strong> aitab tundlikke hobuseid kahjustamata nende sooritust. Magneesium ja B-vitamiinid m\u00e4ngivad olulist rolli lihaste funktsioneerimisel. Stress treeningu, reisimise v\u00f5i uute olukordade ajal suurendab magneesiumi ja B-vitamiinide puuduse riski ning neid tuleb sellistes olukordades t\u00e4iendada stressi v\u00e4hendava efekti saavutamiseks. Hobused, kes tarbivad Horsefood Easy &amp; Relax&#8217;i, n\u00e4itavad v\u00e4hem v\u00e4simuse s\u00fcmptomeid ja s\u00e4ilitavad hea isu.<\/p>\n<p>Lisaks sisaldab see L-tr\u00fcptofaani, mis m\u00f5jutab serotoniini vabanemise suurenemist, st keha enda ainet, mida stressihormoon kortisool v\u00e4hendab. Sinu hobuse n\u00e4rvis\u00fcsteem saab t\u00e4iendavat tuge ja toetust erinevate oluliste \u00f5lide ja tuntud ravimtaimede ekstraktide ideaalse segu kaudu.<\/p>\n<p><strong>Koostis:<\/strong> trimagneesiumtsitraat -10%, gl\u00fctserool.<\/p>\n<p>Kasutusjuhend\/annustamine p\u00e4evas:<\/p>\n<ul>\n<li><strong>hobune<\/strong> 2 x 25ml v\u00e4hemalt 1n\u00e4dala jooksul ja edasi 25ml\/p\u00e4evas,<\/li>\n<li><strong>poni:<\/strong> pool hobuse annusest.<\/li>\n<\/ul>\n<p>Enne selle toote kasutamist konsulteerige veterinaariga.<\/p>\n<p>Hoida kuivas ja toatemperatuuril. P\u00e4rast kasutamist sulgege korralikult.<\/p>\n<p>Tootel on piiratud s\u00e4ilivusaeg avamise j\u00e4rel. Hoidke lastele k\u00e4ttesaamatus kohas.<\/p>\n<p>Pakend: 1000ml.<\/p>\n<p>&nbsp;<\/p>\n<p>&nbsp;<\/p>","protected":false},"featured_media":18088,"template":"","meta":{"jetpack_post_was_ever_published":false,"jetpack_publicize_message":"","jetpack_publicize_feature_enabled":true,"jetpack_social_post_already_shared":false,"jetpack_social_options":{"image_generator_settings":{"template":"highway","default_image_id":0,"font":"","enabled":false},"version":2}},"product_brand":[],"product_cat":[56,40],"product_tag":[77,67,65,80],"class_list":{"0":"post-4128","1":"product","2":"type-product","3":"status-publish","4":"has-post-thumbnail","6":"product_cat-horsefoodthebest","7":"product_cat-lisandid","8":"product_tag-harrastus","9":"product_tag-keskmine-koormus","10":"product_tag-tippsooritus","11":"product_tag-temperament-kontrolli-alla","13":"first","14":"instock","15":"shipping-taxable","16":"purchasable","17":"product-type-simple"},"jetpack_publicize_connections":[],"jetpack_sharing_enabled":true,"jetpack-related-posts":[{"id":5451,"url":"https:\/\/horsefood.ee\/latvia\/pood\/elektrolyten-mix-elektroluudid-1kg\/","url_meta":{"origin":4128,"position":0},"title":"Elektrolyten+ (elektrol\u00fc\u00fcdid\/taastumine) 1000ml","author":"kadri koppel","date":"17. Apr 2018","format":false,"excerpt":"S\u00f6\u00f6dalisand hobustele. Horsefood Electrolyten+ on ideaalne toode mineraalide ja mikroelementide kiireks t\u00e4iendamiseks suure vedelikukaotuse korral, mis tekib f\u00fc\u00fcsiliste pingutuste tagaj\u00e4rjel. Oluline on seda anda k\u00f5rgetel temperatuuridel ja \u00fclem\u00e4\u00e4rase higistamise korral. Enne ja p\u00e4rast pingutust tuleks anda Electrolyten+ tagamaks hobusele mineraalide tasakaalu ja ennetamaks kehasoolade puudust. See sisaldab kergesti omastatavaid mikroelemente\u2026","rel":"","context":"Similar post","block_context":{"text":"Similar post","link":""},"img":{"alt_text":"","src":"https:\/\/i0.wp.com\/horsefood.ee\/wp-content\/uploads\/2023\/10\/IMG_9750.jpeg?fit=1200%2C1155&ssl=1&resize=350%2C200","width":350,"height":200,"srcset":"https:\/\/i0.wp.com\/horsefood.ee\/wp-content\/uploads\/2023\/10\/IMG_9750.jpeg?fit=1200%2C1155&ssl=1&resize=350%2C200 1x, https:\/\/i0.wp.com\/horsefood.ee\/wp-content\/uploads\/2023\/10\/IMG_9750.jpeg?fit=1200%2C1155&ssl=1&resize=525%2C300 1.5x, https:\/\/i0.wp.com\/horsefood.ee\/wp-content\/uploads\/2023\/10\/IMG_9750.jpeg?fit=1200%2C1155&ssl=1&resize=700%2C400 2x, https:\/\/i0.wp.com\/horsefood.ee\/wp-content\/uploads\/2023\/10\/IMG_9750.jpeg?fit=1200%2C1155&ssl=1&resize=1050%2C600 3x"},"classes":[]},{"id":12840,"url":"https:\/\/horsefood.ee\/latvia\/pood\/relax-easy\/","url_meta":{"origin":4128,"position":1},"title":"RELAX &#038; EASY (N\u00e4rvilisus) 500gr","author":"Kaido Koppel","date":"24. Apr 2021","format":false,"excerpt":"Rahustava ja l\u00f5\u00f5gastava toimega dieettoit n\u00e4rvilistele ja kergesti ehmuvatele hobustele \u00e4revates olukordades! RELAX & EASY aidab toetada n\u00e4rvilisi ning kergesti ehmuvaid hobuseid. Loodud hobustele, kelledele p\u00f5hjustavad stressi treeningud, transport, n\u00e4itused ja v\u00f5istlused jm\u2026 RELAX & EASY v\u00e4hendab stressi ning selle negatiivseid tagaj\u00e4rgi hobuse kehale, kuid ei muuda hobust tuimaks ja\u2026","rel":"","context":"Similar post","block_context":{"text":"Similar post","link":""},"img":{"alt_text":"","src":"https:\/\/i0.wp.com\/horsefood.ee\/wp-content\/uploads\/2021\/04\/Relax-Easy-0.jpg?fit=1137%2C1200&ssl=1&resize=350%2C200","width":350,"height":200,"srcset":"https:\/\/i0.wp.com\/horsefood.ee\/wp-content\/uploads\/2021\/04\/Relax-Easy-0.jpg?fit=1137%2C1200&ssl=1&resize=350%2C200 1x, https:\/\/i0.wp.com\/horsefood.ee\/wp-content\/uploads\/2021\/04\/Relax-Easy-0.jpg?fit=1137%2C1200&ssl=1&resize=525%2C300 1.5x, https:\/\/i0.wp.com\/horsefood.ee\/wp-content\/uploads\/2021\/04\/Relax-Easy-0.jpg?fit=1137%2C1200&ssl=1&resize=700%2C400 2x, https:\/\/i0.wp.com\/horsefood.ee\/wp-content\/uploads\/2021\/04\/Relax-Easy-0.jpg?fit=1137%2C1200&ssl=1&resize=1050%2C600 3x"},"classes":[]},{"id":23133,"url":"https:\/\/horsefood.ee\/latvia\/pood\/pure-sensitive-brok-ei-tee-kuumaks-seedimine-tundlikele-hobustele-20kg\/","url_meta":{"origin":4128,"position":2},"title":"Pure Sensitive brok ( seedimine \/ tundlikele hobustele) 20kg","author":"Kaido Koppel","date":"26. Mar 2026","format":false,"excerpt":"Ei tee hobust kuumaks. Toetab seedimist ja hobuse vastupidavust. Pure Sensitive graanulid on m\u00f5eldud hobustele, kes vajavad stabiilset energiat, head seedimist ja tugevat lihast\u00f6\u00f6d \u2013 ilma liigsete suhkrute ja \u00fcleliigse energiata. Paljud s\u00f6\u00f6dad sisaldavad liiga palju suhkrut ja t\u00e4rklist, mis v\u00f5ib m\u00f5jutada hobuse enesetunnet, seedimist ja lihaste t\u00f6\u00f6d. \ud83d\udc49 See\u2026","rel":"","context":"Similar post","block_context":{"text":"Similar post","link":""},"img":{"alt_text":"","src":"https:\/\/i0.wp.com\/horsefood.ee\/wp-content\/uploads\/2026\/03\/toode-1.png?fit=675%2C1200&ssl=1&resize=350%2C200","width":350,"height":200,"srcset":"https:\/\/i0.wp.com\/horsefood.ee\/wp-content\/uploads\/2026\/03\/toode-1.png?fit=675%2C1200&ssl=1&resize=350%2C200 1x, https:\/\/i0.wp.com\/horsefood.ee\/wp-content\/uploads\/2026\/03\/toode-1.png?fit=675%2C1200&ssl=1&resize=525%2C300 1.5x"},"classes":[]},{"id":3768,"url":"https:\/\/horsefood.ee\/latvia\/pood\/bodybuilder-1kg\/","url_meta":{"origin":4128,"position":3},"title":"Bodybuilder (sooritusv\u00f5ime \/ lihased) 1000ml","author":"kadri koppel","date":"24. Mai 2017","format":false,"excerpt":"Toote kirjeldus \u00a0 Horsefood The Best Bodybuilder on s\u00f6\u00f6dalisand hobustele, mis sisaldab mitmek\u00fclgset kombinatsiooni aminohapetest, sh BCAA-d, mis on valkude olulised ehituskomponendid. Aminohapped osalevad lihaste ainevahetuses ning aitavad toetada lihaste arengut ja taastumist koormuse ajal ja j\u00e4rel. Toode sobib hobustele, kes on regulaarses treeningus, samuti hobustele, kellel esineb lihasv\u00e4simust v\u00f5i\u2026","rel":"","context":"Similar post","block_context":{"text":"Similar post","link":""},"img":{"alt_text":"","src":"https:\/\/i0.wp.com\/horsefood.ee\/wp-content\/uploads\/2023\/10\/IMG_0767-scaled.jpeg?fit=900%2C1200&ssl=1&resize=350%2C200","width":350,"height":200,"srcset":"https:\/\/i0.wp.com\/horsefood.ee\/wp-content\/uploads\/2023\/10\/IMG_0767-scaled.jpeg?fit=900%2C1200&ssl=1&resize=350%2C200 1x, https:\/\/i0.wp.com\/horsefood.ee\/wp-content\/uploads\/2023\/10\/IMG_0767-scaled.jpeg?fit=900%2C1200&ssl=1&resize=525%2C300 1.5x, https:\/\/i0.wp.com\/horsefood.ee\/wp-content\/uploads\/2023\/10\/IMG_0767-scaled.jpeg?fit=900%2C1200&ssl=1&resize=700%2C400 2x"},"classes":[]},{"id":20613,"url":"https:\/\/horsefood.ee\/latvia\/pood\/horsefood-stomach-protect-seedimine-maohaavad-ph-tasakaal-3000-gr\/","url_meta":{"origin":4128,"position":4},"title":"Horsefood Stomach Protect (seedimine\/maohaavad\/ Ph-tasakaal)  3000 gr","author":"Kaido Koppel","date":"25. Nov 2024","format":false,"excerpt":"Horsefood Stomach Protect aitab hoida hobuse mao happe-aluse tasakaalu. Hobuse magu toodab pidevalt maohapet, mis on vajalik toidu seedimiseks ja kahjulike bakterite h\u00e4vitamiseks. N\u00e4rimine stimuleerib s\u00fclje tootmist, mis aitab maohapet neutraliseerida ja hoida mao pH-taset tasakaalus. Kui hobune ei saa piisavalt n\u00e4rida, v\u00f5ib maohape kahjustada mao limaskesta. Stress v\u00f5ib samuti\u2026","rel":"","context":"Similar post","block_context":{"text":"Similar post","link":""},"img":{"alt_text":"","src":"","width":0,"height":0},"classes":[]},{"id":18096,"url":"https:\/\/horsefood.ee\/latvia\/pood\/detox-immuno-support\/","url_meta":{"origin":4128,"position":5},"title":"Detox Immuno Support (immuunsus\/heaolu\/tervis)","author":"kadri koppel","date":"25. Okt 2023","format":false,"excerpt":"Horsefood Detox Immuno Support on loodud maksa, neerude ja immuuns\u00fcsteemi toetamiseks. M\u00fcrgiste- ja j\u00e4\u00e4kainete eemaldamisel organismist m\u00e4ngivat k\u00f5ige t\u00e4htsamat rolli maks ja neerud. Need organid m\u00f5jutavad ka hobuse hormonaalset tasakaalu ja ainevahetust.\u00a0 \u00d5igeaegne detokskuur on oluline maksa- ja neerufunktsiooni toetamiseks. Antud toode on loodud hobustele, kes vajavad taastumist peale rasket\u2026","rel":"","context":"Similar post","block_context":{"text":"Similar post","link":""},"img":{"alt_text":"","src":"https:\/\/i0.wp.com\/horsefood.ee\/wp-content\/uploads\/2023\/10\/IMG_0772.jpeg?fit=1200%2C1108&ssl=1&resize=350%2C200","width":350,"height":200,"srcset":"https:\/\/i0.wp.com\/horsefood.ee\/wp-content\/uploads\/2023\/10\/IMG_0772.jpeg?fit=1200%2C1108&ssl=1&resize=350%2C200 1x, https:\/\/i0.wp.com\/horsefood.ee\/wp-content\/uploads\/2023\/10\/IMG_0772.jpeg?fit=1200%2C1108&ssl=1&resize=525%2C300 1.5x, https:\/\/i0.wp.com\/horsefood.ee\/wp-content\/uploads\/2023\/10\/IMG_0772.jpeg?fit=1200%2C1108&ssl=1&resize=700%2C400 2x, https:\/\/i0.wp.com\/horsefood.ee\/wp-content\/uploads\/2023\/10\/IMG_0772.jpeg?fit=1200%2C1108&ssl=1&resize=1050%2C600 3x"},"classes":[]}],"_links":{"self":[{"href":"https:\/\/horsefood.ee\/latvia\/wp-json\/wp\/v2\/product\/4128","targetHints":{"allow":["GET"]}}],"collection":[{"href":"https:\/\/horsefood.ee\/latvia\/wp-json\/wp\/v2\/product"}],"about":[{"href":"https:\/\/horsefood.ee\/latvia\/wp-json\/wp\/v2\/types\/product"}],"wp:featuredmedia":[{"embeddable":true,"href":"https:\/\/horsefood.ee\/latvia\/wp-json\/wp\/v2\/media\/18088"}],"wp:attachment":[{"href":"https:\/\/horsefood.ee\/latvia\/wp-json\/wp\/v2\/media?parent=4128"}],"wp:term":[{"taxonomy":"product_brand","embeddable":true,"href":"https:\/\/horsefood.ee\/latvia\/wp-json\/wp\/v2\/product_brand?post=4128"},{"taxonomy":"product_cat","embeddable":true,"href":"https:\/\/horsefood.ee\/latvia\/wp-json\/wp\/v2\/product_cat?post=4128"},{"taxonomy":"product_tag","embeddable":true,"href":"https:\/\/horsefood.ee\/latvia\/wp-json\/wp\/v2\/product_tag?post=4128"}],"curies":[{"name":"wp","href":"https:\/\/api.w.org\/{rel}","templated":true}]}}