{"id":3893,"date":"2017-06-27T15:50:19","date_gmt":"2017-06-27T12:50:19","guid":{"rendered":"http:\/\/horsefood.ee\/?post_type=product&#038;p=3893"},"modified":"2026-04-12T14:47:32","modified_gmt":"2026-04-12T11:47:32","slug":"biotiin-1kg","status":"publish","type":"product","link":"https:\/\/horsefood.ee\/latvia\/pood\/biotiin-1kg\/","title":{"rendered":"Biotinemix (kabjad\/karvkate\/terve nahk) 1000gr"},"content":{"rendered":"<p><strong>Anal\u00fc\u00fctiline koostis:<\/strong><\/p>\n<p>toorproteiin 5,25%<br \/>\ntoorrasv 0,0%<br \/>\ntoortuhk 15,4%<br \/>\ntoorkiud 0,0%<br \/>\nnaatrium 1,15%<\/p>\n<p>&nbsp;<\/p>\n<p>Lisandid\/kg:<br \/>\nBiotiin 3a880 3000 mg<br \/>\nVaskkelaat (gl\u00fctsiin) 3b413 2280 mg<br \/>\nTsinkkelaat (gl\u00fctsiin) 3b607 6500 mg<br \/>\nMangaanikelaat (gl\u00fctsiin) 3b506 3300 mg<\/p>","protected":false},"excerpt":{"rendered":"<hr \/>\n<p>S\u00f6\u00f6dalisand hobustele.<\/p>\n<p><strong>Horsefood Biotine Mix<\/strong> t\u00e4iendab vajalikke toitaineid nii tervete kapjade kasvu ja elastsuse, kui ka karvkatte tiheduse ning tervisliku naha jaoks. Lisatud on kergesti omastatavat tsinki, vaske, kaltsiumi, magneesiumi ja mangaani, mis tagavad hobusele t\u00e4ieliku sisemise toetuse. L\u00fcsiin ja metioniin tagavad t\u00e4iendava valgu kabjamaterjali ja karvade ehitamiseks. Lisaks sisaldab see lisatud MSM-i (<em>Methyl Sulphonyl Methane<\/em>), mis koosneb puhtast v\u00e4\u00e4vlivormist ning soodustab head vereringet.<\/p>\n<p><strong>Koostis:\u00a0<\/strong>dekstroos, sahharoos, naatriumkloriid, MSM 2%, trimagneesiumtsitraat, trinaatriumfosfaat, trikaltsiumtsitraat.<\/p>\n<p><strong>Kasutusjuhend<\/strong>\/p\u00e4evane annus:<\/p>\n<p><strong>Hobune:<\/strong> 1x m\u00f5\u00f5tlusikat\u00e4is (ligikaudu 35 grammi)<\/p>\n<p><strong> Poni:<\/strong> pool hobuse annusest.<\/p>\n<p>&nbsp;<\/p>\n<p>&nbsp;<\/p>","protected":false},"featured_media":18117,"template":"","meta":{"jetpack_post_was_ever_published":false,"jetpack_publicize_message":"","jetpack_publicize_feature_enabled":true,"jetpack_social_post_already_shared":false,"jetpack_social_options":{"image_generator_settings":{"template":"highway","enabled":false},"version":2}},"product_brand":[],"product_cat":[56,40],"product_tag":[77,76,67,65,69],"class_list":{"0":"post-3893","1":"product","2":"type-product","3":"status-publish","4":"has-post-thumbnail","6":"product_cat-horsefoodthebest","7":"product_cat-lisandid","8":"product_tag-harrastus","9":"product_tag-heaolu-ja-tervis","10":"product_tag-keskmine-koormus","11":"product_tag-tippsooritus","12":"product_tag-seenioritele","14":"first","15":"instock","16":"shipping-taxable","17":"purchasable","18":"product-type-simple"},"jetpack_publicize_connections":[],"jetpack_sharing_enabled":true,"jetpack-related-posts":[],"_links":{"self":[{"href":"https:\/\/horsefood.ee\/latvia\/wp-json\/wp\/v2\/product\/3893"}],"collection":[{"href":"https:\/\/horsefood.ee\/latvia\/wp-json\/wp\/v2\/product"}],"about":[{"href":"https:\/\/horsefood.ee\/latvia\/wp-json\/wp\/v2\/types\/product"}],"wp:featuredmedia":[{"embeddable":true,"href":"https:\/\/horsefood.ee\/latvia\/wp-json\/wp\/v2\/media\/18117"}],"wp:attachment":[{"href":"https:\/\/horsefood.ee\/latvia\/wp-json\/wp\/v2\/media?parent=3893"}],"wp:term":[{"taxonomy":"product_brand","embeddable":true,"href":"https:\/\/horsefood.ee\/latvia\/wp-json\/wp\/v2\/product_brand?post=3893"},{"taxonomy":"product_cat","embeddable":true,"href":"https:\/\/horsefood.ee\/latvia\/wp-json\/wp\/v2\/product_cat?post=3893"},{"taxonomy":"product_tag","embeddable":true,"href":"https:\/\/horsefood.ee\/latvia\/wp-json\/wp\/v2\/product_tag?post=3893"}],"curies":[{"name":"wp","href":"https:\/\/api.w.org\/{rel}","templated":true}]}}