{"id":3768,"date":"2017-05-24T00:48:20","date_gmt":"2017-05-23T21:48:20","guid":{"rendered":"http:\/\/horsefood.ee\/?post_type=product&#038;p=3768"},"modified":"2026-04-12T14:41:32","modified_gmt":"2026-04-12T11:41:32","slug":"bodybuilder-1kg","status":"publish","type":"product","link":"https:\/\/horsefood.ee\/latvia\/pood\/bodybuilder-1kg\/","title":{"rendered":"Bodybuilder (sooritusv\u00f5ime \/ lihased) 1000ml"},"content":{"rendered":"<h3><b>Toimeained<\/b><\/h3>\n<ul>\n<li>\n<p class=\"p1\"><b>L-l\u00fcsiinmonoh\u00fcdrokloriid (3c322)<\/b><span class=\"s1\"> \u2013 <\/span><b>28 000 mg<\/b><\/p>\n<p class=\"p2\">Oluline aminohape, mis toetab kasvu ja lihaste arengut<\/p>\n<\/li>\n<li>\n<p class=\"p1\"><b>Metioniini analoog (3c307)<\/b><span class=\"s1\"> \u2013 <\/span><b>15 840 mg<\/b><\/p>\n<p class=\"p2\">Toetab valkude ainevahetust ning naha ja karvkatte seisundit<\/p>\n<\/li>\n<li>\n<p class=\"p1\"><b>L-karnitiin (3a910)<\/b><span class=\"s1\"> \u2013 <\/span><b>9 900 mg<\/b><\/p>\n<p class=\"p2\">Osaleb rasvhapete ainevahetuses ja energia tootmises<\/p>\n<\/li>\n<\/ul>\n<p><strong>Anal\u00fc\u00fctiline koostis: <\/strong><\/p>\n<hr \/>\n<p>66,6% niiskus<\/p>\n<p>19,9% toorproteiin<\/p>\n<p>0,0% toorrasv<\/p>\n<p>1,4% toortuhk<\/p>\n<p>0,0% toorkiud<\/p>\n<p>0,26% naatrium<\/p>\n<p>&nbsp;<\/p>","protected":false},"excerpt":{"rendered":"<h3><b>Toote kirjeldus<\/b><\/h3>\n<p>&nbsp;<\/p>\n<p class=\"p3\"><span class=\"s2\"><b>Horsefood The Best Bodybuilder<\/b><\/span> on s\u00f6\u00f6dalisand hobustele, mis sisaldab mitmek\u00fclgset kombinatsiooni aminohapetest, sh BCAA-d, mis on valkude olulised ehituskomponendid.<\/p>\n<p class=\"p3\">Aminohapped osalevad lihaste ainevahetuses ning aitavad toetada lihaste arengut ja taastumist koormuse ajal ja j\u00e4rel.<\/p>\n<p class=\"p3\">Toode sobib hobustele, kes on regulaarses treeningus, samuti hobustele, kellel esineb lihasv\u00e4simust v\u00f5i tagasihoidlikumat lihaste arengut.<\/p>\n<p style=\"text-align: left;\"><strong>Kasutamine:\u00a0<\/strong>esimesed 4 n\u00e4dalat<\/p>\n<ul>\n<li>poni\/hobune kuni 300kg &#8211; \u00a01 x 25 ml\/p\u00e4evas<\/li>\n<li>hobune 300 &#8211; 600kg &#8211; 2 x 25 ml\/p\u00e4evas<\/li>\n<\/ul>\n<p><strong>\u00a0Peale 4 n\u00e4dalat, v\u00e4hendatakse annust -50%!<\/strong><\/p>\n<p>Enne selle toote kasutamist konsulteerige veterinaariga.<\/p>\n<p>Hoida kuivas ja toatemperatuuril. P\u00e4rast kasutamist sulgege korralikult.<\/p>\n<p>Tootel on piiratud s\u00e4ilivusaeg avamise j\u00e4rel. Hoidke lastele k\u00e4ttesaamatus kohas.<\/p>\n<p>&nbsp;<\/p>\n<p>&nbsp;<\/p>\n<p>&nbsp;<\/p>","protected":false},"featured_media":18087,"template":"","meta":{"jetpack_post_was_ever_published":false,"jetpack_publicize_message":"","jetpack_publicize_feature_enabled":true,"jetpack_social_post_already_shared":false,"jetpack_social_options":{"image_generator_settings":{"template":"highway","default_image_id":0,"font":"","enabled":false},"version":2}},"product_brand":[],"product_cat":[56,40],"product_tag":[77,67,65,81],"class_list":{"0":"post-3768","1":"product","2":"type-product","3":"status-publish","4":"has-post-thumbnail","6":"product_cat-horsefoodthebest","7":"product_cat-lisandid","8":"product_tag-harrastus","9":"product_tag-keskmine-koormus","10":"product_tag-tippsooritus","11":"product_tag-lihased","13":"first","14":"instock","15":"shipping-taxable","16":"purchasable","17":"product-type-simple"},"jetpack_publicize_connections":[],"jetpack_sharing_enabled":true,"jetpack-related-posts":[{"id":22279,"url":"https:\/\/horsefood.ee\/latvia\/pood\/alfalux-cube\/","url_meta":{"origin":3768,"position":0},"title":"Horsefood AlfaLux Cube \u2013 lutsernikuubikud (18 kg)","author":"Kaido Koppel","date":"7. Okt 2025","format":false,"excerpt":"Horsefood AlfaLux Cube on looduslikust lutsernist ja heintaimedest valmistatud kiurikas lisands\u00f6\u00f6t, mis toetab hobuse seedimist ja \u00fcldist heaolu. K\u00f5rge kiusisaldus pikendab s\u00f6\u00f6misprotsessi, soodustab s\u00fclje teket ja aitab s\u00e4ilitada tervet mao- ja soolestikus\u00fcsteemi. Lisatud p\u00fcsihein (sainfoin) on v\u00e4\u00e4rtuslik liblik\u00f5ieline s\u00f6\u00f6dakultuur, mis toetab hobuse immuunsust ja seedimist. Bentoniiit, looduslik savimineraal, aitab kaitsta\u2026","rel":"","context":"Similar post","block_context":{"text":"Similar post","link":""},"img":{"alt_text":"","src":"https:\/\/i0.wp.com\/horsefood.ee\/wp-content\/uploads\/2025\/10\/AlfaLux-Cubes-flyer-EN.png?fit=846%2C1200&ssl=1&resize=350%2C200","width":350,"height":200,"srcset":"https:\/\/i0.wp.com\/horsefood.ee\/wp-content\/uploads\/2025\/10\/AlfaLux-Cubes-flyer-EN.png?fit=846%2C1200&ssl=1&resize=350%2C200 1x, https:\/\/i0.wp.com\/horsefood.ee\/wp-content\/uploads\/2025\/10\/AlfaLux-Cubes-flyer-EN.png?fit=846%2C1200&ssl=1&resize=525%2C300 1.5x, https:\/\/i0.wp.com\/horsefood.ee\/wp-content\/uploads\/2025\/10\/AlfaLux-Cubes-flyer-EN.png?fit=846%2C1200&ssl=1&resize=700%2C400 2x"},"classes":[]},{"id":23133,"url":"https:\/\/horsefood.ee\/latvia\/pood\/pure-sensitive-brok-ei-tee-kuumaks-seedimine-tundlikele-hobustele-20kg\/","url_meta":{"origin":3768,"position":1},"title":"Pure Sensitive brok ( seedimine \/ tundlikele hobustele) 20kg","author":"Kaido Koppel","date":"26. Mar 2026","format":false,"excerpt":"Ei tee hobust kuumaks. Toetab seedimist ja hobuse vastupidavust. Pure Sensitive graanulid on m\u00f5eldud hobustele, kes vajavad stabiilset energiat, head seedimist ja tugevat lihast\u00f6\u00f6d \u2013 ilma liigsete suhkrute ja \u00fcleliigse energiata. Paljud s\u00f6\u00f6dad sisaldavad liiga palju suhkrut ja t\u00e4rklist, mis v\u00f5ib m\u00f5jutada hobuse enesetunnet, seedimist ja lihaste t\u00f6\u00f6d. \ud83d\udc49 See\u2026","rel":"","context":"Similar post","block_context":{"text":"Similar post","link":""},"img":{"alt_text":"","src":"https:\/\/i0.wp.com\/horsefood.ee\/wp-content\/uploads\/2026\/03\/toode-1.png?fit=675%2C1200&ssl=1&resize=350%2C200","width":350,"height":200,"srcset":"https:\/\/i0.wp.com\/horsefood.ee\/wp-content\/uploads\/2026\/03\/toode-1.png?fit=675%2C1200&ssl=1&resize=350%2C200 1x, https:\/\/i0.wp.com\/horsefood.ee\/wp-content\/uploads\/2026\/03\/toode-1.png?fit=675%2C1200&ssl=1&resize=525%2C300 1.5x"},"classes":[]},{"id":17511,"url":"https:\/\/horsefood.ee\/latvia\/pood\/gastro-activecare-mix-teravilja-melassi-ja-gluteenivaba-korge-kiudainesisaldus-lisatud-parm-ja-magneesium-20kg\/","url_meta":{"origin":3768,"position":2},"title":"Gastro Activecare-Mix (teravilja-, melassi- ja gluteenivaba \/ k\u00f5rge kiudainesisaldus \/ lisatud p\u00e4rm ja magneesium \/ k\u00f5rgeim koormus) 20kg","author":"kadri koppel","date":"21. J\u016bl 2023","format":false,"excerpt":"L\u00e4bim\u00f5eldud kiudainerikas m\u00fcsli sporthobustele, kellel on tundlik seedimine, kuid kes t\u00f6\u00f6tavad ka k\u00f5rgema koormuse juures. T\u00e4iends\u00f6\u00f6t. Gastro Activecare-Mix on loodud hobustele, kelle puhul ei sobi traditsioonilised teraviljarikkad s\u00f6\u00f6dad, kuid kellelt oodatakse siiski j\u00f5udlust, vastupidavust ja head t\u00f6\u00f6v\u00f5imet ka intensiivse treeningu ja v\u00f5istlusperioodil. K\u00f5rge toorkiu sisaldus (u 21%) toetab s\u00fclje tootmist\u2026","rel":"","context":"Similar post","block_context":{"text":"Similar post","link":""},"img":{"alt_text":"","src":"https:\/\/i0.wp.com\/horsefood.ee\/wp-content\/uploads\/2023\/07\/Gastro-ActiveCare-Mix-1.jpg?fit=720%2C1024&ssl=1&resize=350%2C200","width":350,"height":200,"srcset":"https:\/\/i0.wp.com\/horsefood.ee\/wp-content\/uploads\/2023\/07\/Gastro-ActiveCare-Mix-1.jpg?fit=720%2C1024&ssl=1&resize=350%2C200 1x, https:\/\/i0.wp.com\/horsefood.ee\/wp-content\/uploads\/2023\/07\/Gastro-ActiveCare-Mix-1.jpg?fit=720%2C1024&ssl=1&resize=525%2C300 1.5x, https:\/\/i0.wp.com\/horsefood.ee\/wp-content\/uploads\/2023\/07\/Gastro-ActiveCare-Mix-1.jpg?fit=720%2C1024&ssl=1&resize=700%2C400 2x"},"classes":[]},{"id":4128,"url":"https:\/\/horsefood.ee\/latvia\/pood\/easy-mag-mix-magneesium\/","url_meta":{"origin":3768,"position":3},"title":"Easy&#038;Relax (magneesium \/ n\u00e4rvis\u00fcsteemi tugevdamine) 1000ml","author":"kadri koppel","date":"18. Aug 2017","format":false,"excerpt":"S\u00f6\u00f6dalisand hobustele. Horsefood Easy & Relax aitab tundlikke hobuseid kahjustamata nende sooritust. Magneesium ja B-vitamiinid m\u00e4ngivad olulist rolli lihaste funktsioneerimisel. Stress treeningu, reisimise v\u00f5i uute olukordade ajal suurendab magneesiumi ja B-vitamiinide puuduse riski ning neid tuleb sellistes olukordades t\u00e4iendada stressi v\u00e4hendava efekti saavutamiseks. Hobused, kes tarbivad Horsefood Easy & Relax'i,\u2026","rel":"","context":"Similar post","block_context":{"text":"Similar post","link":""},"img":{"alt_text":"","src":"https:\/\/i0.wp.com\/horsefood.ee\/wp-content\/uploads\/2023\/10\/IMG_0768-scaled.jpeg?fit=900%2C1200&ssl=1&resize=350%2C200","width":350,"height":200,"srcset":"https:\/\/i0.wp.com\/horsefood.ee\/wp-content\/uploads\/2023\/10\/IMG_0768-scaled.jpeg?fit=900%2C1200&ssl=1&resize=350%2C200 1x, https:\/\/i0.wp.com\/horsefood.ee\/wp-content\/uploads\/2023\/10\/IMG_0768-scaled.jpeg?fit=900%2C1200&ssl=1&resize=525%2C300 1.5x, https:\/\/i0.wp.com\/horsefood.ee\/wp-content\/uploads\/2023\/10\/IMG_0768-scaled.jpeg?fit=900%2C1200&ssl=1&resize=700%2C400 2x"},"classes":[]},{"id":5451,"url":"https:\/\/horsefood.ee\/latvia\/pood\/elektrolyten-mix-elektroluudid-1kg\/","url_meta":{"origin":3768,"position":4},"title":"Elektrolyten+ (elektrol\u00fc\u00fcdid\/taastumine) 1000ml","author":"kadri koppel","date":"17. Apr 2018","format":false,"excerpt":"S\u00f6\u00f6dalisand hobustele. Horsefood Electrolyten+ on ideaalne toode mineraalide ja mikroelementide kiireks t\u00e4iendamiseks suure vedelikukaotuse korral, mis tekib f\u00fc\u00fcsiliste pingutuste tagaj\u00e4rjel. Oluline on seda anda k\u00f5rgetel temperatuuridel ja \u00fclem\u00e4\u00e4rase higistamise korral. Enne ja p\u00e4rast pingutust tuleks anda Electrolyten+ tagamaks hobusele mineraalide tasakaalu ja ennetamaks kehasoolade puudust. See sisaldab kergesti omastatavaid mikroelemente\u2026","rel":"","context":"Similar post","block_context":{"text":"Similar post","link":""},"img":{"alt_text":"","src":"https:\/\/i0.wp.com\/horsefood.ee\/wp-content\/uploads\/2023\/10\/IMG_9750.jpeg?fit=1200%2C1155&ssl=1&resize=350%2C200","width":350,"height":200,"srcset":"https:\/\/i0.wp.com\/horsefood.ee\/wp-content\/uploads\/2023\/10\/IMG_9750.jpeg?fit=1200%2C1155&ssl=1&resize=350%2C200 1x, https:\/\/i0.wp.com\/horsefood.ee\/wp-content\/uploads\/2023\/10\/IMG_9750.jpeg?fit=1200%2C1155&ssl=1&resize=525%2C300 1.5x, https:\/\/i0.wp.com\/horsefood.ee\/wp-content\/uploads\/2023\/10\/IMG_9750.jpeg?fit=1200%2C1155&ssl=1&resize=700%2C400 2x, https:\/\/i0.wp.com\/horsefood.ee\/wp-content\/uploads\/2023\/10\/IMG_9750.jpeg?fit=1200%2C1155&ssl=1&resize=1050%2C600 3x"},"classes":[]},{"id":6622,"url":"https:\/\/horsefood.ee\/latvia\/pood\/e-seleenmix-e-vitamiin-seleen\/","url_meta":{"origin":3768,"position":5},"title":"E-Seleen (k\u00f5ikide rakkude kaitse, immuunsus) 1000ml","author":"kadri koppel","date":"23. Jan 2019","format":false,"excerpt":"T\u00e4iends\u00f6\u00f6t hobustele. Horsefood E-Seleen on v\u00f5imas antioks\u00fcdant, mis pakub tuge hobustele ja ponidele, kes peavad regulaarselt treenima. See on oluline lihaste ja k\u00f5\u00f5luste kaitsmiseks ning nende tippvormis hoidmiseks. See maitsev lisand on kombinatsioon erinevatest E-vitamiini vormidest, sealhulgas looduslikust vormist RRR-alfatokoferoolist, orgaanilisest seleeniallikast, C-vitamiinist ja aminohapetest. E-vitamiin on v\u00f5imas antioks\u00fcdant, mis\u2026","rel":"","context":"Similar post","block_context":{"text":"Similar post","link":""},"img":{"alt_text":"","src":"https:\/\/i0.wp.com\/horsefood.ee\/wp-content\/uploads\/2023\/10\/IMG_0769-1-scaled.jpeg?fit=900%2C1200&ssl=1&resize=350%2C200","width":350,"height":200,"srcset":"https:\/\/i0.wp.com\/horsefood.ee\/wp-content\/uploads\/2023\/10\/IMG_0769-1-scaled.jpeg?fit=900%2C1200&ssl=1&resize=350%2C200 1x, https:\/\/i0.wp.com\/horsefood.ee\/wp-content\/uploads\/2023\/10\/IMG_0769-1-scaled.jpeg?fit=900%2C1200&ssl=1&resize=525%2C300 1.5x, https:\/\/i0.wp.com\/horsefood.ee\/wp-content\/uploads\/2023\/10\/IMG_0769-1-scaled.jpeg?fit=900%2C1200&ssl=1&resize=700%2C400 2x"},"classes":[]}],"_links":{"self":[{"href":"https:\/\/horsefood.ee\/latvia\/wp-json\/wp\/v2\/product\/3768","targetHints":{"allow":["GET"]}}],"collection":[{"href":"https:\/\/horsefood.ee\/latvia\/wp-json\/wp\/v2\/product"}],"about":[{"href":"https:\/\/horsefood.ee\/latvia\/wp-json\/wp\/v2\/types\/product"}],"wp:featuredmedia":[{"embeddable":true,"href":"https:\/\/horsefood.ee\/latvia\/wp-json\/wp\/v2\/media\/18087"}],"wp:attachment":[{"href":"https:\/\/horsefood.ee\/latvia\/wp-json\/wp\/v2\/media?parent=3768"}],"wp:term":[{"taxonomy":"product_brand","embeddable":true,"href":"https:\/\/horsefood.ee\/latvia\/wp-json\/wp\/v2\/product_brand?post=3768"},{"taxonomy":"product_cat","embeddable":true,"href":"https:\/\/horsefood.ee\/latvia\/wp-json\/wp\/v2\/product_cat?post=3768"},{"taxonomy":"product_tag","embeddable":true,"href":"https:\/\/horsefood.ee\/latvia\/wp-json\/wp\/v2\/product_tag?post=3768"}],"curies":[{"name":"wp","href":"https:\/\/api.w.org\/{rel}","templated":true}]}}