{"id":3752,"date":"2017-05-23T21:05:35","date_gmt":"2017-05-23T18:05:35","guid":{"rendered":"http:\/\/horsefood.ee\/?post_type=product&#038;p=3752"},"modified":"2026-04-21T20:18:08","modified_gmt":"2026-04-21T17:18:08","slug":"linaseemneoli-5l","status":"publish","type":"product","link":"https:\/\/horsefood.ee\/latvia\/pood\/linaseemneoli-5l\/","title":{"rendered":"Linaseemne\u00f5li \/ esimene k\u00fclmpress \/ k\u00f5rge toitev\u00e4\u00e4rtus \/ 5000ml"},"content":{"rendered":"<hr \/>\n<p><strong>Anal\u00fc\u00fctiline koostis:\u00a0<\/strong><\/p>\n<ul>\n<li>Toorrasv 88,7%<\/li>\n<li>toorproteiin 0,1%<\/li>\n<li>toorkiud 0,1%<\/li>\n<li>toortuhk 0,1%.<\/li>\n<\/ul>","protected":false},"excerpt":{"rendered":"<p><em><strong>\u00a0<\/strong><\/em><em><strong>Horsefood`the best\u00a0<\/strong><\/em>\u00fclikvaliteetne, esimese k\u00fclmpressi linaseemne\u00f5li. <strong>100% naturaalne toode.<\/strong><\/p>\n<hr \/>\n<p>Linaseemnetes sisalduv\u00a0<strong>Omega-3<\/strong>\u00a0asendamatu rasvhape avaldab hobusele j\u00e4rgmisi toimeid:<\/p>\n<ul>\n<li>paraneb karvkatte ning naha seiuskord; aitab hoida naha niisutatud ja elastsena,<\/li>\n<li>alandab erutuvust\/n\u00e4rvilisust,<\/li>\n<li>alandab allergilisi reaktsioone ning hooajalist naha s\u00fcgelust (suveekseem jm),<\/li>\n<li>alandab p\u00f5letikulisi protsesse loomaorganismis,<\/li>\n<li>paraneb liigeste paindlikkus ja mobiilsus,<\/li>\n<li>omab positiivset m\u00f5ju immuunvastusele, kuigi selle t\u00e4pne f\u00fcsioloogiline toimemehhanism pole veel teadlastele selge ning vajab lisauuringuid.<\/li>\n<\/ul>\n<p><strong>Kasutamine:\u00a0<\/strong>30ml\/p\u00e4evas<\/p>\n<p>S\u00f6\u00f6dalisand.<\/p>\n<p><a href=\"http:\/\/horsefood.ee\/wp-content\/uploads\/2017\/11\/Linaseemne\u00f5li-kanistrid.jpg\"><img loading=\"lazy\" decoding=\"async\" class=\"wp-image-4867 size-medium alignleft\" src=\"http:\/\/horsefood.ee\/wp-content\/uploads\/2017\/11\/Linaseemne\u00f5li-kanistrid-200x300.jpg\" alt=\"\" width=\"200\" height=\"300\" srcset=\"https:\/\/i0.wp.com\/horsefood.ee\/wp-content\/uploads\/2017\/11\/Linaseemne%C3%B5li-kanistrid.jpg?resize=200%2C300&amp;ssl=1 200w, https:\/\/i0.wp.com\/horsefood.ee\/wp-content\/uploads\/2017\/11\/Linaseemne%C3%B5li-kanistrid.jpg?resize=768%2C1151&amp;ssl=1 768w, https:\/\/i0.wp.com\/horsefood.ee\/wp-content\/uploads\/2017\/11\/Linaseemne%C3%B5li-kanistrid.jpg?resize=684%2C1024&amp;ssl=1 684w, https:\/\/i0.wp.com\/horsefood.ee\/wp-content\/uploads\/2017\/11\/Linaseemne%C3%B5li-kanistrid.jpg?resize=120%2C180&amp;ssl=1 120w, https:\/\/i0.wp.com\/horsefood.ee\/wp-content\/uploads\/2017\/11\/Linaseemne%C3%B5li-kanistrid.jpg?resize=400%2C600&amp;ssl=1 400w, https:\/\/i0.wp.com\/horsefood.ee\/wp-content\/uploads\/2017\/11\/Linaseemne%C3%B5li-kanistrid.jpg?w=1367&amp;ssl=1 1367w\" sizes=\"auto, (max-width: 200px) 100vw, 200px\" \/><\/a><\/p>","protected":false},"featured_media":18091,"template":"","meta":{"jetpack_post_was_ever_published":false,"jetpack_publicize_message":"","jetpack_publicize_feature_enabled":true,"jetpack_social_post_already_shared":false,"jetpack_social_options":{"image_generator_settings":{"template":"highway","default_image_id":0,"font":"","enabled":false},"version":2}},"product_brand":[],"product_cat":[56,40],"product_tag":[77,76,67,75,65,73,69,70],"class_list":{"0":"post-3752","1":"product","2":"type-product","3":"status-publish","4":"has-post-thumbnail","6":"product_cat-horsefoodthebest","7":"product_cat-lisandid","8":"product_tag-harrastus","9":"product_tag-heaolu-ja-tervis","10":"product_tag-keskmine-koormus","11":"product_tag-konditsiooni-parandamine","12":"product_tag-tippsooritus","13":"product_tag-seedimisprobleemid","14":"product_tag-seenioritele","15":"product_tag-aretussoodad","17":"first","18":"instock","19":"shipping-taxable","20":"purchasable","21":"product-type-simple"},"jetpack_publicize_connections":[],"jetpack_sharing_enabled":true,"jetpack-related-posts":[{"id":3746,"url":"https:\/\/horsefood.ee\/latvia\/pood\/linaseemned-kohe-kasutusvalmis-sootmiseks-20kg\/","url_meta":{"origin":3752,"position":0},"title":"Linaseemned kohe valmis s\u00f6\u00f6tmiseks (seedimine \/ heaolu) 20kg","author":"kadri koppel","date":"23. Mai 2017","format":false,"excerpt":"T\u00e4iends\u00f6\u00f6t. Horsefood` the best linaseemned on kohe kasutusvalmis s\u00f6\u00f6tmiseks.\u00a0Tootes sisaldub nn linataimeliim+linaseemne\u00f5li+seemnemass. K\u00f5rge \u00f5li sisaldusega.\u00a0Tolmuvabad.\u00a0 Horsefood`the best linaseemned kohe valmis s\u00f6\u00f6tmiseks: \u2013 annab\u00a0karvale\u00a0kauni\u00a0ja\u00a0t\u00e4iusliku\u00a0l\u00e4ike, \u2013\u00a0seedimise\u00a0soodustamiseks\u00a0\u2013\u00a0ennetab koolikuid. Kuivana s\u00f6\u00f6tes soodustab s\u00fcljeeritust, mis aitab neutraliseerida maohapet. Maos on parem pH tasakaal ning v\u00e4heneb v\u00f5imalus maohaavandite tekkimiseks, \u2013 aitab\u00a0piimhappej\u00e4\u00e4ke\u00a0kehast\u00a0v\u00e4ljutada, \u2013 sisaldab\u00a0inuliini\u00a06%\u00a0\u2013\u00a0toimib\u00a0kui\u00a0prebiootikum,\u00a0mis\u00a0soodustab\u00a0piimhappebakterite\u00a0kasvu, \u2013 k\u00f5rgem\u00a0E-vitamiini\u00a0sisaldus, \u2013\u00a0Omega-3\u00a0\u2013\u00a0aeglaselt\u00a0vabanev\u00a0energia\u00a0\u2013\u00a0sobib\u00a0kestvusspordialadele.\u2026","rel":"","context":"Similar post","block_context":{"text":"Similar post","link":""},"img":{"alt_text":"","src":"https:\/\/i0.wp.com\/horsefood.ee\/wp-content\/uploads\/2017\/05\/Lijnzaad-Kantklaar-1.jpg?fit=383%2C575&ssl=1&resize=350%2C200","width":350,"height":200},"classes":[]},{"id":3502,"url":"https:\/\/horsefood.ee\/latvia\/pood\/linaseemned-kohe-valmis-sootmiseks\/","url_meta":{"origin":3752,"position":1},"title":"Linaseemned kohe valmis s\u00f6\u00f6tmiseks (seedimine \/ heaolu) 5kg","author":"Georg Koppel","date":"14. Apr 2017","format":false,"excerpt":"T\u00e4iends\u00f6\u00f6t.\u00a0Horsefood`the best\u00a0linaseemned on kohe kasutusvalmis s\u00f6\u00f6tmiseks.\u00a0Tootes sisaldub nn linataimeliim+linaseemne\u00f5li+seemnemass. K\u00f5rge \u00f5li sisaldusega.\u00a0Tolmuvabad.\u00a0 Horsefood`the best\u00a0linaseemned kohe valmis s\u00f6\u00f6tmiseks: - annab\u00a0karvale\u00a0kauni\u00a0ja\u00a0t\u00e4iusliku\u00a0l\u00e4ike, - seedimise\u00a0soodustamiseks\u00a0-\u00a0ennetab koolikuid. Kuivana s\u00f6\u00f6tes soodustab s\u00fcljeeritust, mis aitab neutraliseerida maohapet. Maos on parem pH tasakaal ning v\u00e4heneb v\u00f5imalus maohaavandite tekkimiseks, - aitab\u00a0piimhappej\u00e4\u00e4ke\u00a0kehast\u00a0v\u00e4ljutada, - sisaldab\u00a0inuliini\u00a06%\u00a0-\u00a0toimib\u00a0kui\u00a0prebiootikum,\u00a0mis\u00a0soodustab\u00a0piimhappebakterite\u00a0kasvu, - k\u00f5rgem\u00a0E-vitamiini\u00a0sisaldus: antioks\u00fcdant, -\u00a0Omega-3\u00a0-\u00a0aeglaselt\u00a0vabanev\u00a0energia\u00a0-\u00a0sobib\u00a0kestvusspordialadele. Koostis:\u00a0linaseemned, nisukuskuss,\u2026","rel":"","context":"Similar post","block_context":{"text":"Similar post","link":""},"img":{"alt_text":"","src":"https:\/\/i0.wp.com\/horsefood.ee\/wp-content\/uploads\/2017\/11\/Linaseemned-kohe-valmis-s%C3%B6%C3%B6tmiseks-e1513026266477.jpg?fit=794%2C1190&ssl=1&resize=350%2C200","width":350,"height":200,"srcset":"https:\/\/i0.wp.com\/horsefood.ee\/wp-content\/uploads\/2017\/11\/Linaseemned-kohe-valmis-s%C3%B6%C3%B6tmiseks-e1513026266477.jpg?fit=794%2C1190&ssl=1&resize=350%2C200 1x, https:\/\/i0.wp.com\/horsefood.ee\/wp-content\/uploads\/2017\/11\/Linaseemned-kohe-valmis-s%C3%B6%C3%B6tmiseks-e1513026266477.jpg?fit=794%2C1190&ssl=1&resize=525%2C300 1.5x, https:\/\/i0.wp.com\/horsefood.ee\/wp-content\/uploads\/2017\/11\/Linaseemned-kohe-valmis-s%C3%B6%C3%B6tmiseks-e1513026266477.jpg?fit=794%2C1190&ssl=1&resize=700%2C400 2x"},"classes":[]},{"id":4127,"url":"https:\/\/horsefood.ee\/latvia\/pood\/zeewier-mix-valik-mineraale-ca-biotiin-se-na-2kg\/","url_meta":{"origin":3752,"position":2},"title":"Zeewierbrokjes \/merevetikad (valik mineraale: Ca, biotiin, Se, Na) 2kg","author":"kadri koppel","date":"18. Aug 2017","format":false,"excerpt":"S\u00f6\u00f6dalisand. Valik mineraale. Merevetikad.\u00a0Puhas, naturaalne toode. vitamiinid: A, B1, B2, B3, B12, D-vitamiin ja E-vitamiin, mineraalained: Ca, biotiin, Se, Na. Horsefood`The best\u00a0merevetikad on turvaline valik ja uus t\u00e4iendus hobuste toidulauale. Kui j\u00e4lgid soovituslikke p\u00e4evaannuseid, siis on tegemist turvalise ja suurep\u00e4rase tootega,\u00a0 kuna merevetikates on looduslik valik erinevaid vitamiine, mineraale, mikroelemente\u2026","rel":"","context":"Similar post","block_context":{"text":"Similar post","link":""},"img":{"alt_text":"","src":"https:\/\/i0.wp.com\/horsefood.ee\/wp-content\/uploads\/2017\/11\/Merevetikad.jpg?fit=801%2C1200&ssl=1&resize=350%2C200","width":350,"height":200,"srcset":"https:\/\/i0.wp.com\/horsefood.ee\/wp-content\/uploads\/2017\/11\/Merevetikad.jpg?fit=801%2C1200&ssl=1&resize=350%2C200 1x, https:\/\/i0.wp.com\/horsefood.ee\/wp-content\/uploads\/2017\/11\/Merevetikad.jpg?fit=801%2C1200&ssl=1&resize=525%2C300 1.5x, https:\/\/i0.wp.com\/horsefood.ee\/wp-content\/uploads\/2017\/11\/Merevetikad.jpg?fit=801%2C1200&ssl=1&resize=700%2C400 2x"},"classes":[]},{"id":12963,"url":"https:\/\/horsefood.ee\/latvia\/pood\/hydra-fix-horse-lipstick\/","url_meta":{"origin":3752,"position":3},"title":"HYDRA-FIX HORSE LIPSTICK (Huulepulk hobusele) 100ml","author":"Kaido Koppel","date":"11. Mai 2021","format":false,"excerpt":"Hydra-Fix Horse huulepulk: kaitseb suud ja huuli kuivade, l\u00f5henenud ja\/v\u00f5i karedate suunurkade vastu, kaitseb ja aitab ninal taastuda tugevate p\u00e4ikesep\u00f5letuste korral, v\u00e4hendab naha punetust \u00fchtlaselt pika aja v\u00e4ltel. Hobuse suu, huuled ja nina puutuvad pidevalt kokku erinevate stressifaktoritega nagu valjad ja suulised aga ka keskkonnateguritega nagu tugev p\u00e4ike, temperatuurik\u00f5ikumised ja\u2026","rel":"","context":"Similar post","block_context":{"text":"Similar post","link":""},"img":{"alt_text":"","src":"https:\/\/i0.wp.com\/horsefood.ee\/wp-content\/uploads\/2021\/05\/lipstick-1200.jpg?fit=1200%2C1200&ssl=1&resize=350%2C200","width":350,"height":200,"srcset":"https:\/\/i0.wp.com\/horsefood.ee\/wp-content\/uploads\/2021\/05\/lipstick-1200.jpg?fit=1200%2C1200&ssl=1&resize=350%2C200 1x, https:\/\/i0.wp.com\/horsefood.ee\/wp-content\/uploads\/2021\/05\/lipstick-1200.jpg?fit=1200%2C1200&ssl=1&resize=525%2C300 1.5x, https:\/\/i0.wp.com\/horsefood.ee\/wp-content\/uploads\/2021\/05\/lipstick-1200.jpg?fit=1200%2C1200&ssl=1&resize=700%2C400 2x, https:\/\/i0.wp.com\/horsefood.ee\/wp-content\/uploads\/2021\/05\/lipstick-1200.jpg?fit=1200%2C1200&ssl=1&resize=1050%2C600 3x"},"classes":[]},{"id":3893,"url":"https:\/\/horsefood.ee\/latvia\/pood\/biotiin-1kg\/","url_meta":{"origin":3752,"position":4},"title":"Biotinemix (kabjad\/karvkate\/terve nahk) 1000gr","author":"kadri koppel","date":"27. J\u016bn 2017","format":false,"excerpt":"S\u00f6\u00f6dalisand hobustele. Horsefood Biotine Mix t\u00e4iendab vajalikke toitaineid nii tervete kapjade kasvu ja elastsuse, kui ka karvkatte tiheduse ning tervisliku naha jaoks. Lisatud on kergesti omastatavat tsinki, vaske, kaltsiumi, magneesiumi ja mangaani, mis tagavad hobusele t\u00e4ieliku sisemise toetuse. L\u00fcsiin ja metioniin tagavad t\u00e4iendava valgu kabjamaterjali ja karvade ehitamiseks. Lisaks sisaldab\u2026","rel":"","context":"Similar post","block_context":{"text":"Similar post","link":""},"img":{"alt_text":"","src":"https:\/\/i0.wp.com\/horsefood.ee\/wp-content\/uploads\/2017\/06\/Biotinemix.png?fit=800%2C800&ssl=1&resize=350%2C200","width":350,"height":200,"srcset":"https:\/\/i0.wp.com\/horsefood.ee\/wp-content\/uploads\/2017\/06\/Biotinemix.png?fit=800%2C800&ssl=1&resize=350%2C200 1x, https:\/\/i0.wp.com\/horsefood.ee\/wp-content\/uploads\/2017\/06\/Biotinemix.png?fit=800%2C800&ssl=1&resize=525%2C300 1.5x, https:\/\/i0.wp.com\/horsefood.ee\/wp-content\/uploads\/2017\/06\/Biotinemix.png?fit=800%2C800&ssl=1&resize=700%2C400 2x"},"classes":[]},{"id":3768,"url":"https:\/\/horsefood.ee\/latvia\/pood\/bodybuilder-1kg\/","url_meta":{"origin":3752,"position":5},"title":"Bodybuilder (sooritusv\u00f5ime \/ lihased) 1000ml","author":"kadri koppel","date":"24. Mai 2017","format":false,"excerpt":"Toote kirjeldus \u00a0 Horsefood The Best Bodybuilder on s\u00f6\u00f6dalisand hobustele, mis sisaldab mitmek\u00fclgset kombinatsiooni aminohapetest, sh BCAA-d, mis on valkude olulised ehituskomponendid. Aminohapped osalevad lihaste ainevahetuses ning aitavad toetada lihaste arengut ja taastumist koormuse ajal ja j\u00e4rel. Toode sobib hobustele, kes on regulaarses treeningus, samuti hobustele, kellel esineb lihasv\u00e4simust v\u00f5i\u2026","rel":"","context":"Similar post","block_context":{"text":"Similar post","link":""},"img":{"alt_text":"","src":"https:\/\/i0.wp.com\/horsefood.ee\/wp-content\/uploads\/2023\/10\/IMG_0767-scaled.jpeg?fit=900%2C1200&ssl=1&resize=350%2C200","width":350,"height":200,"srcset":"https:\/\/i0.wp.com\/horsefood.ee\/wp-content\/uploads\/2023\/10\/IMG_0767-scaled.jpeg?fit=900%2C1200&ssl=1&resize=350%2C200 1x, https:\/\/i0.wp.com\/horsefood.ee\/wp-content\/uploads\/2023\/10\/IMG_0767-scaled.jpeg?fit=900%2C1200&ssl=1&resize=525%2C300 1.5x, https:\/\/i0.wp.com\/horsefood.ee\/wp-content\/uploads\/2023\/10\/IMG_0767-scaled.jpeg?fit=900%2C1200&ssl=1&resize=700%2C400 2x"},"classes":[]}],"_links":{"self":[{"href":"https:\/\/horsefood.ee\/latvia\/wp-json\/wp\/v2\/product\/3752","targetHints":{"allow":["GET"]}}],"collection":[{"href":"https:\/\/horsefood.ee\/latvia\/wp-json\/wp\/v2\/product"}],"about":[{"href":"https:\/\/horsefood.ee\/latvia\/wp-json\/wp\/v2\/types\/product"}],"wp:featuredmedia":[{"embeddable":true,"href":"https:\/\/horsefood.ee\/latvia\/wp-json\/wp\/v2\/media\/18091"}],"wp:attachment":[{"href":"https:\/\/horsefood.ee\/latvia\/wp-json\/wp\/v2\/media?parent=3752"}],"wp:term":[{"taxonomy":"product_brand","embeddable":true,"href":"https:\/\/horsefood.ee\/latvia\/wp-json\/wp\/v2\/product_brand?post=3752"},{"taxonomy":"product_cat","embeddable":true,"href":"https:\/\/horsefood.ee\/latvia\/wp-json\/wp\/v2\/product_cat?post=3752"},{"taxonomy":"product_tag","embeddable":true,"href":"https:\/\/horsefood.ee\/latvia\/wp-json\/wp\/v2\/product_tag?post=3752"}],"curies":[{"name":"wp","href":"https:\/\/api.w.org\/{rel}","templated":true}]}}