{"id":3749,"date":"2017-05-23T20:53:09","date_gmt":"2017-05-23T17:53:09","guid":{"rendered":"http:\/\/horsefood.ee\/?post_type=product&#038;p=3749"},"modified":"2026-04-01T09:14:06","modified_gmt":"2026-04-01T06:14:06","slug":"vitahorse-korrels-mineraalid-25kg","status":"publish","type":"product","link":"https:\/\/horsefood.ee\/latvia\/pood\/vitahorse-korrels-mineraalid-25kg\/","title":{"rendered":"Vita Horse Korrels (vitamiinid\/mineraalid\/immuunsus\/j\u00f5udlus) 25kg"},"content":{"rendered":"<p><strong>NB! Kasutatakse naturaalseid komponente ning sellest johtuvalt v\u00f5ivad osad m\u00e4rgitud v\u00e4\u00e4rtused m\u00f5ningal m\u00e4\u00e4ral k\u00f5ikuda!<\/strong><\/p>\n<h2><b>Anal\u00fc\u00fctilised koostisosad (kg kohta)<\/b><\/h2>\n<p class=\"p3\">EWPa \u2013 0,30<\/p>\n<p class=\"p3\">VREp \u2013 2,5%<\/p>\n<p class=\"p3\">Toorvalk \u2013 5,7%<\/p>\n<p class=\"p3\">Toorrasv \u2013 5,5%<\/p>\n<p class=\"p3\">Toorkiud \u2013 2,1%<\/p>\n<p class=\"p3\">Toortuhk \u2013 6,5%<\/p>\n<p class=\"p3\">Suhkur \u2013 2,0%<\/p>\n<p class=\"p3\">T\u00e4rklis \u2013 7,0%<\/p>\n<p class=\"p3\">Kaltsium \u2013 15,0 g<\/p>\n<p class=\"p3\">Fosfor \u2013 5,0 g<\/p>\n<p class=\"p3\">Naatrium \u2013 0,2 g<\/p>\n<p class=\"p3\">Magneesium \u2013 0,3 g<\/p>\n<p class=\"p3\">Vask \u2013 600 mg<\/p>\n<p class=\"p3\">Tsink \u2013 1 800 mg<\/p>\n<h1><b>Lisandid (kg kohta)<\/b><\/h1>\n<p class=\"p3\">A-vitamiin (3a672a) \u2013 400 000 R\u00dc<\/p>\n<p class=\"p3\">D3-vitamiin (3a671) \u2013 80 000 R\u00dc<\/p>\n<p class=\"p3\">E-vitamiin (3a700) \u2013 4 000 mg<\/p>\n<p class=\"p3\">B1-vitamiin (tiamiinmononitraadina) (3a821) \u2013 30 mg<\/p>\n<p class=\"p3\">B2-vitamiin (riboflaviin) (3a825) \u2013 150 mg<\/p>\n<p class=\"p3\">B6-vitamiin (p\u00fcridoksiinvesinikkloriidina) (3a831) \u2013 30 mg<\/p>\n<p class=\"p3\">B12-vitamiin (ts\u00fcanokobalamiin) (3a835) \u2013 600 \u00b5g<\/p>\n<p class=\"p3\">Biotiin (3a880) \u2013 40 000 \u00b5g<\/p>\n<p class=\"p3\">Raud (raud(II)sulfaadina, monoh\u00fcdraat) (3b103) \u2013 6 000 mg<\/p>\n<p class=\"p3\">Mangaan (mangaanoksiidina) (3b502) \u2013 3 000 mg<\/p>\n<p class=\"p3\">Vask (vasksulfaadina, pentah\u00fcdraat) (3b405) \u2013 600 mg<\/p>\n<p class=\"p3\">Tsink (tsinksulfaadina, monoh\u00fcdraat) (3b605) \u2013 1 800 mg<\/p>\n<p class=\"p3\">Koobalt (koobalt(II)karbonaadina, kaetud) (3b304) \u2013 50 mg<\/p>\n<p class=\"p3\">Seleen (naatriumseleniidina) (3b801) \u2013 10 000 \u00b5g<\/p>\n<p class=\"p3\">Jood (kaltsiumjodaadina, veevaba) (3b202) \u2013 50 mg<\/p>\n<hr \/>\n<p>&nbsp;<\/p>","protected":false},"excerpt":{"rendered":"<p><strong>Maksimumkogus vitamiine\/mineraale. <\/strong><span style=\"color: #ff0000;\"><span style=\"color: #000000;\">N\u00fc\u00fcd<\/span> <strong>25kg<\/strong> <span style=\"color: #000000;\">kottides!<\/span><\/span><\/p>\n<p>Maksimaalselt vitaminiseeritud\/ mineraliseeritud\/mikroelementidega varustatud graanulid, mis sobivad s\u00f6\u00f6tmiseks k\u00f5ikidele hobustele\/ponidele! Lisands\u00f6\u00f6t.<\/p>\n<p><b>Horsefood`the best <\/b>Vita Horse Korrels\u00a0toote funktsioonid:<\/p>\n<ul>\n<li>\u00fclalpidamiseks,<\/li>\n<li>enne ja\u00a0peale rasket f\u00fc\u00fcsilist koormust, taastumiseks.<\/li>\n<\/ul>\n<p>Graanulid on v\u00e4ga soovitatavad hobustele, kellede ratsioon koosneb peamiselt kores\u00f6\u00f6dast.<\/p>\n<p>Annustamine\/p\u00e4evas:<br \/>\n<strong>\u00dclalpidamine<\/strong>: 5gr\/100kg kehakaalu kohta<br \/>\n<strong>Kiiremaks taastumiseks:<\/strong>\u00a010gr\/100kg kehakaalu kohta (maksimaalselt 14 p\u00e4eva!!)<br \/>\n<strong>Tiined m\u00e4rad (3kuud enne oodatavat poegimist)<\/strong><strong>:\u00a0<\/strong>10gr\/100kg kehakaalu kohta<\/p>\n<p>V\u00f5ib s\u00f6\u00f6ta puhtalt v\u00f5i lisada teraviljale\/graanulitele\/m\u00fcslidele!<\/p>\n<p><strong>KULU ARVESTUS<\/strong>: N\u00e4iteks toome 600kg kaaluv hobune vajab \u00fclalpidamiseks 30gr Vita Horse Korrel`s p\u00e4evas. 25kg=25000gr : 30=833 doosi <strong>1 DOOSI HIND = 0.09eur<\/strong><\/p>\n<p><a href=\"http:\/\/horsefood.ee\/wp-content\/uploads\/2017\/05\/Elu-ilma-j\u00f5us\u00f6\u00f6data.png\"><img loading=\"lazy\" decoding=\"async\" class=\"size-large wp-image-6229 alignleft\" src=\"http:\/\/horsefood.ee\/wp-content\/uploads\/2017\/05\/Elu-ilma-j\u00f5us\u00f6\u00f6data-724x1024.png\" alt=\"\" width=\"724\" height=\"1024\" srcset=\"https:\/\/i0.wp.com\/horsefood.ee\/wp-content\/uploads\/2017\/05\/Elu-ilma-j%C3%B5us%C3%B6%C3%B6data.png?resize=724%2C1024&amp;ssl=1 724w, https:\/\/i0.wp.com\/horsefood.ee\/wp-content\/uploads\/2017\/05\/Elu-ilma-j%C3%B5us%C3%B6%C3%B6data.png?resize=212%2C300&amp;ssl=1 212w, https:\/\/i0.wp.com\/horsefood.ee\/wp-content\/uploads\/2017\/05\/Elu-ilma-j%C3%B5us%C3%B6%C3%B6data.png?resize=768%2C1086&amp;ssl=1 768w, https:\/\/i0.wp.com\/horsefood.ee\/wp-content\/uploads\/2017\/05\/Elu-ilma-j%C3%B5us%C3%B6%C3%B6data.png?resize=424%2C600&amp;ssl=1 424w, https:\/\/i0.wp.com\/horsefood.ee\/wp-content\/uploads\/2017\/05\/Elu-ilma-j%C3%B5us%C3%B6%C3%B6data.png?w=794&amp;ssl=1 794w\" sizes=\"auto, (max-width: 724px) 100vw, 724px\" \/><\/a><\/p>\n<p>&nbsp;<\/p>\n<p>&nbsp;<\/p>\n<p>&nbsp;<\/p>","protected":false},"featured_media":5963,"template":"","meta":{"jetpack_post_was_ever_published":false,"jetpack_publicize_message":"","jetpack_publicize_feature_enabled":true,"jetpack_social_post_already_shared":false,"jetpack_social_options":{"image_generator_settings":{"template":"highway","default_image_id":0,"font":"","enabled":false},"version":2}},"product_brand":[],"product_cat":[56,52],"product_tag":[79],"class_list":{"0":"post-3749","1":"product","2":"type-product","3":"status-publish","4":"has-post-thumbnail","6":"product_cat-horsefoodthebest","7":"product_cat-mineraalid","8":"product_tag-mineraalid","10":"first","11":"instock","12":"shipping-taxable","13":"purchasable","14":"product-type-simple"},"jetpack_publicize_connections":[],"jetpack_sharing_enabled":true,"jetpack-related-posts":[{"id":19604,"url":"https:\/\/horsefood.ee\/latvia\/pood\/horsefood-licks-optimaalne-kogus-vitamiinie-mineraale-ja-mikroelemente-15kg\/","url_meta":{"origin":3749,"position":0},"title":"Horsefood Licks  (optimaalne kogus  vitamiinie, mineraale ja mikroelemente)  15kg","author":"Kaido Koppel","date":"10. J\u016bn 2024","format":false,"excerpt":"See suurp\u00e4rane vitamiini\u00e4mber pakub hobustele optimaalset vitamiinide, mineraalide ja mikroelementide t\u00e4iendust, toetades hobuse tervist. - Sobib hobustele, kes ei saa lisands\u00f6\u00f6ta. - Suurep\u00e4rane t\u00e4iendus noorte hobuste kasvatamisel. - Ideaalne karjatamisel. - Sobib tiinetele ja imetavatele m\u00e4radele. - Kergesti omastatav. Horsefood Licks on hea imendumisv\u00f5imega ja on rikastatud k\u00fc\u00fcslaugu ekstraktiga. Pakub\u2026","rel":"","context":"Similar post","block_context":{"text":"Similar post","link":""},"img":{"alt_text":"","src":"https:\/\/i0.wp.com\/horsefood.ee\/wp-content\/uploads\/2024\/06\/HF_Licks_Mineralenemmer.png?fit=800%2C800&ssl=1&resize=350%2C200","width":350,"height":200,"srcset":"https:\/\/i0.wp.com\/horsefood.ee\/wp-content\/uploads\/2024\/06\/HF_Licks_Mineralenemmer.png?fit=800%2C800&ssl=1&resize=350%2C200 1x, https:\/\/i0.wp.com\/horsefood.ee\/wp-content\/uploads\/2024\/06\/HF_Licks_Mineralenemmer.png?fit=800%2C800&ssl=1&resize=525%2C300 1.5x, https:\/\/i0.wp.com\/horsefood.ee\/wp-content\/uploads\/2024\/06\/HF_Licks_Mineralenemmer.png?fit=800%2C800&ssl=1&resize=700%2C400 2x"},"classes":[]},{"id":7118,"url":"https:\/\/horsefood.ee\/latvia\/pood\/eko-kvaliteedimargiga-graanulid-25kg\/","url_meta":{"origin":3749,"position":1},"title":"Mahem\u00e4rgisega \u00f6koloogilised s\u00f6\u00f6dagraanulid (k\u00f5ik hobuspordi distsipliinid) 20kg. (Ettetellimisel)","author":"kadri koppel","date":"13. Mar 2019","format":false,"excerpt":"EKO\u00a0(haldaja Skal \u2013 mittetulunduslik orgaanilise toodangu inspektsioon) on Hollandi mahem\u00e4rgis. Vastab Euroopa \u00dchenduse mahem\u00e4rgise kriteeriumitele EU 834\/2007.\u00a0 Graanuli suurus 5mm. T\u00e4iends\u00f6\u00f6t. Antud v\u00e4\u00e4rtuslik hobus\u00f6\u00f6dagraanul on v\u00e4etiste, pestitsiidide, geneetilise muundamise ning keemilise t\u00f6\u00f6tlemise vaba. 100% bioloogilised agrikultuurid!\u00a0 Koostis: nisu, oder, kaer, nisu semolina, mais, spelta, peedimelass, linaseemned, p\u00e4evalilleseemne helbed, kriit, monokaltsiumfosfaat,\u2026","rel":"","context":"Similar post","block_context":{"text":"Similar post","link":""},"img":{"alt_text":"","src":"https:\/\/i0.wp.com\/horsefood.ee\/wp-content\/uploads\/2019\/03\/Bioloogilised-graanulid.png?fit=365%2C500&ssl=1&resize=350%2C200","width":350,"height":200},"classes":[]},{"id":23133,"url":"https:\/\/horsefood.ee\/latvia\/pood\/pure-sensitive-brok-ei-tee-kuumaks-seedimine-tundlikele-hobustele-20kg\/","url_meta":{"origin":3749,"position":2},"title":"Pure Sensitive brok ( seedimine \/ tundlikele hobustele) 20kg","author":"Kaido Koppel","date":"26. Mar 2026","format":false,"excerpt":"Ei tee hobust kuumaks. Toetab seedimist ja hobuse vastupidavust. Pure Sensitive graanulid on m\u00f5eldud hobustele, kes vajavad stabiilset energiat, head seedimist ja tugevat lihast\u00f6\u00f6d \u2013 ilma liigsete suhkrute ja \u00fcleliigse energiata. Paljud s\u00f6\u00f6dad sisaldavad liiga palju suhkrut ja t\u00e4rklist, mis v\u00f5ib m\u00f5jutada hobuse enesetunnet, seedimist ja lihaste t\u00f6\u00f6d. \ud83d\udc49 See\u2026","rel":"","context":"Similar post","block_context":{"text":"Similar post","link":""},"img":{"alt_text":"","src":"https:\/\/i0.wp.com\/horsefood.ee\/wp-content\/uploads\/2026\/03\/toode-1.png?fit=675%2C1200&ssl=1&resize=350%2C200","width":350,"height":200,"srcset":"https:\/\/i0.wp.com\/horsefood.ee\/wp-content\/uploads\/2026\/03\/toode-1.png?fit=675%2C1200&ssl=1&resize=350%2C200 1x, https:\/\/i0.wp.com\/horsefood.ee\/wp-content\/uploads\/2026\/03\/toode-1.png?fit=675%2C1200&ssl=1&resize=525%2C300 1.5x"},"classes":[]},{"id":17597,"url":"https:\/\/horsefood.ee\/latvia\/pood\/all-round-paardenbrok-ulalpidamisgraanul-1000kg-ettetellimisel\/","url_meta":{"origin":3749,"position":3},"title":"All-round paardenbrok (igap\u00e4evane graanul \/ m\u00f5\u00f5dukas koormus) Bigbox 1000,0kg ettetellimisel!","author":"Kaido Koppel","date":"6. Aug 2023","format":false,"excerpt":"Ilma kaerata, suure vitamiinide-, mineraalide ja mikroelementide osakaaluga. Optimaalne graanul, mis sobib k\u00f5ikidele madalat energiataset n\u00f5udvatele hobustele ja ponidele.\u00a0 See lisands\u00f6\u00f6t sisaldab enam kui k\u00fcllaldaselt vajalikke toitaineid, mis on vajalikud hoolduss\u00f6\u00f6dana. See graanul sobib ka kores\u00f6\u00f6da lisandiks, kui hobune on \u00fclalpidamisel v\u00f5i teeb kergemat t\u00f6\u00f6d. Koostis: nisu, oder, mais, kaerajahu,\u2026","rel":"","context":"Similar post","block_context":{"text":"Similar post","link":""},"img":{"alt_text":"","src":"https:\/\/i0.wp.com\/horsefood.ee\/wp-content\/uploads\/2023\/08\/Big-Box.-Horsefood-the-best-scaled.jpg?fit=1135%2C1200&ssl=1&resize=350%2C200","width":350,"height":200,"srcset":"https:\/\/i0.wp.com\/horsefood.ee\/wp-content\/uploads\/2023\/08\/Big-Box.-Horsefood-the-best-scaled.jpg?fit=1135%2C1200&ssl=1&resize=350%2C200 1x, https:\/\/i0.wp.com\/horsefood.ee\/wp-content\/uploads\/2023\/08\/Big-Box.-Horsefood-the-best-scaled.jpg?fit=1135%2C1200&ssl=1&resize=525%2C300 1.5x, https:\/\/i0.wp.com\/horsefood.ee\/wp-content\/uploads\/2023\/08\/Big-Box.-Horsefood-the-best-scaled.jpg?fit=1135%2C1200&ssl=1&resize=700%2C400 2x, https:\/\/i0.wp.com\/horsefood.ee\/wp-content\/uploads\/2023\/08\/Big-Box.-Horsefood-the-best-scaled.jpg?fit=1135%2C1200&ssl=1&resize=1050%2C600 3x"},"classes":[]},{"id":3506,"url":"https:\/\/horsefood.ee\/latvia\/pood\/vitahorse-korrels-mineraalid\/","url_meta":{"origin":3749,"position":4},"title":"Vita Horse Korrels (vitamiinid\/mineraalid\/immuunsus\/j\u00f5udlus) 5kg","author":"Georg Koppel","date":"14. Apr 2017","format":false,"excerpt":"Maksimumkogus vitamiine\/mineraale.\u00a0 Maksimaalselt vitaminiseeritud\/ mineraliseeritud\/mikroelementidega varustatud graanulid, mis sobivad s\u00f6\u00f6tmiseks k\u00f5ikidele hobustele\/ponidele! S\u00f6\u00f6dalisand. Horsefood`the best Vita Horse Korrels \u00a0toote funktsioonid: \u00fclalpidamiseks, enne ja\u00a0peale rasket f\u00fc\u00fcsilist koormust, taastumiseks. Graanulid on v\u00e4ga soovitatavad hobustele, kellede ratsioon koosneb peamiselt kores\u00f6\u00f6dast. Annustamine\/p\u00e4evas: \u00dclalpidamine: 5gr\/100kg kehakaalu kohta Kiiremaks taastumiseks:\u00a010gr\/100kg kehakaalu kohta (maksimaalselt 14 p\u00e4eva!!) Tiined\u2026","rel":"","context":"Similar post","block_context":{"text":"Similar post","link":""},"img":{"alt_text":"","src":"https:\/\/i0.wp.com\/horsefood.ee\/wp-content\/uploads\/2017\/10\/Mineraalid.jpg?fit=801%2C1200&ssl=1&resize=350%2C200","width":350,"height":200,"srcset":"https:\/\/i0.wp.com\/horsefood.ee\/wp-content\/uploads\/2017\/10\/Mineraalid.jpg?fit=801%2C1200&ssl=1&resize=350%2C200 1x, https:\/\/i0.wp.com\/horsefood.ee\/wp-content\/uploads\/2017\/10\/Mineraalid.jpg?fit=801%2C1200&ssl=1&resize=525%2C300 1.5x, https:\/\/i0.wp.com\/horsefood.ee\/wp-content\/uploads\/2017\/10\/Mineraalid.jpg?fit=801%2C1200&ssl=1&resize=700%2C400 2x"},"classes":[]},{"id":5952,"url":"https:\/\/horsefood.ee\/latvia\/pood\/sunsetbalance-korrel-10kg-mineraalid-eriline-kaitse-hf-ambris\/","url_meta":{"origin":3749,"position":5},"title":"Sunsetbalance Korrel (mineraalid\/immuunsus\/eriline kaitse) 10kg","author":"kadri koppel","date":"25. Aug 2018","format":false,"excerpt":"Terve keha tasakaalu nimel! Hobuse organismi puhastamine ainevahetusej\u00e4\u00e4kidest on oluline samm. Need 3mm graanulid on loodud spetsiaalselt tundlikele (ainevahetushaigused, suveekseem, laminiit, cushing`s, insuliinresistentsus jm) isenditele, aga loomulikult sobivad need k\u00f5ikidele hobustele,\u00a0kellede organism vajab erilist kaitset! S\u00f6\u00f6dalisand. Sisaldavad kergelt seeduvaid s\u00fcsivesikuid, v\u00e4ikeses koguses! Rohkelt\u00a0linaseemneid. P\u00e4rmikultuurid. Madal t\u00e4rklise sisaldus! Olulised vitamiinid on\u2026","rel":"","context":"Similar post","block_context":{"text":"Similar post","link":""},"img":{"alt_text":"","src":"https:\/\/i0.wp.com\/horsefood.ee\/wp-content\/uploads\/2018\/08\/Sunset-Balance-6t%C3%B6%C3%B6deldud-scaled.jpg?fit=1200%2C740&ssl=1&resize=350%2C200","width":350,"height":200,"srcset":"https:\/\/i0.wp.com\/horsefood.ee\/wp-content\/uploads\/2018\/08\/Sunset-Balance-6t%C3%B6%C3%B6deldud-scaled.jpg?fit=1200%2C740&ssl=1&resize=350%2C200 1x, https:\/\/i0.wp.com\/horsefood.ee\/wp-content\/uploads\/2018\/08\/Sunset-Balance-6t%C3%B6%C3%B6deldud-scaled.jpg?fit=1200%2C740&ssl=1&resize=525%2C300 1.5x, https:\/\/i0.wp.com\/horsefood.ee\/wp-content\/uploads\/2018\/08\/Sunset-Balance-6t%C3%B6%C3%B6deldud-scaled.jpg?fit=1200%2C740&ssl=1&resize=700%2C400 2x, https:\/\/i0.wp.com\/horsefood.ee\/wp-content\/uploads\/2018\/08\/Sunset-Balance-6t%C3%B6%C3%B6deldud-scaled.jpg?fit=1200%2C740&ssl=1&resize=1050%2C600 3x"},"classes":[]}],"_links":{"self":[{"href":"https:\/\/horsefood.ee\/latvia\/wp-json\/wp\/v2\/product\/3749","targetHints":{"allow":["GET"]}}],"collection":[{"href":"https:\/\/horsefood.ee\/latvia\/wp-json\/wp\/v2\/product"}],"about":[{"href":"https:\/\/horsefood.ee\/latvia\/wp-json\/wp\/v2\/types\/product"}],"wp:featuredmedia":[{"embeddable":true,"href":"https:\/\/horsefood.ee\/latvia\/wp-json\/wp\/v2\/media\/5963"}],"wp:attachment":[{"href":"https:\/\/horsefood.ee\/latvia\/wp-json\/wp\/v2\/media?parent=3749"}],"wp:term":[{"taxonomy":"product_brand","embeddable":true,"href":"https:\/\/horsefood.ee\/latvia\/wp-json\/wp\/v2\/product_brand?post=3749"},{"taxonomy":"product_cat","embeddable":true,"href":"https:\/\/horsefood.ee\/latvia\/wp-json\/wp\/v2\/product_cat?post=3749"},{"taxonomy":"product_tag","embeddable":true,"href":"https:\/\/horsefood.ee\/latvia\/wp-json\/wp\/v2\/product_tag?post=3749"}],"curies":[{"name":"wp","href":"https:\/\/api.w.org\/{rel}","templated":true}]}}