{"id":3666,"date":"2017-04-21T07:41:32","date_gmt":"2017-04-21T04:41:32","guid":{"rendered":"http:\/\/horsefood.ee\/?post_type=product&#038;p=3666"},"modified":"2026-02-08T11:24:31","modified_gmt":"2026-02-08T09:24:31","slug":"horse-dinner","status":"publish","type":"product","link":"https:\/\/horsefood.ee\/latvia\/pood\/horse-dinner\/","title":{"rendered":"Horse Dinner (kores\u00f6\u00f6t, silo kvaliteet) 20kg"},"content":{"rendered":"<p>Energia 2900kcal\/kg, Ca 1,8%, P 0,2%.<\/p>","protected":false},"excerpt":{"rendered":"<ul>\n<li>Silo kvaliteet. K\u00f5rgekvaliteediline\u00a0<strong>Itaalia raihein.\u00a0<\/strong><\/li>\n<li>S\u00e4ilitusainete ja kemikaalide vaba. <strong>100% looduslik toode!\u00a0<\/strong><\/li>\n<li>Soodne pH 5,5.<\/li>\n<li>Niiskusesisaldus: 30-45%.<\/li>\n<li>Tolmuvaba!<\/li>\n<li>V\u00e4ga maitsev!<\/li>\n<\/ul>\n<p><strong>Standard kasutamine:<\/strong> 1kg\/100kg kehakaalu kohta p\u00e4evas.<\/p>\n<p>K\u00f5rgekvaliteediline kores\u00f6\u00f6t on hobusele parim valik kiireks energia taastamiseks ja seda eriti just v\u00e4ljas\u00f5itudel v\u00f5istluspaikadesse. Osad isendid kulutavad siis kaks ja rohkem korda energiat, kui tavap\u00e4rases kodutalli elur\u00fctmis. Kores\u00f6\u00f6t on hobusele k\u00f5ige loomulikum toit ning hea kvaliteediga kores\u00f6\u00f6da seedimiseks kulutab hobune v\u00e4hem energiat, kui enamike s\u00f6\u00f6dakontsentraatide seedimiseks. Kiudainerikas dieet aitab ennetada deh\u00fcdratatsiooni ning elektrol\u00fc\u00fctide tasakaalutust.<\/p>\n<p>Toode on vaakumpakendatud. 20kg.<\/p>\n<p>Hind 800.- eur\/50 pakki. Transport tallini TASUTA!<\/p>","protected":false},"featured_media":3667,"template":"","meta":{"jetpack_post_was_ever_published":false,"jetpack_publicize_message":"","jetpack_publicize_feature_enabled":true,"jetpack_social_post_already_shared":true,"jetpack_social_options":{"image_generator_settings":{"template":"highway","default_image_id":0,"font":"","enabled":false},"version":2}},"product_brand":[],"product_cat":[56],"product_tag":[],"class_list":{"0":"post-3666","1":"product","2":"type-product","3":"status-publish","4":"has-post-thumbnail","6":"product_cat-horsefoodthebest","8":"first","9":"outofstock","10":"shipping-taxable","11":"purchasable","12":"product-type-simple"},"jetpack_publicize_connections":[],"jetpack_sharing_enabled":true,"jetpack-related-posts":[{"id":5993,"url":"https:\/\/horsefood.ee\/latvia\/pood\/speed-mix-plahvatuslik-energia-tippsport-pre-ja-probiootikumid-20kg\/","url_meta":{"origin":3666,"position":0},"title":"Speed-Mix (must kaer \/pre- ja probiootikumid \/ plahvatuslik energia) 20kg","author":"kadri koppel","date":"27. Aug 2018","format":false,"excerpt":"\u00a0 ...Kiiresti, kiiremini, veel kiiremini! T\u00e4iends\u00f6\u00f6t. K\u00f5rgekvaliteediline maitsev mix, mis pakub plahvatuslikku energiat. Baas t\u00e4isteravilja, ohtralt j\u00e4mejahvatusega teravilja, nagu must kaer jm ning maisihelbed. Lisatud hernehelbed ja pre- ja probiootikumid.\u00a0Kohandatud t\u00e4rklise- ja suhkrusisaldusega. Sporthobustele, kes vajavad plahvatuslikku energiat. Tippsportivad isendid. Vitamiinide, mineraalide, toitainete sisaldus vastab rangemale saavutusspordi normidele! Mix sisaldab\u2026","rel":"","context":"Similar post","block_context":{"text":"Similar post","link":""},"img":{"alt_text":"","src":"https:\/\/i0.wp.com\/horsefood.ee\/wp-content\/uploads\/2018\/08\/Pilt.jpg?fit=383%2C575&ssl=1&resize=350%2C200","width":350,"height":200},"classes":[]},{"id":3494,"url":"https:\/\/horsefood.ee\/latvia\/pood\/omega-3-power-mix\/","url_meta":{"origin":3666,"position":1},"title":"Omega-3 Power Mix (kaeravaba \/ v\u00f5imekad lihased \/ tippsooritus) 20kg","author":"Georg Koppel","date":"14. Apr 2017","format":false,"excerpt":"Kaeravaba t\u00e4iss\u00f6\u00f6t treenivatele ja v\u00f5istlevatele hobustele L\u00e4bim\u00f5eldud kaeravaba lisands\u00f6\u00f6t hobusele, kelle t\u00f6\u00f6koormus n\u00f5uab enamat kui lihtsalt heina ning kelle puhul on oluline, et treeningus tehtud t\u00f6\u00f6 vormistuks v\u00f5istlustel tulemuseks. Kasutusel sporthobuste ratsioonides ka k\u00f5rgema koormuse juures. Vaakuumpakendatud, et s\u00e4ilitada s\u00f6\u00f6da v\u00e4rskus ning vitamiinide ja mineraalide kvaliteet. See kaeravaba m\u00fcslisegu on\u2026","rel":"","context":"Similar post","block_context":{"text":"Similar post","link":""},"img":{"alt_text":"","src":"https:\/\/i0.wp.com\/horsefood.ee\/wp-content\/uploads\/2017\/04\/Omega-3-Power-Mix-1.jpg?fit=395%2C593&ssl=1&resize=350%2C200","width":350,"height":200},"classes":[]},{"id":3492,"url":"https:\/\/horsefood.ee\/latvia\/pood\/easy-mix\/","url_meta":{"origin":3666,"position":2},"title":"Easy-mix (kaeravaba \/ n\u00e4rvilisus \/ sport \/ keskmine koormus) 20kg","author":"Georg Koppel","date":"14. Apr 2017","format":false,"excerpt":"Kaeravaba m\u00fcsli hobustele L\u00e4bim\u00f5eldud kaeravaba lisands\u00f6\u00f6t hobustele, kelle puhul on oluline piisav energiavarustus ilma liigse erutuvuseta ning kes t\u00f6\u00f6tavad \u00fclalpidamisel kuni keskmise koormusega. See kaeravaba m\u00fcsli on loodud hobustele, kellele on vaja anda h\u00e4sti omastatavat energiat, hoides samal ajal temperamendi rahuliku ja kontrollituna. Sobib igap\u00e4evaseks kasutamiseks hobustele, kes teevad keskmist\u2026","rel":"","context":"Similar post","block_context":{"text":"Similar post","link":""},"img":{"alt_text":"","src":"https:\/\/i0.wp.com\/horsefood.ee\/wp-content\/uploads\/2017\/04\/Easy-Mix-1.jpg?fit=383%2C575&ssl=1&resize=350%2C200","width":350,"height":200},"classes":[]},{"id":20613,"url":"https:\/\/horsefood.ee\/latvia\/pood\/horsefood-stomach-protect-seedimine-maohaavad-ph-tasakaal-3000-gr\/","url_meta":{"origin":3666,"position":3},"title":"Horsefood Stomach Protect (seedimine\/maohaavad\/ Ph-tasakaal)  3000 gr","author":"Kaido Koppel","date":"25. Nov 2024","format":false,"excerpt":"Horsefood Stomach Protect aitab hoida hobuse mao happe-aluse tasakaalu. Hobuse magu toodab pidevalt maohapet, mis on vajalik toidu seedimiseks ja kahjulike bakterite h\u00e4vitamiseks. N\u00e4rimine stimuleerib s\u00fclje tootmist, mis aitab maohapet neutraliseerida ja hoida mao pH-taset tasakaalus. Kui hobune ei saa piisavalt n\u00e4rida, v\u00f5ib maohape kahjustada mao limaskesta. Stress v\u00f5ib samuti\u2026","rel":"","context":"Similar post","block_context":{"text":"Similar post","link":""},"img":{"alt_text":"","src":"","width":0,"height":0},"classes":[]},{"id":5086,"url":"https:\/\/horsefood.ee\/latvia\/pood\/digest-control-brok-20kg\/","url_meta":{"origin":3666,"position":4},"title":"Digest Control Brok (seedimine \/ k\u00f5ikidele hobustele) 20kg","author":"kadri koppel","date":"25. Jan 2018","format":false,"excerpt":"T\u00e4iends\u00f6\u00f6t. HORSEFOOD`the best \u00e4\u00e4rmiselt k\u00f5rgekvaliteediline spordigraanul. Loodud spetsiaalselt treenivatele\u00a0hobustele, kelledel on tundlikum seedes\u00fcsteem v\u00f5i probleeme seedimisega. Sobilik graanul k\u00f5ikidele hobustele, igasuguse koormuse juures treenimisel!\u00a0\u00a0J\u00e4rk-j\u00e4rgult\u00a0vabanev energia.\u00a0 Antud graanul sisaldab rikkalikult toorkiudu, mis stimuleerib n\u00e4rimist ning soodustab s\u00fcljeeritust. N\u00e4rimisintensiivsusest s\u00f5ltub s\u00fclje eritumise kogus, mis aitab neutraliseerida happelist maosekreeti. Graanulis sisalduvad toitained on\u2026","rel":"","context":"Similar post","block_context":{"text":"Similar post","link":""},"img":{"alt_text":"","src":"https:\/\/i0.wp.com\/horsefood.ee\/wp-content\/uploads\/2020\/02\/Kvaliteet-1024x576.png?resize=350%2C200","width":350,"height":200,"srcset":"https:\/\/i0.wp.com\/horsefood.ee\/wp-content\/uploads\/2020\/02\/Kvaliteet-1024x576.png?resize=350%2C200 1x, https:\/\/i0.wp.com\/horsefood.ee\/wp-content\/uploads\/2020\/02\/Kvaliteet-1024x576.png?resize=525%2C300 1.5x, https:\/\/i0.wp.com\/horsefood.ee\/wp-content\/uploads\/2020\/02\/Kvaliteet-1024x576.png?resize=700%2C400 2x"},"classes":[]},{"id":3746,"url":"https:\/\/horsefood.ee\/latvia\/pood\/linaseemned-kohe-kasutusvalmis-sootmiseks-20kg\/","url_meta":{"origin":3666,"position":5},"title":"Linaseemned kohe valmis s\u00f6\u00f6tmiseks (seedimine \/ heaolu) 20kg","author":"kadri koppel","date":"23. Mai 2017","format":false,"excerpt":"T\u00e4iends\u00f6\u00f6t. Horsefood` the best linaseemned on kohe kasutusvalmis s\u00f6\u00f6tmiseks.\u00a0Tootes sisaldub nn linataimeliim+linaseemne\u00f5li+seemnemass. K\u00f5rge \u00f5li sisaldusega.\u00a0Tolmuvabad.\u00a0 Horsefood`the best linaseemned kohe valmis s\u00f6\u00f6tmiseks: \u2013 annab\u00a0karvale\u00a0kauni\u00a0ja\u00a0t\u00e4iusliku\u00a0l\u00e4ike, \u2013\u00a0seedimise\u00a0soodustamiseks\u00a0\u2013\u00a0ennetab koolikuid. Kuivana s\u00f6\u00f6tes soodustab s\u00fcljeeritust, mis aitab neutraliseerida maohapet. Maos on parem pH tasakaal ning v\u00e4heneb v\u00f5imalus maohaavandite tekkimiseks, \u2013 aitab\u00a0piimhappej\u00e4\u00e4ke\u00a0kehast\u00a0v\u00e4ljutada, \u2013 sisaldab\u00a0inuliini\u00a06%\u00a0\u2013\u00a0toimib\u00a0kui\u00a0prebiootikum,\u00a0mis\u00a0soodustab\u00a0piimhappebakterite\u00a0kasvu, \u2013 k\u00f5rgem\u00a0E-vitamiini\u00a0sisaldus, \u2013\u00a0Omega-3\u00a0\u2013\u00a0aeglaselt\u00a0vabanev\u00a0energia\u00a0\u2013\u00a0sobib\u00a0kestvusspordialadele.\u2026","rel":"","context":"Similar post","block_context":{"text":"Similar post","link":""},"img":{"alt_text":"","src":"https:\/\/i0.wp.com\/horsefood.ee\/wp-content\/uploads\/2017\/05\/Lijnzaad-Kantklaar-1.jpg?fit=383%2C575&ssl=1&resize=350%2C200","width":350,"height":200},"classes":[]}],"_links":{"self":[{"href":"https:\/\/horsefood.ee\/latvia\/wp-json\/wp\/v2\/product\/3666","targetHints":{"allow":["GET"]}}],"collection":[{"href":"https:\/\/horsefood.ee\/latvia\/wp-json\/wp\/v2\/product"}],"about":[{"href":"https:\/\/horsefood.ee\/latvia\/wp-json\/wp\/v2\/types\/product"}],"wp:featuredmedia":[{"embeddable":true,"href":"https:\/\/horsefood.ee\/latvia\/wp-json\/wp\/v2\/media\/3667"}],"wp:attachment":[{"href":"https:\/\/horsefood.ee\/latvia\/wp-json\/wp\/v2\/media?parent=3666"}],"wp:term":[{"taxonomy":"product_brand","embeddable":true,"href":"https:\/\/horsefood.ee\/latvia\/wp-json\/wp\/v2\/product_brand?post=3666"},{"taxonomy":"product_cat","embeddable":true,"href":"https:\/\/horsefood.ee\/latvia\/wp-json\/wp\/v2\/product_cat?post=3666"},{"taxonomy":"product_tag","embeddable":true,"href":"https:\/\/horsefood.ee\/latvia\/wp-json\/wp\/v2\/product_tag?post=3666"}],"curies":[{"name":"wp","href":"https:\/\/api.w.org\/{rel}","templated":true}]}}