{"id":3510,"date":"2017-04-14T21:45:03","date_gmt":"2017-04-14T18:45:03","guid":{"rendered":"http:\/\/hobukomm.ee\/?post_type=product&#038;p=3510"},"modified":"2026-04-19T19:34:37","modified_gmt":"2026-04-19T16:34:37","slug":"lakapalsam","status":"publish","type":"product","link":"https:\/\/horsefood.ee\/latvia\/pood\/lakapalsam\/","title":{"rendered":"Laka &#8211; ja sabapalsam Hi-Gloss 500ml \/kauap\u00fcsiv premiumklassi toode!"},"content":{"rendered":"","protected":false},"excerpt":{"rendered":"<p>Valides <strong>HI-GLOSS laka-ja sabapalsami<\/strong>, valid Sa\u00a0premiumklassi<strong>\u00a0<\/strong>toote!<\/p>\n<p>Peaaegu mitte \u00fckski teine samalaadne toode Maailmas, ei paku paremat s\u00e4ra ja vol\u00fc\u00fcmikamat look&#8217;i v\u00f5istlusteks v\u00f5i mis iganes hobu\u00fcrituseks, kui teeb seda HI-GLOSS!<\/p>\n<ul>\n<li>Ilus s\u00e4ra!<\/li>\n<li>Vol\u00fc\u00fcmikas look`!<\/li>\n<li>Eemaldab kergelt mustuse ja tolmu!<\/li>\n<li>Pikaajaline kaitse!<\/li>\n<li>Kergelt l\u00e4bikammitav!<\/li>\n<li>Kiire kuivamine!<\/li>\n<li>Neutraalse aroomiga!<\/li>\n<\/ul>\n<p>Vesi-\u00f5lis segu, mis sisaldab mikroniseeritud silikoone. See k\u00f5ik, hea ja ausa hinna eest teeb HI-GLOSS lakapalsami Sinu lemmikumaks tooteks!<\/p>\n<p>Pakend:<\/p>\n<ul>\n<li>spreipudel 500ml (laokaup),<\/li>\n<li>2500ml t\u00e4itepudel (tellimisel). K\u00fcsi lisa!<\/li>\n<\/ul>\n<p>&nbsp;<\/p>","protected":false},"featured_media":4483,"template":"","meta":{"jetpack_post_was_ever_published":false,"jetpack_publicize_message":"","jetpack_publicize_feature_enabled":true,"jetpack_social_post_already_shared":false,"jetpack_social_options":{"image_generator_settings":{"template":"highway","default_image_id":0,"font":"","enabled":false},"version":2}},"product_brand":[],"product_cat":[56,41],"product_tag":[76],"class_list":{"0":"post-3510","1":"product","2":"type-product","3":"status-publish","4":"has-post-thumbnail","6":"product_cat-horsefoodthebest","7":"product_cat-teised-tooted","8":"product_tag-heaolu-ja-tervis","10":"first","11":"instock","12":"shipping-taxable","13":"purchasable","14":"product-type-simple"},"jetpack_publicize_connections":[],"jetpack_sharing_enabled":true,"jetpack-related-posts":[{"id":12963,"url":"https:\/\/horsefood.ee\/latvia\/pood\/hydra-fix-horse-lipstick\/","url_meta":{"origin":3510,"position":0},"title":"HYDRA-FIX HORSE LIPSTICK (Huulepulk hobusele) 100ml","author":"Kaido Koppel","date":"11. Mai 2021","format":false,"excerpt":"Hydra-Fix Horse huulepulk: kaitseb suud ja huuli kuivade, l\u00f5henenud ja\/v\u00f5i karedate suunurkade vastu, kaitseb ja aitab ninal taastuda tugevate p\u00e4ikesep\u00f5letuste korral, v\u00e4hendab naha punetust \u00fchtlaselt pika aja v\u00e4ltel. Hobuse suu, huuled ja nina puutuvad pidevalt kokku erinevate stressifaktoritega nagu valjad ja suulised aga ka keskkonnateguritega nagu tugev p\u00e4ike, temperatuurik\u00f5ikumised ja\u2026","rel":"","context":"Similar post","block_context":{"text":"Similar post","link":""},"img":{"alt_text":"","src":"https:\/\/i0.wp.com\/horsefood.ee\/wp-content\/uploads\/2021\/05\/lipstick-1200.jpg?fit=1200%2C1200&ssl=1&resize=350%2C200","width":350,"height":200,"srcset":"https:\/\/i0.wp.com\/horsefood.ee\/wp-content\/uploads\/2021\/05\/lipstick-1200.jpg?fit=1200%2C1200&ssl=1&resize=350%2C200 1x, https:\/\/i0.wp.com\/horsefood.ee\/wp-content\/uploads\/2021\/05\/lipstick-1200.jpg?fit=1200%2C1200&ssl=1&resize=525%2C300 1.5x, https:\/\/i0.wp.com\/horsefood.ee\/wp-content\/uploads\/2021\/05\/lipstick-1200.jpg?fit=1200%2C1200&ssl=1&resize=700%2C400 2x, https:\/\/i0.wp.com\/horsefood.ee\/wp-content\/uploads\/2021\/05\/lipstick-1200.jpg?fit=1200%2C1200&ssl=1&resize=1050%2C600 3x"},"classes":[]},{"id":22279,"url":"https:\/\/horsefood.ee\/latvia\/pood\/alfalux-cube\/","url_meta":{"origin":3510,"position":1},"title":"Horsefood AlfaLux Cube \u2013 lutsernikuubikud (18 kg)","author":"Kaido Koppel","date":"7. Okt 2025","format":false,"excerpt":"Horsefood AlfaLux Cube on looduslikust lutsernist ja heintaimedest valmistatud kiurikas lisands\u00f6\u00f6t, mis toetab hobuse seedimist ja \u00fcldist heaolu. K\u00f5rge kiusisaldus pikendab s\u00f6\u00f6misprotsessi, soodustab s\u00fclje teket ja aitab s\u00e4ilitada tervet mao- ja soolestikus\u00fcsteemi. Lisatud p\u00fcsihein (sainfoin) on v\u00e4\u00e4rtuslik liblik\u00f5ieline s\u00f6\u00f6dakultuur, mis toetab hobuse immuunsust ja seedimist. Bentoniiit, looduslik savimineraal, aitab kaitsta\u2026","rel":"","context":"Similar post","block_context":{"text":"Similar post","link":""},"img":{"alt_text":"","src":"https:\/\/i0.wp.com\/horsefood.ee\/wp-content\/uploads\/2025\/10\/AlfaLux-Cubes-flyer-EN.png?fit=846%2C1200&ssl=1&resize=350%2C200","width":350,"height":200,"srcset":"https:\/\/i0.wp.com\/horsefood.ee\/wp-content\/uploads\/2025\/10\/AlfaLux-Cubes-flyer-EN.png?fit=846%2C1200&ssl=1&resize=350%2C200 1x, https:\/\/i0.wp.com\/horsefood.ee\/wp-content\/uploads\/2025\/10\/AlfaLux-Cubes-flyer-EN.png?fit=846%2C1200&ssl=1&resize=525%2C300 1.5x, https:\/\/i0.wp.com\/horsefood.ee\/wp-content\/uploads\/2025\/10\/AlfaLux-Cubes-flyer-EN.png?fit=846%2C1200&ssl=1&resize=700%2C400 2x"},"classes":[]},{"id":20613,"url":"https:\/\/horsefood.ee\/latvia\/pood\/horsefood-stomach-protect-seedimine-maohaavad-ph-tasakaal-3000-gr\/","url_meta":{"origin":3510,"position":2},"title":"Horsefood Stomach Protect (seedimine\/maohaavad\/ Ph-tasakaal)  3000 gr","author":"Kaido Koppel","date":"25. Nov 2024","format":false,"excerpt":"Horsefood Stomach Protect aitab hoida hobuse mao happe-aluse tasakaalu. Hobuse magu toodab pidevalt maohapet, mis on vajalik toidu seedimiseks ja kahjulike bakterite h\u00e4vitamiseks. N\u00e4rimine stimuleerib s\u00fclje tootmist, mis aitab maohapet neutraliseerida ja hoida mao pH-taset tasakaalus. Kui hobune ei saa piisavalt n\u00e4rida, v\u00f5ib maohape kahjustada mao limaskesta. Stress v\u00f5ib samuti\u2026","rel":"","context":"Similar post","block_context":{"text":"Similar post","link":""},"img":{"alt_text":"","src":"","width":0,"height":0},"classes":[]},{"id":12959,"url":"https:\/\/horsefood.ee\/latvia\/pood\/hoof-resilience-shine\/","url_meta":{"origin":3510,"position":3},"title":"HOOF RESILIENCE &#038; SHINE (Kabjasalv) 850ml","author":"Kaido Koppel","date":"11. Mai 2021","format":false,"excerpt":"Kabja vastupidavus ja s\u00e4ra! Traditsiooniliselt toodetud kabjam\u00e4\u00e4re.\u00a0 Hoolikalt valitud \u00f5lide segu, mida saab kasutada pragunenud, tundlike ja\/v\u00f5i habraste kapjade jaoks. See parandab kabja kvaliteeti, soodustab kabja kasvu ning tagab optimaalse niiskustasakaalu. Spetsiifiliste eeterlike \u00f5lide olemasolu tagab vastupidavuse ning laseb hobuse kapjadel s\u00e4rada.\u00a0 \u00d5li on oluline m\u00e4\u00e4rida harjaga mitu korda n\u00e4dalas\u2026","rel":"","context":"Similar post","block_context":{"text":"Similar post","link":""},"img":{"alt_text":"","src":"https:\/\/i0.wp.com\/horsefood.ee\/wp-content\/uploads\/2021\/05\/Hoof-resilience-black-750ml-sh.jpg?fit=1200%2C1200&ssl=1&resize=350%2C200","width":350,"height":200,"srcset":"https:\/\/i0.wp.com\/horsefood.ee\/wp-content\/uploads\/2021\/05\/Hoof-resilience-black-750ml-sh.jpg?fit=1200%2C1200&ssl=1&resize=350%2C200 1x, https:\/\/i0.wp.com\/horsefood.ee\/wp-content\/uploads\/2021\/05\/Hoof-resilience-black-750ml-sh.jpg?fit=1200%2C1200&ssl=1&resize=525%2C300 1.5x, https:\/\/i0.wp.com\/horsefood.ee\/wp-content\/uploads\/2021\/05\/Hoof-resilience-black-750ml-sh.jpg?fit=1200%2C1200&ssl=1&resize=700%2C400 2x, https:\/\/i0.wp.com\/horsefood.ee\/wp-content\/uploads\/2021\/05\/Hoof-resilience-black-750ml-sh.jpg?fit=1200%2C1200&ssl=1&resize=1050%2C600 3x"},"classes":[]},{"id":3512,"url":"https:\/\/horsefood.ee\/latvia\/pood\/lavendli-shampoon\/","url_meta":{"origin":3510,"position":4},"title":"Lavendli shampoon (100% naturaalne toode) 1000ml","author":"Georg Koppel","date":"14. Apr 2017","format":false,"excerpt":"Soovi korral v\u00f5ib antud shampooniga pesta k\u00f5iki koduloomi. Naturaalne toode! V\u00e4rske ja \u00f5rn lavendli aroom! pH neutraalne! V\u00e4ga heade pesemisomadustega! Kasutamine:\u00a0Pese oma kodulooma tavalisel viisil. V\u00e4ltida shampooni sattumist silma! Loputa hoolikalt!","rel":"","context":"Similar post","block_context":{"text":"Similar post","link":""},"img":{"alt_text":"","src":"https:\/\/i0.wp.com\/horsefood.ee\/wp-content\/uploads\/2017\/10\/Lavendli-shampoon.jpg?fit=801%2C1200&ssl=1&resize=350%2C200","width":350,"height":200,"srcset":"https:\/\/i0.wp.com\/horsefood.ee\/wp-content\/uploads\/2017\/10\/Lavendli-shampoon.jpg?fit=801%2C1200&ssl=1&resize=350%2C200 1x, https:\/\/i0.wp.com\/horsefood.ee\/wp-content\/uploads\/2017\/10\/Lavendli-shampoon.jpg?fit=801%2C1200&ssl=1&resize=525%2C300 1.5x, https:\/\/i0.wp.com\/horsefood.ee\/wp-content\/uploads\/2017\/10\/Lavendli-shampoon.jpg?fit=801%2C1200&ssl=1&resize=700%2C400 2x"},"classes":[]},{"id":3768,"url":"https:\/\/horsefood.ee\/latvia\/pood\/bodybuilder-1kg\/","url_meta":{"origin":3510,"position":5},"title":"Bodybuilder (sooritusv\u00f5ime \/ lihased) 1000ml","author":"kadri koppel","date":"24. Mai 2017","format":false,"excerpt":"Toote kirjeldus \u00a0 Horsefood The Best Bodybuilder on s\u00f6\u00f6dalisand hobustele, mis sisaldab mitmek\u00fclgset kombinatsiooni aminohapetest, sh BCAA-d, mis on valkude olulised ehituskomponendid. Aminohapped osalevad lihaste ainevahetuses ning aitavad toetada lihaste arengut ja taastumist koormuse ajal ja j\u00e4rel. Toode sobib hobustele, kes on regulaarses treeningus, samuti hobustele, kellel esineb lihasv\u00e4simust v\u00f5i\u2026","rel":"","context":"Similar post","block_context":{"text":"Similar post","link":""},"img":{"alt_text":"","src":"https:\/\/i0.wp.com\/horsefood.ee\/wp-content\/uploads\/2023\/10\/IMG_0767-scaled.jpeg?fit=900%2C1200&ssl=1&resize=350%2C200","width":350,"height":200,"srcset":"https:\/\/i0.wp.com\/horsefood.ee\/wp-content\/uploads\/2023\/10\/IMG_0767-scaled.jpeg?fit=900%2C1200&ssl=1&resize=350%2C200 1x, https:\/\/i0.wp.com\/horsefood.ee\/wp-content\/uploads\/2023\/10\/IMG_0767-scaled.jpeg?fit=900%2C1200&ssl=1&resize=525%2C300 1.5x, https:\/\/i0.wp.com\/horsefood.ee\/wp-content\/uploads\/2023\/10\/IMG_0767-scaled.jpeg?fit=900%2C1200&ssl=1&resize=700%2C400 2x"},"classes":[]}],"_links":{"self":[{"href":"https:\/\/horsefood.ee\/latvia\/wp-json\/wp\/v2\/product\/3510","targetHints":{"allow":["GET"]}}],"collection":[{"href":"https:\/\/horsefood.ee\/latvia\/wp-json\/wp\/v2\/product"}],"about":[{"href":"https:\/\/horsefood.ee\/latvia\/wp-json\/wp\/v2\/types\/product"}],"wp:featuredmedia":[{"embeddable":true,"href":"https:\/\/horsefood.ee\/latvia\/wp-json\/wp\/v2\/media\/4483"}],"wp:attachment":[{"href":"https:\/\/horsefood.ee\/latvia\/wp-json\/wp\/v2\/media?parent=3510"}],"wp:term":[{"taxonomy":"product_brand","embeddable":true,"href":"https:\/\/horsefood.ee\/latvia\/wp-json\/wp\/v2\/product_brand?post=3510"},{"taxonomy":"product_cat","embeddable":true,"href":"https:\/\/horsefood.ee\/latvia\/wp-json\/wp\/v2\/product_cat?post=3510"},{"taxonomy":"product_tag","embeddable":true,"href":"https:\/\/horsefood.ee\/latvia\/wp-json\/wp\/v2\/product_tag?post=3510"}],"curies":[{"name":"wp","href":"https:\/\/api.w.org\/{rel}","templated":true}]}}