{"id":3506,"date":"2017-04-14T21:42:10","date_gmt":"2017-04-14T18:42:10","guid":{"rendered":"http:\/\/hobukomm.ee\/?post_type=product&#038;p=3506"},"modified":"2026-04-23T10:06:36","modified_gmt":"2026-04-23T07:06:36","slug":"vitahorse-korrels-mineraalid","status":"publish","type":"product","link":"https:\/\/horsefood.ee\/latvia\/pood\/vitahorse-korrels-mineraalid\/","title":{"rendered":"Vita Horse Korrels (vitamiinid\/mineraalid\/immuunsus\/j\u00f5udlus) 5kg"},"content":{"rendered":"<p><strong>NB! Kasutatakse naturaalseid komponente ning sellest johtuvalt v\u00f5ivad osad m\u00e4rgitud v\u00e4\u00e4rtused m\u00f5ningal m\u00e4\u00e4ral k\u00f5ikuda!<\/strong><\/p>\n<h2><b>Anal\u00fc\u00fctilised koostisosad (kg kohta)<\/b><\/h2>\n<p class=\"p3\">EWPa \u2013 0,30<\/p>\n<p class=\"p3\">VREp \u2013 2,5%<\/p>\n<p class=\"p3\">Toorvalk \u2013 5,7%<\/p>\n<p class=\"p3\">Toorrasv \u2013 5,5%<\/p>\n<p class=\"p3\">Toorkiud \u2013 2,1%<\/p>\n<p class=\"p3\">Toortuhk \u2013 6,5%<\/p>\n<p class=\"p3\">Suhkur \u2013 2,0%<\/p>\n<p class=\"p3\">T\u00e4rklis \u2013 7,0%<\/p>\n<p class=\"p3\">Kaltsium \u2013 15,0 g<\/p>\n<p class=\"p3\">Fosfor \u2013 5,0 g<\/p>\n<p class=\"p3\">Naatrium \u2013 0,2 g<\/p>\n<p class=\"p3\">Magneesium \u2013 0,3 g<\/p>\n<p class=\"p3\">Vask \u2013 600 mg<\/p>\n<p class=\"p3\">Tsink \u2013 1 800 mg<\/p>\n<p class=\"p3\">Lisandid\/kg:<\/p>\n<p>A-vitamiin 3a672a 480000 IE<br \/>\nD3-vitamiin 3a671 80000 IE<br \/>\nE-vitamiin 3a700 4400 mg<br \/>\nRaud(II)sulfaat monoh\u00fcdraat 3b103 6000 mg<br \/>\nKoobaltkabonaat (kattega) 3b304 50 mg<br \/>\nMangaanoksiid 3b502 3000 mg<br \/>\nVasksulfaat pentah\u00fcdraat 3b405 600 mg<br \/>\nKaltsiumjodaat (veevaba) 3b801 10000 mcg<br \/>\nKaltsiumjodaat (veevaba) 3b202 50 mg<br \/>\nTsinksulfaat monoh\u00fcdraat 3b605 1800 mg<\/p>\n<h1><\/h1>\n<hr \/>\n<p>&nbsp;<\/p>","protected":false},"excerpt":{"rendered":"<hr \/>\n<p><strong>Maksimumkogus vitamiine\/mineraale.\u00a0<\/strong><\/p>\n<p>Maksimaalselt vitaminiseeritud\/ mineraliseeritud\/mikroelementidega varustatud graanulid, mis sobivad s\u00f6\u00f6tmiseks k\u00f5ikidele hobustele\/ponidele! S\u00f6\u00f6dalisand.<\/p>\n<p><strong>Horsefood`the best <\/strong>Vita Horse Korrels \u00a0toote funktsioonid:<\/p>\n<ul>\n<li>\u00fclalpidamiseks,<\/li>\n<li>enne ja\u00a0peale rasket f\u00fc\u00fcsilist koormust, taastumiseks.<\/li>\n<\/ul>\n<p>Graanulid on v\u00e4ga soovitatavad hobustele, kellede ratsioon koosneb peamiselt kores\u00f6\u00f6dast.<\/p>\n<p>Annustamine\/p\u00e4evas:<br \/>\n<strong>\u00dclalpidamine<\/strong>: 5gr\/100kg kehakaalu kohta<br \/>\n<strong>Kiiremaks taastumiseks:<\/strong>\u00a010gr\/100kg kehakaalu kohta (maksimaalselt 14 p\u00e4eva!!)<br \/>\n<strong>Tiined m\u00e4rad (3kuud enne oodatavat poegimist)<\/strong><strong>:\u00a0<\/strong>10gr\/100kg kehakaalu kohta<\/p>\n<p>V\u00f5ib s\u00f6\u00f6ta puhtalt v\u00f5i lisada graanulitele\/m\u00fcslidele\/kores\u00f6\u00f6dale!<\/p>\n<p>1 m\u00f5\u00f5tlusikas = 25,0 gr.<\/p>\n<p>Keskmine kulu <strong>5kg = 200p\u00e4eva!<\/strong><\/p>","protected":false},"featured_media":4488,"template":"","meta":{"jetpack_post_was_ever_published":false,"jetpack_publicize_message":"","jetpack_publicize_feature_enabled":true,"jetpack_social_post_already_shared":false,"jetpack_social_options":{"image_generator_settings":{"template":"highway","default_image_id":0,"font":"","enabled":false},"version":2}},"product_brand":[],"product_cat":[56,52],"product_tag":[79,70,82],"class_list":{"0":"post-3506","1":"product","2":"type-product","3":"status-publish","4":"has-post-thumbnail","6":"product_cat-horsefoodthebest","7":"product_cat-mineraalid","8":"product_tag-mineraalid","9":"product_tag-aretussoodad","10":"product_tag-ulekaalulisus","12":"first","13":"instock","14":"shipping-taxable","15":"purchasable","16":"product-type-simple"},"jetpack_publicize_connections":[],"jetpack_sharing_enabled":true,"jetpack-related-posts":[{"id":3498,"url":"https:\/\/horsefood.ee\/latvia\/pood\/slobbermeel\/","url_meta":{"origin":3506,"position":0},"title":"MASH e Slobbermeel (seedimine \/ konditsioon \/ lisaenergia) 20kg","author":"Georg Koppel","date":"14. Apr 2017","format":false,"excerpt":"T\u00e4iends\u00f6\u00f6t. Maitsev maiuspala igale hobusele \/ponile! HORSEFOOD the best mashipudru valmistatakse sooja veega segatuna, suhtega 1:1. S\u00f6\u00f6detakse leigena. Energia taastamiseks\/lisaenergia. Kaaluiibe lisamiseks\/kehakonditsiooni parandamiseks. Seedimise soodustamiseks. Sisaldab k\u00f5rgekvaliteedilist teravilja, kliisid, linaseemneid ning maisihelbeid. K\u00f5rge rasva sisaldus 7%. Hobuse poolt seeditav energia 15,0MJ\/kg Hobuse poolt seeditav toores valk 9% Koostis: mais, nisukuskuss,\u2026","rel":"","context":"Similar post","block_context":{"text":"Similar post","link":""},"img":{"alt_text":"","src":"https:\/\/i0.wp.com\/horsefood.ee\/wp-content\/uploads\/2017\/04\/Slobbermeel-1.jpg?fit=327%2C491&ssl=1&resize=350%2C200","width":350,"height":200},"classes":[]},{"id":7118,"url":"https:\/\/horsefood.ee\/latvia\/pood\/eko-kvaliteedimargiga-graanulid-25kg\/","url_meta":{"origin":3506,"position":1},"title":"Mahem\u00e4rgisega \u00f6koloogilised s\u00f6\u00f6dagraanulid (k\u00f5ik hobuspordi distsipliinid) 20kg. (Ettetellimisel)","author":"kadri koppel","date":"13. Mar 2019","format":false,"excerpt":"EKO\u00a0(haldaja Skal \u2013 mittetulunduslik orgaanilise toodangu inspektsioon) on Hollandi mahem\u00e4rgis. Vastab Euroopa \u00dchenduse mahem\u00e4rgise kriteeriumitele EU 834\/2007.\u00a0 Graanuli suurus 5mm. T\u00e4iends\u00f6\u00f6t. Antud v\u00e4\u00e4rtuslik hobus\u00f6\u00f6dagraanul on v\u00e4etiste, pestitsiidide, geneetilise muundamise ning keemilise t\u00f6\u00f6tlemise vaba. 100% bioloogilised agrikultuurid!\u00a0 Koostis: nisu, oder, kaer, nisu semolina, mais, spelta, peedimelass, linaseemned, p\u00e4evalilleseemne helbed, kriit, monokaltsiumfosfaat,\u2026","rel":"","context":"Similar post","block_context":{"text":"Similar post","link":""},"img":{"alt_text":"","src":"https:\/\/i0.wp.com\/horsefood.ee\/wp-content\/uploads\/2019\/03\/Bioloogilised-graanulid.png?fit=365%2C500&ssl=1&resize=350%2C200","width":350,"height":200},"classes":[]},{"id":3496,"url":"https:\/\/horsefood.ee\/latvia\/pood\/happy-summer-mix\/","url_meta":{"origin":3506,"position":2},"title":"Happy-Summer Mix (kaeravaba \/ ainevahetushaigused) 20kg","author":"Georg Koppel","date":"14. Apr 2017","format":false,"excerpt":"T\u00e4iends\u00f6\u00f6t. Kaeravaba, 7-t funktsionaalset maitsetaime (ginko, n\u00f5ges, pune, k\u00fc\u00fcslauk, majoraan, t\u00fc\u00fcmian, basiilik) sisalduv kvaliteetm\u00fcslisegu on spetsiaalselt v\u00e4ljat\u00f6\u00f6tatud \u00fclitundlikele hobustele (kaasaarvatud suveekseem, laminiit, EMS, Cushings, rasumine ja insuliinresistentsus). Madal suhkru- ja t\u00e4rklisesisaldus. Kergelt seeduv. Rohkelt head linaseemne\u00f5li.\u00a0Lisatud on diatomiitmuld ning p\u00e4rmikultuure. T\u00e4isvitaminiseeritud. K\u00f5ike mikroelemente, eelk\u00f5ige: tsinki, vaske ning seleeni on piisavalt.\u2026","rel":"","context":"Similar post","block_context":{"text":"Similar post","link":""},"img":{"alt_text":"","src":"https:\/\/i0.wp.com\/www.horsefood.ee\/wp-content\/uploads\/2020\/02\/Kvaliteet-1024x576.png?resize=350%2C200&ssl=1","width":350,"height":200,"srcset":"https:\/\/i0.wp.com\/www.horsefood.ee\/wp-content\/uploads\/2020\/02\/Kvaliteet-1024x576.png?resize=350%2C200&ssl=1 1x, https:\/\/i0.wp.com\/www.horsefood.ee\/wp-content\/uploads\/2020\/02\/Kvaliteet-1024x576.png?resize=525%2C300&ssl=1 1.5x, https:\/\/i0.wp.com\/www.horsefood.ee\/wp-content\/uploads\/2020\/02\/Kvaliteet-1024x576.png?resize=700%2C400&ssl=1 2x"},"classes":[]},{"id":5952,"url":"https:\/\/horsefood.ee\/latvia\/pood\/sunsetbalance-korrel-10kg-mineraalid-eriline-kaitse-hf-ambris\/","url_meta":{"origin":3506,"position":3},"title":"Sunsetbalance Korrel (mineraalid\/immuunsus\/eriline kaitse) 10kg","author":"kadri koppel","date":"25. Aug 2018","format":false,"excerpt":"Terve keha tasakaalu nimel! Hobuse organismi puhastamine ainevahetusej\u00e4\u00e4kidest on oluline samm. Need 3mm graanulid on loodud spetsiaalselt tundlikele (ainevahetushaigused, suveekseem, laminiit, cushing`s, insuliinresistentsus jm) isenditele, aga loomulikult sobivad need k\u00f5ikidele hobustele,\u00a0kellede organism vajab erilist kaitset! S\u00f6\u00f6dalisand. Sisaldavad kergelt seeduvaid s\u00fcsivesikuid, v\u00e4ikeses koguses! Rohkelt\u00a0linaseemneid. P\u00e4rmikultuurid. Madal t\u00e4rklise sisaldus! Olulised vitamiinid on\u2026","rel":"","context":"Similar post","block_context":{"text":"Similar post","link":""},"img":{"alt_text":"","src":"https:\/\/i0.wp.com\/horsefood.ee\/wp-content\/uploads\/2018\/08\/Sunset-Balance-6t%C3%B6%C3%B6deldud-scaled.jpg?fit=1200%2C740&ssl=1&resize=350%2C200","width":350,"height":200,"srcset":"https:\/\/i0.wp.com\/horsefood.ee\/wp-content\/uploads\/2018\/08\/Sunset-Balance-6t%C3%B6%C3%B6deldud-scaled.jpg?fit=1200%2C740&ssl=1&resize=350%2C200 1x, https:\/\/i0.wp.com\/horsefood.ee\/wp-content\/uploads\/2018\/08\/Sunset-Balance-6t%C3%B6%C3%B6deldud-scaled.jpg?fit=1200%2C740&ssl=1&resize=525%2C300 1.5x, https:\/\/i0.wp.com\/horsefood.ee\/wp-content\/uploads\/2018\/08\/Sunset-Balance-6t%C3%B6%C3%B6deldud-scaled.jpg?fit=1200%2C740&ssl=1&resize=700%2C400 2x, https:\/\/i0.wp.com\/horsefood.ee\/wp-content\/uploads\/2018\/08\/Sunset-Balance-6t%C3%B6%C3%B6deldud-scaled.jpg?fit=1200%2C740&ssl=1&resize=1050%2C600 3x"},"classes":[]},{"id":5993,"url":"https:\/\/horsefood.ee\/latvia\/pood\/speed-mix-plahvatuslik-energia-tippsport-pre-ja-probiootikumid-20kg\/","url_meta":{"origin":3506,"position":4},"title":"Speed-Mix (must kaer \/pre- ja probiootikumid \/ plahvatuslik energia) 20kg","author":"kadri koppel","date":"27. Aug 2018","format":false,"excerpt":"\u00a0 ...Kiiresti, kiiremini, veel kiiremini! T\u00e4iends\u00f6\u00f6t. K\u00f5rgekvaliteediline maitsev mix, mis pakub plahvatuslikku energiat. Baas t\u00e4isteravilja, ohtralt j\u00e4mejahvatusega teravilja, nagu must kaer jm ning maisihelbed. Lisatud hernehelbed ja pre- ja probiootikumid.\u00a0Kohandatud t\u00e4rklise- ja suhkrusisaldusega. Sporthobustele, kes vajavad plahvatuslikku energiat. Tippsportivad isendid. Vitamiinide, mineraalide, toitainete sisaldus vastab rangemale saavutusspordi normidele! Mix sisaldab\u2026","rel":"","context":"Similar post","block_context":{"text":"Similar post","link":""},"img":{"alt_text":"","src":"https:\/\/i0.wp.com\/horsefood.ee\/wp-content\/uploads\/2018\/08\/Pilt.jpg?fit=383%2C575&ssl=1&resize=350%2C200","width":350,"height":200},"classes":[]},{"id":4300,"url":"https:\/\/horsefood.ee\/latvia\/pood\/grow-mix-20kg-varsadsaludmarad\/","url_meta":{"origin":3506,"position":5},"title":"Grow-Mix (varsad alates 3-elun\u00e4dalast \/ s\u00e4lud kuni 2,5eluaastat \/ m\u00e4rad) 20kg","author":"kadri koppel","date":"26. Sep 2017","format":false,"excerpt":"T\u00e4iends\u00f6\u00f6t. Spetsiaalne, \u00e4\u00e4rmiselt k\u00f5rgekvaliteediline m\u00fcslisegu tiinetele- ja lakteerivatele m\u00e4radele ning nende varssadele s\u00f6\u00f6tmiseks kuni 1,5 eluaasta-ni. Selles mixis sisalduv kogu teravili on j\u00e4mejahvatatud ja\/v\u00f5i paisutatud ja sisaldab k\u00f5iki vajalikke komponente, et loomalapsest kasvaks tulevikus elur\u00f5\u00f5mus ja terve hobune\/poni. *\u00a0Spetsiaalne\u00a0m\u00fcslisegu\u00a0m\u00e4radele\/varssadele\/s\u00e4lgudele. *\u00a0Sisaldab\u00a0pre-\u00a0ja\u00a0probiootikume. *\u00a0Lisatud\u00a0p\u00e4rmikultuure\u00a0seedimise\u00a0soodustamiseks,\u00a0s\u00f6\u00f6da\u00a0efektiivsuse\u00a0parendamiseks\u00a0ning\u00a0-edendamiseks. *\u00a0Lisatud foolhapet ja E-vitamiini 400mg. Hobuse poolt seeditav energia\u2026","rel":"","context":"Similar post","block_context":{"text":"Similar post","link":""},"img":{"alt_text":"","src":"https:\/\/i0.wp.com\/horsefood.ee\/wp-content\/uploads\/2017\/09\/Grow-Mix-1.jpg?fit=397%2C596&ssl=1&resize=350%2C200","width":350,"height":200},"classes":[]}],"_links":{"self":[{"href":"https:\/\/horsefood.ee\/latvia\/wp-json\/wp\/v2\/product\/3506","targetHints":{"allow":["GET"]}}],"collection":[{"href":"https:\/\/horsefood.ee\/latvia\/wp-json\/wp\/v2\/product"}],"about":[{"href":"https:\/\/horsefood.ee\/latvia\/wp-json\/wp\/v2\/types\/product"}],"wp:featuredmedia":[{"embeddable":true,"href":"https:\/\/horsefood.ee\/latvia\/wp-json\/wp\/v2\/media\/4488"}],"wp:attachment":[{"href":"https:\/\/horsefood.ee\/latvia\/wp-json\/wp\/v2\/media?parent=3506"}],"wp:term":[{"taxonomy":"product_brand","embeddable":true,"href":"https:\/\/horsefood.ee\/latvia\/wp-json\/wp\/v2\/product_brand?post=3506"},{"taxonomy":"product_cat","embeddable":true,"href":"https:\/\/horsefood.ee\/latvia\/wp-json\/wp\/v2\/product_cat?post=3506"},{"taxonomy":"product_tag","embeddable":true,"href":"https:\/\/horsefood.ee\/latvia\/wp-json\/wp\/v2\/product_tag?post=3506"}],"curies":[{"name":"wp","href":"https:\/\/api.w.org\/{rel}","templated":true}]}}