{"id":3502,"date":"2017-04-14T21:37:59","date_gmt":"2017-04-14T18:37:59","guid":{"rendered":"http:\/\/hobukomm.ee\/?post_type=product&#038;p=3502"},"modified":"2026-04-22T22:45:40","modified_gmt":"2026-04-22T19:45:40","slug":"linaseemned-kohe-valmis-sootmiseks","status":"publish","type":"product","link":"https:\/\/horsefood.ee\/latvia\/pood\/linaseemned-kohe-valmis-sootmiseks\/","title":{"rendered":"Linaseemned kohe valmis s\u00f6\u00f6tmiseks (seedimine \/ heaolu) 5kg"},"content":{"rendered":"<p><strong>NB! Kasutatakse naturaalseid komponente ning sellest johtuvalt v\u00f5ivad osad m\u00e4rgitud v\u00e4\u00e4rtused m\u00f5ningal m\u00e4\u00e4ral k\u00f5ikuda!<\/strong><\/p>\n<hr \/>\n<p><a href=\"https:\/\/i0.wp.com\/horsefood.ee\/wp-content\/uploads\/2017\/05\/Lijnzaad-KantKlaar-2.png\"><img data-recalc-dims=\"1\" loading=\"lazy\" decoding=\"async\" data-attachment-id=\"5619\" data-permalink=\"https:\/\/horsefood.ee\/latvia\/?attachment_id=5619#main\" data-orig-file=\"https:\/\/i0.wp.com\/horsefood.ee\/wp-content\/uploads\/2017\/05\/Lijnzaad-KantKlaar-2.png?fit=940%2C788&amp;ssl=1\" data-orig-size=\"940,788\" data-comments-opened=\"0\" data-image-meta=\"{&quot;aperture&quot;:&quot;0&quot;,&quot;credit&quot;:&quot;&quot;,&quot;camera&quot;:&quot;&quot;,&quot;caption&quot;:&quot;&quot;,&quot;created_timestamp&quot;:&quot;0&quot;,&quot;copyright&quot;:&quot;&quot;,&quot;focal_length&quot;:&quot;0&quot;,&quot;iso&quot;:&quot;0&quot;,&quot;shutter_speed&quot;:&quot;0&quot;,&quot;title&quot;:&quot;&quot;,&quot;orientation&quot;:&quot;0&quot;}\" data-image-title=\"Lijnzaad Kant&amp;#038;Klaar\" data-image-description=\"\" data-image-caption=\"\" data-large-file=\"https:\/\/i0.wp.com\/horsefood.ee\/wp-content\/uploads\/2017\/05\/Lijnzaad-KantKlaar-2.png?fit=940%2C788&amp;ssl=1\" class=\"alignleft wp-image-5619 size-full\" src=\"https:\/\/i0.wp.com\/horsefood.ee\/wp-content\/uploads\/2017\/05\/Lijnzaad-KantKlaar-2.png?resize=940%2C788\" alt=\"\" width=\"940\" height=\"788\" srcset=\"https:\/\/i0.wp.com\/horsefood.ee\/wp-content\/uploads\/2017\/05\/Lijnzaad-KantKlaar-2.png?w=940&amp;ssl=1 940w, https:\/\/i0.wp.com\/horsefood.ee\/wp-content\/uploads\/2017\/05\/Lijnzaad-KantKlaar-2.png?resize=300%2C251&amp;ssl=1 300w, https:\/\/i0.wp.com\/horsefood.ee\/wp-content\/uploads\/2017\/05\/Lijnzaad-KantKlaar-2.png?resize=768%2C644&amp;ssl=1 768w, https:\/\/i0.wp.com\/horsefood.ee\/wp-content\/uploads\/2017\/05\/Lijnzaad-KantKlaar-2.png?resize=600%2C503&amp;ssl=1 600w\" sizes=\"auto, (max-width: 940px) 100vw, 940px\" \/><\/a><\/p>\n<p>&nbsp;<\/p>\n<p>&nbsp;<\/p>","protected":false},"excerpt":{"rendered":"<hr \/>\n<p>T\u00e4iends\u00f6\u00f6t.\u00a0<em><strong>Horsefood`the best<\/strong><\/em>\u00a0linaseemned on kohe kasutusvalmis s\u00f6\u00f6tmiseks.\u00a0Tootes sisaldub nn linataimeliim+linaseemne\u00f5li+seemnemass. K\u00f5rge \u00f5li sisaldusega.\u00a0<strong>Tolmuvabad.\u00a0<\/strong><\/p>\n<p><em><strong>Horsefood`the best<\/strong><\/em>\u00a0linaseemned kohe valmis s\u00f6\u00f6tmiseks:<\/p>\n<p>&#8211; annab\u00a0karvale\u00a0kauni\u00a0ja\u00a0t\u00e4iusliku\u00a0l\u00e4ike,<br \/>\n&#8211; <strong>seedimise\u00a0soodustamiseks<\/strong>\u00a0&#8211;\u00a0ennetab koolikuid. Kuivana s\u00f6\u00f6tes soodustab s\u00fcljeeritust, mis aitab neutraliseerida maohapet. Maos on parem pH tasakaal ning v\u00e4heneb v\u00f5imalus maohaavandite tekkimiseks,<br \/>\n&#8211; aitab\u00a0piimhappej\u00e4\u00e4ke\u00a0kehast\u00a0v\u00e4ljutada,<br \/>\n&#8211; sisaldab\u00a0inuliini\u00a06%\u00a0&#8211;\u00a0toimib\u00a0kui\u00a0<b>prebiootikum<\/b>,\u00a0mis\u00a0soodustab\u00a0piimhappebakterite\u00a0kasvu,<br \/>\n&#8211; k\u00f5rgem\u00a0E-vitamiini\u00a0sisaldus: antioks\u00fcdant,<br \/>\n&#8211;\u00a0Omega-3\u00a0&#8211;\u00a0<b>aeglaselt\u00a0vabanev\u00a0energia<\/b>\u00a0&#8211;\u00a0sobib\u00a0kestvusspordialadele.<\/p>\n<p><strong>Koostis:\u00a0<\/strong>linaseemned, nisukuskuss, oder, vitamiinid, mineraalid.<\/p>\n<p><strong>Kasutamine: <\/strong>v\u00f5ib\u00a0s\u00f6\u00f6ta kuivalt (ka maiuse asemel) v\u00f5i j\u00f5us\u00f6\u00f6da sisse segatuna. Soovitud kogus tuleb \u00fcles ehitada j\u00e4rk-j\u00e4rgult \u00fche n\u00e4dala jooksul.<\/p>\n<p>Isendid, kes tingituna h\u00e4iritud soolestiku mikrofloorast on liiga k\u00f5hnad v\u00f5i kes, v\u00f5ivad s\u00fc\u00fca omale makku liiva v\u00f5i muda, peaksid neid kindlasti s\u00f6\u00f6ma!<\/p>\n<p>S\u00f6\u00f6tmissoovitused 100kg\/kehakaalu kohta:<br \/>\n<b>\u00dclalpidamine<\/b>:\u00a010gr<br \/>\n<b>Kerge t\u00f6\u00f6<\/b>: 20gr<br \/>\n<b>Keskmine koormus<\/b>: 30gr<br \/>\n<b>K\u00f5rgeim koormus<\/b>: 40gr<br \/>\n<b>Varsad<\/b>: 150gr\/p\u00e4evas<br \/>\n<b>Tiined m\u00e4rad\/laktatsiooni ajal<\/b>:<br \/>\n300-500gr\/p\u00e4evas<\/p>\n<hr \/>\n<p>Linaseemnetes sisalduv\u00a0<strong>Omega-3<\/strong>\u00a0asendamatu rasvhape avaldab hobusele j\u00e4rgmisi toimeid:<\/p>\n<ul>\n<li>paraneb karvkatte ning naha seiuskord; aitab hoida naha niisutatud ja elastsena,<\/li>\n<li>alandab erutuvust\/n\u00e4rvilisust,<\/li>\n<li>alandab allergilisi reaktsioone ning hooajalist naha s\u00fcgelust (suveekseem jm),<\/li>\n<li>alandab p\u00f5letikulisi protsesse loomaorganismis,<\/li>\n<li>paraneb liigeste paindlikkus ja mobiilsus,<\/li>\n<li>omab positiivset m\u00f5ju immuunvastusele, kuigi selle t\u00e4pne f\u00fcsioloogiline toimemehhanism pole veel teadlastele selge ning vajab lisauuringuid.<\/li>\n<\/ul>\n<p><strong>Loe ka meie blogipostitust<\/strong> &#8220;Viis fakti linaseemnete kohta, mida sa peaksid teadma!&#8221;<\/p>\n<p><a href=\"http:\/\/horsefood.ee\/wp-content\/uploads\/2017\/11\/Linaseemned-kohe-valmis-s\u00f6\u00f6tmiseks-e1513026266477.jpg\"><img loading=\"lazy\" decoding=\"async\" class=\"wp-image-4840 size-medium alignleft\" src=\"http:\/\/horsefood.ee\/wp-content\/uploads\/2017\/11\/Linaseemned-kohe-valmis-s\u00f6\u00f6tmiseks-200x300.jpg\" alt=\"\" width=\"200\" height=\"300\" \/><\/a><\/p>\n<p>&nbsp;<\/p>","protected":false},"featured_media":4840,"template":"","meta":{"jetpack_post_was_ever_published":false,"jetpack_publicize_message":"","jetpack_publicize_feature_enabled":true,"jetpack_social_post_already_shared":false,"jetpack_social_options":{"image_generator_settings":{"template":"highway","default_image_id":0,"font":"","enabled":false},"version":2}},"product_brand":[],"product_cat":[56,40],"product_tag":[73],"class_list":{"0":"post-3502","1":"product","2":"type-product","3":"status-publish","4":"has-post-thumbnail","6":"product_cat-horsefoodthebest","7":"product_cat-lisandid","8":"product_tag-seedimisprobleemid","10":"first","11":"instock","12":"shipping-taxable","13":"purchasable","14":"product-type-simple"},"jetpack_publicize_connections":[],"jetpack_sharing_enabled":true,"jetpack-related-posts":[{"id":3746,"url":"https:\/\/horsefood.ee\/latvia\/pood\/linaseemned-kohe-kasutusvalmis-sootmiseks-20kg\/","url_meta":{"origin":3502,"position":0},"title":"Linaseemned kohe valmis s\u00f6\u00f6tmiseks (seedimine \/ heaolu) 20kg","author":"kadri koppel","date":"23. Mai 2017","format":false,"excerpt":"T\u00e4iends\u00f6\u00f6t. Horsefood` the best linaseemned on kohe kasutusvalmis s\u00f6\u00f6tmiseks.\u00a0Tootes sisaldub nn linataimeliim+linaseemne\u00f5li+seemnemass. K\u00f5rge \u00f5li sisaldusega.\u00a0Tolmuvabad.\u00a0 Horsefood`the best linaseemned kohe valmis s\u00f6\u00f6tmiseks: \u2013 annab\u00a0karvale\u00a0kauni\u00a0ja\u00a0t\u00e4iusliku\u00a0l\u00e4ike, \u2013\u00a0seedimise\u00a0soodustamiseks\u00a0\u2013\u00a0ennetab koolikuid. Kuivana s\u00f6\u00f6tes soodustab s\u00fcljeeritust, mis aitab neutraliseerida maohapet. Maos on parem pH tasakaal ning v\u00e4heneb v\u00f5imalus maohaavandite tekkimiseks, \u2013 aitab\u00a0piimhappej\u00e4\u00e4ke\u00a0kehast\u00a0v\u00e4ljutada, \u2013 sisaldab\u00a0inuliini\u00a06%\u00a0\u2013\u00a0toimib\u00a0kui\u00a0prebiootikum,\u00a0mis\u00a0soodustab\u00a0piimhappebakterite\u00a0kasvu, \u2013 k\u00f5rgem\u00a0E-vitamiini\u00a0sisaldus, \u2013\u00a0Omega-3\u00a0\u2013\u00a0aeglaselt\u00a0vabanev\u00a0energia\u00a0\u2013\u00a0sobib\u00a0kestvusspordialadele.\u2026","rel":"","context":"Similar post","block_context":{"text":"Similar post","link":""},"img":{"alt_text":"","src":"https:\/\/i0.wp.com\/horsefood.ee\/wp-content\/uploads\/2017\/05\/Lijnzaad-Kantklaar-1.jpg?fit=383%2C575&ssl=1&resize=350%2C200","width":350,"height":200},"classes":[]},{"id":5086,"url":"https:\/\/horsefood.ee\/latvia\/pood\/digest-control-brok-20kg\/","url_meta":{"origin":3502,"position":1},"title":"Digest Control Brok (seedimine \/ k\u00f5ikidele hobustele) 20kg","author":"kadri koppel","date":"25. Jan 2018","format":false,"excerpt":"T\u00e4iends\u00f6\u00f6t. HORSEFOOD`the best \u00e4\u00e4rmiselt k\u00f5rgekvaliteediline spordigraanul. Loodud spetsiaalselt treenivatele\u00a0hobustele, kelledel on tundlikum seedes\u00fcsteem v\u00f5i probleeme seedimisega. Sobilik graanul k\u00f5ikidele hobustele, igasuguse koormuse juures treenimisel!\u00a0\u00a0J\u00e4rk-j\u00e4rgult\u00a0vabanev energia.\u00a0 Antud graanul sisaldab rikkalikult toorkiudu, mis stimuleerib n\u00e4rimist ning soodustab s\u00fcljeeritust. N\u00e4rimisintensiivsusest s\u00f5ltub s\u00fclje eritumise kogus, mis aitab neutraliseerida happelist maosekreeti. Graanulis sisalduvad toitained on\u2026","rel":"","context":"Similar post","block_context":{"text":"Similar post","link":""},"img":{"alt_text":"","src":"https:\/\/i0.wp.com\/horsefood.ee\/wp-content\/uploads\/2020\/02\/Kvaliteet-1024x576.png?resize=350%2C200","width":350,"height":200,"srcset":"https:\/\/i0.wp.com\/horsefood.ee\/wp-content\/uploads\/2020\/02\/Kvaliteet-1024x576.png?resize=350%2C200 1x, https:\/\/i0.wp.com\/horsefood.ee\/wp-content\/uploads\/2020\/02\/Kvaliteet-1024x576.png?resize=525%2C300 1.5x, https:\/\/i0.wp.com\/horsefood.ee\/wp-content\/uploads\/2020\/02\/Kvaliteet-1024x576.png?resize=700%2C400 2x"},"classes":[]},{"id":3490,"url":"https:\/\/horsefood.ee\/latvia\/pood\/kruidenstruktuurmix\/","url_meta":{"origin":3502,"position":2},"title":"Kruidenstruktuurmix (kaeravaba \/ tervisem\u00fcsli \/ hingamine \/ sport) 20kg","author":"Georg Koppel","date":"14. Apr 2017","format":false,"excerpt":"T\u00e4iends\u00f6\u00f6t. Kaeravaba, \u00e4\u00e4rmiselt\u00a0kergelt seeduv taimem\u00fcsli, mis sobib s\u00f6\u00f6tmiseks k\u00f5ikidele hobustele\/ponidele. See v\u00e4\u00e4rtuslik segu toetab viljakust, kasvu, arengut, sooritusv\u00f5imet ja tervist! Madala suhkrusisaldusega.\u00a0Tervislik segu, mis sisaldab kergelt seeduvaid eelt\u00f6\u00f6deldud teraviljahelbeid, kuivatatud porgandeid, hernehelbeid ning kliisid. V\u00e4rsked lutsernivarred pakuvad piisavalt kiudu ning m\u00fcslisegust saab t\u00e4nu lisatud maitse\u00fcrtidele abi ka kergemate hingamisteede probleemide\u2026","rel":"","context":"Similar post","block_context":{"text":"Similar post","link":""},"img":{"alt_text":"","src":"https:\/\/i0.wp.com\/horsefood.ee\/wp-content\/uploads\/2017\/04\/Kruidenstruktuurmix-1.jpg?fit=383%2C575&ssl=1&resize=350%2C200","width":350,"height":200},"classes":[]},{"id":22279,"url":"https:\/\/horsefood.ee\/latvia\/pood\/alfalux-cube\/","url_meta":{"origin":3502,"position":3},"title":"Horsefood AlfaLux Cube \u2013 lutsernikuubikud (18 kg)","author":"Kaido Koppel","date":"7. Okt 2025","format":false,"excerpt":"Horsefood AlfaLux Cube on looduslikust lutsernist ja heintaimedest valmistatud kiurikas lisands\u00f6\u00f6t, mis toetab hobuse seedimist ja \u00fcldist heaolu. K\u00f5rge kiusisaldus pikendab s\u00f6\u00f6misprotsessi, soodustab s\u00fclje teket ja aitab s\u00e4ilitada tervet mao- ja soolestikus\u00fcsteemi. Lisatud p\u00fcsihein (sainfoin) on v\u00e4\u00e4rtuslik liblik\u00f5ieline s\u00f6\u00f6dakultuur, mis toetab hobuse immuunsust ja seedimist. Bentoniiit, looduslik savimineraal, aitab kaitsta\u2026","rel":"","context":"Similar post","block_context":{"text":"Similar post","link":""},"img":{"alt_text":"","src":"https:\/\/i0.wp.com\/horsefood.ee\/wp-content\/uploads\/2025\/10\/AlfaLux-Cubes-flyer-EN.png?fit=846%2C1200&ssl=1&resize=350%2C200","width":350,"height":200,"srcset":"https:\/\/i0.wp.com\/horsefood.ee\/wp-content\/uploads\/2025\/10\/AlfaLux-Cubes-flyer-EN.png?fit=846%2C1200&ssl=1&resize=350%2C200 1x, https:\/\/i0.wp.com\/horsefood.ee\/wp-content\/uploads\/2025\/10\/AlfaLux-Cubes-flyer-EN.png?fit=846%2C1200&ssl=1&resize=525%2C300 1.5x, https:\/\/i0.wp.com\/horsefood.ee\/wp-content\/uploads\/2025\/10\/AlfaLux-Cubes-flyer-EN.png?fit=846%2C1200&ssl=1&resize=700%2C400 2x"},"classes":[]},{"id":5970,"url":"https:\/\/horsefood.ee\/latvia\/pood\/merriebrok-beta\/","url_meta":{"origin":3502,"position":4},"title":"Merriebrok-Beta (t\u00f5uaretuse m\u00e4rad \/ t\u00e4kud \/ beetakaroteen) 20kg","author":"kadri koppel","date":"26. Aug 2018","format":false,"excerpt":"\u00a0 V\u00e4\u00e4rtuslik t\u00e4iends\u00f6\u00f6t sugum\u00e4radele, et toetada nende viljakust\u00a0ning loob maksimaalsed eeldused tervislikuks loote arenguks. \u00a0Sobivas omavahelise suhtes toitained: vitamiinid, mikroelemendid, aminohapped. Loote kaitse: sisaldab kaetud vormis beetakaroteeni ja foolhapet.\u00a0 E-vitamiini 400mg. Need graanulid sobivad ka s\u00f6\u00f6tmiseks t\u00e4kkudele! Koostis:\u00a0oder, nisupeenkliijahu, sojajahu, nisujahu, linnaseidud, linaseemned, premix, heinagraanulid, kriit, soja\u00f5li, peedimelass, monokaltsiumfosfaat, sool,\u2026","rel":"","context":"Similar post","block_context":{"text":"Similar post","link":""},"img":{"alt_text":"","src":"https:\/\/i0.wp.com\/horsefood.ee\/wp-content\/uploads\/2020\/02\/Kvaliteet-1024x576.png?resize=350%2C200","width":350,"height":200,"srcset":"https:\/\/i0.wp.com\/horsefood.ee\/wp-content\/uploads\/2020\/02\/Kvaliteet-1024x576.png?resize=350%2C200 1x, https:\/\/i0.wp.com\/horsefood.ee\/wp-content\/uploads\/2020\/02\/Kvaliteet-1024x576.png?resize=525%2C300 1.5x, https:\/\/i0.wp.com\/horsefood.ee\/wp-content\/uploads\/2020\/02\/Kvaliteet-1024x576.png?resize=700%2C400 2x"},"classes":[]},{"id":8688,"url":"https:\/\/horsefood.ee\/latvia\/pood\/graanvrij-mix-teraviljavaba-muslisegu-melassivaba-madal-suhkur-tarklis-20kg\/","url_meta":{"origin":3502,"position":5},"title":"Graanvrij-Mix (teravilja- ja melassivaba \/ madal suhkur-t\u00e4rklis \/ probiootikum \/ kerge-keskmine t\u00f6\u00f6) 20kg","author":"kadri koppel","date":"29. Jan 2020","format":false,"excerpt":"L\u00e4bim\u00f5eldud teravilja- ja melassivaba t\u00e4iends\u00f6\u00f6t hobustele, kelle t\u00f6\u00f6koormus on kerge kuni keskmine ning kelle puhul on oluline seedes\u00fcsteemi tasakaal ja kontrollitud energiatase. Grainfree-Mix on t\u00e4iss\u00f6\u00f6t hobustele, kellel ei sobi teraviljarikkad s\u00f6\u00f6dad ning kelle ratsioon peab olema madala suhkru- ja t\u00e4rklisesisaldusega. Sobib h\u00e4sti igap\u00e4evaseks s\u00f6\u00f6tmiseks hobustele, kelle energiavajadus ei ole k\u00f5rge,\u2026","rel":"","context":"Similar post","block_context":{"text":"Similar post","link":""},"img":{"alt_text":"","src":"https:\/\/i0.wp.com\/horsefood.ee\/wp-content\/uploads\/2019\/03\/26.-Teraviljavaba-poster.png?fit=365%2C500&ssl=1&resize=350%2C200","width":350,"height":200},"classes":[]}],"_links":{"self":[{"href":"https:\/\/horsefood.ee\/latvia\/wp-json\/wp\/v2\/product\/3502","targetHints":{"allow":["GET"]}}],"collection":[{"href":"https:\/\/horsefood.ee\/latvia\/wp-json\/wp\/v2\/product"}],"about":[{"href":"https:\/\/horsefood.ee\/latvia\/wp-json\/wp\/v2\/types\/product"}],"wp:featuredmedia":[{"embeddable":true,"href":"https:\/\/horsefood.ee\/latvia\/wp-json\/wp\/v2\/media\/4840"}],"wp:attachment":[{"href":"https:\/\/horsefood.ee\/latvia\/wp-json\/wp\/v2\/media?parent=3502"}],"wp:term":[{"taxonomy":"product_brand","embeddable":true,"href":"https:\/\/horsefood.ee\/latvia\/wp-json\/wp\/v2\/product_brand?post=3502"},{"taxonomy":"product_cat","embeddable":true,"href":"https:\/\/horsefood.ee\/latvia\/wp-json\/wp\/v2\/product_cat?post=3502"},{"taxonomy":"product_tag","embeddable":true,"href":"https:\/\/horsefood.ee\/latvia\/wp-json\/wp\/v2\/product_tag?post=3502"}],"curies":[{"name":"wp","href":"https:\/\/api.w.org\/{rel}","templated":true}]}}