{"id":3500,"date":"2017-04-14T21:35:32","date_gmt":"2017-04-14T18:35:32","guid":{"rendered":"http:\/\/hobukomm.ee\/?post_type=product&#038;p=3500"},"modified":"2026-04-14T09:24:47","modified_gmt":"2026-04-14T06:24:47","slug":"kuuslauguhelbed","status":"publish","type":"product","link":"https:\/\/horsefood.ee\/latvia\/pood\/kuuslauguhelbed\/","title":{"rendered":"K\u00fc\u00fcslauguhelbed (immuunsus \/ s\u00f6\u00f6giisu soodustav) 2000gr"},"content":{"rendered":"<p><strong>NB! Kasutatakse naturaalseid komponente ning sellest johtuvalt v\u00f5ivad osad m\u00e4rgitud v\u00e4\u00e4rtused m\u00f5ningal m\u00e4\u00e4ral k\u00f5ikuda!<\/strong><\/p>\n<hr \/>\n<p>&nbsp;<\/p>","protected":false},"excerpt":{"rendered":"<hr \/>\n<p>T\u00e4iends\u00f6\u00f6t. <em><strong>Horsefood`the best\u00a0<\/strong><\/em>k\u00fc\u00fcslauguhelbed on valmistatud Euroopa p\u00e4ritolu k\u00fc\u00fcslaugu mugulatest. Rikastatud <b>kaltsiumi, magneesiumi, seleeniga<\/b>. 100% k\u00fc\u00fcslauku!<\/p>\n<ul>\n<li>Antibakteriaalne toime: puhastab verd, ennetab seen- ja p\u00f5letikulisi protsesse kehas.<\/li>\n<li>Lima eritust soodustav toime.<\/li>\n<li>T\u00f5rjub putukaid.<\/li>\n<\/ul>\n<p>K\u00fc\u00fcslaugus on erinevaid v\u00e4\u00e4vli\u00fchendeid, mis annavad k\u00fc\u00fcslaugule tema iseloomuliku terava l\u00f5hna ja tugeva maitse. K\u00fc\u00fcslaugus leiame ka vitamiine B1, B6 ja C ning olulisi toitaineid nagu kaltsium, mangaan, fosfor, tr\u00fcptofaan ja vask.<br \/>\nV\u00e4\u00e4vli aktiivne toimeaine <strong>allitsiin<\/strong> on tuntud oma antibiootikumilaadsete omaduste poolest. Seda kemikaali toodetakse, kui k\u00fc\u00fcslauku kas<b> hakkida<\/b> v\u00f5i n\u00e4rida. Teistel t\u00f6\u00f6tlustel see v\u00e4\u00e4rtuslik \u00fchend kahjuks h\u00e4vineb!<\/p>\n<p>S\u00f6\u00f6tmissoovitused:<br \/>\n<b>V\u00e4ikesed hobused\/ponid<\/b>: 5-10gr\/p\u00e4evas<br \/>\n<b>Keskmised hobused:<\/b> 10-15gr\/p\u00e4evas<br \/>\n<b>Suured hobused:<\/b> 15-20gr\/p\u00e4evas.<\/p>\n<p>Kulp on 20gr<\/p>\n<p><strong>Pakend: 2kg &#8211; laokaup<\/strong>, 25kg- ettetellimisel<\/p>\n<p><a href=\"http:\/\/horsefood.ee\/wp-content\/uploads\/2017\/11\/K\u00fc\u00fcslauguliistakud.jpg\"><img loading=\"lazy\" decoding=\"async\" class=\"wp-image-4844 size-medium alignleft\" src=\"http:\/\/horsefood.ee\/wp-content\/uploads\/2017\/11\/K\u00fc\u00fcslauguliistakud-200x300.jpg\" alt=\"\" width=\"200\" height=\"300\" srcset=\"https:\/\/i0.wp.com\/www.horsefood.ee\/wp-content\/uploads\/2017\/11\/K%C3%BC%C3%BCslauguliistakud.jpg?resize=200%2C300&amp;ssl=1 200w, https:\/\/i0.wp.com\/www.horsefood.ee\/wp-content\/uploads\/2017\/11\/K%C3%BC%C3%BCslauguliistakud.jpg?resize=768%2C1151&amp;ssl=1 768w, https:\/\/i0.wp.com\/www.horsefood.ee\/wp-content\/uploads\/2017\/11\/K%C3%BC%C3%BCslauguliistakud.jpg?resize=684%2C1024&amp;ssl=1 684w, https:\/\/i0.wp.com\/www.horsefood.ee\/wp-content\/uploads\/2017\/11\/K%C3%BC%C3%BCslauguliistakud.jpg?resize=120%2C180&amp;ssl=1 120w, https:\/\/i0.wp.com\/www.horsefood.ee\/wp-content\/uploads\/2017\/11\/K%C3%BC%C3%BCslauguliistakud.jpg?resize=400%2C600&amp;ssl=1 400w, https:\/\/i0.wp.com\/www.horsefood.ee\/wp-content\/uploads\/2017\/11\/K%C3%BC%C3%BCslauguliistakud.jpg?w=1367&amp;ssl=1 1367w\" sizes=\"(max-width: 200px) 100vw, 200px\" \/><\/a><\/p>","protected":false},"featured_media":4844,"template":"","meta":{"jetpack_post_was_ever_published":false,"jetpack_publicize_message":"","jetpack_publicize_feature_enabled":true,"jetpack_social_post_already_shared":false,"jetpack_social_options":{"image_generator_settings":{"template":"highway","enabled":false},"version":2}},"product_brand":[],"product_cat":[56,40],"product_tag":[76,74],"class_list":{"0":"post-3500","1":"product","2":"type-product","3":"status-publish","4":"has-post-thumbnail","6":"product_cat-horsefoodthebest","7":"product_cat-lisandid","8":"product_tag-heaolu-ja-tervis","9":"product_tag-hingamisprobleemid","11":"first","12":"instock","13":"shipping-taxable","14":"purchasable","15":"product-type-simple"},"jetpack_publicize_connections":[],"jetpack_sharing_enabled":true,"jetpack-related-posts":[],"_links":{"self":[{"href":"https:\/\/horsefood.ee\/latvia\/wp-json\/wp\/v2\/product\/3500"}],"collection":[{"href":"https:\/\/horsefood.ee\/latvia\/wp-json\/wp\/v2\/product"}],"about":[{"href":"https:\/\/horsefood.ee\/latvia\/wp-json\/wp\/v2\/types\/product"}],"wp:featuredmedia":[{"embeddable":true,"href":"https:\/\/horsefood.ee\/latvia\/wp-json\/wp\/v2\/media\/4844"}],"wp:attachment":[{"href":"https:\/\/horsefood.ee\/latvia\/wp-json\/wp\/v2\/media?parent=3500"}],"wp:term":[{"taxonomy":"product_brand","embeddable":true,"href":"https:\/\/horsefood.ee\/latvia\/wp-json\/wp\/v2\/product_brand?post=3500"},{"taxonomy":"product_cat","embeddable":true,"href":"https:\/\/horsefood.ee\/latvia\/wp-json\/wp\/v2\/product_cat?post=3500"},{"taxonomy":"product_tag","embeddable":true,"href":"https:\/\/horsefood.ee\/latvia\/wp-json\/wp\/v2\/product_tag?post=3500"}],"curies":[{"name":"wp","href":"https:\/\/api.w.org\/{rel}","templated":true}]}}