{"id":3498,"date":"2017-04-14T21:27:56","date_gmt":"2017-04-14T18:27:56","guid":{"rendered":"http:\/\/hobukomm.ee\/?post_type=product&#038;p=3498"},"modified":"2026-04-22T19:54:21","modified_gmt":"2026-04-22T16:54:21","slug":"slobbermeel","status":"publish","type":"product","link":"https:\/\/horsefood.ee\/latvia\/pood\/slobbermeel\/","title":{"rendered":"MASH e Slobbermeel (seedimine \/ konditsioon \/ lisaenergia) 20kg"},"content":{"rendered":"<p>NB!<strong> Kasutatakse naturaalseid komponente ning sellest johtuvalt v\u00f5ivad osad m\u00e4rgitud v\u00e4\u00e4rtused m\u00f5ningal m\u00e4\u00e4ral k\u00f5ikuda!<\/strong><\/p>\n<p>Energia 15.0 MJ<br \/>\nEWPa 1.05<br \/>\nSeeditav toorvalk (VREp) 8.9 %<br \/>\nToorproteiin 11.2 %<br \/>\nToorrasv 7.5 %<br \/>\nToorkiud 5.4 %<br \/>\nToortuhk 5.5 %<br \/>\nSuhkur 2.7 %<br \/>\nT\u00e4rklis 40.1 %<\/p>\n<p>Kaltsium 7.6 g<br \/>\nFosfor 4.6 g<br \/>\nNaatrium 3.0 g<br \/>\nKaalium 6.4 g<br \/>\nMagneesium 3.5 g<\/p>\n<p>Vask 30 mg<br \/>\nRaud 45 mg<br \/>\nTsink 125 mg<br \/>\nMangaan 60 mg<br \/>\nSeleen 0.21 mg<br \/>\nJood 1.50 mg<\/p>\n<p>Lisandid \/kg<\/p>\n<p>A-vitamiin 3a672a 20043 IE<br \/>\nD3-vitamiin 3a671 1896 IE<br \/>\nE-vitamiin 3a700 349 mg<br \/>\nRaud(II)sulfaat monoh\u00fcdraat 3b103 29 mg<br \/>\nKoobaltkabonaat (kattega) 3b304 0.5 mg<br \/>\nMangaanoksiid 3b502 60 mg<br \/>\nVaskkelaat (gl\u00fctsiin) 3b413 15 mg<br \/>\nTsinksulfaat monoh\u00fcdraat 3b605 45 mg<br \/>\nTsinkkelaat (gl\u00fctsiin) 3b607 80 mg<br \/>\nNaatriumseleniit 3b801 0.21 mg<br \/>\nSeleenip\u00e4rm 3b811 0.2 mg<br \/>\nKaltsiumjodaat (veevaba) 3b202 1.5 mg<br \/>\nVasksulfaat pentah\u00fcdraat 3b405 15 mg<\/p>","protected":false},"excerpt":{"rendered":"<p>T\u00e4iends\u00f6\u00f6t. Maitsev maiuspala igale hobusele \/ponile!<br \/>\n<b>HORSEFOOD the best <\/b>mashipudru valmistatakse sooja veega segatuna, suhtega 1:1. S\u00f6\u00f6detakse leigena.<br \/>\nEnergia taastamiseks\/lisaenergia.<br \/>\nKaaluiibe lisamiseks\/kehakonditsiooni parandamiseks.<br \/>\nSeedimise soodustamiseks.<br \/>\nSisaldab k\u00f5rgekvaliteedilist teravilja, kliisid, linaseemneid ning maisihelbeid.<strong> K\u00f5rge rasva sisaldus 7%.<\/strong><\/p>\n<p><i>Hobuse poolt seeditav energia 15,0MJ\/kg<br \/>\nHobuse poolt seeditav toores valk 9%<\/i><\/p>\n<p><strong>Koostis:<\/strong> mais, nisukuskuss, nisukliid, purustatud kaer, odrahelbed, maisihelbed,\u00a0linaseemnekoogijahu, lina\u00f5li, oder, premix, kriit, soja\u00f5li, lambal\u00e4\u00e4ts, maitsetaimed.<\/p>\n<p>S\u00d6\u00d6TMISSOOVITUSED 100kg\/kehakaalu kohta:<br \/>\n<b>Energia taastamine<\/b> &#8211; 0,2kg<br \/>\n<b>Kehakaalu suurendamiseks <\/b>&#8211; 0,4kg<\/p>\n<p>&nbsp;<\/p>\n<p>&nbsp;<\/p>","protected":false},"featured_media":5596,"template":"","meta":{"jetpack_post_was_ever_published":false,"jetpack_publicize_message":"","jetpack_publicize_feature_enabled":true,"jetpack_social_post_already_shared":false,"jetpack_social_options":{"image_generator_settings":{"template":"highway","default_image_id":0,"font":"","enabled":false},"version":2}},"product_brand":[],"product_cat":[56,39],"product_tag":[77,67,75,65,69,70],"class_list":{"0":"post-3498","1":"product","2":"type-product","3":"status-publish","4":"has-post-thumbnail","6":"product_cat-horsefoodthebest","7":"product_cat-muslid","8":"product_tag-harrastus","9":"product_tag-keskmine-koormus","10":"product_tag-konditsiooni-parandamine","11":"product_tag-tippsooritus","12":"product_tag-seenioritele","13":"product_tag-aretussoodad","15":"first","16":"instock","17":"shipping-taxable","18":"purchasable","19":"product-type-simple"},"jetpack_publicize_connections":[],"jetpack_sharing_enabled":true,"jetpack-related-posts":[{"id":3488,"url":"https:\/\/horsefood.ee\/latvia\/pood\/apfel-mix\/","url_meta":{"origin":3498,"position":0},"title":"Appel-mix (kaeravaba \/ harrastus \/ hobi \/ sport \/ heaolu) 20kg","author":"Georg Koppel","date":"14. Apr 2017","format":false,"excerpt":"Kaeravaba klassikaline t\u00e4iends\u00f6\u00f6t hobustele ja ponidele L\u00e4bim\u00f5eldud kaeravaba lisands\u00f6\u00f6t hobustele ja ponidele, kelle puhul on oluline hea maitse ja m\u00f5\u00f5dukas energiatase igap\u00e4evases s\u00f6\u00f6tmises. Appel-Mix on klassikaline kaeravaba m\u00fcsli, mis on loodud hobustele ja ponidele, kellele soovitakse pakkuda maitsvat ja visuaalselt ahvatlevat lisands\u00f6\u00f6ta. Segu \u00fchendab tasakaalustatud koostise ja loomuliku v\u00e4rskuse, sobides\u2026","rel":"","context":"Similar post","block_context":{"text":"Similar post","link":""},"img":{"alt_text":"","src":"https:\/\/i0.wp.com\/www.horsefood.ee\/wp-content\/uploads\/2020\/02\/Kvaliteet-1024x576.png?resize=350%2C200&ssl=1","width":350,"height":200,"srcset":"https:\/\/i0.wp.com\/www.horsefood.ee\/wp-content\/uploads\/2020\/02\/Kvaliteet-1024x576.png?resize=350%2C200&ssl=1 1x, https:\/\/i0.wp.com\/www.horsefood.ee\/wp-content\/uploads\/2020\/02\/Kvaliteet-1024x576.png?resize=525%2C300&ssl=1 1.5x, https:\/\/i0.wp.com\/www.horsefood.ee\/wp-content\/uploads\/2020\/02\/Kvaliteet-1024x576.png?resize=700%2C400&ssl=1 2x"},"classes":[]},{"id":4300,"url":"https:\/\/horsefood.ee\/latvia\/pood\/grow-mix-20kg-varsadsaludmarad\/","url_meta":{"origin":3498,"position":1},"title":"Grow-Mix (varsad alates 3-elun\u00e4dalast \/ s\u00e4lud kuni 2,5eluaastat \/ m\u00e4rad) 20kg","author":"kadri koppel","date":"26. Sep 2017","format":false,"excerpt":"T\u00e4iends\u00f6\u00f6t. Spetsiaalne, \u00e4\u00e4rmiselt k\u00f5rgekvaliteediline m\u00fcslisegu tiinetele- ja lakteerivatele m\u00e4radele ning nende varssadele s\u00f6\u00f6tmiseks kuni 1,5 eluaasta-ni. Selles mixis sisalduv kogu teravili on j\u00e4mejahvatatud ja\/v\u00f5i paisutatud ja sisaldab k\u00f5iki vajalikke komponente, et loomalapsest kasvaks tulevikus elur\u00f5\u00f5mus ja terve hobune\/poni. *\u00a0Spetsiaalne\u00a0m\u00fcslisegu\u00a0m\u00e4radele\/varssadele\/s\u00e4lgudele. *\u00a0Sisaldab\u00a0pre-\u00a0ja\u00a0probiootikume. *\u00a0Lisatud\u00a0p\u00e4rmikultuure\u00a0seedimise\u00a0soodustamiseks,\u00a0s\u00f6\u00f6da\u00a0efektiivsuse\u00a0parendamiseks\u00a0ning\u00a0-edendamiseks. *\u00a0Lisatud foolhapet ja E-vitamiini 400mg. Hobuse poolt seeditav energia\u2026","rel":"","context":"Similar post","block_context":{"text":"Similar post","link":""},"img":{"alt_text":"","src":"https:\/\/i0.wp.com\/horsefood.ee\/wp-content\/uploads\/2017\/09\/Grow-Mix-1.jpg?fit=397%2C596&ssl=1&resize=350%2C200","width":350,"height":200},"classes":[]},{"id":3496,"url":"https:\/\/horsefood.ee\/latvia\/pood\/happy-summer-mix\/","url_meta":{"origin":3498,"position":2},"title":"Happy-Summer Mix (kaeravaba \/ ainevahetushaigused) 20kg","author":"Georg Koppel","date":"14. Apr 2017","format":false,"excerpt":"T\u00e4iends\u00f6\u00f6t. Kaeravaba, 7-t funktsionaalset maitsetaime (ginko, n\u00f5ges, pune, k\u00fc\u00fcslauk, majoraan, t\u00fc\u00fcmian, basiilik) sisalduv kvaliteetm\u00fcslisegu on spetsiaalselt v\u00e4ljat\u00f6\u00f6tatud \u00fclitundlikele hobustele (kaasaarvatud suveekseem, laminiit, EMS, Cushings, rasumine ja insuliinresistentsus). Madal suhkru- ja t\u00e4rklisesisaldus. Kergelt seeduv. Rohkelt head linaseemne\u00f5li.\u00a0Lisatud on diatomiitmuld ning p\u00e4rmikultuure. T\u00e4isvitaminiseeritud. K\u00f5ike mikroelemente, eelk\u00f5ige: tsinki, vaske ning seleeni on piisavalt.\u2026","rel":"","context":"Similar post","block_context":{"text":"Similar post","link":""},"img":{"alt_text":"","src":"https:\/\/i0.wp.com\/www.horsefood.ee\/wp-content\/uploads\/2020\/02\/Kvaliteet-1024x576.png?resize=350%2C200&ssl=1","width":350,"height":200,"srcset":"https:\/\/i0.wp.com\/www.horsefood.ee\/wp-content\/uploads\/2020\/02\/Kvaliteet-1024x576.png?resize=350%2C200&ssl=1 1x, https:\/\/i0.wp.com\/www.horsefood.ee\/wp-content\/uploads\/2020\/02\/Kvaliteet-1024x576.png?resize=525%2C300&ssl=1 1.5x, https:\/\/i0.wp.com\/www.horsefood.ee\/wp-content\/uploads\/2020\/02\/Kvaliteet-1024x576.png?resize=700%2C400&ssl=1 2x"},"classes":[]},{"id":5993,"url":"https:\/\/horsefood.ee\/latvia\/pood\/speed-mix-plahvatuslik-energia-tippsport-pre-ja-probiootikumid-20kg\/","url_meta":{"origin":3498,"position":3},"title":"Speed-Mix (must kaer \/pre- ja probiootikumid \/ plahvatuslik energia) 20kg","author":"kadri koppel","date":"27. Aug 2018","format":false,"excerpt":"\u00a0 ...Kiiresti, kiiremini, veel kiiremini! T\u00e4iends\u00f6\u00f6t. K\u00f5rgekvaliteediline maitsev mix, mis pakub plahvatuslikku energiat. Baas t\u00e4isteravilja, ohtralt j\u00e4mejahvatusega teravilja, nagu must kaer jm ning maisihelbed. Lisatud hernehelbed ja pre- ja probiootikumid.\u00a0Kohandatud t\u00e4rklise- ja suhkrusisaldusega. Sporthobustele, kes vajavad plahvatuslikku energiat. Tippsportivad isendid. Vitamiinide, mineraalide, toitainete sisaldus vastab rangemale saavutusspordi normidele! Mix sisaldab\u2026","rel":"","context":"Similar post","block_context":{"text":"Similar post","link":""},"img":{"alt_text":"","src":"https:\/\/i0.wp.com\/horsefood.ee\/wp-content\/uploads\/2018\/08\/Pilt.jpg?fit=383%2C575&ssl=1&resize=350%2C200","width":350,"height":200},"classes":[]},{"id":3490,"url":"https:\/\/horsefood.ee\/latvia\/pood\/kruidenstruktuurmix\/","url_meta":{"origin":3498,"position":4},"title":"Kruidenstruktuurmix (kaeravaba \/ tervisem\u00fcsli \/ hingamine \/ sport) 20kg","author":"Georg Koppel","date":"14. Apr 2017","format":false,"excerpt":"T\u00e4iends\u00f6\u00f6t. Kaeravaba, \u00e4\u00e4rmiselt\u00a0kergelt seeduv taimem\u00fcsli, mis sobib s\u00f6\u00f6tmiseks k\u00f5ikidele hobustele\/ponidele. See v\u00e4\u00e4rtuslik segu toetab viljakust, kasvu, arengut, sooritusv\u00f5imet ja tervist! Madala suhkrusisaldusega.\u00a0Tervislik segu, mis sisaldab kergelt seeduvaid eelt\u00f6\u00f6deldud teraviljahelbeid, kuivatatud porgandeid, hernehelbeid ning kliisid. V\u00e4rsked lutsernivarred pakuvad piisavalt kiudu ning m\u00fcslisegust saab t\u00e4nu lisatud maitse\u00fcrtidele abi ka kergemate hingamisteede probleemide\u2026","rel":"","context":"Similar post","block_context":{"text":"Similar post","link":""},"img":{"alt_text":"","src":"https:\/\/i0.wp.com\/horsefood.ee\/wp-content\/uploads\/2017\/04\/Kruidenstruktuurmix-1.jpg?fit=383%2C575&ssl=1&resize=350%2C200","width":350,"height":200},"classes":[]},{"id":3494,"url":"https:\/\/horsefood.ee\/latvia\/pood\/omega-3-power-mix\/","url_meta":{"origin":3498,"position":5},"title":"Omega-3 Power Mix (kaeravaba \/ v\u00f5imekad lihased \/ tippsooritus) 20kg","author":"Georg Koppel","date":"14. Apr 2017","format":false,"excerpt":"Kaeravaba t\u00e4iss\u00f6\u00f6t treenivatele ja v\u00f5istlevatele hobustele L\u00e4bim\u00f5eldud kaeravaba lisands\u00f6\u00f6t hobusele, kelle t\u00f6\u00f6koormus n\u00f5uab enamat kui lihtsalt heina ning kelle puhul on oluline, et treeningus tehtud t\u00f6\u00f6 vormistuks v\u00f5istlustel tulemuseks. Kasutusel sporthobuste ratsioonides ka k\u00f5rgema koormuse juures. Vaakuumpakendatud, et s\u00e4ilitada s\u00f6\u00f6da v\u00e4rskus ning vitamiinide ja mineraalide kvaliteet. See kaeravaba m\u00fcslisegu on\u2026","rel":"","context":"Similar post","block_context":{"text":"Similar post","link":""},"img":{"alt_text":"","src":"https:\/\/i0.wp.com\/horsefood.ee\/wp-content\/uploads\/2017\/04\/Omega-3-Power-Mix-1.jpg?fit=395%2C593&ssl=1&resize=350%2C200","width":350,"height":200},"classes":[]}],"_links":{"self":[{"href":"https:\/\/horsefood.ee\/latvia\/wp-json\/wp\/v2\/product\/3498","targetHints":{"allow":["GET"]}}],"collection":[{"href":"https:\/\/horsefood.ee\/latvia\/wp-json\/wp\/v2\/product"}],"about":[{"href":"https:\/\/horsefood.ee\/latvia\/wp-json\/wp\/v2\/types\/product"}],"wp:featuredmedia":[{"embeddable":true,"href":"https:\/\/horsefood.ee\/latvia\/wp-json\/wp\/v2\/media\/5596"}],"wp:attachment":[{"href":"https:\/\/horsefood.ee\/latvia\/wp-json\/wp\/v2\/media?parent=3498"}],"wp:term":[{"taxonomy":"product_brand","embeddable":true,"href":"https:\/\/horsefood.ee\/latvia\/wp-json\/wp\/v2\/product_brand?post=3498"},{"taxonomy":"product_cat","embeddable":true,"href":"https:\/\/horsefood.ee\/latvia\/wp-json\/wp\/v2\/product_cat?post=3498"},{"taxonomy":"product_tag","embeddable":true,"href":"https:\/\/horsefood.ee\/latvia\/wp-json\/wp\/v2\/product_tag?post=3498"}],"curies":[{"name":"wp","href":"https:\/\/api.w.org\/{rel}","templated":true}]}}