{"id":3494,"date":"2017-04-14T21:19:17","date_gmt":"2017-04-14T18:19:17","guid":{"rendered":"http:\/\/hobukomm.ee\/?post_type=product&#038;p=3494"},"modified":"2026-04-22T19:54:21","modified_gmt":"2026-04-22T16:54:21","slug":"omega-3-power-mix","status":"publish","type":"product","link":"https:\/\/horsefood.ee\/latvia\/pood\/omega-3-power-mix\/","title":{"rendered":"Omega-3 Power Mix (kaeravaba \/ v\u00f5imekad lihased \/ tippsooritus) 20kg"},"content":{"rendered":"<ul>\n<li><strong>J\u00e4rgnevas tabelis on esitatud toitumuslikud n\u00e4itajad.<\/strong><\/li>\n<li><strong>Tabelis olevad v\u00e4\u00e4rtused vastavad toote kilogrammi kohta.<\/strong><\/li>\n<li><strong>Kuna kasutatakse looduslikku toorainet, v\u00f5ivad allpool loetletud v\u00e4\u00e4rtused m\u00f5ningal m\u00e4\u00e4ral varieeruda.<\/strong><\/li>\n<li><strong>Hobusele olulisemad mikroelemendid on lisatud kelaadivormis e orgaanilisel kujul.\u00a0<\/strong><\/li>\n<\/ul>\n<hr \/>\n<p>Energia 14.1 MJ<br \/>\nEWPa 0.97<br \/>\nSeeditav valk (VREp) 9.0 %<br \/>\nToorproteiin 11.3 %<br \/>\nToorrasv 6.8 %<br \/>\nToorkiud 11.5 %<br \/>\nToortuhk 7.4 %<br \/>\nSuhkur 3.0 %<br \/>\nT\u00e4rklis 26.3 %<\/p>\n<p>Mineraalid ja mikroelemendid (kg kohta):<\/p>\n<p>Kaltsium 11.7 g<br \/>\nFosfor 5.3 g<br \/>\nNaatrium 3.5 g<br \/>\nKaalium 7.4 g<br \/>\nMagneesium 4.4 g<br \/>\nVask 42 mg<br \/>\nRaud 60 mg<br \/>\nTsink 170 mg<br \/>\nMangaan 83 mg<br \/>\nSeleen 0.28 mg<br \/>\nJood 2.10 mg<\/p>\n<p><strong>Lisandid\/kg:<\/strong><\/p>\n<p>A-vitamiin 3a672a 24420 IE<br \/>\nD3-vitamiin 3a671 2675 IE<br \/>\nE-vitamiin 3a700 433 mg<br \/>\nRaud(II)sulfaat monoh\u00fcdraat 3b103 40 mg<br \/>\nKoobaltkabonaat (kattega) 3b304 0.62 mg<br \/>\nMangaanoksiid 3b502 83 mg<br \/>\nVaskkelaat (gl\u00fctsiin) 3b413 21 mg<br \/>\nTsinksulfaat monoh\u00fcdraat 3b605 62 mg<br \/>\nTsinkkelaat (gl\u00fctsiin) 3b607 110 mg<br \/>\nNaatriumseleniit 3b801 0.33 mg<br \/>\nSeleenip\u00e4rm 3b811 0.28 mg<br \/>\nKaltsiumjodaat (veevaba) 3b202 2.1 mg<br \/>\nVasksulfaat pentah\u00fcdraat 3b405 21 mg<\/p>\n<p><a href=\"https:\/\/i0.wp.com\/horsefood.ee\/wp-content\/uploads\/2020\/02\/Kvaliteet.png\"><img data-recalc-dims=\"1\" loading=\"lazy\" decoding=\"async\" data-attachment-id=\"9847\" data-permalink=\"https:\/\/horsefood.ee\/latvia\/hinnakiri\/kvaliteet\/#main\" data-orig-file=\"https:\/\/i0.wp.com\/horsefood.ee\/wp-content\/uploads\/2020\/02\/Kvaliteet.png?fit=1920%2C1080&amp;ssl=1\" data-orig-size=\"1920,1080\" data-comments-opened=\"0\" data-image-meta=\"{&quot;aperture&quot;:&quot;0&quot;,&quot;credit&quot;:&quot;&quot;,&quot;camera&quot;:&quot;&quot;,&quot;caption&quot;:&quot;&quot;,&quot;created_timestamp&quot;:&quot;0&quot;,&quot;copyright&quot;:&quot;&quot;,&quot;focal_length&quot;:&quot;0&quot;,&quot;iso&quot;:&quot;0&quot;,&quot;shutter_speed&quot;:&quot;0&quot;,&quot;title&quot;:&quot;&quot;,&quot;orientation&quot;:&quot;0&quot;}\" data-image-title=\"\" data-image-description=\"\" data-image-caption=\"\" data-large-file=\"https:\/\/i0.wp.com\/horsefood.ee\/wp-content\/uploads\/2020\/02\/Kvaliteet.png?fit=1020%2C574&amp;ssl=1\" class=\"size-large wp-image-9847 alignleft\" src=\"https:\/\/i0.wp.com\/horsefood.ee\/wp-content\/uploads\/2020\/02\/Kvaliteet-1024x576.png?resize=980%2C551\" alt=\"\" width=\"980\" height=\"551\" srcset=\"https:\/\/i0.wp.com\/horsefood.ee\/wp-content\/uploads\/2020\/02\/Kvaliteet.png?resize=1024%2C576&amp;ssl=1 1024w, https:\/\/i0.wp.com\/horsefood.ee\/wp-content\/uploads\/2020\/02\/Kvaliteet.png?resize=300%2C169&amp;ssl=1 300w, https:\/\/i0.wp.com\/horsefood.ee\/wp-content\/uploads\/2020\/02\/Kvaliteet.png?resize=768%2C432&amp;ssl=1 768w, https:\/\/i0.wp.com\/horsefood.ee\/wp-content\/uploads\/2020\/02\/Kvaliteet.png?resize=1536%2C864&amp;ssl=1 1536w, https:\/\/i0.wp.com\/horsefood.ee\/wp-content\/uploads\/2020\/02\/Kvaliteet.png?resize=416%2C234&amp;ssl=1 416w, https:\/\/i0.wp.com\/horsefood.ee\/wp-content\/uploads\/2020\/02\/Kvaliteet.png?w=1920&amp;ssl=1 1920w\" sizes=\"auto, (max-width: 980px) 100vw, 980px\" \/><\/a><\/p>","protected":false},"excerpt":{"rendered":"<h2><span style=\"font-size: 80%;\"><b>Kaeravaba t\u00e4iss\u00f6\u00f6t treenivatele ja v\u00f5istlevatele hobustele<\/b><\/span><\/h2>\n<p class=\"p3\"><b>L\u00e4bim\u00f5eldud kaeravaba lisands\u00f6\u00f6t hobusele, kelle t\u00f6\u00f6koormus n\u00f5uab enamat kui lihtsalt heina ning kelle puhul on oluline, et treeningus tehtud t\u00f6\u00f6 vormistuks v\u00f5istlustel tulemuseks.<\/b><\/p>\n<p class=\"p3\"><b>Kasutusel sporthobuste ratsioonides ka k\u00f5rgema koormuse juures.<\/b><\/p>\n<p class=\"p3\"><b>Vaakuumpakendatud, et s\u00e4ilitada s\u00f6\u00f6da v\u00e4rskus ning vitamiinide ja mineraalide kvaliteet.<\/b><\/p>\n<p class=\"p4\">See kaeravaba m\u00fcslisegu on m\u00f5eldud hobustele, kellelt oodatakse j\u00f5udu, vastupidavust ja kontrolli ka suurema koormuse juures. Energia tuleb peamiselt rasvadest, mitte teraviljasuhkrutest, mist\u00f5ttu on hobuse enesetunne sageli rahulikum ja \u00fchtlasem.<\/p>\n<p class=\"p4\">Sobib h\u00e4sti hobustele:<\/p>\n<ul>\n<li>\n<p class=\"p1\">kes treenivad 4\u20136 korda n\u00e4dalas<\/p>\n<\/li>\n<li>\n<p class=\"p1\">kes v\u00f5istlevad v\u00f5i valmistuvad selleks<\/p>\n<\/li>\n<li>\n<p class=\"p1\">kelle puhul otsitakse j\u00f5udu ilma liigse n\u00e4rvilisuseta<\/p>\n<\/li>\n<\/ul>\n<p class=\"p4\">Paljud omanikud m\u00e4rkavad, et hobune p\u00fcsib paremini \u201ekoos\u201c ning taastub koormusest kiiremini ka j\u00e4rgmiseks treeninguks.<\/p>\n<p class=\"p1\"><strong>L\u00e4bim\u00f5eldud valik hobusele, kelle t\u00f6\u00f6 ja tulemus ei s\u00fcnni juhuslikult.<\/strong><\/p>\n<p><i>Hobuse poolt seeditav energia 14,1MJ\/kg<br \/>\nHobuse poolt seeditav toores valk 9,0%<\/i><\/p>\n<p><strong>Koostis:\u00a0<\/strong>odrahelbed, kaerakliijahu, p\u00e4evalilleseemnejahu, maisihelbed, lutsern, linaseemned, nisutangud, linaseemne\u00f5li, nisuhelbed, suhkruroomelass, siguripulp,\u00a0 kaltsiumkarbonaat, sigurijuur(prebiootik), p\u00e4evalilleseemnekestad, naatriumkloriid, monokaltsiumfosfaat, magneesiumoksiid, \u00f5unajahu, p\u00e4rm(probiootik), oligofruktoos, kartulit\u00e4rklis.<\/p>\n<p class=\"p1\"><b>Soovituslikud kogused on suunavad. <\/b>\u00d5ige kogus kujuneb t\u00f6\u00f6 k\u00e4igus ning vastavalt hobuse konditsioonile. Kui kahtled koguses, kirjuta meile \u2013 aitame hea meelega kaasa m\u00f5elda.<\/p>\n<p>S\u00d6\u00d6TMISSOOVITUSED 100kg\/kehakaalu kohta:<br \/>\n<b>\u00dclalpidamine<\/b> &#8211; 0,2-0,3kg<br \/>\n<b>Kerge t\u00f6\u00f6 <\/b>&#8211; 0,3-0,4kg<br \/>\n<b>Keskmine koormus<\/b> &#8211; 0,5-0,6kg<br \/>\n<b>K\u00f5rgeim koormus<\/b> &#8211; 0,6-0,8kg<\/p>\n<p><a href=\"http:\/\/horsefood.ee\/wp-content\/uploads\/2017\/04\/Tarkusetera.png\"><img loading=\"lazy\" decoding=\"async\" class=\"aligncenter size-full wp-image-5170\" src=\"http:\/\/horsefood.ee\/wp-content\/uploads\/2017\/04\/Tarkusetera.png\" alt=\"\" width=\"794\" height=\"1123\" srcset=\"https:\/\/i0.wp.com\/horsefood.ee\/wp-content\/uploads\/2017\/04\/Tarkusetera.png?w=794&amp;ssl=1 794w, https:\/\/i0.wp.com\/horsefood.ee\/wp-content\/uploads\/2017\/04\/Tarkusetera.png?resize=212%2C300&amp;ssl=1 212w, https:\/\/i0.wp.com\/horsefood.ee\/wp-content\/uploads\/2017\/04\/Tarkusetera.png?resize=768%2C1086&amp;ssl=1 768w, https:\/\/i0.wp.com\/horsefood.ee\/wp-content\/uploads\/2017\/04\/Tarkusetera.png?resize=724%2C1024&amp;ssl=1 724w, https:\/\/i0.wp.com\/horsefood.ee\/wp-content\/uploads\/2017\/04\/Tarkusetera.png?resize=127%2C180&amp;ssl=1 127w, https:\/\/i0.wp.com\/horsefood.ee\/wp-content\/uploads\/2017\/04\/Tarkusetera.png?resize=424%2C600&amp;ssl=1 424w\" sizes=\"auto, (max-width: 794px) 100vw, 794px\" \/><\/a><\/p>","protected":false},"featured_media":5606,"template":"","meta":{"jetpack_post_was_ever_published":false,"jetpack_publicize_message":"","jetpack_publicize_feature_enabled":true,"jetpack_social_post_already_shared":false,"jetpack_social_options":{"image_generator_settings":{"template":"highway","default_image_id":0,"font":"","enabled":false},"version":2}},"product_brand":[],"product_cat":[56,39],"product_tag":[77,67,65],"class_list":{"0":"post-3494","1":"product","2":"type-product","3":"status-publish","4":"has-post-thumbnail","6":"product_cat-horsefoodthebest","7":"product_cat-muslid","8":"product_tag-harrastus","9":"product_tag-keskmine-koormus","10":"product_tag-tippsooritus","12":"first","13":"instock","14":"shipping-taxable","15":"purchasable","16":"product-type-simple"},"jetpack_publicize_connections":[],"jetpack_sharing_enabled":true,"jetpack-related-posts":[{"id":7118,"url":"https:\/\/horsefood.ee\/latvia\/pood\/eko-kvaliteedimargiga-graanulid-25kg\/","url_meta":{"origin":3494,"position":0},"title":"Mahem\u00e4rgisega \u00f6koloogilised s\u00f6\u00f6dagraanulid (k\u00f5ik hobuspordi distsipliinid) 20kg. (Ettetellimisel)","author":"kadri koppel","date":"13. Mar 2019","format":false,"excerpt":"EKO\u00a0(haldaja Skal \u2013 mittetulunduslik orgaanilise toodangu inspektsioon) on Hollandi mahem\u00e4rgis. Vastab Euroopa \u00dchenduse mahem\u00e4rgise kriteeriumitele EU 834\/2007.\u00a0 Graanuli suurus 5mm. T\u00e4iends\u00f6\u00f6t. Antud v\u00e4\u00e4rtuslik hobus\u00f6\u00f6dagraanul on v\u00e4etiste, pestitsiidide, geneetilise muundamise ning keemilise t\u00f6\u00f6tlemise vaba. 100% bioloogilised agrikultuurid!\u00a0 Koostis: nisu, oder, kaer, nisu semolina, mais, spelta, peedimelass, linaseemned, p\u00e4evalilleseemne helbed, kriit, monokaltsiumfosfaat,\u2026","rel":"","context":"Similar post","block_context":{"text":"Similar post","link":""},"img":{"alt_text":"","src":"https:\/\/i0.wp.com\/horsefood.ee\/wp-content\/uploads\/2019\/03\/Bioloogilised-graanulid.png?fit=365%2C500&ssl=1&resize=350%2C200","width":350,"height":200},"classes":[]},{"id":3496,"url":"https:\/\/horsefood.ee\/latvia\/pood\/happy-summer-mix\/","url_meta":{"origin":3494,"position":1},"title":"Happy-Summer Mix (kaeravaba \/ ainevahetushaigused) 20kg","author":"Georg Koppel","date":"14. Apr 2017","format":false,"excerpt":"T\u00e4iends\u00f6\u00f6t. Kaeravaba, 7-t funktsionaalset maitsetaime (ginko, n\u00f5ges, pune, k\u00fc\u00fcslauk, majoraan, t\u00fc\u00fcmian, basiilik) sisalduv kvaliteetm\u00fcslisegu on spetsiaalselt v\u00e4ljat\u00f6\u00f6tatud \u00fclitundlikele hobustele (kaasaarvatud suveekseem, laminiit, EMS, Cushings, rasumine ja insuliinresistentsus). Madal suhkru- ja t\u00e4rklisesisaldus. Kergelt seeduv. Rohkelt head linaseemne\u00f5li.\u00a0Lisatud on diatomiitmuld ning p\u00e4rmikultuure. T\u00e4isvitaminiseeritud. K\u00f5ike mikroelemente, eelk\u00f5ige: tsinki, vaske ning seleeni on piisavalt.\u2026","rel":"","context":"Similar post","block_context":{"text":"Similar post","link":""},"img":{"alt_text":"","src":"https:\/\/i0.wp.com\/www.horsefood.ee\/wp-content\/uploads\/2020\/02\/Kvaliteet-1024x576.png?resize=350%2C200&ssl=1","width":350,"height":200,"srcset":"https:\/\/i0.wp.com\/www.horsefood.ee\/wp-content\/uploads\/2020\/02\/Kvaliteet-1024x576.png?resize=350%2C200&ssl=1 1x, https:\/\/i0.wp.com\/www.horsefood.ee\/wp-content\/uploads\/2020\/02\/Kvaliteet-1024x576.png?resize=525%2C300&ssl=1 1.5x, https:\/\/i0.wp.com\/www.horsefood.ee\/wp-content\/uploads\/2020\/02\/Kvaliteet-1024x576.png?resize=700%2C400&ssl=1 2x"},"classes":[]},{"id":5993,"url":"https:\/\/horsefood.ee\/latvia\/pood\/speed-mix-plahvatuslik-energia-tippsport-pre-ja-probiootikumid-20kg\/","url_meta":{"origin":3494,"position":2},"title":"Speed-Mix (must kaer \/pre- ja probiootikumid \/ plahvatuslik energia) 20kg","author":"kadri koppel","date":"27. Aug 2018","format":false,"excerpt":"\u00a0 ...Kiiresti, kiiremini, veel kiiremini! T\u00e4iends\u00f6\u00f6t. K\u00f5rgekvaliteediline maitsev mix, mis pakub plahvatuslikku energiat. Baas t\u00e4isteravilja, ohtralt j\u00e4mejahvatusega teravilja, nagu must kaer jm ning maisihelbed. Lisatud hernehelbed ja pre- ja probiootikumid.\u00a0Kohandatud t\u00e4rklise- ja suhkrusisaldusega. Sporthobustele, kes vajavad plahvatuslikku energiat. Tippsportivad isendid. Vitamiinide, mineraalide, toitainete sisaldus vastab rangemale saavutusspordi normidele! Mix sisaldab\u2026","rel":"","context":"Similar post","block_context":{"text":"Similar post","link":""},"img":{"alt_text":"","src":"https:\/\/i0.wp.com\/horsefood.ee\/wp-content\/uploads\/2018\/08\/Pilt.jpg?fit=383%2C575&ssl=1&resize=350%2C200","width":350,"height":200},"classes":[]},{"id":4300,"url":"https:\/\/horsefood.ee\/latvia\/pood\/grow-mix-20kg-varsadsaludmarad\/","url_meta":{"origin":3494,"position":3},"title":"Grow-Mix (varsad alates 3-elun\u00e4dalast \/ s\u00e4lud kuni 2,5eluaastat \/ m\u00e4rad) 20kg","author":"kadri koppel","date":"26. Sep 2017","format":false,"excerpt":"T\u00e4iends\u00f6\u00f6t. Spetsiaalne, \u00e4\u00e4rmiselt k\u00f5rgekvaliteediline m\u00fcslisegu tiinetele- ja lakteerivatele m\u00e4radele ning nende varssadele s\u00f6\u00f6tmiseks kuni 1,5 eluaasta-ni. Selles mixis sisalduv kogu teravili on j\u00e4mejahvatatud ja\/v\u00f5i paisutatud ja sisaldab k\u00f5iki vajalikke komponente, et loomalapsest kasvaks tulevikus elur\u00f5\u00f5mus ja terve hobune\/poni. *\u00a0Spetsiaalne\u00a0m\u00fcslisegu\u00a0m\u00e4radele\/varssadele\/s\u00e4lgudele. *\u00a0Sisaldab\u00a0pre-\u00a0ja\u00a0probiootikume. *\u00a0Lisatud\u00a0p\u00e4rmikultuure\u00a0seedimise\u00a0soodustamiseks,\u00a0s\u00f6\u00f6da\u00a0efektiivsuse\u00a0parendamiseks\u00a0ning\u00a0-edendamiseks. *\u00a0Lisatud foolhapet ja E-vitamiini 400mg. Hobuse poolt seeditav energia\u2026","rel":"","context":"Similar post","block_context":{"text":"Similar post","link":""},"img":{"alt_text":"","src":"https:\/\/i0.wp.com\/horsefood.ee\/wp-content\/uploads\/2017\/09\/Grow-Mix-1.jpg?fit=397%2C596&ssl=1&resize=350%2C200","width":350,"height":200},"classes":[]},{"id":3490,"url":"https:\/\/horsefood.ee\/latvia\/pood\/kruidenstruktuurmix\/","url_meta":{"origin":3494,"position":4},"title":"Kruidenstruktuurmix (kaeravaba \/ tervisem\u00fcsli \/ hingamine \/ sport) 20kg","author":"Georg Koppel","date":"14. Apr 2017","format":false,"excerpt":"T\u00e4iends\u00f6\u00f6t. Kaeravaba, \u00e4\u00e4rmiselt\u00a0kergelt seeduv taimem\u00fcsli, mis sobib s\u00f6\u00f6tmiseks k\u00f5ikidele hobustele\/ponidele. See v\u00e4\u00e4rtuslik segu toetab viljakust, kasvu, arengut, sooritusv\u00f5imet ja tervist! Madala suhkrusisaldusega.\u00a0Tervislik segu, mis sisaldab kergelt seeduvaid eelt\u00f6\u00f6deldud teraviljahelbeid, kuivatatud porgandeid, hernehelbeid ning kliisid. V\u00e4rsked lutsernivarred pakuvad piisavalt kiudu ning m\u00fcslisegust saab t\u00e4nu lisatud maitse\u00fcrtidele abi ka kergemate hingamisteede probleemide\u2026","rel":"","context":"Similar post","block_context":{"text":"Similar post","link":""},"img":{"alt_text":"","src":"https:\/\/i0.wp.com\/horsefood.ee\/wp-content\/uploads\/2017\/04\/Kruidenstruktuurmix-1.jpg?fit=383%2C575&ssl=1&resize=350%2C200","width":350,"height":200},"classes":[]},{"id":5970,"url":"https:\/\/horsefood.ee\/latvia\/pood\/merriebrok-beta\/","url_meta":{"origin":3494,"position":5},"title":"Merriebrok-Beta (t\u00f5uaretuse m\u00e4rad \/ t\u00e4kud \/ beetakaroteen) 20kg","author":"kadri koppel","date":"26. Aug 2018","format":false,"excerpt":"\u00a0 V\u00e4\u00e4rtuslik t\u00e4iends\u00f6\u00f6t sugum\u00e4radele, et toetada nende viljakust\u00a0ning loob maksimaalsed eeldused tervislikuks loote arenguks. \u00a0Sobivas omavahelise suhtes toitained: vitamiinid, mikroelemendid, aminohapped. Loote kaitse: sisaldab kaetud vormis beetakaroteeni ja foolhapet.\u00a0 E-vitamiini 400mg. Need graanulid sobivad ka s\u00f6\u00f6tmiseks t\u00e4kkudele! Koostis:\u00a0oder, nisupeenkliijahu, sojajahu, nisujahu, linnaseidud, linaseemned, premix, heinagraanulid, kriit, soja\u00f5li, peedimelass, monokaltsiumfosfaat, sool,\u2026","rel":"","context":"Similar post","block_context":{"text":"Similar post","link":""},"img":{"alt_text":"","src":"https:\/\/i0.wp.com\/horsefood.ee\/wp-content\/uploads\/2020\/02\/Kvaliteet-1024x576.png?resize=350%2C200","width":350,"height":200,"srcset":"https:\/\/i0.wp.com\/horsefood.ee\/wp-content\/uploads\/2020\/02\/Kvaliteet-1024x576.png?resize=350%2C200 1x, https:\/\/i0.wp.com\/horsefood.ee\/wp-content\/uploads\/2020\/02\/Kvaliteet-1024x576.png?resize=525%2C300 1.5x, https:\/\/i0.wp.com\/horsefood.ee\/wp-content\/uploads\/2020\/02\/Kvaliteet-1024x576.png?resize=700%2C400 2x"},"classes":[]}],"_links":{"self":[{"href":"https:\/\/horsefood.ee\/latvia\/wp-json\/wp\/v2\/product\/3494","targetHints":{"allow":["GET"]}}],"collection":[{"href":"https:\/\/horsefood.ee\/latvia\/wp-json\/wp\/v2\/product"}],"about":[{"href":"https:\/\/horsefood.ee\/latvia\/wp-json\/wp\/v2\/types\/product"}],"wp:featuredmedia":[{"embeddable":true,"href":"https:\/\/horsefood.ee\/latvia\/wp-json\/wp\/v2\/media\/5606"}],"wp:attachment":[{"href":"https:\/\/horsefood.ee\/latvia\/wp-json\/wp\/v2\/media?parent=3494"}],"wp:term":[{"taxonomy":"product_brand","embeddable":true,"href":"https:\/\/horsefood.ee\/latvia\/wp-json\/wp\/v2\/product_brand?post=3494"},{"taxonomy":"product_cat","embeddable":true,"href":"https:\/\/horsefood.ee\/latvia\/wp-json\/wp\/v2\/product_cat?post=3494"},{"taxonomy":"product_tag","embeddable":true,"href":"https:\/\/horsefood.ee\/latvia\/wp-json\/wp\/v2\/product_tag?post=3494"}],"curies":[{"name":"wp","href":"https:\/\/api.w.org\/{rel}","templated":true}]}}