{"id":3488,"date":"2017-04-14T21:09:07","date_gmt":"2017-04-14T18:09:07","guid":{"rendered":"http:\/\/hobukomm.ee\/?post_type=product&#038;p=3488"},"modified":"2026-04-12T14:22:27","modified_gmt":"2026-04-12T11:22:27","slug":"apfel-mix","status":"publish","type":"product","link":"https:\/\/horsefood.ee\/latvia\/pood\/apfel-mix\/","title":{"rendered":"Appel-mix (kaeravaba \/ harrastus \/ hobi \/ sport \/ heaolu) 20kg"},"content":{"rendered":"<ul>\n<li><strong>J\u00e4rgnevas tabelis on esitatud toitumuslikud n\u00e4itajad.\u00a0<\/strong><\/li>\n<li><strong>Tabelis olevad v\u00e4\u00e4rtused vastavad toote kilogrammi kohta.\u00a0<\/strong><\/li>\n<li><strong>Kuna kasutatakse looduslikke tooraineid, v\u00f5ivad allpool loetletud v\u00e4\u00e4rtused m\u00f5ningal m\u00e4\u00e4ral k\u00f5ikuda.\u00a0<\/strong><\/li>\n<li><strong>Hobustele olulisemad mikroelemendid(vask, tsink, seleen) on lisatud kelaadivormis e orgaanilisel kujul.<\/strong><\/li>\n<\/ul>\n<hr \/>\n<p>Energia 11.4 MJ<br \/>\nEWPa 0.80<br \/>\nSeeditav valk (VREp) 8.8 %<br \/>\nToorproteiin 11.6 %<br \/>\nToorrasv 2.3 %<br \/>\nToorkiud 17.1 %<br \/>\nToortuhk 6.9 %<br \/>\nSuhkur 3.2 %<br \/>\nT\u00e4rklis 24.7 %<\/p>\n<p>Mineraalid ja mikroelemendid (kg kohta):<\/p>\n<p>Kaltsium 8.6 g<br \/>\nFosfor 3.9 g<br \/>\nNaatrium 2.3 g<br \/>\nKaalium 11.7 g<br \/>\nMagneesium 4.7 g<br \/>\nVask 32 mg<br \/>\nRaud 45 mg<br \/>\nTsink 130 mg<br \/>\nMangaan 63 mg<br \/>\nSeleen 0.21 mg<br \/>\nJood 1.60 mg<\/p>\n<p>Lisandid\/kg:<br \/>\nA-vitamiin 3a672a 13650 IE<br \/>\nD3-vitamiin 3a671 2100 IE<br \/>\nE-vitamiin 3a700 210 mg<br \/>\nRaud(II)sulfaat monoh\u00fcdraat 3b103 30 mg<br \/>\nKoobaltkabonaat (kattega) 3b304 0.47 mg<br \/>\nMangaanoksiid 3b502 63 mg<br \/>\nSeleenip\u00e4rm 3b811 0.21 mg<br \/>\nVaskkelaat (gl\u00fctsiin) 3b413 16 mg<br \/>\nTsinksulfaat monoh\u00fcdraat 3b605 47 mg<br \/>\nTsinkkelaat (gl\u00fctsiin) 3b607 84 mg<br \/>\nNaatriumseleniit 3b801 0.21 mg<br \/>\nKaltsiumjodaat (veevaba) 3b202 1.6 mg<br \/>\nVasksulfaat pentah\u00fcdraat 3b405 16 mg<\/p>\n<p><a href=\"https:\/\/i0.wp.com\/www.horsefood.ee\/wp-content\/uploads\/2020\/02\/Kvaliteet.png?ssl=1\"><img data-recalc-dims=\"1\" loading=\"lazy\" decoding=\"async\" data-attachment-id=\"9847\" data-permalink=\"https:\/\/horsefood.ee\/latvia\/hinnakiri\/kvaliteet\/#main\" data-orig-file=\"https:\/\/i0.wp.com\/horsefood.ee\/wp-content\/uploads\/2020\/02\/Kvaliteet.png?fit=1920%2C1080&amp;ssl=1\" data-orig-size=\"1920,1080\" data-comments-opened=\"0\" data-image-meta=\"{&quot;aperture&quot;:&quot;0&quot;,&quot;credit&quot;:&quot;&quot;,&quot;camera&quot;:&quot;&quot;,&quot;caption&quot;:&quot;&quot;,&quot;created_timestamp&quot;:&quot;0&quot;,&quot;copyright&quot;:&quot;&quot;,&quot;focal_length&quot;:&quot;0&quot;,&quot;iso&quot;:&quot;0&quot;,&quot;shutter_speed&quot;:&quot;0&quot;,&quot;title&quot;:&quot;&quot;,&quot;orientation&quot;:&quot;0&quot;}\" data-image-title=\"\" data-image-description=\"\" data-image-caption=\"\" data-medium-file=\"https:\/\/i0.wp.com\/horsefood.ee\/wp-content\/uploads\/2020\/02\/Kvaliteet.png?fit=300%2C169&amp;ssl=1\" data-large-file=\"https:\/\/i0.wp.com\/horsefood.ee\/wp-content\/uploads\/2020\/02\/Kvaliteet.png?fit=1020%2C574&amp;ssl=1\" class=\"size-large wp-image-9847 alignleft\" src=\"https:\/\/i0.wp.com\/www.horsefood.ee\/wp-content\/uploads\/2020\/02\/Kvaliteet-1024x576.png?resize=980%2C551&#038;ssl=1\" alt=\"\" width=\"980\" height=\"551\" srcset=\"https:\/\/i0.wp.com\/horsefood.ee\/wp-content\/uploads\/2020\/02\/Kvaliteet.png?resize=1024%2C576&amp;ssl=1 1024w, https:\/\/i0.wp.com\/horsefood.ee\/wp-content\/uploads\/2020\/02\/Kvaliteet.png?resize=300%2C169&amp;ssl=1 300w, https:\/\/i0.wp.com\/horsefood.ee\/wp-content\/uploads\/2020\/02\/Kvaliteet.png?resize=768%2C432&amp;ssl=1 768w, https:\/\/i0.wp.com\/horsefood.ee\/wp-content\/uploads\/2020\/02\/Kvaliteet.png?resize=1536%2C864&amp;ssl=1 1536w, https:\/\/i0.wp.com\/horsefood.ee\/wp-content\/uploads\/2020\/02\/Kvaliteet.png?resize=416%2C234&amp;ssl=1 416w, https:\/\/i0.wp.com\/horsefood.ee\/wp-content\/uploads\/2020\/02\/Kvaliteet.png?w=1920&amp;ssl=1 1920w\" sizes=\"(max-width: 980px) 100vw, 980px\" \/><\/a><\/p>","protected":false},"excerpt":{"rendered":"<p class=\"p1\"><i>Kaeravaba klassikaline t\u00e4iends\u00f6\u00f6t hobustele ja ponidele<\/i><\/p>\n<p class=\"p2\"><b>L\u00e4bim\u00f5eldud kaeravaba lisands\u00f6\u00f6t hobustele ja ponidele, kelle puhul on oluline hea maitse ja m\u00f5\u00f5dukas energiatase igap\u00e4evases s\u00f6\u00f6tmises.<\/b><\/p>\n<p class=\"p1\">Appel-Mix on klassikaline kaeravaba m\u00fcsli, mis on loodud hobustele ja ponidele, kellele soovitakse pakkuda maitsvat ja visuaalselt ahvatlevat lisands\u00f6\u00f6ta. Segu \u00fchendab tasakaalustatud koostise ja loomuliku v\u00e4rskuse, sobides h\u00e4sti igap\u00e4evase ratsiooni t\u00e4iendamiseks koos kores\u00f6\u00f6daga.<\/p>\n<p class=\"p1\">M\u00fcsli sisaldab hoolikalt valitud maisi- ja odrahelbeid, lutserni ning looduslikke puu- ja k\u00f6\u00f6givilju. Rohkelt lisatud noored lutsernikiud toetavad loomulikku m\u00e4lumist ja s\u00fcljetootmist ning muudavad segu hobusele meeldivaks s\u00fc\u00fca.<\/p>\n<p class=\"p1\">Kuivatatud \u00f5unat\u00fckikesed ja looduslikud suhkrud parandavad s\u00f6\u00f6giisu, mist\u00f5ttu sobib Appel-Mix h\u00e4sti ka valivamatele hobustele ja ponidele.<\/p>\n<p class=\"p1\">Appel-Mix on m\u00f5eldud kasutamiseks <span class=\"s1\">lisands\u00f6\u00f6dana<\/span>, t\u00e4iendades kores\u00f6\u00f6dal p\u00f5hinevat ratsiooni vastavalt hobuse t\u00f6\u00f6koormusele.<\/p>\n<p class=\"p2\"><b>Vaakuumpakendatud, et s\u00e4ilitada s\u00f6\u00f6da v\u00e4rskus ning vitamiinide ja mineraalide kvaliteet.<\/b><\/p>\n<h3><strong><span style=\"font-size: 80%;\">Sobib h\u00e4sti hobustele ja ponidele:<\/span><\/strong><\/h3>\n<ul>\n<li>\n<p class=\"p1\">kelle t\u00f6\u00f6koormus on \u00fclalpidamine kuni keskmine<\/p>\n<\/li>\n<li>\n<p class=\"p1\">kellele soovitakse kaeravaba, kuid klassikalise koostisega m\u00fcslit<\/p>\n<\/li>\n<li>\n<p class=\"p1\">kes on s\u00f6\u00f6gi suhtes valivamad<\/p>\n<\/li>\n<li>\n<p class=\"p1\">kelle ratsiooni soovitakse muuta maitsvamaks<\/p>\n<\/li>\n<\/ul>\n<h3><span style=\"font-size: 80%;\"><b>Toitev\u00e4\u00e4rtus<\/b><\/span><\/h3>\n<ul>\n<li>\n<p class=\"p1\">Hobuse poolt seeditav energia: <span class=\"s1\"><b>11,4 MJ\/kg<\/b><\/span><\/p>\n<\/li>\n<li>\n<p class=\"p1\">Hobuse poolt seeditav toores valk: <span class=\"s1\"><b>8,8%<\/b><\/span><\/p>\n<\/li>\n<\/ul>\n<h3><span style=\"font-size: 80%;\"><b>Koostis<\/b><\/span><\/h3>\n<p class=\"p1\">Lutsern, odrahelbed, kaerakliid, maisihelbed, p\u00e4evalilleseemnejahu, \u00f5unapulp, p\u00e4evalilleseemned, hernehelbed, suhkruroommelass, magneesiumoksiid, kaltsiumkarbonaat, siguripulp, linaseemne\u00f5li, monokaltsiumfosfaat, naatriumkloriid, kartulit\u00e4rklis, linahelbed, kurkumihelbed.<\/p>\n<p class=\"p2\">Soovituslikud kogused on suunavad. \u00d5ige kogus kujuneb t\u00f6\u00f6 k\u00e4igus ning vastavalt hobuse konditsioonile.<\/p>\n<p class=\"p2\">Kui kahtled sobivuses v\u00f5i koguses, kirjuta meile \u2013 aitame hea meelega kaasa m\u00f5elda (ka Messengeris).<\/p>\n<h3><span style=\"font-size: 80%;\"><b>S\u00f6\u00f6tmissoovitused (100 kg kehakaalu kohta)<\/b><\/span><\/h3>\n<ul>\n<li>\n<p class=\"p1\">\u00dclalpidamine: <span class=\"s1\"><b>0,3\u20130,4 kg<\/b><\/span><\/p>\n<\/li>\n<li>\n<p class=\"p1\">Kerge t\u00f6\u00f6: <span class=\"s1\"><b>0,4\u20130,5 kg<\/b><\/span><\/p>\n<\/li>\n<li>\n<p class=\"p1\">Keskmine koormus: <span class=\"s1\"><b>0,5\u20130,7 kg<\/b><\/span><\/p>\n<\/li>\n<\/ul>\n<p>&nbsp;<\/p>","protected":false},"featured_media":5598,"template":"","meta":{"jetpack_post_was_ever_published":false,"jetpack_publicize_message":"","jetpack_publicize_feature_enabled":true,"jetpack_social_post_already_shared":false,"jetpack_social_options":{"image_generator_settings":{"template":"highway","enabled":false},"version":2}},"product_brand":[],"product_cat":[56,39],"product_tag":[77,67],"class_list":{"0":"post-3488","1":"product","2":"type-product","3":"status-publish","4":"has-post-thumbnail","6":"product_cat-horsefoodthebest","7":"product_cat-muslid","8":"product_tag-harrastus","9":"product_tag-keskmine-koormus","11":"first","12":"instock","13":"shipping-taxable","14":"purchasable","15":"product-type-simple"},"jetpack_publicize_connections":[],"jetpack_sharing_enabled":true,"jetpack-related-posts":[],"_links":{"self":[{"href":"https:\/\/horsefood.ee\/latvia\/wp-json\/wp\/v2\/product\/3488"}],"collection":[{"href":"https:\/\/horsefood.ee\/latvia\/wp-json\/wp\/v2\/product"}],"about":[{"href":"https:\/\/horsefood.ee\/latvia\/wp-json\/wp\/v2\/types\/product"}],"wp:featuredmedia":[{"embeddable":true,"href":"https:\/\/horsefood.ee\/latvia\/wp-json\/wp\/v2\/media\/5598"}],"wp:attachment":[{"href":"https:\/\/horsefood.ee\/latvia\/wp-json\/wp\/v2\/media?parent=3488"}],"wp:term":[{"taxonomy":"product_brand","embeddable":true,"href":"https:\/\/horsefood.ee\/latvia\/wp-json\/wp\/v2\/product_brand?post=3488"},{"taxonomy":"product_cat","embeddable":true,"href":"https:\/\/horsefood.ee\/latvia\/wp-json\/wp\/v2\/product_cat?post=3488"},{"taxonomy":"product_tag","embeddable":true,"href":"https:\/\/horsefood.ee\/latvia\/wp-json\/wp\/v2\/product_tag?post=3488"}],"curies":[{"name":"wp","href":"https:\/\/api.w.org\/{rel}","templated":true}]}}