{"id":3486,"date":"2017-04-14T21:05:54","date_gmt":"2017-04-14T18:05:54","guid":{"rendered":"http:\/\/hobukomm.ee\/?post_type=product&#038;p=3486"},"modified":"2026-04-22T17:21:22","modified_gmt":"2026-04-22T14:21:22","slug":"jaarlingmerriebrokken","status":"publish","type":"product","link":"https:\/\/horsefood.ee\/latvia\/pood\/jaarlingmerriebrokken\/","title":{"rendered":"Jaarling-Merriebrokken (s\u00e4lud kuni 2,5eluaastat \/ m\u00e4rad) 20kg"},"content":{"rendered":"<ul>\n<li><strong>J\u00e4rgnevas tabelis on esitatud toitumuslikud n\u00e4itajad.<\/strong><\/li>\n<li><strong>Tabelis olevad v\u00e4\u00e4rtused vastavad toote kilogrammi kohta.<\/strong><\/li>\n<li><strong>Kuna kasutatakse looduslikku toorainet, v\u00f5ivad allpool loetletud v\u00e4\u00e4rtused m\u00f5ningal m\u00e4\u00e4ral varieeruda.<\/strong><\/li>\n<li><strong>Hobusele olulisemad mikroelemendid on lisatud kelaadivormis e orgaanilisel kujul.\u00a0<\/strong><\/li>\n<\/ul>\n<hr \/>\n<p>Toorproteiin 14,5%<br \/>\nToorrasv 4,5%<br \/>\nToorkiud 6,0%<br \/>\nToortuhk 7,3%<br \/>\nT\u00e4rklis 36,0%<br \/>\nSuhkur 4,6%<\/p>\n<p>Ca 10,0gr<br \/>\nP 5,9gr<br \/>\nNa 3,3gr<br \/>\nMg 3,9gr<br \/>\nK 8,1gr<\/p>\n<p>Lisandid\/kg:<\/p>\n<p class=\"p1\">A-vitamiin 3a672a 21500 IE<br \/>\nD3-vitamiin 3a671 4000 IE<br \/>\nE-vitamiin 3a700 400 mg<br \/>\nC-vitamiin 3a312 60 mg<br \/>\nBiotiin 3a880 210 mcg<br \/>\nRaud(II)sulfaat monoh\u00fcdraat 3b103 105 mg<br \/>\nTsinkoksiid 3b603 94 mg<br \/>\nKoobaltkabonaat (kattega) 3b304 1 mg<br \/>\nMangaanoksiid 3b502 35 mg<br \/>\nTsinkkelaat (gl\u00fctsiin) 3b607 60 mg<br \/>\nNaatriumseleniit 3b801 400 mcg<br \/>\nKaltsiumjodaat (veevaba) 3b202 0.6 mg<br \/>\nVasksulfaat pentah\u00fcdraat 3b405 10 mg<br \/>\nVaskkelaat 3b406 30 mg<\/p>\n<p class=\"p1\"><span style=\"font-size: 14.4px;\">\u00fcrdid<\/span><\/p>\n<p><a href=\"https:\/\/i0.wp.com\/horsefood.ee\/wp-content\/uploads\/2020\/02\/Kvaliteet.png\"><img data-recalc-dims=\"1\" loading=\"lazy\" decoding=\"async\" data-attachment-id=\"9847\" data-permalink=\"https:\/\/horsefood.ee\/latvia\/hinnakiri\/kvaliteet\/#main\" data-orig-file=\"https:\/\/i0.wp.com\/horsefood.ee\/wp-content\/uploads\/2020\/02\/Kvaliteet.png?fit=1920%2C1080&amp;ssl=1\" data-orig-size=\"1920,1080\" data-comments-opened=\"0\" data-image-meta=\"{&quot;aperture&quot;:&quot;0&quot;,&quot;credit&quot;:&quot;&quot;,&quot;camera&quot;:&quot;&quot;,&quot;caption&quot;:&quot;&quot;,&quot;created_timestamp&quot;:&quot;0&quot;,&quot;copyright&quot;:&quot;&quot;,&quot;focal_length&quot;:&quot;0&quot;,&quot;iso&quot;:&quot;0&quot;,&quot;shutter_speed&quot;:&quot;0&quot;,&quot;title&quot;:&quot;&quot;,&quot;orientation&quot;:&quot;0&quot;}\" data-image-title=\"\" data-image-description=\"\" data-image-caption=\"\" data-large-file=\"https:\/\/i0.wp.com\/horsefood.ee\/wp-content\/uploads\/2020\/02\/Kvaliteet.png?fit=1020%2C574&amp;ssl=1\" class=\"size-large wp-image-9847 alignleft\" src=\"https:\/\/i0.wp.com\/horsefood.ee\/wp-content\/uploads\/2020\/02\/Kvaliteet-1024x576.png?resize=980%2C551\" alt=\"\" width=\"980\" height=\"551\" srcset=\"https:\/\/i0.wp.com\/horsefood.ee\/wp-content\/uploads\/2020\/02\/Kvaliteet.png?resize=1024%2C576&amp;ssl=1 1024w, https:\/\/i0.wp.com\/horsefood.ee\/wp-content\/uploads\/2020\/02\/Kvaliteet.png?resize=300%2C169&amp;ssl=1 300w, https:\/\/i0.wp.com\/horsefood.ee\/wp-content\/uploads\/2020\/02\/Kvaliteet.png?resize=768%2C432&amp;ssl=1 768w, https:\/\/i0.wp.com\/horsefood.ee\/wp-content\/uploads\/2020\/02\/Kvaliteet.png?resize=1536%2C864&amp;ssl=1 1536w, https:\/\/i0.wp.com\/horsefood.ee\/wp-content\/uploads\/2020\/02\/Kvaliteet.png?resize=416%2C234&amp;ssl=1 416w, https:\/\/i0.wp.com\/horsefood.ee\/wp-content\/uploads\/2020\/02\/Kvaliteet.png?w=1920&amp;ssl=1 1920w\" sizes=\"auto, (max-width: 980px) 100vw, 980px\" \/><\/a><\/p>","protected":false},"excerpt":{"rendered":"<p>T\u00e4iends\u00f6\u00f6t. Need graanulid on v\u00e4ljat\u00f6\u00f6tatud s\u00f6\u00f6tmiseks t\u00f5uaretuses m\u00e4radele (aretuss\u00f6\u00f6t tuleb lisada ratsiooni v\u00e4hemalt 3 kuud enne oodatavat poegimist), varsa imetamise ajal ja s\u00e4lgudele kuni 2,5 eluaastani.<br \/>\nK\u00f5rge toit-, mineraalainete ning vitamiinide sisaldus.<br \/>\n<strong>E-vitamiini 400mg.<\/strong><br \/>\nTootes sisalduvad vask- ja tsinkkelaat optimeerivad imendumist vereringesse.<br \/>\n<i><br \/>\nHobuse poolt seeditav energia 14,0MJ\/kg<br \/>\nHobuse poolt seeditav valk VREp 12,0%<\/i><\/p>\n<p>Ewpa 0,96\/kg<\/p>\n<p><strong>Koostis<\/strong>: oder, nisu, nisu semolina, mais, linnaseidud, sojajahu, r\u00f6stitud sojaoad, nisujahu, sojaaokestad, linaseemned, premix, kaer, peedimelass, kartulit\u00e4rklis, monokaltsiumfosfaat, sool, \u00fcrdid.<\/p>\n<p>S\u00d6\u00d6TMISSOOVITUSED 100kg\/kehakaalu kohta:<br \/>\n<b>Varsad <\/b>0,6-0,7kg<br \/>\n<b>2.a vanused hobused<\/b> 0,5-0,6kg<br \/>\n<b>Tiined\u00a0 m\u00e4rad \/ <\/b><b>lakteerivad m\u00e4rad<\/b> 0,5-0,6kg<\/p>\n<p>&nbsp;<\/p>\n<p><a href=\"http:\/\/horsefood.ee\/wp-content\/uploads\/2017\/09\/Tarkusetera-aretuss\u00f6\u00f6dad-1jpg-2.png\"><img loading=\"lazy\" decoding=\"async\" class=\"alignleft wp-image-5173 size-large\" src=\"http:\/\/horsefood.ee\/wp-content\/uploads\/2017\/09\/Tarkusetera-aretuss\u00f6\u00f6dad-1jpg-2-724x1024.png\" alt=\"\" width=\"724\" height=\"1024\" srcset=\"https:\/\/i0.wp.com\/horsefood.ee\/wp-content\/uploads\/2017\/09\/Tarkusetera-aretuss%C3%B6%C3%B6dad-1jpg-2.png?resize=724%2C1024&amp;ssl=1 724w, https:\/\/i0.wp.com\/horsefood.ee\/wp-content\/uploads\/2017\/09\/Tarkusetera-aretuss%C3%B6%C3%B6dad-1jpg-2.png?resize=212%2C300&amp;ssl=1 212w, https:\/\/i0.wp.com\/horsefood.ee\/wp-content\/uploads\/2017\/09\/Tarkusetera-aretuss%C3%B6%C3%B6dad-1jpg-2.png?resize=768%2C1086&amp;ssl=1 768w, https:\/\/i0.wp.com\/horsefood.ee\/wp-content\/uploads\/2017\/09\/Tarkusetera-aretuss%C3%B6%C3%B6dad-1jpg-2.png?resize=127%2C180&amp;ssl=1 127w, https:\/\/i0.wp.com\/horsefood.ee\/wp-content\/uploads\/2017\/09\/Tarkusetera-aretuss%C3%B6%C3%B6dad-1jpg-2.png?resize=424%2C600&amp;ssl=1 424w, https:\/\/i0.wp.com\/horsefood.ee\/wp-content\/uploads\/2017\/09\/Tarkusetera-aretuss%C3%B6%C3%B6dad-1jpg-2.png?w=794&amp;ssl=1 794w\" sizes=\"auto, (max-width: 724px) 100vw, 724px\" \/><\/a><\/p>","protected":false},"featured_media":5591,"template":"","meta":{"jetpack_post_was_ever_published":false,"jetpack_publicize_message":"","jetpack_publicize_feature_enabled":true,"jetpack_social_post_already_shared":false,"jetpack_social_options":{"image_generator_settings":{"template":"highway","default_image_id":0,"font":"","enabled":false},"version":2}},"product_brand":[],"product_cat":[37,56],"product_tag":[70],"class_list":{"0":"post-3486","1":"product","2":"type-product","3":"status-publish","4":"has-post-thumbnail","6":"product_cat-graanulid","7":"product_cat-horsefoodthebest","8":"product_tag-aretussoodad","10":"first","11":"instock","12":"shipping-taxable","13":"purchasable","14":"product-type-simple"},"jetpack_publicize_connections":[],"jetpack_sharing_enabled":true,"jetpack-related-posts":[{"id":5970,"url":"https:\/\/horsefood.ee\/latvia\/pood\/merriebrok-beta\/","url_meta":{"origin":3486,"position":0},"title":"Merriebrok-Beta (t\u00f5uaretuse m\u00e4rad \/ t\u00e4kud \/ beetakaroteen) 20kg","author":"kadri koppel","date":"26. Aug 2018","format":false,"excerpt":"\u00a0 V\u00e4\u00e4rtuslik t\u00e4iends\u00f6\u00f6t sugum\u00e4radele, et toetada nende viljakust\u00a0ning loob maksimaalsed eeldused tervislikuks loote arenguks. \u00a0Sobivas omavahelise suhtes toitained: vitamiinid, mikroelemendid, aminohapped. Loote kaitse: sisaldab kaetud vormis beetakaroteeni ja foolhapet.\u00a0 E-vitamiini 400mg. Need graanulid sobivad ka s\u00f6\u00f6tmiseks t\u00e4kkudele! Koostis:\u00a0oder, nisupeenkliijahu, sojajahu, nisujahu, linnaseidud, linaseemned, premix, heinagraanulid, kriit, soja\u00f5li, peedimelass, monokaltsiumfosfaat, sool,\u2026","rel":"","context":"Similar post","block_context":{"text":"Similar post","link":""},"img":{"alt_text":"","src":"https:\/\/i0.wp.com\/horsefood.ee\/wp-content\/uploads\/2020\/02\/Kvaliteet-1024x576.png?resize=350%2C200","width":350,"height":200,"srcset":"https:\/\/i0.wp.com\/horsefood.ee\/wp-content\/uploads\/2020\/02\/Kvaliteet-1024x576.png?resize=350%2C200 1x, https:\/\/i0.wp.com\/horsefood.ee\/wp-content\/uploads\/2020\/02\/Kvaliteet-1024x576.png?resize=525%2C300 1.5x, https:\/\/i0.wp.com\/horsefood.ee\/wp-content\/uploads\/2020\/02\/Kvaliteet-1024x576.png?resize=700%2C400 2x"},"classes":[]},{"id":3483,"url":"https:\/\/horsefood.ee\/latvia\/pood\/refit-energybrok\/","url_meta":{"origin":3486,"position":1},"title":"Refit Energybrok (kiire taastumine \/ sport \/ raske t\u00f6\u00f6) 20kg","author":"Georg Koppel","date":"14. Apr 2017","format":false,"excerpt":"T\u00e4iends\u00f6\u00f6t. K\u00f5ikidele hobuspordialadele sobiv graanul, treenimisel kuni k\u00f5rgeima koormuseni. J\u00e4rk-j\u00e4rgult vabanev energia.\u00a0 Sisaldab looduslikku p\u00e4ritolu antioks\u00fcdante. Tugevdab immuuns\u00fcsteemi. K\u00f5ikide vitamiinide ning -mineraalainete taset on suunatud vastamaks saavutusspordi ootustele - suurem kogus kaltsiumit, fosforit ning magneesiumit. Parandab lihaste ainevahetust, tagab kiire taastumisev\u00f5ime ning normaliseerib s\u00fcdame l\u00f6\u00f6gisagedust peale saavutust. K\u00f5rge valgusisaldus, et\u2026","rel":"","context":"Similar post","block_context":{"text":"Similar post","link":""},"img":{"alt_text":"","src":"https:\/\/i0.wp.com\/horsefood.ee\/wp-content\/uploads\/2017\/04\/Refit-Energybrok-1.jpg?fit=500%2C667&ssl=1&resize=350%2C200","width":350,"height":200},"classes":[]},{"id":3466,"url":"https:\/\/horsefood.ee\/latvia\/pood\/basis-sportbrok\/","url_meta":{"origin":3486,"position":2},"title":"Basis-sportbrok (harrastus \/ sport \/ kerge-keskmine koormus) 20kg","author":"Georg Koppel","date":"14. Apr 2017","format":false,"excerpt":"Sellel maitsval graanulil on ulatuslikud rakendusv\u00f5imalused: v\u00e4ga sobiv ka ratsakoolidele. Ideaalne kiudaine, rasva, t\u00e4rklise ja suhkru tasakaal, mis pakub hobusele palju-palju enamat, kui Sa \"baasgraanulilt\" isegi oodata oskaksid! \u00d6konoomne ja lihtne toita! H\u00e4mmastav hinna ja kvaliteedisuhe! T\u00e4iends\u00f6\u00f6t. Tervislik graanul k\u00f5ikidele hobustele ja ponidele treenimisel kuni keskmise koormuseni. Selle toote eeliseks\u2026","rel":"","context":"Similar post","block_context":{"text":"Similar post","link":""},"img":{"alt_text":"","src":"https:\/\/i0.wp.com\/horsefood.ee\/wp-content\/uploads\/2020\/02\/Kvaliteet-1024x576.png?resize=350%2C200","width":350,"height":200,"srcset":"https:\/\/i0.wp.com\/horsefood.ee\/wp-content\/uploads\/2020\/02\/Kvaliteet-1024x576.png?resize=350%2C200 1x, https:\/\/i0.wp.com\/horsefood.ee\/wp-content\/uploads\/2020\/02\/Kvaliteet-1024x576.png?resize=525%2C300 1.5x, https:\/\/i0.wp.com\/horsefood.ee\/wp-content\/uploads\/2020\/02\/Kvaliteet-1024x576.png?resize=700%2C400 2x"},"classes":[]},{"id":5086,"url":"https:\/\/horsefood.ee\/latvia\/pood\/digest-control-brok-20kg\/","url_meta":{"origin":3486,"position":3},"title":"Digest Control Brok (seedimine \/ k\u00f5ikidele hobustele) 20kg","author":"kadri koppel","date":"25. Jan 2018","format":false,"excerpt":"T\u00e4iends\u00f6\u00f6t. HORSEFOOD`the best \u00e4\u00e4rmiselt k\u00f5rgekvaliteediline spordigraanul. Loodud spetsiaalselt treenivatele\u00a0hobustele, kelledel on tundlikum seedes\u00fcsteem v\u00f5i probleeme seedimisega. Sobilik graanul k\u00f5ikidele hobustele, igasuguse koormuse juures treenimisel!\u00a0\u00a0J\u00e4rk-j\u00e4rgult\u00a0vabanev energia.\u00a0 Antud graanul sisaldab rikkalikult toorkiudu, mis stimuleerib n\u00e4rimist ning soodustab s\u00fcljeeritust. N\u00e4rimisintensiivsusest s\u00f5ltub s\u00fclje eritumise kogus, mis aitab neutraliseerida happelist maosekreeti. Graanulis sisalduvad toitained on\u2026","rel":"","context":"Similar post","block_context":{"text":"Similar post","link":""},"img":{"alt_text":"","src":"https:\/\/i0.wp.com\/horsefood.ee\/wp-content\/uploads\/2020\/02\/Kvaliteet-1024x576.png?resize=350%2C200","width":350,"height":200,"srcset":"https:\/\/i0.wp.com\/horsefood.ee\/wp-content\/uploads\/2020\/02\/Kvaliteet-1024x576.png?resize=350%2C200 1x, https:\/\/i0.wp.com\/horsefood.ee\/wp-content\/uploads\/2020\/02\/Kvaliteet-1024x576.png?resize=525%2C300 1.5x, https:\/\/i0.wp.com\/horsefood.ee\/wp-content\/uploads\/2020\/02\/Kvaliteet-1024x576.png?resize=700%2C400 2x"},"classes":[]},{"id":7118,"url":"https:\/\/horsefood.ee\/latvia\/pood\/eko-kvaliteedimargiga-graanulid-25kg\/","url_meta":{"origin":3486,"position":4},"title":"Mahem\u00e4rgisega \u00f6koloogilised s\u00f6\u00f6dagraanulid (k\u00f5ik hobuspordi distsipliinid) 20kg. (Ettetellimisel)","author":"kadri koppel","date":"13. Mar 2019","format":false,"excerpt":"EKO\u00a0(haldaja Skal \u2013 mittetulunduslik orgaanilise toodangu inspektsioon) on Hollandi mahem\u00e4rgis. Vastab Euroopa \u00dchenduse mahem\u00e4rgise kriteeriumitele EU 834\/2007.\u00a0 Graanuli suurus 5mm. T\u00e4iends\u00f6\u00f6t. Antud v\u00e4\u00e4rtuslik hobus\u00f6\u00f6dagraanul on v\u00e4etiste, pestitsiidide, geneetilise muundamise ning keemilise t\u00f6\u00f6tlemise vaba. 100% bioloogilised agrikultuurid!\u00a0 Koostis: nisu, oder, kaer, nisu semolina, mais, spelta, peedimelass, linaseemned, p\u00e4evalilleseemne helbed, kriit, monokaltsiumfosfaat,\u2026","rel":"","context":"Similar post","block_context":{"text":"Similar post","link":""},"img":{"alt_text":"","src":"https:\/\/i0.wp.com\/horsefood.ee\/wp-content\/uploads\/2019\/03\/Bioloogilised-graanulid.png?fit=365%2C500&ssl=1&resize=350%2C200","width":350,"height":200},"classes":[]},{"id":4300,"url":"https:\/\/horsefood.ee\/latvia\/pood\/grow-mix-20kg-varsadsaludmarad\/","url_meta":{"origin":3486,"position":5},"title":"Grow-Mix (varsad alates 3-elun\u00e4dalast \/ s\u00e4lud kuni 2,5eluaastat \/ m\u00e4rad) 20kg","author":"kadri koppel","date":"26. Sep 2017","format":false,"excerpt":"T\u00e4iends\u00f6\u00f6t. Spetsiaalne, \u00e4\u00e4rmiselt k\u00f5rgekvaliteediline m\u00fcslisegu tiinetele- ja lakteerivatele m\u00e4radele ning nende varssadele s\u00f6\u00f6tmiseks kuni 1,5 eluaasta-ni. Selles mixis sisalduv kogu teravili on j\u00e4mejahvatatud ja\/v\u00f5i paisutatud ja sisaldab k\u00f5iki vajalikke komponente, et loomalapsest kasvaks tulevikus elur\u00f5\u00f5mus ja terve hobune\/poni. *\u00a0Spetsiaalne\u00a0m\u00fcslisegu\u00a0m\u00e4radele\/varssadele\/s\u00e4lgudele. *\u00a0Sisaldab\u00a0pre-\u00a0ja\u00a0probiootikume. *\u00a0Lisatud\u00a0p\u00e4rmikultuure\u00a0seedimise\u00a0soodustamiseks,\u00a0s\u00f6\u00f6da\u00a0efektiivsuse\u00a0parendamiseks\u00a0ning\u00a0-edendamiseks. *\u00a0Lisatud foolhapet ja E-vitamiini 400mg. Hobuse poolt seeditav energia\u2026","rel":"","context":"Similar post","block_context":{"text":"Similar post","link":""},"img":{"alt_text":"","src":"https:\/\/i0.wp.com\/horsefood.ee\/wp-content\/uploads\/2017\/09\/Grow-Mix-1.jpg?fit=397%2C596&ssl=1&resize=350%2C200","width":350,"height":200},"classes":[]}],"_links":{"self":[{"href":"https:\/\/horsefood.ee\/latvia\/wp-json\/wp\/v2\/product\/3486","targetHints":{"allow":["GET"]}}],"collection":[{"href":"https:\/\/horsefood.ee\/latvia\/wp-json\/wp\/v2\/product"}],"about":[{"href":"https:\/\/horsefood.ee\/latvia\/wp-json\/wp\/v2\/types\/product"}],"wp:featuredmedia":[{"embeddable":true,"href":"https:\/\/horsefood.ee\/latvia\/wp-json\/wp\/v2\/media\/5591"}],"wp:attachment":[{"href":"https:\/\/horsefood.ee\/latvia\/wp-json\/wp\/v2\/media?parent=3486"}],"wp:term":[{"taxonomy":"product_brand","embeddable":true,"href":"https:\/\/horsefood.ee\/latvia\/wp-json\/wp\/v2\/product_brand?post=3486"},{"taxonomy":"product_cat","embeddable":true,"href":"https:\/\/horsefood.ee\/latvia\/wp-json\/wp\/v2\/product_cat?post=3486"},{"taxonomy":"product_tag","embeddable":true,"href":"https:\/\/horsefood.ee\/latvia\/wp-json\/wp\/v2\/product_tag?post=3486"}],"curies":[{"name":"wp","href":"https:\/\/api.w.org\/{rel}","templated":true}]}}