{"id":20613,"date":"2024-11-25T22:15:32","date_gmt":"2024-11-25T20:15:32","guid":{"rendered":"https:\/\/horsefood.ee\/?post_type=product&#038;p=20613"},"modified":"2026-04-22T18:34:50","modified_gmt":"2026-04-22T15:34:50","slug":"horsefood-stomach-protect-seedimine-maohaavad-ph-tasakaal-3000-gr","status":"publish","type":"product","link":"https:\/\/horsefood.ee\/latvia\/pood\/horsefood-stomach-protect-seedimine-maohaavad-ph-tasakaal-3000-gr\/","title":{"rendered":"Horsefood Stomach Protect (seedimine\/maohaavad\/ Ph-tasakaal)  3000 gr"},"content":{"rendered":"<p>Anal\u00fc\u00fctiline koostis:<\/p>\n<p>Fosfor 0,05 %<\/p>\n<p>Naatrium 0,6 %<\/p>\n<p>Magneesium 5,5 %<\/p>","protected":false},"excerpt":{"rendered":"<p><strong><span style=\"color: #000000;\">Horsefood Stomach Protect aitab hoida hobuse mao happe-aluse tasakaalu.<\/span><\/strong><\/p>\n<p><span style=\"color: #000000;\">Hobuse magu toodab pidevalt maohapet, mis on vajalik toidu seedimiseks ja kahjulike bakterite h\u00e4vitamiseks. N\u00e4rimine stimuleerib s\u00fclje tootmist, mis aitab maohapet neutraliseerida ja hoida mao pH-taset tasakaalus. Kui hobune ei saa piisavalt n\u00e4rida, v\u00f5ib maohape kahjustada mao limaskesta. Stress v\u00f5ib samuti halvendada mao seisundit, v\u00e4hendades mao verevarustust ja p\u00f5hjustades limaskesta kahjustusi. See v\u00f5ib tekitada valu, seedimisprobleeme ja s\u00f6\u00f6giisu v\u00e4henemist.<\/span><\/p>\n<p><span style=\"color: #000000;\">Horsefood Stomach Protect <strong>sisaldab looduslikke mineraale ja mikroelemente, mis on saadud vetikatest ning sisaldavad rohkesti kaltsiumi<\/strong>. Need aitavad stabiliseerida mao ja soolestiku pH-taset. Samuti toetab ja taastab see mao limaskesta rakke. Toode on pika toimega ja kohandub mao happelisusega \u2013 mida happelisem keskkond, seda kiiremini see toimib.<\/span><\/p>\n<p>&nbsp;<\/p>\n<p><span style=\"color: #000000;\">Annustamine p\u00e4evas: <\/span><\/p>\n<p><span style=\"color: #000000;\">1 kulp iga 200 kg kehakaalu kohta<\/span><\/p>\n<p><span style=\"color: #000000;\">1 kulp = 25 gr<\/span><\/p>","protected":false},"featured_media":0,"template":"","meta":{"jetpack_post_was_ever_published":false,"jetpack_publicize_message":"","jetpack_publicize_feature_enabled":true,"jetpack_social_post_already_shared":true,"jetpack_social_options":{"image_generator_settings":{"template":"highway","default_image_id":0,"font":"","enabled":false},"version":2}},"product_brand":[],"product_cat":[40],"product_tag":[73],"class_list":{"0":"post-20613","1":"product","2":"type-product","3":"status-publish","5":"product_cat-lisandid","6":"product_tag-seedimisprobleemid","8":"first","9":"instock","10":"shipping-taxable","11":"purchasable","12":"product-type-simple"},"jetpack_publicize_connections":[],"jetpack_sharing_enabled":true,"jetpack-related-posts":[{"id":12967,"url":"https:\/\/horsefood.ee\/latvia\/pood\/stomach-shield-kohukaitse-12kg\/","url_meta":{"origin":20613,"position":0},"title":"STOMACH SHIELD (K\u00f5hukaitse) 1200gr","author":"Kaido Koppel","date":"11. Mai 2021","format":false,"excerpt":"Uuenduslik toidulisand, mis sisaldab erinevaid aktiivaineid erinevate toimeviisidega, et v\u00e4hendada mao happelisust ning kaitsta seel\u00e4bi mao seina \u00e4rrituste eest.\u00a0 Hobune ei saa anda pinges k\u00f5huga endast k\u00f5ik! Maohaavandid on alati valulikud, hobused v\u00f5ivad kannatada s\u00fcgavalt ning tagaj\u00e4rjed v\u00f5ivad varieeruda alates s\u00f6\u00f6giisu kadumisest kuni halva tujuni.\u00a0 Igal juhul p\u00f5hjustavad nad j\u00f5udluse\u2026","rel":"","context":"Similar post","block_context":{"text":"Similar post","link":""},"img":{"alt_text":"","src":"https:\/\/i0.wp.com\/horsefood.ee\/wp-content\/uploads\/2021\/05\/Stomach-Shield-18-shadow.jpg?fit=984%2C1200&ssl=1&resize=350%2C200","width":350,"height":200,"srcset":"https:\/\/i0.wp.com\/horsefood.ee\/wp-content\/uploads\/2021\/05\/Stomach-Shield-18-shadow.jpg?fit=984%2C1200&ssl=1&resize=350%2C200 1x, https:\/\/i0.wp.com\/horsefood.ee\/wp-content\/uploads\/2021\/05\/Stomach-Shield-18-shadow.jpg?fit=984%2C1200&ssl=1&resize=525%2C300 1.5x, https:\/\/i0.wp.com\/horsefood.ee\/wp-content\/uploads\/2021\/05\/Stomach-Shield-18-shadow.jpg?fit=984%2C1200&ssl=1&resize=700%2C400 2x"},"classes":[]},{"id":22279,"url":"https:\/\/horsefood.ee\/latvia\/pood\/alfalux-cube\/","url_meta":{"origin":20613,"position":1},"title":"Horsefood AlfaLux Cube \u2013 lutsernikuubikud (18 kg)","author":"Kaido Koppel","date":"7. Okt 2025","format":false,"excerpt":"Horsefood AlfaLux Cube on looduslikust lutsernist ja heintaimedest valmistatud kiurikas lisands\u00f6\u00f6t, mis toetab hobuse seedimist ja \u00fcldist heaolu. K\u00f5rge kiusisaldus pikendab s\u00f6\u00f6misprotsessi, soodustab s\u00fclje teket ja aitab s\u00e4ilitada tervet mao- ja soolestikus\u00fcsteemi. Lisatud p\u00fcsihein (sainfoin) on v\u00e4\u00e4rtuslik liblik\u00f5ieline s\u00f6\u00f6dakultuur, mis toetab hobuse immuunsust ja seedimist. Bentoniiit, looduslik savimineraal, aitab kaitsta\u2026","rel":"","context":"Similar post","block_context":{"text":"Similar post","link":""},"img":{"alt_text":"","src":"https:\/\/i0.wp.com\/horsefood.ee\/wp-content\/uploads\/2025\/10\/AlfaLux-Cubes-flyer-EN.png?fit=846%2C1200&ssl=1&resize=350%2C200","width":350,"height":200,"srcset":"https:\/\/i0.wp.com\/horsefood.ee\/wp-content\/uploads\/2025\/10\/AlfaLux-Cubes-flyer-EN.png?fit=846%2C1200&ssl=1&resize=350%2C200 1x, https:\/\/i0.wp.com\/horsefood.ee\/wp-content\/uploads\/2025\/10\/AlfaLux-Cubes-flyer-EN.png?fit=846%2C1200&ssl=1&resize=525%2C300 1.5x, https:\/\/i0.wp.com\/horsefood.ee\/wp-content\/uploads\/2025\/10\/AlfaLux-Cubes-flyer-EN.png?fit=846%2C1200&ssl=1&resize=700%2C400 2x"},"classes":[]},{"id":3746,"url":"https:\/\/horsefood.ee\/latvia\/pood\/linaseemned-kohe-kasutusvalmis-sootmiseks-20kg\/","url_meta":{"origin":20613,"position":2},"title":"Linaseemned kohe valmis s\u00f6\u00f6tmiseks (seedimine \/ heaolu) 20kg","author":"kadri koppel","date":"23. Mai 2017","format":false,"excerpt":"T\u00e4iends\u00f6\u00f6t. Horsefood` the best linaseemned on kohe kasutusvalmis s\u00f6\u00f6tmiseks.\u00a0Tootes sisaldub nn linataimeliim+linaseemne\u00f5li+seemnemass. K\u00f5rge \u00f5li sisaldusega.\u00a0Tolmuvabad.\u00a0 Horsefood`the best linaseemned kohe valmis s\u00f6\u00f6tmiseks: \u2013 annab\u00a0karvale\u00a0kauni\u00a0ja\u00a0t\u00e4iusliku\u00a0l\u00e4ike, \u2013\u00a0seedimise\u00a0soodustamiseks\u00a0\u2013\u00a0ennetab koolikuid. Kuivana s\u00f6\u00f6tes soodustab s\u00fcljeeritust, mis aitab neutraliseerida maohapet. Maos on parem pH tasakaal ning v\u00e4heneb v\u00f5imalus maohaavandite tekkimiseks, \u2013 aitab\u00a0piimhappej\u00e4\u00e4ke\u00a0kehast\u00a0v\u00e4ljutada, \u2013 sisaldab\u00a0inuliini\u00a06%\u00a0\u2013\u00a0toimib\u00a0kui\u00a0prebiootikum,\u00a0mis\u00a0soodustab\u00a0piimhappebakterite\u00a0kasvu, \u2013 k\u00f5rgem\u00a0E-vitamiini\u00a0sisaldus, \u2013\u00a0Omega-3\u00a0\u2013\u00a0aeglaselt\u00a0vabanev\u00a0energia\u00a0\u2013\u00a0sobib\u00a0kestvusspordialadele.\u2026","rel":"","context":"Similar post","block_context":{"text":"Similar post","link":""},"img":{"alt_text":"","src":"https:\/\/i0.wp.com\/horsefood.ee\/wp-content\/uploads\/2017\/05\/Lijnzaad-Kantklaar-1.jpg?fit=383%2C575&ssl=1&resize=350%2C200","width":350,"height":200},"classes":[]},{"id":3502,"url":"https:\/\/horsefood.ee\/latvia\/pood\/linaseemned-kohe-valmis-sootmiseks\/","url_meta":{"origin":20613,"position":3},"title":"Linaseemned kohe valmis s\u00f6\u00f6tmiseks (seedimine \/ heaolu) 5kg","author":"Georg Koppel","date":"14. Apr 2017","format":false,"excerpt":"T\u00e4iends\u00f6\u00f6t.\u00a0Horsefood`the best\u00a0linaseemned on kohe kasutusvalmis s\u00f6\u00f6tmiseks.\u00a0Tootes sisaldub nn linataimeliim+linaseemne\u00f5li+seemnemass. K\u00f5rge \u00f5li sisaldusega.\u00a0Tolmuvabad.\u00a0 Horsefood`the best\u00a0linaseemned kohe valmis s\u00f6\u00f6tmiseks: - annab\u00a0karvale\u00a0kauni\u00a0ja\u00a0t\u00e4iusliku\u00a0l\u00e4ike, - seedimise\u00a0soodustamiseks\u00a0-\u00a0ennetab koolikuid. Kuivana s\u00f6\u00f6tes soodustab s\u00fcljeeritust, mis aitab neutraliseerida maohapet. Maos on parem pH tasakaal ning v\u00e4heneb v\u00f5imalus maohaavandite tekkimiseks, - aitab\u00a0piimhappej\u00e4\u00e4ke\u00a0kehast\u00a0v\u00e4ljutada, - sisaldab\u00a0inuliini\u00a06%\u00a0-\u00a0toimib\u00a0kui\u00a0prebiootikum,\u00a0mis\u00a0soodustab\u00a0piimhappebakterite\u00a0kasvu, - k\u00f5rgem\u00a0E-vitamiini\u00a0sisaldus: antioks\u00fcdant, -\u00a0Omega-3\u00a0-\u00a0aeglaselt\u00a0vabanev\u00a0energia\u00a0-\u00a0sobib\u00a0kestvusspordialadele. Koostis:\u00a0linaseemned, nisukuskuss,\u2026","rel":"","context":"Similar post","block_context":{"text":"Similar post","link":""},"img":{"alt_text":"","src":"https:\/\/i0.wp.com\/horsefood.ee\/wp-content\/uploads\/2017\/11\/Linaseemned-kohe-valmis-s%C3%B6%C3%B6tmiseks-e1513026266477.jpg?fit=794%2C1190&ssl=1&resize=350%2C200","width":350,"height":200,"srcset":"https:\/\/i0.wp.com\/horsefood.ee\/wp-content\/uploads\/2017\/11\/Linaseemned-kohe-valmis-s%C3%B6%C3%B6tmiseks-e1513026266477.jpg?fit=794%2C1190&ssl=1&resize=350%2C200 1x, https:\/\/i0.wp.com\/horsefood.ee\/wp-content\/uploads\/2017\/11\/Linaseemned-kohe-valmis-s%C3%B6%C3%B6tmiseks-e1513026266477.jpg?fit=794%2C1190&ssl=1&resize=525%2C300 1.5x, https:\/\/i0.wp.com\/horsefood.ee\/wp-content\/uploads\/2017\/11\/Linaseemned-kohe-valmis-s%C3%B6%C3%B6tmiseks-e1513026266477.jpg?fit=794%2C1190&ssl=1&resize=700%2C400 2x"},"classes":[]},{"id":8688,"url":"https:\/\/horsefood.ee\/latvia\/pood\/graanvrij-mix-teraviljavaba-muslisegu-melassivaba-madal-suhkur-tarklis-20kg\/","url_meta":{"origin":20613,"position":4},"title":"Graanvrij-Mix (teravilja- ja melassivaba \/ madal suhkur-t\u00e4rklis \/ probiootikum \/ kerge-keskmine t\u00f6\u00f6) 20kg","author":"kadri koppel","date":"29. Jan 2020","format":false,"excerpt":"L\u00e4bim\u00f5eldud teravilja- ja melassivaba t\u00e4iends\u00f6\u00f6t hobustele, kelle t\u00f6\u00f6koormus on kerge kuni keskmine ning kelle puhul on oluline seedes\u00fcsteemi tasakaal ja kontrollitud energiatase. Grainfree-Mix on t\u00e4iss\u00f6\u00f6t hobustele, kellel ei sobi teraviljarikkad s\u00f6\u00f6dad ning kelle ratsioon peab olema madala suhkru- ja t\u00e4rklisesisaldusega. Sobib h\u00e4sti igap\u00e4evaseks s\u00f6\u00f6tmiseks hobustele, kelle energiavajadus ei ole k\u00f5rge,\u2026","rel":"","context":"Similar post","block_context":{"text":"Similar post","link":""},"img":{"alt_text":"","src":"https:\/\/i0.wp.com\/horsefood.ee\/wp-content\/uploads\/2019\/03\/26.-Teraviljavaba-poster.png?fit=365%2C500&ssl=1&resize=350%2C200","width":350,"height":200},"classes":[]},{"id":17511,"url":"https:\/\/horsefood.ee\/latvia\/pood\/gastro-activecare-mix-teravilja-melassi-ja-gluteenivaba-korge-kiudainesisaldus-lisatud-parm-ja-magneesium-20kg\/","url_meta":{"origin":20613,"position":5},"title":"Gastro Activecare-Mix (teravilja-, melassi- ja gluteenivaba \/ k\u00f5rge kiudainesisaldus \/ lisatud p\u00e4rm ja magneesium \/ k\u00f5rgeim koormus) 20kg","author":"kadri koppel","date":"21. J\u016bl 2023","format":false,"excerpt":"L\u00e4bim\u00f5eldud kiudainerikas m\u00fcsli sporthobustele, kellel on tundlik seedimine, kuid kes t\u00f6\u00f6tavad ka k\u00f5rgema koormuse juures. T\u00e4iends\u00f6\u00f6t. Gastro Activecare-Mix on loodud hobustele, kelle puhul ei sobi traditsioonilised teraviljarikkad s\u00f6\u00f6dad, kuid kellelt oodatakse siiski j\u00f5udlust, vastupidavust ja head t\u00f6\u00f6v\u00f5imet ka intensiivse treeningu ja v\u00f5istlusperioodil. K\u00f5rge toorkiu sisaldus (u 21%) toetab s\u00fclje tootmist\u2026","rel":"","context":"Similar post","block_context":{"text":"Similar post","link":""},"img":{"alt_text":"","src":"https:\/\/i0.wp.com\/horsefood.ee\/wp-content\/uploads\/2023\/07\/Gastro-ActiveCare-Mix-1.jpg?fit=720%2C1024&ssl=1&resize=350%2C200","width":350,"height":200,"srcset":"https:\/\/i0.wp.com\/horsefood.ee\/wp-content\/uploads\/2023\/07\/Gastro-ActiveCare-Mix-1.jpg?fit=720%2C1024&ssl=1&resize=350%2C200 1x, https:\/\/i0.wp.com\/horsefood.ee\/wp-content\/uploads\/2023\/07\/Gastro-ActiveCare-Mix-1.jpg?fit=720%2C1024&ssl=1&resize=525%2C300 1.5x, https:\/\/i0.wp.com\/horsefood.ee\/wp-content\/uploads\/2023\/07\/Gastro-ActiveCare-Mix-1.jpg?fit=720%2C1024&ssl=1&resize=700%2C400 2x"},"classes":[]}],"_links":{"self":[{"href":"https:\/\/horsefood.ee\/latvia\/wp-json\/wp\/v2\/product\/20613","targetHints":{"allow":["GET"]}}],"collection":[{"href":"https:\/\/horsefood.ee\/latvia\/wp-json\/wp\/v2\/product"}],"about":[{"href":"https:\/\/horsefood.ee\/latvia\/wp-json\/wp\/v2\/types\/product"}],"wp:attachment":[{"href":"https:\/\/horsefood.ee\/latvia\/wp-json\/wp\/v2\/media?parent=20613"}],"wp:term":[{"taxonomy":"product_brand","embeddable":true,"href":"https:\/\/horsefood.ee\/latvia\/wp-json\/wp\/v2\/product_brand?post=20613"},{"taxonomy":"product_cat","embeddable":true,"href":"https:\/\/horsefood.ee\/latvia\/wp-json\/wp\/v2\/product_cat?post=20613"},{"taxonomy":"product_tag","embeddable":true,"href":"https:\/\/horsefood.ee\/latvia\/wp-json\/wp\/v2\/product_tag?post=20613"}],"curies":[{"name":"wp","href":"https:\/\/api.w.org\/{rel}","templated":true}]}}