{"id":20305,"date":"2024-10-08T19:15:28","date_gmt":"2024-10-08T16:15:28","guid":{"rendered":"https:\/\/horsefood.ee\/?post_type=product&#038;p=20305"},"modified":"2026-04-21T21:01:07","modified_gmt":"2026-04-21T18:01:07","slug":"bronchoplus-siroop-hingamisteede-toetuseks-1000ml","status":"publish","type":"product","link":"https:\/\/horsefood.ee\/latvia\/pood\/bronchoplus-siroop-hingamisteede-toetuseks-1000ml\/","title":{"rendered":"Bronchoplus Siroop  (hingamisteede toetuseks ) 1000ml"},"content":{"rendered":"<p><span style=\"font-family: Helvetica, sans-serif;\"><span style=\"font-size: medium;\"><span style=\"color: #000000;\">Kasutusjuhend \/ annustamine p\u00e4evas. Hobune: 2x 25 ml, v\u00e4hemalt 5 p\u00e4eva. Seej\u00e4rel 1x 25 ml. Poni: pool hobuse annusest. Hoida kuivas ja toatemperatuuril.<\/span><br \/>\n<span style=\"color: #000000;\">P\u00e4rast kasutamist h\u00e4sti sulgeda. Tootel on p\u00e4rast avamist piiratud s\u00e4ilivusaeg. Hoida lastele k\u00e4ttesaamatus kohas.<\/span><\/span><\/span><\/p>","protected":false},"excerpt":{"rendered":"<p><span style=\"font-family: Helvetica, sans-serif;\"><span style=\"font-size: medium;\"><span style=\"color: #0a0a0a;\"><span style=\"font-family: Lato, sans-serif;\">S\u00f6\u00f6dalisand. H\u00f5lpsalt kasutatav <\/span><\/span><strong><span style=\"color: #0a0a0a;\"><span style=\"font-family: Lato, sans-serif;\"><b>lahus kogu bronhides\u00fcsteemi toetuseks<\/b><\/span><\/span><\/strong><span style=\"color: #0a0a0a;\"><span style=\"font-family: Lato, sans-serif;\">. See hoolikalt valitud\u00a0<\/span><\/span><strong><span style=\"color: #0a0a0a;\"><span style=\"font-family: Lato, sans-serif;\"><b>naturaalsetest koostisainetest<\/b><\/span><\/span><\/strong><span style=\"color: #0a0a0a;\"><span style=\"font-family: Lato, sans-serif;\">\u00a0koosnev vahend aitab ventileerida hingamisteid enne intensiivset pingutust ning \u00f5hupuuduse korral.\u00a0<\/span><\/span><strong><span style=\"color: #0a0a0a;\"><span style=\"font-family: Lato, sans-serif;\"><b>Kiire toimeline ning rahustav effekt.<\/b><\/span><\/span><\/strong><span style=\"color: #0a0a0a;\"><span style=\"font-family: Lato, sans-serif;\">\u00a0Leevendab k\u00f6ha\u00e4rritust ning aitab v\u00e4ljutada lima nii \u00fclemistest, kui ka alumistest hingamisteedest.<\/span><\/span><\/span><\/span><\/p>\n<p><span style=\"font-family: Helvetica, sans-serif;\"><span style=\"font-size: medium;\">Koostis:<\/span><\/span><\/p>\n<ul>\n<li><strong>Mesi<\/strong> \u2013 Rahustab \u00e4rritunud limaskesti ja toetab loomulikku tervenemist.<\/li>\n<li><strong>Grindelia ekstrakt<\/strong> \u2013 Aitab l\u00f5dvestada hingamisteid ja v\u00e4hendada p\u00f5letikku.<\/li>\n<li><strong>Dekstroos (0,6%)<\/strong> \u2013 Tagab energia kiire taastumise.<\/li>\n<li><strong>Gl\u00fctserool<\/strong> \u2013 Kaitseb limaskesti ja aitab hoida neid niiskena.<\/li>\n<\/ul>\n<p>Lisandid\/kg:<br \/>\nE-vitamiin 3a700 10230 mg<br \/>\nC-vitamiin 3a312 9850 mg<\/p>\n<p>&nbsp;<\/p>\n<p>&nbsp;<\/p>\n<p>&nbsp;<\/p>","protected":false},"featured_media":22372,"template":"","meta":{"jetpack_post_was_ever_published":false,"jetpack_publicize_message":"","jetpack_publicize_feature_enabled":true,"jetpack_social_post_already_shared":true,"jetpack_social_options":{"image_generator_settings":{"template":"highway","default_image_id":0,"font":"","enabled":false},"version":2}},"product_brand":[],"product_cat":[40],"product_tag":[74],"class_list":{"0":"post-20305","1":"product","2":"type-product","3":"status-publish","4":"has-post-thumbnail","6":"product_cat-lisandid","7":"product_tag-hingamisprobleemid","9":"first","10":"instock","11":"shipping-taxable","12":"purchasable","13":"product-type-simple"},"jetpack_publicize_connections":[],"jetpack_sharing_enabled":true,"jetpack-related-posts":[{"id":3768,"url":"https:\/\/horsefood.ee\/latvia\/pood\/bodybuilder-1kg\/","url_meta":{"origin":20305,"position":0},"title":"Bodybuilder (sooritusv\u00f5ime \/ lihased) 1000ml","author":"kadri koppel","date":"24. Mai 2017","format":false,"excerpt":"Toote kirjeldus \u00a0 Horsefood The Best Bodybuilder on s\u00f6\u00f6dalisand hobustele, mis sisaldab mitmek\u00fclgset kombinatsiooni aminohapetest, sh BCAA-d, mis on valkude olulised ehituskomponendid. Aminohapped osalevad lihaste ainevahetuses ning aitavad toetada lihaste arengut ja taastumist koormuse ajal ja j\u00e4rel. Toode sobib hobustele, kes on regulaarses treeningus, samuti hobustele, kellel esineb lihasv\u00e4simust v\u00f5i\u2026","rel":"","context":"Similar post","block_context":{"text":"Similar post","link":""},"img":{"alt_text":"","src":"https:\/\/i0.wp.com\/horsefood.ee\/wp-content\/uploads\/2023\/10\/IMG_0767-scaled.jpeg?fit=900%2C1200&ssl=1&resize=350%2C200","width":350,"height":200,"srcset":"https:\/\/i0.wp.com\/horsefood.ee\/wp-content\/uploads\/2023\/10\/IMG_0767-scaled.jpeg?fit=900%2C1200&ssl=1&resize=350%2C200 1x, https:\/\/i0.wp.com\/horsefood.ee\/wp-content\/uploads\/2023\/10\/IMG_0767-scaled.jpeg?fit=900%2C1200&ssl=1&resize=525%2C300 1.5x, https:\/\/i0.wp.com\/horsefood.ee\/wp-content\/uploads\/2023\/10\/IMG_0767-scaled.jpeg?fit=900%2C1200&ssl=1&resize=700%2C400 2x"},"classes":[]},{"id":5451,"url":"https:\/\/horsefood.ee\/latvia\/pood\/elektrolyten-mix-elektroluudid-1kg\/","url_meta":{"origin":20305,"position":1},"title":"Elektrolyten+ (elektrol\u00fc\u00fcdid\/taastumine) 1000ml","author":"kadri koppel","date":"17. Apr 2018","format":false,"excerpt":"S\u00f6\u00f6dalisand hobustele. Horsefood Electrolyten+ on ideaalne toode mineraalide ja mikroelementide kiireks t\u00e4iendamiseks suure vedelikukaotuse korral, mis tekib f\u00fc\u00fcsiliste pingutuste tagaj\u00e4rjel. Oluline on seda anda k\u00f5rgetel temperatuuridel ja \u00fclem\u00e4\u00e4rase higistamise korral. Enne ja p\u00e4rast pingutust tuleks anda Electrolyten+ tagamaks hobusele mineraalide tasakaalu ja ennetamaks kehasoolade puudust. See sisaldab kergesti omastatavaid mikroelemente\u2026","rel":"","context":"Similar post","block_context":{"text":"Similar post","link":""},"img":{"alt_text":"","src":"https:\/\/i0.wp.com\/horsefood.ee\/wp-content\/uploads\/2023\/10\/IMG_9750.jpeg?fit=1200%2C1155&ssl=1&resize=350%2C200","width":350,"height":200,"srcset":"https:\/\/i0.wp.com\/horsefood.ee\/wp-content\/uploads\/2023\/10\/IMG_9750.jpeg?fit=1200%2C1155&ssl=1&resize=350%2C200 1x, https:\/\/i0.wp.com\/horsefood.ee\/wp-content\/uploads\/2023\/10\/IMG_9750.jpeg?fit=1200%2C1155&ssl=1&resize=525%2C300 1.5x, https:\/\/i0.wp.com\/horsefood.ee\/wp-content\/uploads\/2023\/10\/IMG_9750.jpeg?fit=1200%2C1155&ssl=1&resize=700%2C400 2x, https:\/\/i0.wp.com\/horsefood.ee\/wp-content\/uploads\/2023\/10\/IMG_9750.jpeg?fit=1200%2C1155&ssl=1&resize=1050%2C600 3x"},"classes":[]},{"id":6622,"url":"https:\/\/horsefood.ee\/latvia\/pood\/e-seleenmix-e-vitamiin-seleen\/","url_meta":{"origin":20305,"position":2},"title":"E-Seleen (k\u00f5ikide rakkude kaitse, immuunsus) 1000ml","author":"kadri koppel","date":"23. Jan 2019","format":false,"excerpt":"T\u00e4iends\u00f6\u00f6t hobustele. Horsefood E-Seleen on v\u00f5imas antioks\u00fcdant, mis pakub tuge hobustele ja ponidele, kes peavad regulaarselt treenima. See on oluline lihaste ja k\u00f5\u00f5luste kaitsmiseks ning nende tippvormis hoidmiseks. See maitsev lisand on kombinatsioon erinevatest E-vitamiini vormidest, sealhulgas looduslikust vormist RRR-alfatokoferoolist, orgaanilisest seleeniallikast, C-vitamiinist ja aminohapetest. E-vitamiin on v\u00f5imas antioks\u00fcdant, mis\u2026","rel":"","context":"Similar post","block_context":{"text":"Similar post","link":""},"img":{"alt_text":"","src":"https:\/\/i0.wp.com\/horsefood.ee\/wp-content\/uploads\/2023\/10\/IMG_0769-1-scaled.jpeg?fit=900%2C1200&ssl=1&resize=350%2C200","width":350,"height":200,"srcset":"https:\/\/i0.wp.com\/horsefood.ee\/wp-content\/uploads\/2023\/10\/IMG_0769-1-scaled.jpeg?fit=900%2C1200&ssl=1&resize=350%2C200 1x, https:\/\/i0.wp.com\/horsefood.ee\/wp-content\/uploads\/2023\/10\/IMG_0769-1-scaled.jpeg?fit=900%2C1200&ssl=1&resize=525%2C300 1.5x, https:\/\/i0.wp.com\/horsefood.ee\/wp-content\/uploads\/2023\/10\/IMG_0769-1-scaled.jpeg?fit=900%2C1200&ssl=1&resize=700%2C400 2x"},"classes":[]},{"id":5448,"url":"https:\/\/horsefood.ee\/latvia\/pood\/breath-hingamisteedele\/","url_meta":{"origin":20305,"position":3},"title":"BREATH (Kogu bronhides\u00fcsteem\/hingamine) 1000ml","author":"kadri koppel","date":"17. Apr 2018","format":false,"excerpt":"Horsefood`the best kaubam\u00e4rk on Sveitsi tuntud lisandite tootja Julian&Jones ametlik esindaja Hollandis!\u00a0 S\u00f6\u00f6dalisand. H\u00f5lpsalt kasutatav lahus kogu bronhides\u00fcsteemi toetuseks. See hoolikalt valitud naturaalsetest koostisainetest koosnev vahend aitab ventileerida hingamisteid enne intensiivset pingutust ning \u00f5hupuuduse korral. Kiire toimeline ning rahustav effekt. Leevendab k\u00f6ha\u00e4rritust ning aitab v\u00e4ljutada lima nii \u00fclemistest, kui ka\u2026","rel":"","context":"Similar post","block_context":{"text":"Similar post","link":""},"img":{"alt_text":"","src":"https:\/\/i0.wp.com\/horsefood.ee\/wp-content\/uploads\/2018\/04\/Breath-2.png?fit=350%2C400&ssl=1&resize=350%2C200","width":350,"height":200},"classes":[]},{"id":18096,"url":"https:\/\/horsefood.ee\/latvia\/pood\/detox-immuno-support\/","url_meta":{"origin":20305,"position":4},"title":"Detox Immuno Support (immuunsus\/heaolu\/tervis)","author":"kadri koppel","date":"25. Okt 2023","format":false,"excerpt":"Horsefood Detox Immuno Support on loodud maksa, neerude ja immuuns\u00fcsteemi toetamiseks. M\u00fcrgiste- ja j\u00e4\u00e4kainete eemaldamisel organismist m\u00e4ngivat k\u00f5ige t\u00e4htsamat rolli maks ja neerud. Need organid m\u00f5jutavad ka hobuse hormonaalset tasakaalu ja ainevahetust.\u00a0 \u00d5igeaegne detokskuur on oluline maksa- ja neerufunktsiooni toetamiseks. Antud toode on loodud hobustele, kes vajavad taastumist peale rasket\u2026","rel":"","context":"Similar post","block_context":{"text":"Similar post","link":""},"img":{"alt_text":"","src":"https:\/\/i0.wp.com\/horsefood.ee\/wp-content\/uploads\/2023\/10\/IMG_0772.jpeg?fit=1200%2C1108&ssl=1&resize=350%2C200","width":350,"height":200,"srcset":"https:\/\/i0.wp.com\/horsefood.ee\/wp-content\/uploads\/2023\/10\/IMG_0772.jpeg?fit=1200%2C1108&ssl=1&resize=350%2C200 1x, https:\/\/i0.wp.com\/horsefood.ee\/wp-content\/uploads\/2023\/10\/IMG_0772.jpeg?fit=1200%2C1108&ssl=1&resize=525%2C300 1.5x, https:\/\/i0.wp.com\/horsefood.ee\/wp-content\/uploads\/2023\/10\/IMG_0772.jpeg?fit=1200%2C1108&ssl=1&resize=700%2C400 2x, https:\/\/i0.wp.com\/horsefood.ee\/wp-content\/uploads\/2023\/10\/IMG_0772.jpeg?fit=1200%2C1108&ssl=1&resize=1050%2C600 3x"},"classes":[]},{"id":4128,"url":"https:\/\/horsefood.ee\/latvia\/pood\/easy-mag-mix-magneesium\/","url_meta":{"origin":20305,"position":5},"title":"Easy&#038;Relax (magneesium \/ n\u00e4rvis\u00fcsteemi tugevdamine) 1000ml","author":"kadri koppel","date":"18. Aug 2017","format":false,"excerpt":"S\u00f6\u00f6dalisand hobustele. Horsefood Easy & Relax aitab tundlikke hobuseid kahjustamata nende sooritust. Magneesium ja B-vitamiinid m\u00e4ngivad olulist rolli lihaste funktsioneerimisel. Stress treeningu, reisimise v\u00f5i uute olukordade ajal suurendab magneesiumi ja B-vitamiinide puuduse riski ning neid tuleb sellistes olukordades t\u00e4iendada stressi v\u00e4hendava efekti saavutamiseks. Hobused, kes tarbivad Horsefood Easy & Relax'i,\u2026","rel":"","context":"Similar post","block_context":{"text":"Similar post","link":""},"img":{"alt_text":"","src":"https:\/\/i0.wp.com\/horsefood.ee\/wp-content\/uploads\/2023\/10\/IMG_0768-scaled.jpeg?fit=900%2C1200&ssl=1&resize=350%2C200","width":350,"height":200,"srcset":"https:\/\/i0.wp.com\/horsefood.ee\/wp-content\/uploads\/2023\/10\/IMG_0768-scaled.jpeg?fit=900%2C1200&ssl=1&resize=350%2C200 1x, https:\/\/i0.wp.com\/horsefood.ee\/wp-content\/uploads\/2023\/10\/IMG_0768-scaled.jpeg?fit=900%2C1200&ssl=1&resize=525%2C300 1.5x, https:\/\/i0.wp.com\/horsefood.ee\/wp-content\/uploads\/2023\/10\/IMG_0768-scaled.jpeg?fit=900%2C1200&ssl=1&resize=700%2C400 2x"},"classes":[]}],"_links":{"self":[{"href":"https:\/\/horsefood.ee\/latvia\/wp-json\/wp\/v2\/product\/20305","targetHints":{"allow":["GET"]}}],"collection":[{"href":"https:\/\/horsefood.ee\/latvia\/wp-json\/wp\/v2\/product"}],"about":[{"href":"https:\/\/horsefood.ee\/latvia\/wp-json\/wp\/v2\/types\/product"}],"wp:featuredmedia":[{"embeddable":true,"href":"https:\/\/horsefood.ee\/latvia\/wp-json\/wp\/v2\/media\/22372"}],"wp:attachment":[{"href":"https:\/\/horsefood.ee\/latvia\/wp-json\/wp\/v2\/media?parent=20305"}],"wp:term":[{"taxonomy":"product_brand","embeddable":true,"href":"https:\/\/horsefood.ee\/latvia\/wp-json\/wp\/v2\/product_brand?post=20305"},{"taxonomy":"product_cat","embeddable":true,"href":"https:\/\/horsefood.ee\/latvia\/wp-json\/wp\/v2\/product_cat?post=20305"},{"taxonomy":"product_tag","embeddable":true,"href":"https:\/\/horsefood.ee\/latvia\/wp-json\/wp\/v2\/product_tag?post=20305"}],"curies":[{"name":"wp","href":"https:\/\/api.w.org\/{rel}","templated":true}]}}