{"id":18096,"date":"2023-10-25T22:18:39","date_gmt":"2023-10-25T19:18:39","guid":{"rendered":"https:\/\/www.horsefood.ee\/?post_type=product&#038;p=18096"},"modified":"2026-04-12T14:45:08","modified_gmt":"2026-04-12T11:45:08","slug":"detox-immuno-support","status":"publish","type":"product","link":"https:\/\/horsefood.ee\/latvia\/pood\/detox-immuno-support\/","title":{"rendered":"Detox Immuno Support (immuunsus\/heaolu\/tervis)"},"content":{"rendered":"<p><strong>Anal\u00fc\u00fctiline koostis:<\/strong><\/p>\n<hr \/>\n<p>70,4% niiskus<\/p>\n<p>3,5% toorproteiin<\/p>\n<p>0,0% toorrasv<\/p>\n<p>\u00fcrdid, heinataimed<\/p>\n<p>1,4% toortuhk<\/p>\n<p>0,0% toorkiud<\/p>\n<p>0,47% naatrium<\/p>","protected":false},"excerpt":{"rendered":"<p><strong>Horsefood Detox Immuno Support<\/strong> on loodud maksa, neerude ja immuuns\u00fcsteemi toetamiseks.<\/p>\n<p>M\u00fcrgiste- ja j\u00e4\u00e4kainete eemaldamisel organismist m\u00e4ngivat k\u00f5ige t\u00e4htsamat rolli maks ja neerud. Need organid m\u00f5jutavad ka hobuse hormonaalset tasakaalu ja ainevahetust.\u00a0 \u00d5igeaegne detokskuur on oluline maksa- ja neerufunktsiooni toetamiseks.<\/p>\n<p>Antud toode on loodud hobustele, kes vajavad taastumist peale rasket pingutust, -ravimite kasutamist, ainevahetush\u00e4iretega hobuste puhul, rasvumise korral v\u00f5i taastumisperioodil. Toode sisaldab <strong>sorbitooli<\/strong> (antioks\u00fcdant),<strong> taimeekstrakte<\/strong>, <strong>rauda<\/strong> ja <strong>B-grupi vitamiine<\/strong>, et toetada immuuns\u00fcsteemi loomulikul viisil.<\/p>\n<p><strong>Koostis:<\/strong> sorbitool, prop\u00fcleengl\u00fckool.<\/p>\n<p>Lisandid\/kg:<br \/>\nRaudkelaat (gl\u00fctsiin) 3b108 50 mg<br \/>\nVaskkelaat (gl\u00fctsiin) 3b413 49.9 mg<br \/>\nTsinkkelaat (gl\u00fctsiin) 3b607 250 mg<br \/>\nMangaanikelaat (gl\u00fctsiin) 3b506 70 mg<\/p>\n<p>S\u00e4ilitusaine:2,970mg\u00a0 sidrunhape (E330).<\/p>\n<p>Kasutusjuhend\/annustamine p\u00e4evas:<\/p>\n<ul>\n<li><strong>Hobune<\/strong> &#8211; 25ml p\u00e4evas. V\u00e4hemalt 10 p\u00e4eva.<\/li>\n<li><strong>Poni<\/strong> &#8211; 1\/2 hobuse annusest.<\/li>\n<\/ul>\n<p>Enne selle toote kasutamist konsulteerige veterinaariga.<\/p>\n<p>Hoida kuivas ja toatemperatuuril. P\u00e4rast kasutamist sulgege korralikult.<\/p>\n<p>Tootel on piiratud s\u00e4ilivusaeg avamise j\u00e4rel. Hoidke lastele k\u00e4ttesaamatus kohas.<\/p>\n<p><a href=\"https:\/\/www.horsefood.ee\/wp-content\/uploads\/2023\/10\/Detox-Immuuno-Support.jpg\"><img loading=\"lazy\" decoding=\"async\" class=\"alignleft size-full wp-image-18111\" src=\"https:\/\/horsefood.ee\/wp-content\/uploads\/2023\/10\/Detox-Immuuno-Support.jpg\" alt=\"\" width=\"2542\" height=\"1845\" srcset=\"https:\/\/i0.wp.com\/horsefood.ee\/wp-content\/uploads\/2023\/10\/Detox-Immuuno-Support.jpg?w=2542&amp;ssl=1 2542w, https:\/\/i0.wp.com\/horsefood.ee\/wp-content\/uploads\/2023\/10\/Detox-Immuuno-Support.jpg?resize=300%2C218&amp;ssl=1 300w, https:\/\/i0.wp.com\/horsefood.ee\/wp-content\/uploads\/2023\/10\/Detox-Immuuno-Support.jpg?resize=1024%2C743&amp;ssl=1 1024w, https:\/\/i0.wp.com\/horsefood.ee\/wp-content\/uploads\/2023\/10\/Detox-Immuuno-Support.jpg?resize=768%2C557&amp;ssl=1 768w, https:\/\/i0.wp.com\/horsefood.ee\/wp-content\/uploads\/2023\/10\/Detox-Immuuno-Support.jpg?resize=1536%2C1115&amp;ssl=1 1536w, https:\/\/i0.wp.com\/horsefood.ee\/wp-content\/uploads\/2023\/10\/Detox-Immuuno-Support.jpg?resize=2048%2C1486&amp;ssl=1 2048w, https:\/\/i0.wp.com\/horsefood.ee\/wp-content\/uploads\/2023\/10\/Detox-Immuuno-Support.jpg?resize=600%2C435&amp;ssl=1 600w\" sizes=\"auto, (max-width: 2542px) 100vw, 2542px\" \/><\/a><\/p>\n<p>&nbsp;<\/p>","protected":false},"featured_media":18099,"template":"","meta":{"jetpack_post_was_ever_published":false,"jetpack_publicize_message":"","jetpack_publicize_feature_enabled":true,"jetpack_social_post_already_shared":true,"jetpack_social_options":{"image_generator_settings":{"template":"highway","default_image_id":0,"font":"","enabled":false},"version":2}},"product_brand":[],"product_cat":[40],"product_tag":[],"class_list":{"0":"post-18096","1":"product","2":"type-product","3":"status-publish","4":"has-post-thumbnail","6":"product_cat-lisandid","8":"first","9":"instock","10":"shipping-taxable","11":"purchasable","12":"product-type-simple"},"jetpack_publicize_connections":[],"jetpack_sharing_enabled":true,"jetpack-related-posts":[{"id":12970,"url":"https:\/\/horsefood.ee\/latvia\/pood\/heparen-12-kg\/","url_meta":{"origin":18096,"position":0},"title":"HEPAREN+ (Neerude ja maksa kaitse) 1000ml","author":"Kaido Koppel","date":"11. Mai 2021","format":false,"excerpt":"See on dieettoit maksa ja neerude toetamiseks. Kasutatakse Teie hobuse tervise s\u00e4ilitamiseks, maksimaalse vastupidavuse ja eluj\u00f5u saavutamiseks.\u00a0 Hobuse organism peab t\u00f6\u00f6tlema palju j\u00e4\u00e4kaineid. Maksa, neerude ning vereringe ja -rakkudega seotud probleemid on tippspordihobustel v\u00e4ga levinud.\u00a0 Treeningu ajal toodab hobuse keha oks\u00fcdatiivseid j\u00e4\u00e4kaineid (vabu radikaale, piimhapet jm), mis on rakkudele koormaks.\u2026","rel":"","context":"Similar post","block_context":{"text":"Similar post","link":""},"img":{"alt_text":"","src":"https:\/\/i0.wp.com\/horsefood.ee\/wp-content\/uploads\/2021\/05\/Heparen-1L-shadow.jpg?fit=800%2C1200&ssl=1&resize=350%2C200","width":350,"height":200,"srcset":"https:\/\/i0.wp.com\/horsefood.ee\/wp-content\/uploads\/2021\/05\/Heparen-1L-shadow.jpg?fit=800%2C1200&ssl=1&resize=350%2C200 1x, https:\/\/i0.wp.com\/horsefood.ee\/wp-content\/uploads\/2021\/05\/Heparen-1L-shadow.jpg?fit=800%2C1200&ssl=1&resize=525%2C300 1.5x, https:\/\/i0.wp.com\/horsefood.ee\/wp-content\/uploads\/2021\/05\/Heparen-1L-shadow.jpg?fit=800%2C1200&ssl=1&resize=700%2C400 2x"},"classes":[]},{"id":5451,"url":"https:\/\/horsefood.ee\/latvia\/pood\/elektrolyten-mix-elektroluudid-1kg\/","url_meta":{"origin":18096,"position":1},"title":"Elektrolyten+ (elektrol\u00fc\u00fcdid\/taastumine) 1000ml","author":"kadri koppel","date":"17. Apr 2018","format":false,"excerpt":"S\u00f6\u00f6dalisand hobustele. Horsefood Electrolyten+ on ideaalne toode mineraalide ja mikroelementide kiireks t\u00e4iendamiseks suure vedelikukaotuse korral, mis tekib f\u00fc\u00fcsiliste pingutuste tagaj\u00e4rjel. Oluline on seda anda k\u00f5rgetel temperatuuridel ja \u00fclem\u00e4\u00e4rase higistamise korral. Enne ja p\u00e4rast pingutust tuleks anda Electrolyten+ tagamaks hobusele mineraalide tasakaalu ja ennetamaks kehasoolade puudust. See sisaldab kergesti omastatavaid mikroelemente\u2026","rel":"","context":"Similar post","block_context":{"text":"Similar post","link":""},"img":{"alt_text":"","src":"https:\/\/i0.wp.com\/horsefood.ee\/wp-content\/uploads\/2023\/10\/IMG_9750.jpeg?fit=1200%2C1155&ssl=1&resize=350%2C200","width":350,"height":200,"srcset":"https:\/\/i0.wp.com\/horsefood.ee\/wp-content\/uploads\/2023\/10\/IMG_9750.jpeg?fit=1200%2C1155&ssl=1&resize=350%2C200 1x, https:\/\/i0.wp.com\/horsefood.ee\/wp-content\/uploads\/2023\/10\/IMG_9750.jpeg?fit=1200%2C1155&ssl=1&resize=525%2C300 1.5x, https:\/\/i0.wp.com\/horsefood.ee\/wp-content\/uploads\/2023\/10\/IMG_9750.jpeg?fit=1200%2C1155&ssl=1&resize=700%2C400 2x, https:\/\/i0.wp.com\/horsefood.ee\/wp-content\/uploads\/2023\/10\/IMG_9750.jpeg?fit=1200%2C1155&ssl=1&resize=1050%2C600 3x"},"classes":[]},{"id":3768,"url":"https:\/\/horsefood.ee\/latvia\/pood\/bodybuilder-1kg\/","url_meta":{"origin":18096,"position":2},"title":"Bodybuilder (sooritusv\u00f5ime \/ lihased) 1000ml","author":"kadri koppel","date":"24. Mai 2017","format":false,"excerpt":"Toote kirjeldus \u00a0 Horsefood The Best Bodybuilder on s\u00f6\u00f6dalisand hobustele, mis sisaldab mitmek\u00fclgset kombinatsiooni aminohapetest, sh BCAA-d, mis on valkude olulised ehituskomponendid. Aminohapped osalevad lihaste ainevahetuses ning aitavad toetada lihaste arengut ja taastumist koormuse ajal ja j\u00e4rel. Toode sobib hobustele, kes on regulaarses treeningus, samuti hobustele, kellel esineb lihasv\u00e4simust v\u00f5i\u2026","rel":"","context":"Similar post","block_context":{"text":"Similar post","link":""},"img":{"alt_text":"","src":"https:\/\/i0.wp.com\/horsefood.ee\/wp-content\/uploads\/2023\/10\/IMG_0767-scaled.jpeg?fit=900%2C1200&ssl=1&resize=350%2C200","width":350,"height":200,"srcset":"https:\/\/i0.wp.com\/horsefood.ee\/wp-content\/uploads\/2023\/10\/IMG_0767-scaled.jpeg?fit=900%2C1200&ssl=1&resize=350%2C200 1x, https:\/\/i0.wp.com\/horsefood.ee\/wp-content\/uploads\/2023\/10\/IMG_0767-scaled.jpeg?fit=900%2C1200&ssl=1&resize=525%2C300 1.5x, https:\/\/i0.wp.com\/horsefood.ee\/wp-content\/uploads\/2023\/10\/IMG_0767-scaled.jpeg?fit=900%2C1200&ssl=1&resize=700%2C400 2x"},"classes":[]},{"id":17511,"url":"https:\/\/horsefood.ee\/latvia\/pood\/gastro-activecare-mix-teravilja-melassi-ja-gluteenivaba-korge-kiudainesisaldus-lisatud-parm-ja-magneesium-20kg\/","url_meta":{"origin":18096,"position":3},"title":"Gastro Activecare-Mix (teravilja-, melassi- ja gluteenivaba \/ k\u00f5rge kiudainesisaldus \/ lisatud p\u00e4rm ja magneesium \/ k\u00f5rgeim koormus) 20kg","author":"kadri koppel","date":"21. J\u016bl 2023","format":false,"excerpt":"L\u00e4bim\u00f5eldud kiudainerikas m\u00fcsli sporthobustele, kellel on tundlik seedimine, kuid kes t\u00f6\u00f6tavad ka k\u00f5rgema koormuse juures. T\u00e4iends\u00f6\u00f6t. Gastro Activecare-Mix on loodud hobustele, kelle puhul ei sobi traditsioonilised teraviljarikkad s\u00f6\u00f6dad, kuid kellelt oodatakse siiski j\u00f5udlust, vastupidavust ja head t\u00f6\u00f6v\u00f5imet ka intensiivse treeningu ja v\u00f5istlusperioodil. K\u00f5rge toorkiu sisaldus (u 21%) toetab s\u00fclje tootmist\u2026","rel":"","context":"Similar post","block_context":{"text":"Similar post","link":""},"img":{"alt_text":"","src":"https:\/\/i0.wp.com\/horsefood.ee\/wp-content\/uploads\/2023\/07\/Gastro-ActiveCare-Mix-1.jpg?fit=720%2C1024&ssl=1&resize=350%2C200","width":350,"height":200,"srcset":"https:\/\/i0.wp.com\/horsefood.ee\/wp-content\/uploads\/2023\/07\/Gastro-ActiveCare-Mix-1.jpg?fit=720%2C1024&ssl=1&resize=350%2C200 1x, https:\/\/i0.wp.com\/horsefood.ee\/wp-content\/uploads\/2023\/07\/Gastro-ActiveCare-Mix-1.jpg?fit=720%2C1024&ssl=1&resize=525%2C300 1.5x, https:\/\/i0.wp.com\/horsefood.ee\/wp-content\/uploads\/2023\/07\/Gastro-ActiveCare-Mix-1.jpg?fit=720%2C1024&ssl=1&resize=700%2C400 2x"},"classes":[]},{"id":3893,"url":"https:\/\/horsefood.ee\/latvia\/pood\/biotiin-1kg\/","url_meta":{"origin":18096,"position":4},"title":"Biotinemix (kabjad\/karvkate\/terve nahk) 1000gr","author":"kadri koppel","date":"27. J\u016bn 2017","format":false,"excerpt":"S\u00f6\u00f6dalisand hobustele. Horsefood Biotine Mix t\u00e4iendab vajalikke toitaineid nii tervete kapjade kasvu ja elastsuse, kui ka karvkatte tiheduse ning tervisliku naha jaoks. Lisatud on kergesti omastatavat tsinki, vaske, kaltsiumi, magneesiumi ja mangaani, mis tagavad hobusele t\u00e4ieliku sisemise toetuse. L\u00fcsiin ja metioniin tagavad t\u00e4iendava valgu kabjamaterjali ja karvade ehitamiseks. Lisaks sisaldab\u2026","rel":"","context":"Similar post","block_context":{"text":"Similar post","link":""},"img":{"alt_text":"","src":"https:\/\/i0.wp.com\/horsefood.ee\/wp-content\/uploads\/2017\/06\/Biotinemix.png?fit=800%2C800&ssl=1&resize=350%2C200","width":350,"height":200,"srcset":"https:\/\/i0.wp.com\/horsefood.ee\/wp-content\/uploads\/2017\/06\/Biotinemix.png?fit=800%2C800&ssl=1&resize=350%2C200 1x, https:\/\/i0.wp.com\/horsefood.ee\/wp-content\/uploads\/2017\/06\/Biotinemix.png?fit=800%2C800&ssl=1&resize=525%2C300 1.5x, https:\/\/i0.wp.com\/horsefood.ee\/wp-content\/uploads\/2017\/06\/Biotinemix.png?fit=800%2C800&ssl=1&resize=700%2C400 2x"},"classes":[]},{"id":4128,"url":"https:\/\/horsefood.ee\/latvia\/pood\/easy-mag-mix-magneesium\/","url_meta":{"origin":18096,"position":5},"title":"Easy&#038;Relax (magneesium \/ n\u00e4rvis\u00fcsteemi tugevdamine) 1000ml","author":"kadri koppel","date":"18. Aug 2017","format":false,"excerpt":"S\u00f6\u00f6dalisand hobustele. Horsefood Easy & Relax aitab tundlikke hobuseid kahjustamata nende sooritust. Magneesium ja B-vitamiinid m\u00e4ngivad olulist rolli lihaste funktsioneerimisel. Stress treeningu, reisimise v\u00f5i uute olukordade ajal suurendab magneesiumi ja B-vitamiinide puuduse riski ning neid tuleb sellistes olukordades t\u00e4iendada stressi v\u00e4hendava efekti saavutamiseks. Hobused, kes tarbivad Horsefood Easy & Relax'i,\u2026","rel":"","context":"Similar post","block_context":{"text":"Similar post","link":""},"img":{"alt_text":"","src":"https:\/\/i0.wp.com\/horsefood.ee\/wp-content\/uploads\/2023\/10\/IMG_0768-scaled.jpeg?fit=900%2C1200&ssl=1&resize=350%2C200","width":350,"height":200,"srcset":"https:\/\/i0.wp.com\/horsefood.ee\/wp-content\/uploads\/2023\/10\/IMG_0768-scaled.jpeg?fit=900%2C1200&ssl=1&resize=350%2C200 1x, https:\/\/i0.wp.com\/horsefood.ee\/wp-content\/uploads\/2023\/10\/IMG_0768-scaled.jpeg?fit=900%2C1200&ssl=1&resize=525%2C300 1.5x, https:\/\/i0.wp.com\/horsefood.ee\/wp-content\/uploads\/2023\/10\/IMG_0768-scaled.jpeg?fit=900%2C1200&ssl=1&resize=700%2C400 2x"},"classes":[]}],"_links":{"self":[{"href":"https:\/\/horsefood.ee\/latvia\/wp-json\/wp\/v2\/product\/18096","targetHints":{"allow":["GET"]}}],"collection":[{"href":"https:\/\/horsefood.ee\/latvia\/wp-json\/wp\/v2\/product"}],"about":[{"href":"https:\/\/horsefood.ee\/latvia\/wp-json\/wp\/v2\/types\/product"}],"wp:featuredmedia":[{"embeddable":true,"href":"https:\/\/horsefood.ee\/latvia\/wp-json\/wp\/v2\/media\/18099"}],"wp:attachment":[{"href":"https:\/\/horsefood.ee\/latvia\/wp-json\/wp\/v2\/media?parent=18096"}],"wp:term":[{"taxonomy":"product_brand","embeddable":true,"href":"https:\/\/horsefood.ee\/latvia\/wp-json\/wp\/v2\/product_brand?post=18096"},{"taxonomy":"product_cat","embeddable":true,"href":"https:\/\/horsefood.ee\/latvia\/wp-json\/wp\/v2\/product_cat?post=18096"},{"taxonomy":"product_tag","embeddable":true,"href":"https:\/\/horsefood.ee\/latvia\/wp-json\/wp\/v2\/product_tag?post=18096"}],"curies":[{"name":"wp","href":"https:\/\/api.w.org\/{rel}","templated":true}]}}