{"id":17511,"date":"2023-07-21T08:59:31","date_gmt":"2023-07-21T05:59:31","guid":{"rendered":"https:\/\/www.horsefood.ee\/?post_type=product&#038;p=17511"},"modified":"2026-04-22T19:30:47","modified_gmt":"2026-04-22T16:30:47","slug":"gastro-activecare-mix-teravilja-melassi-ja-gluteenivaba-korge-kiudainesisaldus-lisatud-parm-ja-magneesium-20kg","status":"publish","type":"product","link":"https:\/\/horsefood.ee\/latvia\/pood\/gastro-activecare-mix-teravilja-melassi-ja-gluteenivaba-korge-kiudainesisaldus-lisatud-parm-ja-magneesium-20kg\/","title":{"rendered":"Gastro Activecare-Mix (teravilja-, melassi- ja gluteenivaba \/ k\u00f5rge kiudainesisaldus \/ lisatud p\u00e4rm ja magneesium \/ k\u00f5rgeim koormus) 20kg"},"content":{"rendered":"<h4><strong>K\u00f5ik Horsefoodi valikus olevad tooted on naturaalset p\u00e4ritolu ning sellest johtuvalt v\u00f5ivad osad m\u00e4rgitud v\u00e4\u00e4rtused m\u00f5ningal m\u00e4\u00e4ral k\u00f5ikuda!<\/strong><\/h4>\n<p>Energia            12.8 MJ<br \/>\nEWPa               0.87<br \/>\nSeeditav valk (VREp)   10.5 %<br \/>\nToorproteiin       13.2 %<br \/>\nToorrasv           10.8 %<br \/>\nToorkiud           21.2 %<br \/>\nToortuhk           9.1 %<br \/>\nSuhkur             7.8 %<br \/>\nT\u00e4rklis            7.1 %  <\/p>\n<p>Mineraalid ja mikroelemendid (kg kohta):<\/p>\n<p>Kaltsium     1.3 %<br \/>\nFosfor       0.4 %<br \/>\nMagneesium   0.6 %<br \/>\nNaatrium     0.3 %<br \/>\nKaalium      1.3 %<br \/>\nVask         48 mg<br \/>\nRaud         46 mg<br \/>\nTsink        200 mg<br \/>\nMangaan      96 mg<br \/>\nSeleen       0.60 mg<br \/>\nJood         2.7 mg<\/p>\n<p>Lisandid\/kg:<br \/>\nA-vitamiin 3a672a 20800 IE<br \/>\nD3-vitamiin 3a671 3197 IE<br \/>\nE-vitamiin 3a700 420 mg<br \/>\nRaud(II)sulfaat monoh\u00fcdraat 3b103 46 mg<br \/>\nKoobaltkabonaat (kattega) 3b304 0.7 mg<br \/>\nMangaanoksiid 3b502 96 mg<br \/>\nSeleenip\u00e4rm 3b811 0.32 mg<br \/>\nVaskkelaat (gl\u00fctsiin) 3b413 24 mg<br \/>\nTsinksulfaat monoh\u00fcdraat 3b605 72 mg<br \/>\nTsinkkelaat (gl\u00fctsiin) 3b607 128 mg<br \/>\nNaatriumseleniit 3b801 0.32 mg<br \/>\nKaltsiumjodaat (veevaba) 3b202 2.4 mg<br \/>\nVasksulfaat pentah\u00fcdraat 3b405 24 mg<\/p>","protected":false},"excerpt":{"rendered":"<p class=\"p1\"><b>L\u00e4bim\u00f5eldud kiudainerikas m\u00fcsli sporthobustele, kellel on tundlik seedimine, kuid kes t\u00f6\u00f6tavad ka k\u00f5rgema koormuse juures. T\u00e4iends\u00f6\u00f6t.<\/b><\/p>\n<p class=\"p3\">Gastro Activecare-Mix on loodud hobustele, kelle puhul ei sobi traditsioonilised teraviljarikkad s\u00f6\u00f6dad, kuid kellelt oodatakse siiski j\u00f5udlust, vastupidavust ja head t\u00f6\u00f6v\u00f5imet ka intensiivse treeningu ja v\u00f5istlusperioodil.<\/p>\n<p class=\"p3\">K\u00f5rge toorkiu sisaldus (u <span class=\"s1\"><b>21%<\/b><\/span>) toetab s\u00fclje tootmist ning aitab hoida mao ja soolestiku loomulikku tasakaalu. See on oluline hobustele, kelle seedes\u00fcsteem vajab lisatuge just koormuse kasvades.<\/p>\n<p class=\"p3\">V\u00e4ga madala suhkru- ja t\u00e4rklisesisaldusega (<span class=\"s1\"><b>&lt;15%<\/b><\/span>) koostis sobitub hobuse loomup\u00e4rase toitumisk\u00e4itumisega ega koorma seedimist.<\/p>\n<p class=\"p3\">Energia tuleb peamiselt <span class=\"s1\"><b>kiudainetest ja kvaliteetsetest \u00f5lidest<\/b><\/span>, mis v\u00f5imaldab kasutada s\u00f6\u00f6ta ka raskema t\u00f6\u00f6 korral ilma seedes\u00fcsteemi liigse pinge ja \u00e4rrituseta.<\/p>\n<p class=\"p3\">Lisatud magneesium toetab lihaste normaalset talitlust ja aitab hoida hobuse enesetunde tasakaalus ka pingelisel t\u00f6\u00f6perioodil.<\/p>\n<p class=\"p3\">Sisaldab asendamatuid aminohappeid lihaste t\u00f6\u00f6 ja taastumise toetamiseks. P\u00e4rmikultuurid parandavad s\u00f6\u00f6da omastamist ning toetavad lihaste normaalset talitlust nii t\u00f6\u00f6 ajal kui ka p\u00e4rast pingutust.<\/p>\n<p class=\"p3\">Rikastatud valitud \u00fcrtidega, mis toetavad hobuse \u00fcldist eluj\u00f5udu ja immuuns\u00fcsteemi.<\/p>\n<p class=\"p1\"><b>Vaakuumpakendatud, et s\u00e4ilitada s\u00f6\u00f6da v\u00e4rskus ning vitamiinide ja mineraalide kvaliteet.<\/b><\/p>\n<h3><span style=\"font-size: 80%;\"><b><span style=\"font-size: 85%;\">Sobib h\u00e4sti hobustele ja ponidele<\/span>:<\/b><\/span><\/h3>\n<ul>\n<li>\n<p class=\"p1\">kellel on tundlik seedimine v\u00f5i kalduvus mao- ja soolestiku\u00e4rritustele<\/p>\n<\/li>\n<li>\n<p class=\"p1\">kes vajavad teravilja-, melassi- ja gluteenivaba ratsiooni<\/p>\n<\/li>\n<li>\n<p class=\"p1\">kes t\u00f6\u00f6tavad keskmise, k\u00f5rge v\u00f5i v\u00e4ga k\u00f5rge koormuse juures<\/p>\n<\/li>\n<li>\n<p class=\"p1\">kelle puhul on oluline, et seedes\u00f5bralik s\u00f6\u00f6t ei piiraks t\u00f6\u00f6v\u00f5imet<\/p>\n<\/li>\n<\/ul>\n<p>&nbsp;<\/p>\n<ul>\n<li><em>Hobuse poolt seeditav energia <strong>12,8MJ\/kg<\/strong><\/em><\/li>\n<li><em>Hobuse poolt seeditav toores valk <strong>8,8%<\/strong><\/em><\/li>\n<\/ul>\n<p><strong>Koostis: <\/strong>rohujahu, p\u00e4evalilleseemnekestad, p\u00e4evalilleseemnejahu, hernehelbed, jaanileivapuu, linaseemnepuru, lutsern, deh\u00fcdreeritud <em>(s\u00e4ilitab peaaegu 100% toidu toitev\u00e4\u00e4rtusest)<\/em> linaseemne\u00f5li, p\u00f5ldoahelbed, p\u00e4evalille\u00f5li, \u00f5unaviljaliha, porgand, magneesiumoksiid, kaltsiumkarbonaat, siguriviljaliha, monokaltsiumfosfaat, naatriumkloriid, kartulit\u00e4rklis, inaktiveeritud p\u00e4rmid, basiilik, rosmariin, apteegitilli seemned, piparm\u00fcnt, n\u00f5gese lehed.<\/p>\n<p class=\"p1\"><strong>Soovituslikud kogused on suunavad.<\/strong> \u00d5ige kogus kujuneb t\u00f6\u00f6 k\u00e4igus ning vastavalt hobuse konditsioonile.<\/p>\n<p class=\"p1\">Kui kahtled sobivuses v\u00f5i koguses, kirjuta meile \u2013 aitame hea meelega kaasa m\u00f5elda (ka Messengeris).<\/p>\n<p><strong>S\u00f6\u00f6tmissoovitused <\/strong>100kg\/kehakaalu kohta:<\/p>\n<ul>\n<li>\u00fclalpidamine &#8211; 0,20-0,30 kg<\/li>\n<li>kerge t\u00f6\u00f6 &#8211; 0,30-0,40 kg<\/li>\n<li>keskmine t\u00f6\u00f6 &#8211; 0,40-0,70 kg<\/li>\n<li>raske t\u00f6\u00f6 &#8211; 0,70-0,90 kg<\/li>\n<\/ul>\n<p>&nbsp;<\/p>\n<p>&nbsp;<\/p>","protected":false},"featured_media":17682,"template":"","meta":{"jetpack_post_was_ever_published":false,"jetpack_publicize_message":"","jetpack_publicize_feature_enabled":true,"jetpack_social_post_already_shared":true,"jetpack_social_options":{"image_generator_settings":{"template":"highway","default_image_id":0,"font":"","enabled":false},"version":2}},"product_brand":[],"product_cat":[39],"product_tag":[76,67,65,73,80,71],"class_list":{"0":"post-17511","1":"product","2":"type-product","3":"status-publish","4":"has-post-thumbnail","6":"product_cat-muslid","7":"product_tag-heaolu-ja-tervis","8":"product_tag-keskmine-koormus","9":"product_tag-tippsooritus","10":"product_tag-seedimisprobleemid","11":"product_tag-temperament-kontrolli-alla","12":"product_tag-teravilja-ja-melassivaba","14":"first","15":"instock","16":"shipping-taxable","17":"purchasable","18":"product-type-simple"},"jetpack_publicize_connections":[],"jetpack_sharing_enabled":true,"jetpack-related-posts":[{"id":5993,"url":"https:\/\/horsefood.ee\/latvia\/pood\/speed-mix-plahvatuslik-energia-tippsport-pre-ja-probiootikumid-20kg\/","url_meta":{"origin":17511,"position":0},"title":"Speed-Mix (must kaer \/pre- ja probiootikumid \/ plahvatuslik energia) 20kg","author":"kadri koppel","date":"27. Aug 2018","format":false,"excerpt":"\u00a0 ...Kiiresti, kiiremini, veel kiiremini! T\u00e4iends\u00f6\u00f6t. K\u00f5rgekvaliteediline maitsev mix, mis pakub plahvatuslikku energiat. Baas t\u00e4isteravilja, ohtralt j\u00e4mejahvatusega teravilja, nagu must kaer jm ning maisihelbed. Lisatud hernehelbed ja pre- ja probiootikumid.\u00a0Kohandatud t\u00e4rklise- ja suhkrusisaldusega. Sporthobustele, kes vajavad plahvatuslikku energiat. Tippsportivad isendid. Vitamiinide, mineraalide, toitainete sisaldus vastab rangemale saavutusspordi normidele! Mix sisaldab\u2026","rel":"","context":"Similar post","block_context":{"text":"Similar post","link":""},"img":{"alt_text":"","src":"https:\/\/i0.wp.com\/horsefood.ee\/wp-content\/uploads\/2018\/08\/Pilt.jpg?fit=383%2C575&ssl=1&resize=350%2C200","width":350,"height":200},"classes":[]},{"id":7118,"url":"https:\/\/horsefood.ee\/latvia\/pood\/eko-kvaliteedimargiga-graanulid-25kg\/","url_meta":{"origin":17511,"position":1},"title":"Mahem\u00e4rgisega \u00f6koloogilised s\u00f6\u00f6dagraanulid (k\u00f5ik hobuspordi distsipliinid) 20kg. (Ettetellimisel)","author":"kadri koppel","date":"13. Mar 2019","format":false,"excerpt":"EKO\u00a0(haldaja Skal \u2013 mittetulunduslik orgaanilise toodangu inspektsioon) on Hollandi mahem\u00e4rgis. Vastab Euroopa \u00dchenduse mahem\u00e4rgise kriteeriumitele EU 834\/2007.\u00a0 Graanuli suurus 5mm. T\u00e4iends\u00f6\u00f6t. Antud v\u00e4\u00e4rtuslik hobus\u00f6\u00f6dagraanul on v\u00e4etiste, pestitsiidide, geneetilise muundamise ning keemilise t\u00f6\u00f6tlemise vaba. 100% bioloogilised agrikultuurid!\u00a0 Koostis: nisu, oder, kaer, nisu semolina, mais, spelta, peedimelass, linaseemned, p\u00e4evalilleseemne helbed, kriit, monokaltsiumfosfaat,\u2026","rel":"","context":"Similar post","block_context":{"text":"Similar post","link":""},"img":{"alt_text":"","src":"https:\/\/i0.wp.com\/horsefood.ee\/wp-content\/uploads\/2019\/03\/Bioloogilised-graanulid.png?fit=365%2C500&ssl=1&resize=350%2C200","width":350,"height":200},"classes":[]},{"id":3496,"url":"https:\/\/horsefood.ee\/latvia\/pood\/happy-summer-mix\/","url_meta":{"origin":17511,"position":2},"title":"Happy-Summer Mix (kaeravaba \/ ainevahetushaigused) 20kg","author":"Georg Koppel","date":"14. Apr 2017","format":false,"excerpt":"T\u00e4iends\u00f6\u00f6t. Kaeravaba, 7-t funktsionaalset maitsetaime (ginko, n\u00f5ges, pune, k\u00fc\u00fcslauk, majoraan, t\u00fc\u00fcmian, basiilik) sisalduv kvaliteetm\u00fcslisegu on spetsiaalselt v\u00e4ljat\u00f6\u00f6tatud \u00fclitundlikele hobustele (kaasaarvatud suveekseem, laminiit, EMS, Cushings, rasumine ja insuliinresistentsus). Madal suhkru- ja t\u00e4rklisesisaldus. Kergelt seeduv. Rohkelt head linaseemne\u00f5li.\u00a0Lisatud on diatomiitmuld ning p\u00e4rmikultuure. T\u00e4isvitaminiseeritud. K\u00f5ike mikroelemente, eelk\u00f5ige: tsinki, vaske ning seleeni on piisavalt.\u2026","rel":"","context":"Similar post","block_context":{"text":"Similar post","link":""},"img":{"alt_text":"","src":"https:\/\/i0.wp.com\/www.horsefood.ee\/wp-content\/uploads\/2020\/02\/Kvaliteet-1024x576.png?resize=350%2C200&ssl=1","width":350,"height":200,"srcset":"https:\/\/i0.wp.com\/www.horsefood.ee\/wp-content\/uploads\/2020\/02\/Kvaliteet-1024x576.png?resize=350%2C200&ssl=1 1x, https:\/\/i0.wp.com\/www.horsefood.ee\/wp-content\/uploads\/2020\/02\/Kvaliteet-1024x576.png?resize=525%2C300&ssl=1 1.5x, https:\/\/i0.wp.com\/www.horsefood.ee\/wp-content\/uploads\/2020\/02\/Kvaliteet-1024x576.png?resize=700%2C400&ssl=1 2x"},"classes":[]},{"id":4300,"url":"https:\/\/horsefood.ee\/latvia\/pood\/grow-mix-20kg-varsadsaludmarad\/","url_meta":{"origin":17511,"position":3},"title":"Grow-Mix (varsad alates 3-elun\u00e4dalast \/ s\u00e4lud kuni 2,5eluaastat \/ m\u00e4rad) 20kg","author":"kadri koppel","date":"26. Sep 2017","format":false,"excerpt":"T\u00e4iends\u00f6\u00f6t. Spetsiaalne, \u00e4\u00e4rmiselt k\u00f5rgekvaliteediline m\u00fcslisegu tiinetele- ja lakteerivatele m\u00e4radele ning nende varssadele s\u00f6\u00f6tmiseks kuni 1,5 eluaasta-ni. Selles mixis sisalduv kogu teravili on j\u00e4mejahvatatud ja\/v\u00f5i paisutatud ja sisaldab k\u00f5iki vajalikke komponente, et loomalapsest kasvaks tulevikus elur\u00f5\u00f5mus ja terve hobune\/poni. *\u00a0Spetsiaalne\u00a0m\u00fcslisegu\u00a0m\u00e4radele\/varssadele\/s\u00e4lgudele. *\u00a0Sisaldab\u00a0pre-\u00a0ja\u00a0probiootikume. *\u00a0Lisatud\u00a0p\u00e4rmikultuure\u00a0seedimise\u00a0soodustamiseks,\u00a0s\u00f6\u00f6da\u00a0efektiivsuse\u00a0parendamiseks\u00a0ning\u00a0-edendamiseks. *\u00a0Lisatud foolhapet ja E-vitamiini 400mg. Hobuse poolt seeditav energia\u2026","rel":"","context":"Similar post","block_context":{"text":"Similar post","link":""},"img":{"alt_text":"","src":"https:\/\/i0.wp.com\/horsefood.ee\/wp-content\/uploads\/2017\/09\/Grow-Mix-1.jpg?fit=397%2C596&ssl=1&resize=350%2C200","width":350,"height":200},"classes":[]},{"id":3498,"url":"https:\/\/horsefood.ee\/latvia\/pood\/slobbermeel\/","url_meta":{"origin":17511,"position":4},"title":"MASH e Slobbermeel (seedimine \/ konditsioon \/ lisaenergia) 20kg","author":"Georg Koppel","date":"14. Apr 2017","format":false,"excerpt":"T\u00e4iends\u00f6\u00f6t. Maitsev maiuspala igale hobusele \/ponile! HORSEFOOD the best mashipudru valmistatakse sooja veega segatuna, suhtega 1:1. S\u00f6\u00f6detakse leigena. Energia taastamiseks\/lisaenergia. Kaaluiibe lisamiseks\/kehakonditsiooni parandamiseks. Seedimise soodustamiseks. Sisaldab k\u00f5rgekvaliteedilist teravilja, kliisid, linaseemneid ning maisihelbeid. K\u00f5rge rasva sisaldus 7%. Hobuse poolt seeditav energia 15,0MJ\/kg Hobuse poolt seeditav toores valk 9% Koostis: mais, nisukuskuss,\u2026","rel":"","context":"Similar post","block_context":{"text":"Similar post","link":""},"img":{"alt_text":"","src":"https:\/\/i0.wp.com\/horsefood.ee\/wp-content\/uploads\/2017\/04\/Slobbermeel-1.jpg?fit=327%2C491&ssl=1&resize=350%2C200","width":350,"height":200},"classes":[]},{"id":17597,"url":"https:\/\/horsefood.ee\/latvia\/pood\/all-round-paardenbrok-ulalpidamisgraanul-1000kg-ettetellimisel\/","url_meta":{"origin":17511,"position":5},"title":"All-round paardenbrok (igap\u00e4evane graanul \/ m\u00f5\u00f5dukas koormus) Bigbox 1000,0kg ettetellimisel!","author":"Kaido Koppel","date":"6. Aug 2023","format":false,"excerpt":"Ilma kaerata, suure vitamiinide-, mineraalide ja mikroelementide osakaaluga. Optimaalne graanul, mis sobib k\u00f5ikidele madalat energiataset n\u00f5udvatele hobustele ja ponidele.\u00a0 See lisands\u00f6\u00f6t sisaldab enam kui k\u00fcllaldaselt vajalikke toitaineid, mis on vajalikud hoolduss\u00f6\u00f6dana. See graanul sobib ka kores\u00f6\u00f6da lisandiks, kui hobune on \u00fclalpidamisel v\u00f5i teeb kergemat t\u00f6\u00f6d. Koostis: nisu, oder, mais, kaerajahu,\u2026","rel":"","context":"Similar post","block_context":{"text":"Similar post","link":""},"img":{"alt_text":"","src":"https:\/\/i0.wp.com\/horsefood.ee\/wp-content\/uploads\/2023\/08\/Big-Box.-Horsefood-the-best-scaled.jpg?fit=1135%2C1200&ssl=1&resize=350%2C200","width":350,"height":200,"srcset":"https:\/\/i0.wp.com\/horsefood.ee\/wp-content\/uploads\/2023\/08\/Big-Box.-Horsefood-the-best-scaled.jpg?fit=1135%2C1200&ssl=1&resize=350%2C200 1x, https:\/\/i0.wp.com\/horsefood.ee\/wp-content\/uploads\/2023\/08\/Big-Box.-Horsefood-the-best-scaled.jpg?fit=1135%2C1200&ssl=1&resize=525%2C300 1.5x, https:\/\/i0.wp.com\/horsefood.ee\/wp-content\/uploads\/2023\/08\/Big-Box.-Horsefood-the-best-scaled.jpg?fit=1135%2C1200&ssl=1&resize=700%2C400 2x, https:\/\/i0.wp.com\/horsefood.ee\/wp-content\/uploads\/2023\/08\/Big-Box.-Horsefood-the-best-scaled.jpg?fit=1135%2C1200&ssl=1&resize=1050%2C600 3x"},"classes":[]}],"_links":{"self":[{"href":"https:\/\/horsefood.ee\/latvia\/wp-json\/wp\/v2\/product\/17511","targetHints":{"allow":["GET"]}}],"collection":[{"href":"https:\/\/horsefood.ee\/latvia\/wp-json\/wp\/v2\/product"}],"about":[{"href":"https:\/\/horsefood.ee\/latvia\/wp-json\/wp\/v2\/types\/product"}],"wp:featuredmedia":[{"embeddable":true,"href":"https:\/\/horsefood.ee\/latvia\/wp-json\/wp\/v2\/media\/17682"}],"wp:attachment":[{"href":"https:\/\/horsefood.ee\/latvia\/wp-json\/wp\/v2\/media?parent=17511"}],"wp:term":[{"taxonomy":"product_brand","embeddable":true,"href":"https:\/\/horsefood.ee\/latvia\/wp-json\/wp\/v2\/product_brand?post=17511"},{"taxonomy":"product_cat","embeddable":true,"href":"https:\/\/horsefood.ee\/latvia\/wp-json\/wp\/v2\/product_cat?post=17511"},{"taxonomy":"product_tag","embeddable":true,"href":"https:\/\/horsefood.ee\/latvia\/wp-json\/wp\/v2\/product_tag?post=17511"}],"curies":[{"name":"wp","href":"https:\/\/api.w.org\/{rel}","templated":true}]}}