{"id":14986,"date":"2022-04-20T11:10:21","date_gmt":"2022-04-20T08:10:21","guid":{"rendered":"https:\/\/www.horsefood.ee\/?post_type=product&#038;p=14986"},"modified":"2025-07-03T11:44:26","modified_gmt":"2025-07-03T08:44:26","slug":"pump","status":"publish","type":"product","link":"https:\/\/horsefood.ee\/latvia\/pood\/pump\/","title":{"rendered":"Pump"},"content":{"rendered":"","protected":false},"excerpt":{"rendered":"<p>Kvaliteetne pump 5L linaseemne\u00f5li kanistrile.<\/p>","protected":false},"featured_media":14987,"template":"","meta":{"jetpack_post_was_ever_published":false,"jetpack_publicize_message":"","jetpack_publicize_feature_enabled":true,"jetpack_social_post_already_shared":true,"jetpack_social_options":{"image_generator_settings":{"template":"highway","default_image_id":0,"font":"","enabled":false},"version":2}},"product_brand":[],"product_cat":[41],"product_tag":[],"class_list":{"0":"post-14986","1":"product","2":"type-product","3":"status-publish","4":"has-post-thumbnail","6":"product_cat-teised-tooted","8":"first","9":"instock","10":"shipping-taxable","11":"purchasable","12":"product-type-simple"},"jetpack_publicize_connections":[],"jetpack_sharing_enabled":true,"jetpack-related-posts":[{"id":3752,"url":"https:\/\/horsefood.ee\/latvia\/pood\/linaseemneoli-5l\/","url_meta":{"origin":14986,"position":0},"title":"Linaseemne\u00f5li \/ esimene k\u00fclmpress \/ k\u00f5rge toitev\u00e4\u00e4rtus \/ 5000ml","author":"kadri koppel","date":"23. Mai 2017","format":false,"excerpt":"\u00a0Horsefood`the best\u00a0\u00fclikvaliteetne, esimese k\u00fclmpressi linaseemne\u00f5li. 100% naturaalne toode. Linaseemnetes sisalduv\u00a0Omega-3\u00a0asendamatu rasvhape avaldab hobusele j\u00e4rgmisi toimeid: paraneb karvkatte ning naha seiuskord; aitab hoida naha niisutatud ja elastsena, alandab erutuvust\/n\u00e4rvilisust, alandab allergilisi reaktsioone ning hooajalist naha s\u00fcgelust (suveekseem jm), alandab p\u00f5letikulisi protsesse loomaorganismis, paraneb liigeste paindlikkus ja mobiilsus, omab positiivset m\u00f5ju immuunvastusele,\u2026","rel":"","context":"Similar post","block_context":{"text":"Similar post","link":""},"img":{"alt_text":"","src":"https:\/\/i0.wp.com\/horsefood.ee\/wp-content\/uploads\/2023\/10\/IMG_8168.jpeg?fit=920%2C920&ssl=1&resize=350%2C200","width":350,"height":200,"srcset":"https:\/\/i0.wp.com\/horsefood.ee\/wp-content\/uploads\/2023\/10\/IMG_8168.jpeg?fit=920%2C920&ssl=1&resize=350%2C200 1x, https:\/\/i0.wp.com\/horsefood.ee\/wp-content\/uploads\/2023\/10\/IMG_8168.jpeg?fit=920%2C920&ssl=1&resize=525%2C300 1.5x, https:\/\/i0.wp.com\/horsefood.ee\/wp-content\/uploads\/2023\/10\/IMG_8168.jpeg?fit=920%2C920&ssl=1&resize=700%2C400 2x"},"classes":[]},{"id":3496,"url":"https:\/\/horsefood.ee\/latvia\/pood\/happy-summer-mix\/","url_meta":{"origin":14986,"position":1},"title":"Happy-Summer Mix (kaeravaba \/ ainevahetushaigused) 20kg","author":"Georg Koppel","date":"14. Apr 2017","format":false,"excerpt":"T\u00e4iends\u00f6\u00f6t. Kaeravaba, 7-t funktsionaalset maitsetaime (ginko, n\u00f5ges, pune, k\u00fc\u00fcslauk, majoraan, t\u00fc\u00fcmian, basiilik) sisalduv kvaliteetm\u00fcslisegu on spetsiaalselt v\u00e4ljat\u00f6\u00f6tatud \u00fclitundlikele hobustele (kaasaarvatud suveekseem, laminiit, EMS, Cushings, rasumine ja insuliinresistentsus). Madal suhkru- ja t\u00e4rklisesisaldus. Kergelt seeduv. Rohkelt head linaseemne\u00f5li.\u00a0Lisatud on diatomiitmuld ning p\u00e4rmikultuure. T\u00e4isvitaminiseeritud. K\u00f5ike mikroelemente, eelk\u00f5ige: tsinki, vaske ning seleeni on piisavalt.\u2026","rel":"","context":"Similar post","block_context":{"text":"Similar post","link":""},"img":{"alt_text":"","src":"https:\/\/i0.wp.com\/www.horsefood.ee\/wp-content\/uploads\/2020\/02\/Kvaliteet-1024x576.png?resize=350%2C200&ssl=1","width":350,"height":200,"srcset":"https:\/\/i0.wp.com\/www.horsefood.ee\/wp-content\/uploads\/2020\/02\/Kvaliteet-1024x576.png?resize=350%2C200&ssl=1 1x, https:\/\/i0.wp.com\/www.horsefood.ee\/wp-content\/uploads\/2020\/02\/Kvaliteet-1024x576.png?resize=525%2C300&ssl=1 1.5x, https:\/\/i0.wp.com\/www.horsefood.ee\/wp-content\/uploads\/2020\/02\/Kvaliteet-1024x576.png?resize=700%2C400&ssl=1 2x"},"classes":[]},{"id":3746,"url":"https:\/\/horsefood.ee\/latvia\/pood\/linaseemned-kohe-kasutusvalmis-sootmiseks-20kg\/","url_meta":{"origin":14986,"position":2},"title":"Linaseemned kohe valmis s\u00f6\u00f6tmiseks (seedimine \/ heaolu) 20kg","author":"kadri koppel","date":"23. Mai 2017","format":false,"excerpt":"T\u00e4iends\u00f6\u00f6t. Horsefood` the best linaseemned on kohe kasutusvalmis s\u00f6\u00f6tmiseks.\u00a0Tootes sisaldub nn linataimeliim+linaseemne\u00f5li+seemnemass. K\u00f5rge \u00f5li sisaldusega.\u00a0Tolmuvabad.\u00a0 Horsefood`the best linaseemned kohe valmis s\u00f6\u00f6tmiseks: \u2013 annab\u00a0karvale\u00a0kauni\u00a0ja\u00a0t\u00e4iusliku\u00a0l\u00e4ike, \u2013\u00a0seedimise\u00a0soodustamiseks\u00a0\u2013\u00a0ennetab koolikuid. Kuivana s\u00f6\u00f6tes soodustab s\u00fcljeeritust, mis aitab neutraliseerida maohapet. Maos on parem pH tasakaal ning v\u00e4heneb v\u00f5imalus maohaavandite tekkimiseks, \u2013 aitab\u00a0piimhappej\u00e4\u00e4ke\u00a0kehast\u00a0v\u00e4ljutada, \u2013 sisaldab\u00a0inuliini\u00a06%\u00a0\u2013\u00a0toimib\u00a0kui\u00a0prebiootikum,\u00a0mis\u00a0soodustab\u00a0piimhappebakterite\u00a0kasvu, \u2013 k\u00f5rgem\u00a0E-vitamiini\u00a0sisaldus, \u2013\u00a0Omega-3\u00a0\u2013\u00a0aeglaselt\u00a0vabanev\u00a0energia\u00a0\u2013\u00a0sobib\u00a0kestvusspordialadele.\u2026","rel":"","context":"Similar post","block_context":{"text":"Similar post","link":""},"img":{"alt_text":"","src":"https:\/\/i0.wp.com\/horsefood.ee\/wp-content\/uploads\/2017\/05\/Lijnzaad-Kantklaar-1.jpg?fit=383%2C575&ssl=1&resize=350%2C200","width":350,"height":200},"classes":[]},{"id":3502,"url":"https:\/\/horsefood.ee\/latvia\/pood\/linaseemned-kohe-valmis-sootmiseks\/","url_meta":{"origin":14986,"position":3},"title":"Linaseemned kohe valmis s\u00f6\u00f6tmiseks (seedimine \/ heaolu) 5kg","author":"Georg Koppel","date":"14. Apr 2017","format":false,"excerpt":"T\u00e4iends\u00f6\u00f6t.\u00a0Horsefood`the best\u00a0linaseemned on kohe kasutusvalmis s\u00f6\u00f6tmiseks.\u00a0Tootes sisaldub nn linataimeliim+linaseemne\u00f5li+seemnemass. K\u00f5rge \u00f5li sisaldusega.\u00a0Tolmuvabad.\u00a0 Horsefood`the best\u00a0linaseemned kohe valmis s\u00f6\u00f6tmiseks: - annab\u00a0karvale\u00a0kauni\u00a0ja\u00a0t\u00e4iusliku\u00a0l\u00e4ike, - seedimise\u00a0soodustamiseks\u00a0-\u00a0ennetab koolikuid. Kuivana s\u00f6\u00f6tes soodustab s\u00fcljeeritust, mis aitab neutraliseerida maohapet. Maos on parem pH tasakaal ning v\u00e4heneb v\u00f5imalus maohaavandite tekkimiseks, - aitab\u00a0piimhappej\u00e4\u00e4ke\u00a0kehast\u00a0v\u00e4ljutada, - sisaldab\u00a0inuliini\u00a06%\u00a0-\u00a0toimib\u00a0kui\u00a0prebiootikum,\u00a0mis\u00a0soodustab\u00a0piimhappebakterite\u00a0kasvu, - k\u00f5rgem\u00a0E-vitamiini\u00a0sisaldus: antioks\u00fcdant, -\u00a0Omega-3\u00a0-\u00a0aeglaselt\u00a0vabanev\u00a0energia\u00a0-\u00a0sobib\u00a0kestvusspordialadele. Koostis:\u00a0linaseemned, nisukuskuss,\u2026","rel":"","context":"Similar post","block_context":{"text":"Similar post","link":""},"img":{"alt_text":"","src":"https:\/\/i0.wp.com\/horsefood.ee\/wp-content\/uploads\/2017\/11\/Linaseemned-kohe-valmis-s%C3%B6%C3%B6tmiseks-e1513026266477.jpg?fit=794%2C1190&ssl=1&resize=350%2C200","width":350,"height":200,"srcset":"https:\/\/i0.wp.com\/horsefood.ee\/wp-content\/uploads\/2017\/11\/Linaseemned-kohe-valmis-s%C3%B6%C3%B6tmiseks-e1513026266477.jpg?fit=794%2C1190&ssl=1&resize=350%2C200 1x, https:\/\/i0.wp.com\/horsefood.ee\/wp-content\/uploads\/2017\/11\/Linaseemned-kohe-valmis-s%C3%B6%C3%B6tmiseks-e1513026266477.jpg?fit=794%2C1190&ssl=1&resize=525%2C300 1.5x, https:\/\/i0.wp.com\/horsefood.ee\/wp-content\/uploads\/2017\/11\/Linaseemned-kohe-valmis-s%C3%B6%C3%B6tmiseks-e1513026266477.jpg?fit=794%2C1190&ssl=1&resize=700%2C400 2x"},"classes":[]},{"id":4300,"url":"https:\/\/horsefood.ee\/latvia\/pood\/grow-mix-20kg-varsadsaludmarad\/","url_meta":{"origin":14986,"position":4},"title":"Grow-Mix (varsad alates 3-elun\u00e4dalast \/ s\u00e4lud kuni 2,5eluaastat \/ m\u00e4rad) 20kg","author":"kadri koppel","date":"26. Sep 2017","format":false,"excerpt":"T\u00e4iends\u00f6\u00f6t. Spetsiaalne, \u00e4\u00e4rmiselt k\u00f5rgekvaliteediline m\u00fcslisegu tiinetele- ja lakteerivatele m\u00e4radele ning nende varssadele s\u00f6\u00f6tmiseks kuni 1,5 eluaasta-ni. Selles mixis sisalduv kogu teravili on j\u00e4mejahvatatud ja\/v\u00f5i paisutatud ja sisaldab k\u00f5iki vajalikke komponente, et loomalapsest kasvaks tulevikus elur\u00f5\u00f5mus ja terve hobune\/poni. *\u00a0Spetsiaalne\u00a0m\u00fcslisegu\u00a0m\u00e4radele\/varssadele\/s\u00e4lgudele. *\u00a0Sisaldab\u00a0pre-\u00a0ja\u00a0probiootikume. *\u00a0Lisatud\u00a0p\u00e4rmikultuure\u00a0seedimise\u00a0soodustamiseks,\u00a0s\u00f6\u00f6da\u00a0efektiivsuse\u00a0parendamiseks\u00a0ning\u00a0-edendamiseks. *\u00a0Lisatud foolhapet ja E-vitamiini 400mg. Hobuse poolt seeditav energia\u2026","rel":"","context":"Similar post","block_context":{"text":"Similar post","link":""},"img":{"alt_text":"","src":"https:\/\/i0.wp.com\/horsefood.ee\/wp-content\/uploads\/2017\/09\/Grow-Mix-1.jpg?fit=397%2C596&ssl=1&resize=350%2C200","width":350,"height":200},"classes":[]},{"id":5993,"url":"https:\/\/horsefood.ee\/latvia\/pood\/speed-mix-plahvatuslik-energia-tippsport-pre-ja-probiootikumid-20kg\/","url_meta":{"origin":14986,"position":5},"title":"Speed-Mix (must kaer \/pre- ja probiootikumid \/ plahvatuslik energia) 20kg","author":"kadri koppel","date":"27. Aug 2018","format":false,"excerpt":"\u00a0 ...Kiiresti, kiiremini, veel kiiremini! T\u00e4iends\u00f6\u00f6t. K\u00f5rgekvaliteediline maitsev mix, mis pakub plahvatuslikku energiat. Baas t\u00e4isteravilja, ohtralt j\u00e4mejahvatusega teravilja, nagu must kaer jm ning maisihelbed. Lisatud hernehelbed ja pre- ja probiootikumid.\u00a0Kohandatud t\u00e4rklise- ja suhkrusisaldusega. Sporthobustele, kes vajavad plahvatuslikku energiat. Tippsportivad isendid. Vitamiinide, mineraalide, toitainete sisaldus vastab rangemale saavutusspordi normidele! Mix sisaldab\u2026","rel":"","context":"Similar post","block_context":{"text":"Similar post","link":""},"img":{"alt_text":"","src":"https:\/\/i0.wp.com\/horsefood.ee\/wp-content\/uploads\/2018\/08\/Pilt.jpg?fit=383%2C575&ssl=1&resize=350%2C200","width":350,"height":200},"classes":[]}],"_links":{"self":[{"href":"https:\/\/horsefood.ee\/latvia\/wp-json\/wp\/v2\/product\/14986","targetHints":{"allow":["GET"]}}],"collection":[{"href":"https:\/\/horsefood.ee\/latvia\/wp-json\/wp\/v2\/product"}],"about":[{"href":"https:\/\/horsefood.ee\/latvia\/wp-json\/wp\/v2\/types\/product"}],"wp:featuredmedia":[{"embeddable":true,"href":"https:\/\/horsefood.ee\/latvia\/wp-json\/wp\/v2\/media\/14987"}],"wp:attachment":[{"href":"https:\/\/horsefood.ee\/latvia\/wp-json\/wp\/v2\/media?parent=14986"}],"wp:term":[{"taxonomy":"product_brand","embeddable":true,"href":"https:\/\/horsefood.ee\/latvia\/wp-json\/wp\/v2\/product_brand?post=14986"},{"taxonomy":"product_cat","embeddable":true,"href":"https:\/\/horsefood.ee\/latvia\/wp-json\/wp\/v2\/product_cat?post=14986"},{"taxonomy":"product_tag","embeddable":true,"href":"https:\/\/horsefood.ee\/latvia\/wp-json\/wp\/v2\/product_tag?post=14986"}],"curies":[{"name":"wp","href":"https:\/\/api.w.org\/{rel}","templated":true}]}}