{"id":12967,"date":"2021-05-11T20:12:36","date_gmt":"2021-05-11T17:12:36","guid":{"rendered":"https:\/\/horsefood.ee\/?post_type=product&#038;p=12967"},"modified":"2026-02-08T11:18:47","modified_gmt":"2026-02-08T09:18:47","slug":"stomach-shield-kohukaitse-12kg","status":"publish","type":"product","link":"https:\/\/horsefood.ee\/latvia\/pood\/stomach-shield-kohukaitse-12kg\/","title":{"rendered":"STOMACH SHIELD (K\u00f5hukaitse) 1200gr"},"content":{"rendered":"<p><strong><i>Uuenduslik toidulisand, mis sisaldab erinevaid aktiivaineid erinevate toimeviisidega, et v\u00e4hendada mao happelisust ning kaitsta seel\u00e4bi mao seina \u00e4rrituste eest.<span class=\"Apple-converted-space\">\u00a0<\/span><\/i><\/strong><\/p>\n<hr \/>\n<p><b>Hobune ei saa anda pinges k\u00f5huga endast k\u00f5ik!<\/b><\/p>\n<p>Maohaavandid on alati valulikud, hobused v\u00f5ivad kannatada s\u00fcgavalt ning tagaj\u00e4rjed v\u00f5ivad varieeruda alates s\u00f6\u00f6giisu kadumisest kuni halva tujuni.<span class=\"Apple-converted-space\">\u00a0<\/span><\/p>\n<p>Igal juhul p\u00f5hjustavad nad j\u00f5udluse langust.<span class=\"Apple-converted-space\">\u00a0<\/span><\/p>\n<p>Ligemale 60-90% sporthobustest kannatavavad maohaavandite all\u2026<\/p>\n<p>Hobuste maohaavandid on p\u00f5hjustatud v\u00f5istlustest tingitud stressist, transpordist ja\/v\u00f5i tallielu igavusest.<span class=\"Apple-converted-space\">\u00a0<\/span><\/p>\n<p><b>STOMACH SHIELD aitab kaitsta mao limaskesta ning toetab t\u00e4ielikku taastumist.<span class=\"Apple-converted-space\">\u00a0<\/span><\/b><\/p>\n<p><strong>STOMACH SHIELD<\/strong> sisaldab erinevaid aktiivaineid erinevate toimeviisidega, et hoida mao pH korras.<span class=\"Apple-converted-space\">\u00a0<\/span><\/p>\n<p>Kui m\u00fckotoksiine tarvitatakse pikema aja jooksul, v\u00f5ib see avaldada kahjulikku m\u00f5ju hobuste j\u00f5udulusv\u00f5imele, reproduktiivsusele ja tervisele.<span class=\"Apple-converted-space\">\u00a0<\/span><\/p>\n<p><strong>STOMACH SHIELD<\/strong> sisaldab aktiivs\u00fctt ja betoniite, mis toimivad m\u00fckotoksiine siduvate ainetena nende pinnale adsorbeerudes.<span class=\"Apple-converted-space\">\u00a0<\/span><\/p>\n<p><b>Rakendus:<\/b><\/p>\n<ul>\n<li>Hobused, kes v\u00f5ivad vajada oma k\u00f5hule lisatuge,<\/li>\n<li>hobused, kes ei s\u00f6\u00f6 h\u00e4sti (heina) mao- ja soolevalude t\u00f5ttu,<\/li>\n<li>stressitundlikud hobused,<\/li>\n<li>hobused, kelle peamine j\u00f5us\u00f6\u00f6t p\u00f5hineb teraviljal.<span class=\"Apple-converted-space\" style=\"color: #555555;\">\u00a0<\/span><\/li>\n<\/ul>\n<p><b>Kasutusjuhised:<\/b><\/p>\n<p>Seda v\u00f5ib lisada tavatoidule v\u00f5i annustada otse hobuse suhu, kasutades s\u00fcstalt.<\/p>\n<ul>\n<li>Sporthobune, tiine m\u00e4ra\/imetav m\u00e4ra, t\u00e4kk <strong>30gr \/ p\u00e4evas.<\/strong><\/li>\n<li>Poni, harrastushobune, varss <strong>15gr \/p\u00e4evas.\u00a0<\/strong><\/li>\n<\/ul>\n<p>Lisage soovitatav annus p\u00e4evaratsiooni 4n\u00e4dalaks.\u00a0 Mitte kasutada j\u00e4rjest kauem, kui 6 n\u00e4dalat. Peale 6n\u00e4dalast kuuri on vajalik teha 1n\u00e4dalane paus.<\/p>\n<p><strong>Maksmimaalne \u00f6\u00f6p\u00e4evane annus:<\/strong><br \/>\n50 g \/ poni kohta- ja 100 g \/ t\u00e4iskasvanud hobuse kohta p\u00e4evas.<\/p>\n<p><strong>Vastun\u00e4idustused<\/strong>: Soovitame pidada n\u00f5u veterinaariga, kui soovite toodet kasutada m\u00e4ra gestatsiooni v\u00f5i laktatsiooniperioodil.<\/p>\n<p>&nbsp;<\/p>\n<hr \/>\n<p><strong>KOOSTIS:<\/strong><br \/>\nNaatriumvesinikkarbonaat, kaltsiumkarbonaat, magneesium, maltodekstriin,\u00a0aktiivs\u00fcsi, sojaletsitiin, Glycyrrhizae glabra, Zingiber officinalis,<br \/>\nMelissa officinalis.<br \/>\nAromaatsed lisandid: S-met\u00fc\u00fclmetioniinsulfooniumkloriid, Curcuma\u00a0longa.<br \/>\nToitainelised lisandid: L-glutamiin.<br \/>\nTehnoloogilised lisandid: bentoniit, naatrium.<\/p>\n<p><strong>Anal\u00fc\u00fctiline koostis:<\/strong><\/p>\n<p>7,6% Toorvalk<\/p>\n<p>4,1% Toorrasv<\/p>\n<p>6,7% Toorkiud<\/p>\n<p>36,3% Toortuhk<\/p>\n<p>5,9% Naatrium<\/p>\n<p>3,7% Magneesium<\/p>\n<p>5,3% Kaltsium<\/p>\n<p>10,6% Suhkur<\/p>\n<p>3,8% T\u00e4rklis<\/p>\n<hr \/>\n<p>Tootja:\u00a0<strong>JULIAN &amp; JONES\u00ae<\/strong>, Sveit\u0161. Dopinguvaba!<\/p>","protected":false},"excerpt":{"rendered":"<p>Uuenduslik toidulisand, mis sisaldab erinevaid aktiivaineid erinevate toimeviisidega, et v\u00e4hendada mao happelisust ning kaitsta seel\u00e4bi mao seina \u00e4rrituste eest.\u00a0 Hobune ei saa anda pinges k\u00f5huga endast k\u00f5ik! Maohaavandid on alati valulikud, hobused v\u00f5ivad kannatada s\u00fcgavalt ning tagaj\u00e4rjed v\u00f5ivad varieeruda alates s\u00f6\u00f6giisu kadumisest kuni halva tujuni.\u00a0 Igal juhul p\u00f5hjustavad nad j\u00f5udluse langust.\u00a0 Ligemale 60-90% sporthobustest kannatavavad maohaavandite all\u2026 Hobuste maohaavandid on p\u00f5hjustatud v\u00f5istlustest tingitud stressist, transpordist ja\/v\u00f5i tallielu igavusest.\u00a0 STOMACH SHIELD aitab kaitsta mao limaskesta ning [&#8230;]\n","protected":false},"featured_media":12968,"template":"","meta":{"jetpack_post_was_ever_published":false,"jetpack_publicize_message":"","jetpack_publicize_feature_enabled":true,"jetpack_social_post_already_shared":true,"jetpack_social_options":{"image_generator_settings":{"template":"highway","enabled":false},"version":2}},"product_brand":[],"product_cat":[56],"product_tag":[76,75,65,73,69,80],"class_list":{"0":"post-12967","1":"product","2":"type-product","3":"status-publish","4":"has-post-thumbnail","6":"product_cat-horsefoodthebest","7":"product_tag-heaolu-ja-tervis","8":"product_tag-konditsiooni-parandamine","9":"product_tag-tippsooritus","10":"product_tag-seedimisprobleemid","11":"product_tag-seenioritele","12":"product_tag-temperament-kontrolli-alla","14":"first","15":"outofstock","16":"shipping-taxable","17":"purchasable","18":"product-type-simple"},"jetpack_publicize_connections":[],"jetpack_sharing_enabled":true,"jetpack-related-posts":[],"_links":{"self":[{"href":"https:\/\/horsefood.ee\/latvia\/wp-json\/wp\/v2\/product\/12967"}],"collection":[{"href":"https:\/\/horsefood.ee\/latvia\/wp-json\/wp\/v2\/product"}],"about":[{"href":"https:\/\/horsefood.ee\/latvia\/wp-json\/wp\/v2\/types\/product"}],"wp:featuredmedia":[{"embeddable":true,"href":"https:\/\/horsefood.ee\/latvia\/wp-json\/wp\/v2\/media\/12968"}],"wp:attachment":[{"href":"https:\/\/horsefood.ee\/latvia\/wp-json\/wp\/v2\/media?parent=12967"}],"wp:term":[{"taxonomy":"product_brand","embeddable":true,"href":"https:\/\/horsefood.ee\/latvia\/wp-json\/wp\/v2\/product_brand?post=12967"},{"taxonomy":"product_cat","embeddable":true,"href":"https:\/\/horsefood.ee\/latvia\/wp-json\/wp\/v2\/product_cat?post=12967"},{"taxonomy":"product_tag","embeddable":true,"href":"https:\/\/horsefood.ee\/latvia\/wp-json\/wp\/v2\/product_tag?post=12967"}],"curies":[{"name":"wp","href":"https:\/\/api.w.org\/{rel}","templated":true}]}}