{"id":12959,"date":"2021-05-11T19:32:18","date_gmt":"2021-05-11T16:32:18","guid":{"rendered":"https:\/\/horsefood.ee\/?post_type=product&#038;p=12959"},"modified":"2026-02-08T11:19:37","modified_gmt":"2026-02-08T09:19:37","slug":"hoof-resilience-shine","status":"publish","type":"product","link":"https:\/\/horsefood.ee\/latvia\/pood\/hoof-resilience-shine\/","title":{"rendered":"HOOF RESILIENCE &#038; SHINE (Kabjasalv) 850ml"},"content":{"rendered":"<p><strong><em>Kabja vastupidavus ja s\u00e4ra!<\/em><\/strong><\/p>\n<hr \/>\n<p><strong>Traditsiooniliselt toodetud kabjam\u00e4\u00e4re.\u00a0<\/strong><\/p>\n<p>Hoolikalt valitud \u00f5lide segu, mida saab kasutada pragunenud, tundlike ja\/v\u00f5i habraste kapjade jaoks.<br \/>\nSee parandab kabja kvaliteeti, soodustab kabja kasvu ning tagab optimaalse niiskustasakaalu.<\/p>\n<p>Spetsiifiliste eeterlike \u00f5lide olemasolu tagab vastupidavuse ning laseb hobuse kapjadel s\u00e4rada.<span class=\"Apple-converted-space\">\u00a0<\/span><\/p>\n<p>\u00d5li on oluline m\u00e4\u00e4rida harjaga mitu korda n\u00e4dalas koronaarribale ning puhastatud ja kergelt niiske kabja v\u00e4lisk\u00fcljele.<\/p>\n<p><strong>KOOSTIS:<\/strong> Ainult looduslikud koostisosad, nagu loorberi\u00f5li (Laurel), tursamaksa\u00f5li, mesilasvaha ja laka\u00f5li.<span class=\"Apple-converted-space\">\u00a0<\/span><\/p>\n<p>Tootja:\u00a0<strong>JULIAN &amp; JONES\u00ae<\/strong>, Sveit\u0161.<\/p>","protected":false},"excerpt":{"rendered":"<p>Kabja vastupidavus ja s\u00e4ra! Traditsiooniliselt toodetud kabjam\u00e4\u00e4re.\u00a0 Hoolikalt valitud \u00f5lide segu, mida saab kasutada pragunenud, tundlike ja\/v\u00f5i habraste kapjade jaoks. See parandab kabja kvaliteeti, soodustab kabja kasvu ning tagab optimaalse niiskustasakaalu. Spetsiifiliste eeterlike \u00f5lide olemasolu tagab vastupidavuse ning laseb hobuse kapjadel s\u00e4rada.\u00a0 \u00d5li on oluline m\u00e4\u00e4rida harjaga mitu korda n\u00e4dalas koronaarribale ning puhastatud ja kergelt niiske kabja v\u00e4lisk\u00fcljele. KOOSTIS: Ainult looduslikud koostisosad, nagu loorberi\u00f5li (Laurel), tursamaksa\u00f5li, mesilasvaha ja laka\u00f5li.\u00a0 Tootja:\u00a0JULIAN &amp; JONES\u00ae, Sveit\u0161.<\/p>","protected":false},"featured_media":12960,"template":"","meta":{"jetpack_post_was_ever_published":false,"jetpack_publicize_message":"","jetpack_publicize_feature_enabled":true,"jetpack_social_post_already_shared":true,"jetpack_social_options":{"image_generator_settings":{"template":"highway","default_image_id":0,"font":"","enabled":false},"version":2}},"product_brand":[],"product_cat":[56],"product_tag":[77,76,67,65],"class_list":{"0":"post-12959","1":"product","2":"type-product","3":"status-publish","4":"has-post-thumbnail","6":"product_cat-horsefoodthebest","7":"product_tag-harrastus","8":"product_tag-heaolu-ja-tervis","9":"product_tag-keskmine-koormus","10":"product_tag-tippsooritus","12":"first","13":"outofstock","14":"shipping-taxable","15":"purchasable","16":"product-type-simple"},"jetpack_publicize_connections":[],"jetpack_sharing_enabled":true,"jetpack-related-posts":[{"id":4215,"url":"https:\/\/horsefood.ee\/latvia\/pood\/hippoluz-lutsern-20kg\/","url_meta":{"origin":12959,"position":0},"title":"LUTSERN hekseldatud \/ Hippoluz (100% naturaalne toode \/ tolmuvaba \/ rikastatud linaseemne\u00f5liga) 90 l","author":"kadri koppel","date":"10. Sep 2017","format":false,"excerpt":"T\u00e4iends\u00f6\u00f6t. Eriline lutsernisegu (hekseldatud), rikastatud\u00a0linaseemne\u00f5liga,\u00a0100% naturaalne toode! Lutserniheinal on parim puhverdusv\u00f5ime happelise maon\u00f5re vastu. Teadlikud sportlased pakuvad peot\u00e4is-paar lutserni oma lemmikutele hommikul, enne t\u00f6\u00f6le rakendamist! Ergutab s\u00fcljeeritust ja soodustab seedimist.\u00a0Turvaline valik maohaavadega loomadele. Hea kaltsiumiallikas. Lutsernis on 3x rohkem kaltsiumit, kui tavalises karjamaarohus.\u00a0Kaltsium on luutiheduse moodustamisel oluline komponent (samuti kabja\u2026","rel":"","context":"Similar post","block_context":{"text":"Similar post","link":""},"img":{"alt_text":"","src":"https:\/\/i0.wp.com\/horsefood.ee\/wp-content\/uploads\/2017\/09\/Hippoluz-1.jpg?fit=800%2C800&ssl=1&resize=350%2C200","width":350,"height":200,"srcset":"https:\/\/i0.wp.com\/horsefood.ee\/wp-content\/uploads\/2017\/09\/Hippoluz-1.jpg?fit=800%2C800&ssl=1&resize=350%2C200 1x, https:\/\/i0.wp.com\/horsefood.ee\/wp-content\/uploads\/2017\/09\/Hippoluz-1.jpg?fit=800%2C800&ssl=1&resize=525%2C300 1.5x, https:\/\/i0.wp.com\/horsefood.ee\/wp-content\/uploads\/2017\/09\/Hippoluz-1.jpg?fit=800%2C800&ssl=1&resize=700%2C400 2x"},"classes":[]},{"id":20305,"url":"https:\/\/horsefood.ee\/latvia\/pood\/bronchoplus-siroop-hingamisteede-toetuseks-1000ml\/","url_meta":{"origin":12959,"position":1},"title":"Bronchoplus Siroop  (hingamisteede toetuseks ) 1000ml","author":"Kaido Koppel","date":"8. Okt 2024","format":false,"excerpt":"S\u00f6\u00f6dalisand. H\u00f5lpsalt kasutatav lahus kogu bronhides\u00fcsteemi toetuseks. See hoolikalt valitud\u00a0naturaalsetest koostisainetest\u00a0koosnev vahend aitab ventileerida hingamisteid enne intensiivset pingutust ning \u00f5hupuuduse korral.\u00a0Kiire toimeline ning rahustav effekt.\u00a0Leevendab k\u00f6ha\u00e4rritust ning aitab v\u00e4ljutada lima nii \u00fclemistest, kui ka alumistest hingamisteedest. Koostis: Mesi \u2013 Rahustab \u00e4rritunud limaskesti ja toetab loomulikku tervenemist. Grindelia ekstrakt \u2013 Aitab\u2026","rel":"","context":"Similar post","block_context":{"text":"Similar post","link":""},"img":{"alt_text":"","src":"https:\/\/i0.wp.com\/horsefood.ee\/wp-content\/uploads\/2024\/10\/Bronchhoplus-e1761209972829.jpeg?fit=800%2C800&ssl=1&resize=350%2C200","width":350,"height":200,"srcset":"https:\/\/i0.wp.com\/horsefood.ee\/wp-content\/uploads\/2024\/10\/Bronchhoplus-e1761209972829.jpeg?fit=800%2C800&ssl=1&resize=350%2C200 1x, https:\/\/i0.wp.com\/horsefood.ee\/wp-content\/uploads\/2024\/10\/Bronchhoplus-e1761209972829.jpeg?fit=800%2C800&ssl=1&resize=525%2C300 1.5x, https:\/\/i0.wp.com\/horsefood.ee\/wp-content\/uploads\/2024\/10\/Bronchhoplus-e1761209972829.jpeg?fit=800%2C800&ssl=1&resize=700%2C400 2x"},"classes":[]},{"id":4128,"url":"https:\/\/horsefood.ee\/latvia\/pood\/easy-mag-mix-magneesium\/","url_meta":{"origin":12959,"position":2},"title":"Easy&#038;Relax (magneesium \/ n\u00e4rvis\u00fcsteemi tugevdamine) 1000ml","author":"kadri koppel","date":"18. Aug 2017","format":false,"excerpt":"S\u00f6\u00f6dalisand hobustele. Horsefood Easy & Relax aitab tundlikke hobuseid kahjustamata nende sooritust. Magneesium ja B-vitamiinid m\u00e4ngivad olulist rolli lihaste funktsioneerimisel. Stress treeningu, reisimise v\u00f5i uute olukordade ajal suurendab magneesiumi ja B-vitamiinide puuduse riski ning neid tuleb sellistes olukordades t\u00e4iendada stressi v\u00e4hendava efekti saavutamiseks. Hobused, kes tarbivad Horsefood Easy & Relax'i,\u2026","rel":"","context":"Similar post","block_context":{"text":"Similar post","link":""},"img":{"alt_text":"","src":"https:\/\/i0.wp.com\/horsefood.ee\/wp-content\/uploads\/2023\/10\/IMG_0768-scaled.jpeg?fit=900%2C1200&ssl=1&resize=350%2C200","width":350,"height":200,"srcset":"https:\/\/i0.wp.com\/horsefood.ee\/wp-content\/uploads\/2023\/10\/IMG_0768-scaled.jpeg?fit=900%2C1200&ssl=1&resize=350%2C200 1x, https:\/\/i0.wp.com\/horsefood.ee\/wp-content\/uploads\/2023\/10\/IMG_0768-scaled.jpeg?fit=900%2C1200&ssl=1&resize=525%2C300 1.5x, https:\/\/i0.wp.com\/horsefood.ee\/wp-content\/uploads\/2023\/10\/IMG_0768-scaled.jpeg?fit=900%2C1200&ssl=1&resize=700%2C400 2x"},"classes":[]},{"id":12957,"url":"https:\/\/horsefood.ee\/latvia\/pood\/superhorze-lactarecovery\/","url_meta":{"origin":12959,"position":3},"title":"SUPERHORZE LACTARECOVERY (Taastumine\/j\u00f5udlus) 1000ml","author":"Kaido Koppel","date":"11. Mai 2021","format":false,"excerpt":"Ainulaadne segu elektrol\u00fc\u00fctidest, kiiresti imenduvatest taimsetest toitainetest, vitamiin E-st, B-vitamiini kompleksist ning orgaanilisest seleenip\u00e4rmist soolestiku tasakaalu toetamiseks p\u00e4rast tugevaid j\u00f5upingutusi, tsingist ja suurest kogusest tugevatest kudede ehitusplokkidest (aminohapetest), mis leevendavad lihasskeleti ebamugavusi ja toetavad optimaalset taastumist! Hea taastumine on \u00fcks peamistest faktoritest, mis tagab Teie hobuse maksimaalse j\u00f5udluse mitmep\u00e4evaste v\u00f5istluste\u2026","rel":"","context":"Similar post","block_context":{"text":"Similar post","link":""},"img":{"alt_text":"","src":"https:\/\/i0.wp.com\/horsefood.ee\/wp-content\/uploads\/2021\/05\/SuperHorze-Lacta-Recovery-1L-shadow.png?fit=800%2C1200&ssl=1&resize=350%2C200","width":350,"height":200,"srcset":"https:\/\/i0.wp.com\/horsefood.ee\/wp-content\/uploads\/2021\/05\/SuperHorze-Lacta-Recovery-1L-shadow.png?fit=800%2C1200&ssl=1&resize=350%2C200 1x, https:\/\/i0.wp.com\/horsefood.ee\/wp-content\/uploads\/2021\/05\/SuperHorze-Lacta-Recovery-1L-shadow.png?fit=800%2C1200&ssl=1&resize=525%2C300 1.5x, https:\/\/i0.wp.com\/horsefood.ee\/wp-content\/uploads\/2021\/05\/SuperHorze-Lacta-Recovery-1L-shadow.png?fit=800%2C1200&ssl=1&resize=700%2C400 2x"},"classes":[]},{"id":5956,"url":"https:\/\/horsefood.ee\/latvia\/pood\/sport-recovery-sooritusvoime-taastumine-10kg\/","url_meta":{"origin":12959,"position":4},"title":"Sport Recovery (sooritusv\u00f5ime \/ taastumine) HF \u00e4mbris 10kg","author":"kadri koppel","date":"25. Aug 2018","format":false,"excerpt":"Maksimaalse v\u00f5imekusega lihased ja kiire taastumine pingutusest. Iga p\u00e4ev! T\u00e4iends\u00f6\u00f6t.\u00a0Sport Recovery+\u00a0granuleeritud lisandit kasutatakse \u00fche komponendina ka\u00a0Horsefood`the best\u00a0s\u00f6\u00f6das, Refit Energybrok. Siiski, k\u00f5ik hobused ei vaja s\u00f6\u00f6dast saadavat energiatihedust\/toitev\u00e4\u00e4rtust, kuid ometi vajavad ka nemad maksimaalse v\u00f5imekusega lihaseid ja tuge pingutusest taastumiseks. Teatud isendid v\u00f5ivad vajada lisatuge, kas siis\u00a0vigastusest taastumise j\u00e4rgselt\u00a0v\u00f5i tippsoorituse juures\u2026","rel":"","context":"Similar post","block_context":{"text":"Similar post","link":""},"img":{"alt_text":"","src":"https:\/\/i0.wp.com\/horsefood.ee\/wp-content\/uploads\/2018\/08\/Sport-recovery.jpg?fit=500%2C667&ssl=1&resize=350%2C200","width":350,"height":200},"classes":[]},{"id":5373,"url":"https:\/\/horsefood.ee\/latvia\/pood\/sport-recoverytaastumine-sooritusvoime4kg\/","url_meta":{"origin":12959,"position":5},"title":"Sport Recovery+(aleuroon \/ sooritusv\u00f5ime \/ taastumine) 4kg","author":"kadri koppel","date":"1. Apr 2018","format":false,"excerpt":"Maksimaalse v\u00f5imekusega lihased ja kiire taastumine pingutusest. Iga p\u00e4ev! S\u00f6\u00f6dalisand. Horsefood Sport Recovery+ granuleeritud lisandit kasutatakse \u00fche komponendina ka\u00a0Horsefood`the best s\u00f6\u00f6das, Refit Energybrok. Siiski, k\u00f5ik hobused ei vaja s\u00f6\u00f6dast saadavat energiatihedust\/toitev\u00e4\u00e4rtust, kuid ometi vajavad ka nemad maksimaalse v\u00f5imekusega lihaseid ja tuge pingutusest taastumiseks. Teatud isendid v\u00f5ivad vajada lisatuge, kas siis\u2026","rel":"","context":"Similar post","block_context":{"text":"Similar post","link":""},"img":{"alt_text":"","src":"https:\/\/i0.wp.com\/horsefood.ee\/wp-content\/uploads\/2023\/10\/IMG_8072.jpeg?fit=700%2C700&ssl=1&resize=350%2C200","width":350,"height":200,"srcset":"https:\/\/i0.wp.com\/horsefood.ee\/wp-content\/uploads\/2023\/10\/IMG_8072.jpeg?fit=700%2C700&ssl=1&resize=350%2C200 1x, https:\/\/i0.wp.com\/horsefood.ee\/wp-content\/uploads\/2023\/10\/IMG_8072.jpeg?fit=700%2C700&ssl=1&resize=525%2C300 1.5x, https:\/\/i0.wp.com\/horsefood.ee\/wp-content\/uploads\/2023\/10\/IMG_8072.jpeg?fit=700%2C700&ssl=1&resize=700%2C400 2x"},"classes":[]}],"_links":{"self":[{"href":"https:\/\/horsefood.ee\/latvia\/wp-json\/wp\/v2\/product\/12959","targetHints":{"allow":["GET"]}}],"collection":[{"href":"https:\/\/horsefood.ee\/latvia\/wp-json\/wp\/v2\/product"}],"about":[{"href":"https:\/\/horsefood.ee\/latvia\/wp-json\/wp\/v2\/types\/product"}],"wp:featuredmedia":[{"embeddable":true,"href":"https:\/\/horsefood.ee\/latvia\/wp-json\/wp\/v2\/media\/12960"}],"wp:attachment":[{"href":"https:\/\/horsefood.ee\/latvia\/wp-json\/wp\/v2\/media?parent=12959"}],"wp:term":[{"taxonomy":"product_brand","embeddable":true,"href":"https:\/\/horsefood.ee\/latvia\/wp-json\/wp\/v2\/product_brand?post=12959"},{"taxonomy":"product_cat","embeddable":true,"href":"https:\/\/horsefood.ee\/latvia\/wp-json\/wp\/v2\/product_cat?post=12959"},{"taxonomy":"product_tag","embeddable":true,"href":"https:\/\/horsefood.ee\/latvia\/wp-json\/wp\/v2\/product_tag?post=12959"}],"curies":[{"name":"wp","href":"https:\/\/api.w.org\/{rel}","templated":true}]}}