{"id":12957,"date":"2021-05-11T19:16:09","date_gmt":"2021-05-11T16:16:09","guid":{"rendered":"https:\/\/horsefood.ee\/?post_type=product&#038;p=12957"},"modified":"2026-02-08T11:19:59","modified_gmt":"2026-02-08T09:19:59","slug":"superhorze-lactarecovery","status":"publish","type":"product","link":"https:\/\/horsefood.ee\/latvia\/pood\/superhorze-lactarecovery\/","title":{"rendered":"SUPERHORZE LACTARECOVERY (Taastumine\/j\u00f5udlus) 1000ml"},"content":{"rendered":"<p><b><\/b><strong><em>Ainulaadne segu elektrol\u00fc\u00fctidest, kiiresti imenduvatest taimsetest toitainetest, vitamiin E-st, B-vitamiini kompleksist ning orgaanilisest seleenip\u00e4rmist soolestiku tasakaalu toetamiseks p\u00e4rast tugevaid j\u00f5upingutusi, tsingist ja suurest kogusest tugevatest kudede ehitusplokkidest (aminohapetest), mis leevendavad lihasskeleti ebamugavusi ja toetavad optimaalset taastumist!<\/em><\/strong><\/p>\n<p><strong><em>Hea taastumine on \u00fcks peamistest faktoritest, mis tagab Teie hobuse maksimaalse j\u00f5udluse mitmep\u00e4evaste v\u00f5istluste ajal!<\/em><\/strong><\/p>\n<hr \/>\n<p><strong>SUPERHORZE LACTARECOVERY<\/strong> on ainulaadne segu elektrol\u00fc\u00fctidest, kiiresti imenduvatest taimsetest toitainetest, E- ja B-vitamiini kompleksist ning orgaanilisest seleenip\u00e4rmist, mis toetavad soolestiku tasakaalu peale suuri j\u00f5upingutusi. Lisaks on tsinki ja suuri koguseid tugevaid ehitusplokke (aminohappeid).<span class=\"Apple-converted-space\">\u00a0<\/span><\/p>\n<p>Organismi optimaalse taastumise saavutamiseks p\u00e4rast pingutust on \u00fclit\u00e4htis taastada hingamise, stressi v\u00f5i lihastegevuseks kasutatavate mineraalide varud niipea kui v\u00f5imalik.<span class=\"Apple-converted-space\">\u00a0<\/span><\/p>\n<p>Tugevad antioks\u00fcdandid aitavad v\u00e4ltida oks\u00fcdatiivsest stressist tingitud ebamugavusi. L-karnitiinil on oluline roll energia ainevahetuses: see aitab parandada vastupidavust ja taastumist p\u00e4rast suuri pingutusi. Biotiini ja L-karnitiini kombinatsioon on omavahel antioks\u00fcdatiivse s\u00fcnergilise toimega.<span class=\"Apple-converted-space\">\u00a0<\/span><\/p>\n<p><b>Rakendus:<\/b><\/p>\n<p>Sobib v\u00e4ga h\u00e4sti hobustele, kes on end tipptulemuste ajal \u00fcle koormanud ning vajavad lisatuge luu- ja lihaskonna taastumisel ning paindlikkusel.<\/p>\n<p>Veenduge, et hobusel oleks igal ajal vaba juurdep\u00e4\u00e4s puhtale joogiveele! Andke oma hobusele alati hea kvaliteediga kores\u00f6\u00f6ta!<\/p>\n<p><b>Kasutusjuhised:<\/b><\/p>\n<p><strong>SUPERHORZE LACTARECOVERY`t<\/strong>\u00a0v\u00f5ib anda s\u00f6\u00f6gi ajal, kuid tugevama efekti saavutamiseks on soovitatav annustada lisandit v\u00e4ljaspool toidukorda s\u00fcstla abil ning otse hobuse suhu.<span class=\"Apple-converted-space\">\u00a0<\/span><\/p>\n<ul>\n<li><b>T\u00e4iskasvanud sporthobune:<\/b><br \/>\n\u00dche tunni jooksul p\u00e4rast pingutust v\u00f5i v\u00f5istlust \u2013 1 annus LACTARECOVERY\u2019t.<br \/>\nEsimene ja teine p\u00e4ev peale pingutust v\u00f5i v\u00f5istlust \u2013 2 annust LACTARECOVERY\u2019t, jagatuna kahele toidukorrale.<br \/>\nAlates kolmandast p\u00e4evast p\u00e4rast pingutust v\u00f5i v\u00f5istlust kuni t\u00e4ieliku taastumiseni \u2013 manustage 1 annus LACTARECOVERY\u2019t p\u00e4evas s\u00f5ltuvalt kavandatud taastumisest.<span class=\"Apple-converted-space\">\u00a0<\/span><\/li>\n<\/ul>\n<p>Igap\u00e4evaseks taastumiseks v\u00f5ib pikema perioodi jooksul anda \u00fche annuse p\u00e4evas.<span class=\"Apple-converted-space\">\u00a0<\/span><\/p>\n<p><b>Enne tugevat pingutust v\u00f5i v\u00f5istlusi:<\/b> v\u00e4hemalt kolm p\u00e4eva algdoosiga 25 ml 2 x p\u00e4evas.<span class=\"Apple-converted-space\">\u00a0<\/span><\/p>\n<p><b>Maksimaalne \u00f6\u00f6p\u00e4evane doos:<\/b><\/p>\n<p>50 ml poni kohta ning 100 ml t\u00e4iskasvanud hobuse kohta.<\/p>\n<p>&nbsp;<\/p>\n<p><strong>KOOSTIS:<\/strong><\/p>\n<p>Gl\u00fctseriin, maltodekstriinid, kaaliumfosfaat, magneesiumkloriid,\u00a0kaltsiumkloriid, naatriumkloriid, Ananassus comosus.<br \/>\nLisandid: vitamiinid ja provitamiinid: L-karnitiin, vitamiin B3, vitamiin,\u00a0B5, E-vitamiin (all-rac-alfa tokofer\u00fc\u00fclatsetaat), B1-vitamiin, vitamiin\u00a0B2, vitamiin B6, vitamiin B9, vitamiin B12, vitamiin H (biotiin).<\/p>\n<p>Mikroelemendid: gl\u00fctsiinh\u00fcdraadi tsinkkelaat \/ tsink E6, inaktiveeritud seleniseeritud<br \/>\np\u00e4rm (3b8.10), naatriummol\u00fcbdaat E7. Aminohapped ja nende analoogid:\u00a0L-valiin, L-isoleutsiin, L-leutsiin.<\/p>\n<p><strong>Anal\u00fc\u00fctiline koostis:<\/strong><\/p>\n<p>65,0% Niiskus<\/p>\n<p>1,0% Toorvalk<\/p>\n<p>0,1% Toorrasv<\/p>\n<p>0,05% Toorkiud<\/p>\n<p>1,8% Toortuhk<\/p>\n<p>1,0% Magneesium<\/p>\n<p>0,6% Naatrium<\/p>\n<p>0,05% Kaalium<\/p>\n<p>0,04% Fosfor<\/p>\n<p>Tootja:\u00a0<strong>JULIAN &amp; JONES\u00ae<\/strong>, Sveit\u0161. Dopinguvaba!<\/p>","protected":false},"excerpt":{"rendered":"<p>Ainulaadne segu elektrol\u00fc\u00fctidest, kiiresti imenduvatest taimsetest toitainetest, vitamiin E-st, B-vitamiini kompleksist ning orgaanilisest seleenip\u00e4rmist soolestiku tasakaalu toetamiseks p\u00e4rast tugevaid j\u00f5upingutusi, tsingist ja suurest kogusest tugevatest kudede ehitusplokkidest (aminohapetest), mis leevendavad lihasskeleti ebamugavusi ja toetavad optimaalset taastumist! Hea taastumine on \u00fcks peamistest faktoritest, mis tagab Teie hobuse maksimaalse j\u00f5udluse mitmep\u00e4evaste v\u00f5istluste ajal! SUPERHORZE LACTARECOVERY on ainulaadne segu elektrol\u00fc\u00fctidest, kiiresti imenduvatest taimsetest toitainetest, E- ja B-vitamiini kompleksist ning orgaanilisest seleenip\u00e4rmist, mis toetavad soolestiku tasakaalu peale suuri j\u00f5upingutusi. [&#8230;]\n","protected":false},"featured_media":12958,"template":"","meta":{"jetpack_post_was_ever_published":false,"jetpack_publicize_message":"","jetpack_publicize_feature_enabled":true,"jetpack_social_post_already_shared":true,"jetpack_social_options":{"image_generator_settings":{"template":"highway","default_image_id":0,"font":"","enabled":false},"version":2}},"product_brand":[],"product_cat":[56],"product_tag":[67,65,81],"class_list":{"0":"post-12957","1":"product","2":"type-product","3":"status-publish","4":"has-post-thumbnail","6":"product_cat-horsefoodthebest","7":"product_tag-keskmine-koormus","8":"product_tag-tippsooritus","9":"product_tag-lihased","11":"first","12":"outofstock","13":"shipping-taxable","14":"purchasable","15":"product-type-simple"},"jetpack_publicize_connections":[],"jetpack_sharing_enabled":true,"jetpack-related-posts":[{"id":5956,"url":"https:\/\/horsefood.ee\/latvia\/pood\/sport-recovery-sooritusvoime-taastumine-10kg\/","url_meta":{"origin":12957,"position":0},"title":"Sport Recovery (sooritusv\u00f5ime \/ taastumine) HF \u00e4mbris 10kg","author":"kadri koppel","date":"25. Aug 2018","format":false,"excerpt":"Maksimaalse v\u00f5imekusega lihased ja kiire taastumine pingutusest. Iga p\u00e4ev! T\u00e4iends\u00f6\u00f6t.\u00a0Sport Recovery+\u00a0granuleeritud lisandit kasutatakse \u00fche komponendina ka\u00a0Horsefood`the best\u00a0s\u00f6\u00f6das, Refit Energybrok. Siiski, k\u00f5ik hobused ei vaja s\u00f6\u00f6dast saadavat energiatihedust\/toitev\u00e4\u00e4rtust, kuid ometi vajavad ka nemad maksimaalse v\u00f5imekusega lihaseid ja tuge pingutusest taastumiseks. Teatud isendid v\u00f5ivad vajada lisatuge, kas siis\u00a0vigastusest taastumise j\u00e4rgselt\u00a0v\u00f5i tippsoorituse juures\u2026","rel":"","context":"Similar post","block_context":{"text":"Similar post","link":""},"img":{"alt_text":"","src":"https:\/\/i0.wp.com\/horsefood.ee\/wp-content\/uploads\/2018\/08\/Sport-recovery.jpg?fit=500%2C667&ssl=1&resize=350%2C200","width":350,"height":200},"classes":[]},{"id":5373,"url":"https:\/\/horsefood.ee\/latvia\/pood\/sport-recoverytaastumine-sooritusvoime4kg\/","url_meta":{"origin":12957,"position":1},"title":"Sport Recovery+(aleuroon \/ sooritusv\u00f5ime \/ taastumine) 4kg","author":"kadri koppel","date":"1. Apr 2018","format":false,"excerpt":"Maksimaalse v\u00f5imekusega lihased ja kiire taastumine pingutusest. Iga p\u00e4ev! S\u00f6\u00f6dalisand. Horsefood Sport Recovery+ granuleeritud lisandit kasutatakse \u00fche komponendina ka\u00a0Horsefood`the best s\u00f6\u00f6das, Refit Energybrok. Siiski, k\u00f5ik hobused ei vaja s\u00f6\u00f6dast saadavat energiatihedust\/toitev\u00e4\u00e4rtust, kuid ometi vajavad ka nemad maksimaalse v\u00f5imekusega lihaseid ja tuge pingutusest taastumiseks. Teatud isendid v\u00f5ivad vajada lisatuge, kas siis\u2026","rel":"","context":"Similar post","block_context":{"text":"Similar post","link":""},"img":{"alt_text":"","src":"https:\/\/i0.wp.com\/horsefood.ee\/wp-content\/uploads\/2023\/10\/IMG_8072.jpeg?fit=700%2C700&ssl=1&resize=350%2C200","width":350,"height":200,"srcset":"https:\/\/i0.wp.com\/horsefood.ee\/wp-content\/uploads\/2023\/10\/IMG_8072.jpeg?fit=700%2C700&ssl=1&resize=350%2C200 1x, https:\/\/i0.wp.com\/horsefood.ee\/wp-content\/uploads\/2023\/10\/IMG_8072.jpeg?fit=700%2C700&ssl=1&resize=525%2C300 1.5x, https:\/\/i0.wp.com\/horsefood.ee\/wp-content\/uploads\/2023\/10\/IMG_8072.jpeg?fit=700%2C700&ssl=1&resize=700%2C400 2x"},"classes":[]},{"id":23133,"url":"https:\/\/horsefood.ee\/latvia\/pood\/pure-sensitive-brok-ei-tee-kuumaks-seedimine-tundlikele-hobustele-20kg\/","url_meta":{"origin":12957,"position":2},"title":"Pure Sensitive brok ( seedimine \/ tundlikele hobustele) 20kg","author":"Kaido Koppel","date":"26. Mar 2026","format":false,"excerpt":"Ei tee hobust kuumaks. Toetab seedimist ja hobuse vastupidavust. Pure Sensitive graanulid on m\u00f5eldud hobustele, kes vajavad stabiilset energiat, head seedimist ja tugevat lihast\u00f6\u00f6d \u2013 ilma liigsete suhkrute ja \u00fcleliigse energiata. Paljud s\u00f6\u00f6dad sisaldavad liiga palju suhkrut ja t\u00e4rklist, mis v\u00f5ib m\u00f5jutada hobuse enesetunnet, seedimist ja lihaste t\u00f6\u00f6d. \ud83d\udc49 See\u2026","rel":"","context":"Similar post","block_context":{"text":"Similar post","link":""},"img":{"alt_text":"","src":"https:\/\/i0.wp.com\/horsefood.ee\/wp-content\/uploads\/2026\/03\/toode-1.png?fit=675%2C1200&ssl=1&resize=350%2C200","width":350,"height":200,"srcset":"https:\/\/i0.wp.com\/horsefood.ee\/wp-content\/uploads\/2026\/03\/toode-1.png?fit=675%2C1200&ssl=1&resize=350%2C200 1x, https:\/\/i0.wp.com\/horsefood.ee\/wp-content\/uploads\/2026\/03\/toode-1.png?fit=675%2C1200&ssl=1&resize=525%2C300 1.5x"},"classes":[]},{"id":8688,"url":"https:\/\/horsefood.ee\/latvia\/pood\/graanvrij-mix-teraviljavaba-muslisegu-melassivaba-madal-suhkur-tarklis-20kg\/","url_meta":{"origin":12957,"position":3},"title":"Graanvrij-Mix (teravilja- ja melassivaba \/ madal suhkur-t\u00e4rklis \/ probiootikum \/ kerge-keskmine t\u00f6\u00f6) 20kg","author":"kadri koppel","date":"29. Jan 2020","format":false,"excerpt":"L\u00e4bim\u00f5eldud teravilja- ja melassivaba t\u00e4iends\u00f6\u00f6t hobustele, kelle t\u00f6\u00f6koormus on kerge kuni keskmine ning kelle puhul on oluline seedes\u00fcsteemi tasakaal ja kontrollitud energiatase. Grainfree-Mix on t\u00e4iss\u00f6\u00f6t hobustele, kellel ei sobi teraviljarikkad s\u00f6\u00f6dad ning kelle ratsioon peab olema madala suhkru- ja t\u00e4rklisesisaldusega. Sobib h\u00e4sti igap\u00e4evaseks s\u00f6\u00f6tmiseks hobustele, kelle energiavajadus ei ole k\u00f5rge,\u2026","rel":"","context":"Similar post","block_context":{"text":"Similar post","link":""},"img":{"alt_text":"","src":"https:\/\/i0.wp.com\/horsefood.ee\/wp-content\/uploads\/2019\/03\/26.-Teraviljavaba-poster.png?fit=365%2C500&ssl=1&resize=350%2C200","width":350,"height":200},"classes":[]},{"id":17511,"url":"https:\/\/horsefood.ee\/latvia\/pood\/gastro-activecare-mix-teravilja-melassi-ja-gluteenivaba-korge-kiudainesisaldus-lisatud-parm-ja-magneesium-20kg\/","url_meta":{"origin":12957,"position":4},"title":"Gastro Activecare-Mix (teravilja-, melassi- ja gluteenivaba \/ k\u00f5rge kiudainesisaldus \/ lisatud p\u00e4rm ja magneesium \/ k\u00f5rgeim koormus) 20kg","author":"kadri koppel","date":"21. J\u016bl 2023","format":false,"excerpt":"L\u00e4bim\u00f5eldud kiudainerikas m\u00fcsli sporthobustele, kellel on tundlik seedimine, kuid kes t\u00f6\u00f6tavad ka k\u00f5rgema koormuse juures. T\u00e4iends\u00f6\u00f6t. Gastro Activecare-Mix on loodud hobustele, kelle puhul ei sobi traditsioonilised teraviljarikkad s\u00f6\u00f6dad, kuid kellelt oodatakse siiski j\u00f5udlust, vastupidavust ja head t\u00f6\u00f6v\u00f5imet ka intensiivse treeningu ja v\u00f5istlusperioodil. K\u00f5rge toorkiu sisaldus (u 21%) toetab s\u00fclje tootmist\u2026","rel":"","context":"Similar post","block_context":{"text":"Similar post","link":""},"img":{"alt_text":"","src":"https:\/\/i0.wp.com\/horsefood.ee\/wp-content\/uploads\/2023\/07\/Gastro-ActiveCare-Mix-1.jpg?fit=720%2C1024&ssl=1&resize=350%2C200","width":350,"height":200,"srcset":"https:\/\/i0.wp.com\/horsefood.ee\/wp-content\/uploads\/2023\/07\/Gastro-ActiveCare-Mix-1.jpg?fit=720%2C1024&ssl=1&resize=350%2C200 1x, https:\/\/i0.wp.com\/horsefood.ee\/wp-content\/uploads\/2023\/07\/Gastro-ActiveCare-Mix-1.jpg?fit=720%2C1024&ssl=1&resize=525%2C300 1.5x, https:\/\/i0.wp.com\/horsefood.ee\/wp-content\/uploads\/2023\/07\/Gastro-ActiveCare-Mix-1.jpg?fit=720%2C1024&ssl=1&resize=700%2C400 2x"},"classes":[]},{"id":8691,"url":"https:\/\/horsefood.ee\/latvia\/pood\/multibeet-senior-mix\/","url_meta":{"origin":12957,"position":5},"title":"Multibeet Senior-Mix (hambaprobleemid \/ halb konditsioon \/ pirtsakad s\u00f6\u00f6jad \/ temperamentsed isendid) 20kg","author":"kadri koppel","date":"29. Jan 2020","format":false,"excerpt":"\u26a0\ufe0f S\u00f6\u00f6ta ainult eelnevalt leotatult. L\u00e4bim\u00f5eldud t\u00e4iends\u00f6\u00f6t hobustele ja ponidele, kellel on hambaprobleemid, raskused konditsiooni hoidmisel v\u00f5i kes on s\u00f6\u00f6gi suhtes pirtsakad ning kelle puhul on oluline hea enesetunne ja kontrollitud energiatase. Multibeet Senior-Mix on loodud hobustele ja ponidele, kellel on hambaprobleemide t\u00f5ttu keeruline tavap\u00e4rast kores\u00f6\u00f6ta s\u00fc\u00fca v\u00f5i piisavas koguses\u2026","rel":"","context":"Similar post","block_context":{"text":"Similar post","link":""},"img":{"alt_text":"","src":"https:\/\/i0.wp.com\/horsefood.ee\/wp-content\/uploads\/2020\/01\/27.-Multibeet-senior-mix-1.png?fit=365%2C500&ssl=1&resize=350%2C200","width":350,"height":200},"classes":[]}],"_links":{"self":[{"href":"https:\/\/horsefood.ee\/latvia\/wp-json\/wp\/v2\/product\/12957","targetHints":{"allow":["GET"]}}],"collection":[{"href":"https:\/\/horsefood.ee\/latvia\/wp-json\/wp\/v2\/product"}],"about":[{"href":"https:\/\/horsefood.ee\/latvia\/wp-json\/wp\/v2\/types\/product"}],"wp:featuredmedia":[{"embeddable":true,"href":"https:\/\/horsefood.ee\/latvia\/wp-json\/wp\/v2\/media\/12958"}],"wp:attachment":[{"href":"https:\/\/horsefood.ee\/latvia\/wp-json\/wp\/v2\/media?parent=12957"}],"wp:term":[{"taxonomy":"product_brand","embeddable":true,"href":"https:\/\/horsefood.ee\/latvia\/wp-json\/wp\/v2\/product_brand?post=12957"},{"taxonomy":"product_cat","embeddable":true,"href":"https:\/\/horsefood.ee\/latvia\/wp-json\/wp\/v2\/product_cat?post=12957"},{"taxonomy":"product_tag","embeddable":true,"href":"https:\/\/horsefood.ee\/latvia\/wp-json\/wp\/v2\/product_tag?post=12957"}],"curies":[{"name":"wp","href":"https:\/\/api.w.org\/{rel}","templated":true}]}}