{"id":12840,"date":"2021-04-24T14:22:04","date_gmt":"2021-04-24T11:22:04","guid":{"rendered":"https:\/\/horsefood.ee\/?post_type=product&#038;p=12840"},"modified":"2026-02-08T11:20:18","modified_gmt":"2026-02-08T09:20:18","slug":"relax-easy","status":"publish","type":"product","link":"https:\/\/horsefood.ee\/latvia\/pood\/relax-easy\/","title":{"rendered":"RELAX &#038; EASY (N\u00e4rvilisus) 500gr"},"content":{"rendered":"<p><strong><i>Rahustava ja l\u00f5\u00f5gastava toimega dieettoit n\u00e4rvilistele ja kergesti ehmuvatele hobustele \u00e4revates olukordades!<\/i><\/strong><\/p>\n<hr \/>\n<p><b>RELAX &amp; EASY aidab toetada n\u00e4rvilisi ning kergesti ehmuvaid hobuseid. Loodud hobustele, kelledele p\u00f5hjustavad stressi treeningud, transport, n\u00e4itused ja v\u00f5istlused jm\u2026<\/b><\/p>\n<p><strong>RELAX &amp; EASY<\/strong> v\u00e4hendab stressi ning selle negatiivseid tagaj\u00e4rgi hobuse kehale, kuid ei muuda hobust tuimaks ja m\u00f5juta seel\u00e4bi tema sporditulemusi.<\/p>\n<p>Hoolikalt formuleeritud<strong> RELAX &amp; EASY<\/strong> on kombinatsioon taimedest ja elementidest, mis on n\u00e4rvis\u00fcsteemi jaoks h\u00e4davajalikud. See annab k\u00f5ik toitained, mida \u00e4rev hobune suurtes kogustes kasutab: vitamiinid B1 ja B6, magneesium ja tr\u00fcptofaan aitavad n\u00e4rvirakkudel t\u00f5husalt ja harmooniliselt t\u00f6\u00f6tada.<span class=\"Apple-converted-space\">\u00a0<\/span><\/p>\n<p><b>Rakendus:<\/b><\/p>\n<p>Rahustava toote \u00fcldannust on v\u00e4ga keeruline kindlaks m\u00e4\u00e4rata. Lisaks sellele on sama oluline ka rahustamine ratsaniku ja\/v\u00f5i tallimehe poolt ning piisava kogemuse saamine.<span class=\"Apple-converted-space\">\u00a0<\/span><\/p>\n<p>Iga hobune on inviduaalne ja omab seega ka inviduaalseid vajadusi. Soovitame annust t\u00f5sta j\u00e4rk-j\u00e4rgult, et leida Teie hobusele sobiv doos.<span class=\"Apple-converted-space\">\u00a0<\/span><\/p>\n<p><b>Kasutamisjuhised:<br \/>\n<\/b>Soovitame algannusena anda 15-45 grammi p\u00e4evas (tavaliselt 30 g) v\u00e4hemalt 2-3 p\u00e4eva enne oodatavat stressirohket situatsiooni, segatuna p\u00e4evase s\u00f6\u00f6giratsiooniga ja eelistatult jagatuna kaheks toidukorraks.<\/p>\n<p>Kohandage seda annust vastavalt vajadusele. V\u00e4hendage algannust j\u00e4rk-j\u00e4rgult s\u00e4ilitusannuseni 10-15 g p\u00e4evas.<\/p>\n<p>\u00c4\u00e4rmuslikel juhtudel on soovitatav kasutada RELAX &amp; EASY ning MOOD CONTROL kombinatsiooni. Nad t\u00f6\u00f6tavad erinevatel tasanditel ning t\u00e4iustavad \u00fcksteist.<\/p>\n<p>Kaasas m\u00f6\u00f6dulusikas 15gr.<\/p>\n<p><b>Annustamise kestus:<\/b><\/p>\n<p>Manustada v\u00e4hemalt 2-3 p\u00e4eva enne eeldatavat stressiolukorda. V\u00f5ib manustada ka pikema perioodi jooksul kui peale 4 n\u00e4dalast kasutamist tehakse pausin\u00e4dal.<\/p>\n<p>Ei sisalda v\u00f5istlusspordis keelatud aineid.<\/p>\n<p>Tootja:\u00a0<strong>JULIAN &amp; JONES\u00ae<\/strong>, Sveit\u0161. Dopinguvaba!<\/p>","protected":false},"excerpt":{"rendered":"<p>Rahustava ja l\u00f5\u00f5gastava toimega dieettoit n\u00e4rvilistele ja kergesti ehmuvatele hobustele \u00e4revates olukordades! RELAX &amp; EASY aidab toetada n\u00e4rvilisi ning kergesti ehmuvaid hobuseid. Loodud hobustele, kelledele p\u00f5hjustavad stressi treeningud, transport, n\u00e4itused ja v\u00f5istlused jm\u2026 RELAX &amp; EASY v\u00e4hendab stressi ning selle negatiivseid tagaj\u00e4rgi hobuse kehale, kuid ei muuda hobust tuimaks ja m\u00f5juta seel\u00e4bi tema sporditulemusi. Hoolikalt formuleeritud RELAX &amp; EASY on kombinatsioon taimedest ja elementidest, mis on n\u00e4rvis\u00fcsteemi jaoks h\u00e4davajalikud. See annab k\u00f5ik toitained, mida \u00e4rev [&#8230;]\n","protected":false},"featured_media":12843,"template":"","meta":{"jetpack_post_was_ever_published":false,"jetpack_publicize_message":"","jetpack_publicize_feature_enabled":true,"jetpack_social_post_already_shared":true,"jetpack_social_options":{"image_generator_settings":{"template":"highway","default_image_id":0,"font":"","enabled":false},"version":2}},"product_brand":[],"product_cat":[56],"product_tag":[76,80],"class_list":{"0":"post-12840","1":"product","2":"type-product","3":"status-publish","4":"has-post-thumbnail","6":"product_cat-horsefoodthebest","7":"product_tag-heaolu-ja-tervis","8":"product_tag-temperament-kontrolli-alla","10":"first","11":"outofstock","12":"shipping-taxable","13":"purchasable","14":"product-type-simple"},"jetpack_publicize_connections":[],"jetpack_sharing_enabled":true,"jetpack-related-posts":[{"id":4128,"url":"https:\/\/horsefood.ee\/latvia\/pood\/easy-mag-mix-magneesium\/","url_meta":{"origin":12840,"position":0},"title":"Easy&#038;Relax (magneesium \/ n\u00e4rvis\u00fcsteemi tugevdamine) 1000ml","author":"kadri koppel","date":"18. Aug 2017","format":false,"excerpt":"S\u00f6\u00f6dalisand hobustele. Horsefood Easy & Relax aitab tundlikke hobuseid kahjustamata nende sooritust. Magneesium ja B-vitamiinid m\u00e4ngivad olulist rolli lihaste funktsioneerimisel. Stress treeningu, reisimise v\u00f5i uute olukordade ajal suurendab magneesiumi ja B-vitamiinide puuduse riski ning neid tuleb sellistes olukordades t\u00e4iendada stressi v\u00e4hendava efekti saavutamiseks. Hobused, kes tarbivad Horsefood Easy & Relax'i,\u2026","rel":"","context":"Similar post","block_context":{"text":"Similar post","link":""},"img":{"alt_text":"","src":"https:\/\/i0.wp.com\/horsefood.ee\/wp-content\/uploads\/2023\/10\/IMG_0768-scaled.jpeg?fit=900%2C1200&ssl=1&resize=350%2C200","width":350,"height":200,"srcset":"https:\/\/i0.wp.com\/horsefood.ee\/wp-content\/uploads\/2023\/10\/IMG_0768-scaled.jpeg?fit=900%2C1200&ssl=1&resize=350%2C200 1x, https:\/\/i0.wp.com\/horsefood.ee\/wp-content\/uploads\/2023\/10\/IMG_0768-scaled.jpeg?fit=900%2C1200&ssl=1&resize=525%2C300 1.5x, https:\/\/i0.wp.com\/horsefood.ee\/wp-content\/uploads\/2023\/10\/IMG_0768-scaled.jpeg?fit=900%2C1200&ssl=1&resize=700%2C400 2x"},"classes":[]},{"id":8691,"url":"https:\/\/horsefood.ee\/latvia\/pood\/multibeet-senior-mix\/","url_meta":{"origin":12840,"position":1},"title":"Multibeet Senior-Mix (hambaprobleemid \/ halb konditsioon \/ pirtsakad s\u00f6\u00f6jad \/ temperamentsed isendid) 20kg","author":"kadri koppel","date":"29. Jan 2020","format":false,"excerpt":"\u26a0\ufe0f S\u00f6\u00f6ta ainult eelnevalt leotatult. L\u00e4bim\u00f5eldud t\u00e4iends\u00f6\u00f6t hobustele ja ponidele, kellel on hambaprobleemid, raskused konditsiooni hoidmisel v\u00f5i kes on s\u00f6\u00f6gi suhtes pirtsakad ning kelle puhul on oluline hea enesetunne ja kontrollitud energiatase. Multibeet Senior-Mix on loodud hobustele ja ponidele, kellel on hambaprobleemide t\u00f5ttu keeruline tavap\u00e4rast kores\u00f6\u00f6ta s\u00fc\u00fca v\u00f5i piisavas koguses\u2026","rel":"","context":"Similar post","block_context":{"text":"Similar post","link":""},"img":{"alt_text":"","src":"https:\/\/i0.wp.com\/horsefood.ee\/wp-content\/uploads\/2020\/01\/27.-Multibeet-senior-mix-1.png?fit=365%2C500&ssl=1&resize=350%2C200","width":350,"height":200},"classes":[]},{"id":3893,"url":"https:\/\/horsefood.ee\/latvia\/pood\/biotiin-1kg\/","url_meta":{"origin":12840,"position":2},"title":"Biotinemix (kabjad\/karvkate\/terve nahk) 1000gr","author":"kadri koppel","date":"27. J\u016bn 2017","format":false,"excerpt":"S\u00f6\u00f6dalisand hobustele. Horsefood Biotine Mix t\u00e4iendab vajalikke toitaineid nii tervete kapjade kasvu ja elastsuse, kui ka karvkatte tiheduse ning tervisliku naha jaoks. Lisatud on kergesti omastatavat tsinki, vaske, kaltsiumi, magneesiumi ja mangaani, mis tagavad hobusele t\u00e4ieliku sisemise toetuse. L\u00fcsiin ja metioniin tagavad t\u00e4iendava valgu kabjamaterjali ja karvade ehitamiseks. Lisaks sisaldab\u2026","rel":"","context":"Similar post","block_context":{"text":"Similar post","link":""},"img":{"alt_text":"","src":"https:\/\/i0.wp.com\/horsefood.ee\/wp-content\/uploads\/2017\/06\/Biotinemix.png?fit=800%2C800&ssl=1&resize=350%2C200","width":350,"height":200,"srcset":"https:\/\/i0.wp.com\/horsefood.ee\/wp-content\/uploads\/2017\/06\/Biotinemix.png?fit=800%2C800&ssl=1&resize=350%2C200 1x, https:\/\/i0.wp.com\/horsefood.ee\/wp-content\/uploads\/2017\/06\/Biotinemix.png?fit=800%2C800&ssl=1&resize=525%2C300 1.5x, https:\/\/i0.wp.com\/horsefood.ee\/wp-content\/uploads\/2017\/06\/Biotinemix.png?fit=800%2C800&ssl=1&resize=700%2C400 2x"},"classes":[]},{"id":23133,"url":"https:\/\/horsefood.ee\/latvia\/pood\/pure-sensitive-brok-ei-tee-kuumaks-seedimine-tundlikele-hobustele-20kg\/","url_meta":{"origin":12840,"position":3},"title":"Pure Sensitive brok ( seedimine \/ tundlikele hobustele) 20kg","author":"Kaido Koppel","date":"26. Mar 2026","format":false,"excerpt":"Ei tee hobust kuumaks. Toetab seedimist ja hobuse vastupidavust. Pure Sensitive graanulid on m\u00f5eldud hobustele, kes vajavad stabiilset energiat, head seedimist ja tugevat lihast\u00f6\u00f6d \u2013 ilma liigsete suhkrute ja \u00fcleliigse energiata. Paljud s\u00f6\u00f6dad sisaldavad liiga palju suhkrut ja t\u00e4rklist, mis v\u00f5ib m\u00f5jutada hobuse enesetunnet, seedimist ja lihaste t\u00f6\u00f6d. \ud83d\udc49 See\u2026","rel":"","context":"Similar post","block_context":{"text":"Similar post","link":""},"img":{"alt_text":"","src":"https:\/\/i0.wp.com\/horsefood.ee\/wp-content\/uploads\/2026\/03\/toode-1.png?fit=675%2C1200&ssl=1&resize=350%2C200","width":350,"height":200,"srcset":"https:\/\/i0.wp.com\/horsefood.ee\/wp-content\/uploads\/2026\/03\/toode-1.png?fit=675%2C1200&ssl=1&resize=350%2C200 1x, https:\/\/i0.wp.com\/horsefood.ee\/wp-content\/uploads\/2026\/03\/toode-1.png?fit=675%2C1200&ssl=1&resize=525%2C300 1.5x"},"classes":[]},{"id":8688,"url":"https:\/\/horsefood.ee\/latvia\/pood\/graanvrij-mix-teraviljavaba-muslisegu-melassivaba-madal-suhkur-tarklis-20kg\/","url_meta":{"origin":12840,"position":4},"title":"Graanvrij-Mix (teravilja- ja melassivaba \/ madal suhkur-t\u00e4rklis \/ probiootikum \/ kerge-keskmine t\u00f6\u00f6) 20kg","author":"kadri koppel","date":"29. Jan 2020","format":false,"excerpt":"L\u00e4bim\u00f5eldud teravilja- ja melassivaba t\u00e4iends\u00f6\u00f6t hobustele, kelle t\u00f6\u00f6koormus on kerge kuni keskmine ning kelle puhul on oluline seedes\u00fcsteemi tasakaal ja kontrollitud energiatase. Grainfree-Mix on t\u00e4iss\u00f6\u00f6t hobustele, kellel ei sobi teraviljarikkad s\u00f6\u00f6dad ning kelle ratsioon peab olema madala suhkru- ja t\u00e4rklisesisaldusega. Sobib h\u00e4sti igap\u00e4evaseks s\u00f6\u00f6tmiseks hobustele, kelle energiavajadus ei ole k\u00f5rge,\u2026","rel":"","context":"Similar post","block_context":{"text":"Similar post","link":""},"img":{"alt_text":"","src":"https:\/\/i0.wp.com\/horsefood.ee\/wp-content\/uploads\/2019\/03\/26.-Teraviljavaba-poster.png?fit=365%2C500&ssl=1&resize=350%2C200","width":350,"height":200},"classes":[]},{"id":3492,"url":"https:\/\/horsefood.ee\/latvia\/pood\/easy-mix\/","url_meta":{"origin":12840,"position":5},"title":"Easy-mix (kaeravaba \/ n\u00e4rvilisus \/ sport \/ keskmine koormus) 20kg","author":"Georg Koppel","date":"14. Apr 2017","format":false,"excerpt":"Kaeravaba m\u00fcsli hobustele L\u00e4bim\u00f5eldud kaeravaba lisands\u00f6\u00f6t hobustele, kelle puhul on oluline piisav energiavarustus ilma liigse erutuvuseta ning kes t\u00f6\u00f6tavad \u00fclalpidamisel kuni keskmise koormusega. See kaeravaba m\u00fcsli on loodud hobustele, kellele on vaja anda h\u00e4sti omastatavat energiat, hoides samal ajal temperamendi rahuliku ja kontrollituna. Sobib igap\u00e4evaseks kasutamiseks hobustele, kes teevad keskmist\u2026","rel":"","context":"Similar post","block_context":{"text":"Similar post","link":""},"img":{"alt_text":"","src":"https:\/\/i0.wp.com\/horsefood.ee\/wp-content\/uploads\/2017\/04\/Easy-Mix-1.jpg?fit=383%2C575&ssl=1&resize=350%2C200","width":350,"height":200},"classes":[]}],"_links":{"self":[{"href":"https:\/\/horsefood.ee\/latvia\/wp-json\/wp\/v2\/product\/12840","targetHints":{"allow":["GET"]}}],"collection":[{"href":"https:\/\/horsefood.ee\/latvia\/wp-json\/wp\/v2\/product"}],"about":[{"href":"https:\/\/horsefood.ee\/latvia\/wp-json\/wp\/v2\/types\/product"}],"wp:featuredmedia":[{"embeddable":true,"href":"https:\/\/horsefood.ee\/latvia\/wp-json\/wp\/v2\/media\/12843"}],"wp:attachment":[{"href":"https:\/\/horsefood.ee\/latvia\/wp-json\/wp\/v2\/media?parent=12840"}],"wp:term":[{"taxonomy":"product_brand","embeddable":true,"href":"https:\/\/horsefood.ee\/latvia\/wp-json\/wp\/v2\/product_brand?post=12840"},{"taxonomy":"product_cat","embeddable":true,"href":"https:\/\/horsefood.ee\/latvia\/wp-json\/wp\/v2\/product_cat?post=12840"},{"taxonomy":"product_tag","embeddable":true,"href":"https:\/\/horsefood.ee\/latvia\/wp-json\/wp\/v2\/product_tag?post=12840"}],"curies":[{"name":"wp","href":"https:\/\/api.w.org\/{rel}","templated":true}]}}