{"id":4822,"date":"2017-12-05T23:41:35","date_gmt":"2017-12-05T21:41:35","guid":{"rendered":"http:\/\/horsefood.ee\/?page_id=4822"},"modified":"2020-02-03T21:40:40","modified_gmt":"2020-02-03T19:40:40","slug":"kusi-alati-soodanou-ara-pusi-uksinda","status":"publish","type":"page","link":"https:\/\/horsefood.ee\/latvia\/kusi-alati-soodanou-ara-pusi-uksinda\/","title":{"rendered":"TARKUSETERA!"},"content":{"rendered":"<p><strong>&nbsp;\u00c4ra \u00fctle millist s\u00f6\u00f6ta Sinul vaja oleks, vaid r\u00e4\u00e4gi minuga oma hobusest!<\/strong><\/p>\n<hr \/>\n<p><strong><em>Tea, et HORSEFOOD`the best tervislik s\u00f6\u00f6gikord koosneb v\u00f5rdses koguses, graanulit ja m\u00fcslit. Meie kohalikus, Eestimaa tootevalikus on kaheksa erinevat graanuls\u00f6\u00f6ta ning \u00fcheksa sorti mixe! Toodetele omistatud kvaliteedim\u00e4rgised: GMP+, HACCP, Skal, SECURE FEED.&nbsp;<\/em><\/strong><\/p>\n\n\n<figure class=\"wp-block-gallery columns-2 is-cropped wp-block-gallery-1 is-layout-flex wp-block-gallery-is-layout-flex\"><ul class=\"blocks-gallery-grid\"><li class=\"blocks-gallery-item\"><figure><img data-recalc-dims=\"1\" loading=\"lazy\" decoding=\"async\" width=\"800\" height=\"800\" data-attachment-id=\"5518\" data-permalink=\"https:\/\/horsefood.ee\/latvia\/kusi-alati-soodanou-ara-pusi-uksinda\/horsefood-soogikord\/#main\" data-orig-file=\"https:\/\/i0.wp.com\/horsefood.ee\/wp-content\/uploads\/2018\/05\/Horsefood-s%C3%B6%C3%B6gikord.png?fit=800%2C800&amp;ssl=1\" data-orig-size=\"800,800\" data-comments-opened=\"0\" data-image-meta=\"{&quot;aperture&quot;:&quot;0&quot;,&quot;credit&quot;:&quot;&quot;,&quot;camera&quot;:&quot;&quot;,&quot;caption&quot;:&quot;&quot;,&quot;created_timestamp&quot;:&quot;0&quot;,&quot;copyright&quot;:&quot;&quot;,&quot;focal_length&quot;:&quot;0&quot;,&quot;iso&quot;:&quot;0&quot;,&quot;shutter_speed&quot;:&quot;0&quot;,&quot;title&quot;:&quot;&quot;,&quot;orientation&quot;:&quot;0&quot;}\" data-image-title=\"Horsefood-s\u00f6\u00f6gikord\" data-image-description=\"\" data-image-caption=\"\" data-large-file=\"https:\/\/i0.wp.com\/horsefood.ee\/wp-content\/uploads\/2018\/05\/Horsefood-s%C3%B6%C3%B6gikord.png?fit=800%2C800&amp;ssl=1\" src=\"https:\/\/i0.wp.com\/horsefood.ee\/wp-content\/uploads\/2018\/05\/Horsefood-s%C3%B6%C3%B6gikord.png?resize=800%2C800\" alt=\"\" data-id=\"5518\" data-full-url=\"http:\/\/horsefood.ee\/wp-content\/uploads\/2018\/05\/Horsefood-s\u00f6\u00f6gikord.png\" data-link=\"http:\/\/horsefood.ee\/kusi-alati-soodanou-ara-pusi-uksinda\/horsefood-soogikord\/\" class=\"wp-image-5518\" srcset=\"https:\/\/i0.wp.com\/horsefood.ee\/wp-content\/uploads\/2018\/05\/Horsefood-s%C3%B6%C3%B6gikord.png?w=800&amp;ssl=1 800w, https:\/\/i0.wp.com\/horsefood.ee\/wp-content\/uploads\/2018\/05\/Horsefood-s%C3%B6%C3%B6gikord.png?resize=150%2C150&amp;ssl=1 150w, https:\/\/i0.wp.com\/horsefood.ee\/wp-content\/uploads\/2018\/05\/Horsefood-s%C3%B6%C3%B6gikord.png?resize=300%2C300&amp;ssl=1 300w, https:\/\/i0.wp.com\/horsefood.ee\/wp-content\/uploads\/2018\/05\/Horsefood-s%C3%B6%C3%B6gikord.png?resize=768%2C768&amp;ssl=1 768w, https:\/\/i0.wp.com\/horsefood.ee\/wp-content\/uploads\/2018\/05\/Horsefood-s%C3%B6%C3%B6gikord.png?resize=180%2C180&amp;ssl=1 180w, https:\/\/i0.wp.com\/horsefood.ee\/wp-content\/uploads\/2018\/05\/Horsefood-s%C3%B6%C3%B6gikord.png?resize=600%2C600&amp;ssl=1 600w\" sizes=\"auto, (max-width: 800px) 100vw, 800px\" \/><\/figure><\/li><li class=\"blocks-gallery-item\"><figure><img data-recalc-dims=\"1\" loading=\"lazy\" decoding=\"async\" width=\"800\" height=\"800\" data-attachment-id=\"5559\" data-permalink=\"https:\/\/horsefood.ee\/latvia\/kusi-alati-soodanou-ara-pusi-uksinda\/horsefoodthe-best-saadikud-kujundus\/#main\" data-orig-file=\"https:\/\/i0.wp.com\/horsefood.ee\/wp-content\/uploads\/2018\/05\/Horsefoodthe-best-saadikud-kujundus.png?fit=800%2C800&amp;ssl=1\" data-orig-size=\"800,800\" data-comments-opened=\"0\" data-image-meta=\"{&quot;aperture&quot;:&quot;0&quot;,&quot;credit&quot;:&quot;&quot;,&quot;camera&quot;:&quot;&quot;,&quot;caption&quot;:&quot;&quot;,&quot;created_timestamp&quot;:&quot;0&quot;,&quot;copyright&quot;:&quot;&quot;,&quot;focal_length&quot;:&quot;0&quot;,&quot;iso&quot;:&quot;0&quot;,&quot;shutter_speed&quot;:&quot;0&quot;,&quot;title&quot;:&quot;&quot;,&quot;orientation&quot;:&quot;0&quot;}\" data-image-title=\"\" data-image-description=\"\" data-image-caption=\"\" data-large-file=\"https:\/\/i0.wp.com\/horsefood.ee\/wp-content\/uploads\/2018\/05\/Horsefoodthe-best-saadikud-kujundus.png?fit=800%2C800&amp;ssl=1\" src=\"https:\/\/i0.wp.com\/horsefood.ee\/wp-content\/uploads\/2018\/05\/Horsefoodthe-best-saadikud-kujundus.png?resize=800%2C800\" alt=\"\" data-id=\"5559\" data-full-url=\"http:\/\/horsefood.ee\/wp-content\/uploads\/2018\/05\/Horsefoodthe-best-saadikud-kujundus.png\" data-link=\"http:\/\/horsefood.ee\/kusi-alati-soodanou-ara-pusi-uksinda\/horsefoodthe-best-saadikud-kujundus\/\" class=\"wp-image-5559\" srcset=\"https:\/\/i0.wp.com\/horsefood.ee\/wp-content\/uploads\/2018\/05\/Horsefoodthe-best-saadikud-kujundus.png?w=800&amp;ssl=1 800w, https:\/\/i0.wp.com\/horsefood.ee\/wp-content\/uploads\/2018\/05\/Horsefoodthe-best-saadikud-kujundus.png?resize=150%2C150&amp;ssl=1 150w, https:\/\/i0.wp.com\/horsefood.ee\/wp-content\/uploads\/2018\/05\/Horsefoodthe-best-saadikud-kujundus.png?resize=300%2C300&amp;ssl=1 300w, https:\/\/i0.wp.com\/horsefood.ee\/wp-content\/uploads\/2018\/05\/Horsefoodthe-best-saadikud-kujundus.png?resize=768%2C768&amp;ssl=1 768w, https:\/\/i0.wp.com\/horsefood.ee\/wp-content\/uploads\/2018\/05\/Horsefoodthe-best-saadikud-kujundus.png?resize=180%2C180&amp;ssl=1 180w, https:\/\/i0.wp.com\/horsefood.ee\/wp-content\/uploads\/2018\/05\/Horsefoodthe-best-saadikud-kujundus.png?resize=600%2C600&amp;ssl=1 600w\" sizes=\"auto, (max-width: 800px) 100vw, 800px\" \/><\/figure><\/li><li class=\"blocks-gallery-item\"><figure><img data-recalc-dims=\"1\" loading=\"lazy\" decoding=\"async\" width=\"940\" height=\"788\" data-attachment-id=\"4825\" data-permalink=\"https:\/\/horsefood.ee\/latvia\/kusi-alati-soodanou-ara-pusi-uksinda\/parim-sporthobuse-soodavalik\/#main\" data-orig-file=\"https:\/\/i0.wp.com\/horsefood.ee\/wp-content\/uploads\/2017\/12\/Parim-sporthobuse-s%C3%B6%C3%B6davalik.png?fit=940%2C788&amp;ssl=1\" data-orig-size=\"940,788\" data-comments-opened=\"0\" data-image-meta=\"{&quot;aperture&quot;:&quot;0&quot;,&quot;credit&quot;:&quot;&quot;,&quot;camera&quot;:&quot;&quot;,&quot;caption&quot;:&quot;&quot;,&quot;created_timestamp&quot;:&quot;0&quot;,&quot;copyright&quot;:&quot;&quot;,&quot;focal_length&quot;:&quot;0&quot;,&quot;iso&quot;:&quot;0&quot;,&quot;shutter_speed&quot;:&quot;0&quot;,&quot;title&quot;:&quot;&quot;,&quot;orientation&quot;:&quot;0&quot;}\" data-image-title=\"\" data-image-description=\"\" data-image-caption=\"\" data-large-file=\"https:\/\/i0.wp.com\/horsefood.ee\/wp-content\/uploads\/2017\/12\/Parim-sporthobuse-s%C3%B6%C3%B6davalik.png?fit=940%2C788&amp;ssl=1\" src=\"https:\/\/i0.wp.com\/horsefood.ee\/wp-content\/uploads\/2017\/12\/Parim-sporthobuse-s%C3%B6%C3%B6davalik.png?resize=940%2C788\" alt=\"\" data-id=\"4825\" data-full-url=\"http:\/\/horsefood.ee\/wp-content\/uploads\/2017\/12\/Parim-sporthobuse-s\u00f6\u00f6davalik.png\" data-link=\"http:\/\/horsefood.ee\/kusi-alati-soodanou-ara-pusi-uksinda\/parim-sporthobuse-soodavalik\/\" class=\"wp-image-4825\" srcset=\"https:\/\/i0.wp.com\/horsefood.ee\/wp-content\/uploads\/2017\/12\/Parim-sporthobuse-s%C3%B6%C3%B6davalik.png?w=940&amp;ssl=1 940w, https:\/\/i0.wp.com\/horsefood.ee\/wp-content\/uploads\/2017\/12\/Parim-sporthobuse-s%C3%B6%C3%B6davalik.png?resize=300%2C251&amp;ssl=1 300w, https:\/\/i0.wp.com\/horsefood.ee\/wp-content\/uploads\/2017\/12\/Parim-sporthobuse-s%C3%B6%C3%B6davalik.png?resize=768%2C644&amp;ssl=1 768w, https:\/\/i0.wp.com\/horsefood.ee\/wp-content\/uploads\/2017\/12\/Parim-sporthobuse-s%C3%B6%C3%B6davalik.png?resize=600%2C503&amp;ssl=1 600w\" sizes=\"auto, (max-width: 940px) 100vw, 940px\" \/><\/figure><\/li><li class=\"blocks-gallery-item\"><figure><img data-recalc-dims=\"1\" loading=\"lazy\" decoding=\"async\" width=\"940\" height=\"788\" data-attachment-id=\"6927\" data-permalink=\"https:\/\/horsefood.ee\/latvia\/kusi-alati-soodanou-ara-pusi-uksinda\/korduma-kippuv-kusimus-2\/#main\" data-orig-file=\"https:\/\/i0.wp.com\/horsefood.ee\/wp-content\/uploads\/2019\/02\/Korduma-kippuv-k%C3%BCsimus-1.png?fit=940%2C788&amp;ssl=1\" data-orig-size=\"940,788\" data-comments-opened=\"0\" data-image-meta=\"{&quot;aperture&quot;:&quot;0&quot;,&quot;credit&quot;:&quot;&quot;,&quot;camera&quot;:&quot;&quot;,&quot;caption&quot;:&quot;&quot;,&quot;created_timestamp&quot;:&quot;0&quot;,&quot;copyright&quot;:&quot;&quot;,&quot;focal_length&quot;:&quot;0&quot;,&quot;iso&quot;:&quot;0&quot;,&quot;shutter_speed&quot;:&quot;0&quot;,&quot;title&quot;:&quot;&quot;,&quot;orientation&quot;:&quot;0&quot;}\" data-image-title=\"\" data-image-description=\"\" data-image-caption=\"\" data-large-file=\"https:\/\/i0.wp.com\/horsefood.ee\/wp-content\/uploads\/2019\/02\/Korduma-kippuv-k%C3%BCsimus-1.png?fit=940%2C788&amp;ssl=1\" src=\"https:\/\/i0.wp.com\/horsefood.ee\/wp-content\/uploads\/2019\/02\/Korduma-kippuv-k%C3%BCsimus-1.png?resize=940%2C788\" alt=\"\" data-id=\"6927\" data-full-url=\"http:\/\/horsefood.ee\/wp-content\/uploads\/2019\/02\/Korduma-kippuv-k\u00fcsimus-1.png\" data-link=\"http:\/\/horsefood.ee\/kusi-alati-soodanou-ara-pusi-uksinda\/korduma-kippuv-kusimus-2\/\" class=\"wp-image-6927\" srcset=\"https:\/\/i0.wp.com\/horsefood.ee\/wp-content\/uploads\/2019\/02\/Korduma-kippuv-k%C3%BCsimus-1.png?w=940&amp;ssl=1 940w, https:\/\/i0.wp.com\/horsefood.ee\/wp-content\/uploads\/2019\/02\/Korduma-kippuv-k%C3%BCsimus-1.png?resize=300%2C251&amp;ssl=1 300w, https:\/\/i0.wp.com\/horsefood.ee\/wp-content\/uploads\/2019\/02\/Korduma-kippuv-k%C3%BCsimus-1.png?resize=768%2C644&amp;ssl=1 768w, https:\/\/i0.wp.com\/horsefood.ee\/wp-content\/uploads\/2019\/02\/Korduma-kippuv-k%C3%BCsimus-1.png?resize=416%2C349&amp;ssl=1 416w\" sizes=\"auto, (max-width: 940px) 100vw, 940px\" \/><\/figure><\/li><li class=\"blocks-gallery-item\"><figure><img data-recalc-dims=\"1\" loading=\"lazy\" decoding=\"async\" width=\"940\" height=\"788\" data-attachment-id=\"5726\" data-permalink=\"https:\/\/horsefood.ee\/latvia\/kusi-alati-soodanou-ara-pusi-uksinda\/taastumine-joudlus-2\/#main\" data-orig-file=\"https:\/\/i0.wp.com\/horsefood.ee\/wp-content\/uploads\/2018\/06\/TAASTUMINE-j%C3%B5udlus-1.png?fit=940%2C788&amp;ssl=1\" data-orig-size=\"940,788\" data-comments-opened=\"0\" data-image-meta=\"{&quot;aperture&quot;:&quot;0&quot;,&quot;credit&quot;:&quot;&quot;,&quot;camera&quot;:&quot;&quot;,&quot;caption&quot;:&quot;&quot;,&quot;created_timestamp&quot;:&quot;0&quot;,&quot;copyright&quot;:&quot;&quot;,&quot;focal_length&quot;:&quot;0&quot;,&quot;iso&quot;:&quot;0&quot;,&quot;shutter_speed&quot;:&quot;0&quot;,&quot;title&quot;:&quot;&quot;,&quot;orientation&quot;:&quot;0&quot;}\" data-image-title=\"\" data-image-description=\"\" data-image-caption=\"\" data-large-file=\"https:\/\/i0.wp.com\/horsefood.ee\/wp-content\/uploads\/2018\/06\/TAASTUMINE-j%C3%B5udlus-1.png?fit=940%2C788&amp;ssl=1\" src=\"https:\/\/i0.wp.com\/horsefood.ee\/wp-content\/uploads\/2018\/06\/TAASTUMINE-j%C3%B5udlus-1.png?resize=940%2C788\" alt=\"\" data-id=\"5726\" data-full-url=\"http:\/\/horsefood.ee\/wp-content\/uploads\/2018\/06\/TAASTUMINE-j\u00f5udlus-1.png\" data-link=\"http:\/\/horsefood.ee\/kusi-alati-soodanou-ara-pusi-uksinda\/taastumine-joudlus-2\/\" class=\"wp-image-5726\" srcset=\"https:\/\/i0.wp.com\/horsefood.ee\/wp-content\/uploads\/2018\/06\/TAASTUMINE-j%C3%B5udlus-1.png?w=940&amp;ssl=1 940w, https:\/\/i0.wp.com\/horsefood.ee\/wp-content\/uploads\/2018\/06\/TAASTUMINE-j%C3%B5udlus-1.png?resize=300%2C251&amp;ssl=1 300w, https:\/\/i0.wp.com\/horsefood.ee\/wp-content\/uploads\/2018\/06\/TAASTUMINE-j%C3%B5udlus-1.png?resize=768%2C644&amp;ssl=1 768w, https:\/\/i0.wp.com\/horsefood.ee\/wp-content\/uploads\/2018\/06\/TAASTUMINE-j%C3%B5udlus-1.png?resize=600%2C503&amp;ssl=1 600w\" sizes=\"auto, (max-width: 940px) 100vw, 940px\" \/><\/figure><\/li><li class=\"blocks-gallery-item\"><figure><img data-recalc-dims=\"1\" loading=\"lazy\" decoding=\"async\" width=\"940\" height=\"788\" data-attachment-id=\"6263\" data-permalink=\"https:\/\/horsefood.ee\/latvia\/2018\/11\/06\/nisu-aleuroon-toote-eelised\/aleuroon-toote-eelised\/#main\" data-orig-file=\"https:\/\/i0.wp.com\/horsefood.ee\/wp-content\/uploads\/2018\/11\/Aleuroon-toote-eelised.png?fit=940%2C788&amp;ssl=1\" data-orig-size=\"940,788\" data-comments-opened=\"0\" data-image-meta=\"{&quot;aperture&quot;:&quot;0&quot;,&quot;credit&quot;:&quot;&quot;,&quot;camera&quot;:&quot;&quot;,&quot;caption&quot;:&quot;&quot;,&quot;created_timestamp&quot;:&quot;0&quot;,&quot;copyright&quot;:&quot;&quot;,&quot;focal_length&quot;:&quot;0&quot;,&quot;iso&quot;:&quot;0&quot;,&quot;shutter_speed&quot;:&quot;0&quot;,&quot;title&quot;:&quot;&quot;,&quot;orientation&quot;:&quot;0&quot;}\" data-image-title=\"\" data-image-description=\"\" data-image-caption=\"\" data-large-file=\"https:\/\/i0.wp.com\/horsefood.ee\/wp-content\/uploads\/2018\/11\/Aleuroon-toote-eelised.png?fit=940%2C788&amp;ssl=1\" src=\"https:\/\/i0.wp.com\/horsefood.ee\/wp-content\/uploads\/2018\/11\/Aleuroon-toote-eelised.png?resize=940%2C788\" alt=\"\" data-id=\"6263\" data-full-url=\"http:\/\/horsefood.ee\/wp-content\/uploads\/2018\/11\/Aleuroon-toote-eelised.png\" data-link=\"http:\/\/horsefood.ee\/2018\/11\/06\/nisu-aleuroon-toote-eelised\/aleuroon-toote-eelised\/\" class=\"wp-image-6263\" srcset=\"https:\/\/i0.wp.com\/horsefood.ee\/wp-content\/uploads\/2018\/11\/Aleuroon-toote-eelised.png?w=940&amp;ssl=1 940w, https:\/\/i0.wp.com\/horsefood.ee\/wp-content\/uploads\/2018\/11\/Aleuroon-toote-eelised.png?resize=300%2C251&amp;ssl=1 300w, https:\/\/i0.wp.com\/horsefood.ee\/wp-content\/uploads\/2018\/11\/Aleuroon-toote-eelised.png?resize=768%2C644&amp;ssl=1 768w, https:\/\/i0.wp.com\/horsefood.ee\/wp-content\/uploads\/2018\/11\/Aleuroon-toote-eelised.png?resize=600%2C503&amp;ssl=1 600w\" sizes=\"auto, (max-width: 940px) 100vw, 940px\" \/><\/figure><\/li><li class=\"blocks-gallery-item\"><figure><img data-recalc-dims=\"1\" loading=\"lazy\" decoding=\"async\" width=\"724\" height=\"1024\" data-attachment-id=\"7877\" data-permalink=\"https:\/\/horsefood.ee\/latvia\/kusi-alati-soodanou-ara-pusi-uksinda\/horsefood-ee-4\/#main\" data-orig-file=\"https:\/\/i0.wp.com\/horsefood.ee\/wp-content\/uploads\/2019\/08\/Horsefood.ee-4.png?fit=1587%2C2245&amp;ssl=1\" data-orig-size=\"1587,2245\" data-comments-opened=\"0\" data-image-meta=\"{&quot;aperture&quot;:&quot;0&quot;,&quot;credit&quot;:&quot;&quot;,&quot;camera&quot;:&quot;&quot;,&quot;caption&quot;:&quot;&quot;,&quot;created_timestamp&quot;:&quot;0&quot;,&quot;copyright&quot;:&quot;&quot;,&quot;focal_length&quot;:&quot;0&quot;,&quot;iso&quot;:&quot;0&quot;,&quot;shutter_speed&quot;:&quot;0&quot;,&quot;title&quot;:&quot;&quot;,&quot;orientation&quot;:&quot;0&quot;}\" data-image-title=\"Horsefood.ee-4\" data-image-description=\"\" data-image-caption=\"\" data-large-file=\"https:\/\/i0.wp.com\/horsefood.ee\/wp-content\/uploads\/2019\/08\/Horsefood.ee-4.png?fit=724%2C1024&amp;ssl=1\" src=\"https:\/\/i0.wp.com\/horsefood.ee\/wp-content\/uploads\/2019\/08\/Horsefood.ee-4-724x1024.png?resize=724%2C1024\" alt=\"\" data-id=\"7877\" data-full-url=\"http:\/\/horsefood.ee\/wp-content\/uploads\/2019\/08\/Horsefood.ee-4.png\" data-link=\"http:\/\/horsefood.ee\/kusi-alati-soodanou-ara-pusi-uksinda\/horsefood-ee-4\/\" class=\"wp-image-7877\" srcset=\"https:\/\/i0.wp.com\/horsefood.ee\/wp-content\/uploads\/2019\/08\/Horsefood.ee-4.png?resize=724%2C1024&amp;ssl=1 724w, https:\/\/i0.wp.com\/horsefood.ee\/wp-content\/uploads\/2019\/08\/Horsefood.ee-4.png?resize=212%2C300&amp;ssl=1 212w, https:\/\/i0.wp.com\/horsefood.ee\/wp-content\/uploads\/2019\/08\/Horsefood.ee-4.png?resize=768%2C1086&amp;ssl=1 768w, https:\/\/i0.wp.com\/horsefood.ee\/wp-content\/uploads\/2019\/08\/Horsefood.ee-4.png?resize=416%2C588&amp;ssl=1 416w, https:\/\/i0.wp.com\/horsefood.ee\/wp-content\/uploads\/2019\/08\/Horsefood.ee-4.png?w=1587&amp;ssl=1 1587w\" sizes=\"auto, (max-width: 724px) 100vw, 724px\" \/><\/figure><\/li><\/ul><\/figure>","protected":false},"excerpt":{"rendered":"<p>&nbsp;\u00c4ra \u00fctle millist s\u00f6\u00f6ta Sinul vaja oleks, vaid r\u00e4\u00e4gi minuga oma hobusest! Tea, et HORSEFOOD`the best tervislik s\u00f6\u00f6gikord koosneb v\u00f5rdses koguses, graanulit ja m\u00fcslit. Meie kohalikus, Eestimaa tootevalikus on kaheksa erinevat graanuls\u00f6\u00f6ta ning \u00fcheksa sorti mixe! Toodetele omistatud kvaliteedim\u00e4rgised: GMP+, HACCP, Skal, SECURE FEED.&nbsp;<\/p>","protected":false},"author":1,"featured_media":0,"parent":0,"menu_order":0,"comment_status":"closed","ping_status":"closed","template":"","meta":{"jetpack_post_was_ever_published":false,"footnotes":""},"class_list":["post-4822","page","type-page","status-publish","hentry"],"jetpack_sharing_enabled":true,"jetpack_shortlink":"https:\/\/wp.me\/PaE1on-1fM","jetpack-related-posts":[],"_links":{"self":[{"href":"https:\/\/horsefood.ee\/latvia\/wp-json\/wp\/v2\/pages\/4822","targetHints":{"allow":["GET"]}}],"collection":[{"href":"https:\/\/horsefood.ee\/latvia\/wp-json\/wp\/v2\/pages"}],"about":[{"href":"https:\/\/horsefood.ee\/latvia\/wp-json\/wp\/v2\/types\/page"}],"author":[{"embeddable":true,"href":"https:\/\/horsefood.ee\/latvia\/wp-json\/wp\/v2\/users\/1"}],"replies":[{"embeddable":true,"href":"https:\/\/horsefood.ee\/latvia\/wp-json\/wp\/v2\/comments?post=4822"}],"version-history":[{"count":5,"href":"https:\/\/horsefood.ee\/latvia\/wp-json\/wp\/v2\/pages\/4822\/revisions"}],"predecessor-version":[{"id":9081,"href":"https:\/\/horsefood.ee\/latvia\/wp-json\/wp\/v2\/pages\/4822\/revisions\/9081"}],"wp:attachment":[{"href":"https:\/\/horsefood.ee\/latvia\/wp-json\/wp\/v2\/media?parent=4822"}],"curies":[{"name":"wp","href":"https:\/\/api.w.org\/{rel}","templated":true}]}}