{"id":3944,"date":"2017-07-13T08:11:31","date_gmt":"2017-07-13T05:11:31","guid":{"rendered":"http:\/\/horsefood.ee\/?page_id=3944"},"modified":"2026-02-13T11:21:09","modified_gmt":"2026-02-13T09:21:09","slug":"soodajaam","status":"publish","type":"page","link":"https:\/\/horsefood.ee\/latvia\/soodajaam\/","title":{"rendered":"KUIDAS SAAB KAUPA OSTA!"},"content":{"rendered":"<div class=\"wp-block-group is-layout-flow wp-block-group-is-layout-flow\">\n<p><span style=\"color: #000000;\">Kuidas saab<\/span><strong style=\"color: #000000;\">\u00a0<em>Horsefoodthebest<\/em>\u00a0<\/strong><span style=\"color: #000000;\">hobutooteid\u00a0osta?<\/span><\/p>\n<hr \/>\n<ul>\n<li><span style=\"color: #000000;\">Palun soorita ost l\u00e4bi e-poe!\u00a0<em><strong>Horsefoodthebest<\/strong>\u00a0<\/em>\u00a0\u00fclimaitsvad ning naturaalsed hobus\u00f6\u00f6dad toimetame <strong>Tallinna &#8211; ja Harjumaa tallidesse <\/strong><strong>\u00a01-5 t\u00f6\u00f6p\u00e4eva jooksul klientideni <\/strong>TASUTA!\u00a0Ostja v\u00f5ib kaubale ka ise Tallinna linnas j\u00e4rele tulla! Kauba \u00fcleandmise lepime eelnevalt kokku e-kirja v\u00f5i telefoni teel!<\/span><\/li>\n<li><span style=\"color: #000000;\">Eestimaa teistesse maakondadesse pakume\u00a0<strong><em>Horsefoodthebest\u00a0<\/em><\/strong>s\u00f6\u00f6tadele TASUTA transporti (kohaletoimetamine OSC- kulleriga kuni 3-4 t\u00f6\u00f6p\u00e4eva jooksul) juhul, kui klient ostab minimaalselt \u00a0<strong>4<\/strong> s\u00f6\u00f6dakotti! V\u00e4iksemad kaubakogused toimetame Sinuni meie s\u00f6\u00f6daringidel.<\/span><\/li>\n<li><span style=\"color: #000000;\"><strong>Saadame kaupa Dpd-, Omniva postipakiautomaatidesse v\u00f5i -kulleriga. <\/strong>Dpd<\/span> pakiautomaadi saatmiskulu\u00a0 on k\u00f5ikidele pakisuurustele (<strong>kuni 19kg<\/strong>) <strong>3<span style=\"color: #000000;\">.00<\/span> euri!<\/strong>\u00a0<span style=\"color: #000000;\">Omniva <\/span>saatmiskulu on k\u00f5ikidele pakisuurustele (kuni 25kg) <strong>4<span style=\"color: #000000;\">.50<\/span> euri!\u00a0<span style=\"color: #000000;\">Kullerteenus<\/span> on kuni<\/strong> <strong>40kg \u00a07\u20ac, -60kg \u00a07,5\u20ac, -100kg \u00a08\u20ac ja \u00fcle 110 kg TASUTA<\/strong><\/li>\n<li><span style=\"color: #000000;\"><span style=\"color: #0000ff;\"><strong>Arve tellitud toodetele saadetakse peale kauba postitamist\/-kohaletoimetamist Teie e-kirjale.<\/strong>\u00a0<\/span>Juhul kui Teie pole saanud k\u00e4tte meie e-kirja koos arvega, palun kontrollige SPAM\/R\u00e4mpsposti kausta!<\/span><\/li>\n<\/ul>\n<\/div>\n\n\n\n<figure class=\"wp-block-gallery has-nested-images columns-default is-cropped wp-block-gallery-1 is-layout-flex wp-block-gallery-is-layout-flex\"><\/figure>\n\n\n\n<figure class=\"wp-block-gallery has-nested-images columns-default is-cropped wp-block-gallery-2 is-layout-flex wp-block-gallery-is-layout-flex\">\n<figure class=\"wp-block-image\"><img data-recalc-dims=\"1\" loading=\"lazy\" decoding=\"async\" width=\"940\" height=\"788\" data-attachment-id=\"11016\" data-permalink=\"https:\/\/horsefood.ee\/latvia\/uudised\/kaup-klientideni-tasuta-1\/#main\" data-orig-file=\"https:\/\/i0.wp.com\/www.horsefood.ee\/wp-content\/uploads\/2020\/06\/Kaup-klientideni-tasuta-1.png?fit=940%2C788&amp;ssl=1\" data-orig-size=\"940,788\" data-comments-opened=\"0\" data-image-meta=\"{&quot;aperture&quot;:&quot;0&quot;,&quot;credit&quot;:&quot;&quot;,&quot;camera&quot;:&quot;&quot;,&quot;caption&quot;:&quot;&quot;,&quot;created_timestamp&quot;:&quot;0&quot;,&quot;copyright&quot;:&quot;&quot;,&quot;focal_length&quot;:&quot;0&quot;,&quot;iso&quot;:&quot;0&quot;,&quot;shutter_speed&quot;:&quot;0&quot;,&quot;title&quot;:&quot;&quot;,&quot;orientation&quot;:&quot;0&quot;}\" data-image-title=\"\" data-image-description=\"\" data-image-caption=\"\" data-large-file=\"https:\/\/i0.wp.com\/www.horsefood.ee\/wp-content\/uploads\/2020\/06\/Kaup-klientideni-tasuta-1.png?fit=940%2C788&amp;ssl=1\" data-id=\"11016\" src=\"https:\/\/i0.wp.com\/horsefood.ee\/wp-content\/uploads\/2020\/06\/Kaup-klientideni-tasuta-1.png?resize=940%2C788&#038;ssl=1\" alt=\"\" class=\"wp-image-11016\" srcset=\"https:\/\/i0.wp.com\/www.horsefood.ee\/wp-content\/uploads\/2020\/06\/Kaup-klientideni-tasuta-1.png?w=940&amp;ssl=1 940w, https:\/\/i0.wp.com\/www.horsefood.ee\/wp-content\/uploads\/2020\/06\/Kaup-klientideni-tasuta-1.png?resize=300%2C251&amp;ssl=1 300w, https:\/\/i0.wp.com\/www.horsefood.ee\/wp-content\/uploads\/2020\/06\/Kaup-klientideni-tasuta-1.png?resize=768%2C644&amp;ssl=1 768w, https:\/\/i0.wp.com\/www.horsefood.ee\/wp-content\/uploads\/2020\/06\/Kaup-klientideni-tasuta-1.png?resize=416%2C349&amp;ssl=1 416w\" sizes=\"auto, (max-width: 940px) 100vw, 940px\" \/><\/figure>\n<\/figure>","protected":false},"excerpt":{"rendered":"<p>Kuidas saab\u00a0Horsefoodthebest\u00a0hobutooteid\u00a0osta? Palun soorita ost l\u00e4bi e-poe!\u00a0Horsefoodthebest\u00a0\u00a0\u00fclimaitsvad ning naturaalsed hobus\u00f6\u00f6dad toimetame Tallinna &#8211; ja Harjumaa tallidesse \u00a01-5 t\u00f6\u00f6p\u00e4eva jooksul klientideni TASUTA!\u00a0Ostja v\u00f5ib kaubale ka ise Tallinna linnas j\u00e4rele tulla! Kauba \u00fcleandmise lepime eelnevalt kokku e-kirja v\u00f5i telefoni teel! Eestimaa teistesse maakondadesse pakume\u00a0Horsefoodthebest\u00a0s\u00f6\u00f6tadele TASUTA transporti (kohaletoimetamine OSC- kulleriga kuni 3-4 t\u00f6\u00f6p\u00e4eva jooksul) juhul, kui klient ostab minimaalselt \u00a04 s\u00f6\u00f6dakotti! V\u00e4iksemad kaubakogused toimetame Sinuni meie s\u00f6\u00f6daringidel. Saadame kaupa Dpd-, Omniva postipakiautomaatidesse v\u00f5i -kulleriga. Dpd pakiautomaadi saatmiskulu\u00a0 on [&#8230;]\n","protected":false},"author":1,"featured_media":0,"parent":0,"menu_order":0,"comment_status":"closed","ping_status":"closed","template":"","meta":{"jetpack_post_was_ever_published":false,"footnotes":""},"class_list":["post-3944","page","type-page","status-publish","hentry"],"jetpack_sharing_enabled":true,"jetpack_shortlink":"https:\/\/wp.me\/PaE1on-11C","jetpack-related-posts":[{"id":3938,"url":"https:\/\/horsefood.ee\/latvia\/uudised\/","url_meta":{"origin":3944,"position":0},"title":"UUDISED!","author":"kadri koppel","date":"13. J\u016bl 2017","format":false,"excerpt":"Kuidas saab\u00a0Horsefoodthebest\u00a0hobutooteid\u00a0osta? Palun soorita ost l\u00e4bi e-poe!\u00a0Horsefoodthebest\u00a0\u00fclimaitsvad ning naturaalsed hobus\u00f6\u00f6dad toimetame Tallinna linnas\u00a0ja Harjumaa piires klientideni (miinimumkogus 2x20kg) 1-4 t\u00f6\u00f6p\u00e4eva jooksul TASUTA! Kindlasti eelnevalt t\u00e4psustada ja kokku leppida. \u00a0Ostja v\u00f5ib kaubale ka ise j\u00e4rele tulla, ladu asub V\u00e4\u00e4nas, Harku vald! Kauba \u00fcleandmise lepime eelnevalt kokku e-kirja v\u00f5i telefoni teel! Eestimaa\u2026","rel":"","context":"Similar post","block_context":{"text":"Similar post","link":""},"img":{"alt_text":"","src":"https:\/\/i0.wp.com\/www.horsefood.ee\/wp-content\/uploads\/2020\/07\/MAP-pakend-1.png?resize=350%2C200","width":350,"height":200,"srcset":"https:\/\/i0.wp.com\/www.horsefood.ee\/wp-content\/uploads\/2020\/07\/MAP-pakend-1.png?resize=350%2C200 1x, https:\/\/i0.wp.com\/www.horsefood.ee\/wp-content\/uploads\/2020\/07\/MAP-pakend-1.png?resize=525%2C300 1.5x, https:\/\/i0.wp.com\/www.horsefood.ee\/wp-content\/uploads\/2020\/07\/MAP-pakend-1.png?resize=700%2C400 2x"},"classes":[]},{"id":3570,"url":"https:\/\/horsefood.ee\/latvia\/ostutingimused\/","url_meta":{"origin":3944,"position":1},"title":"Ostutingimused","author":"kadri koppel","date":"18. Apr 2017","format":false,"excerpt":"Veebipoe omanik on: Horsefood Estonia O\u00dc\/ LADU asub aadressil Kaera 6, V\u00e4\u00e4na, Harku vald, \u00a0+372 5016180 Kaido Koppel Kauba valimine:\u00a0 Palun valige v\u00e4lja sobilikud tooted ja lisage need ostukorvi. Ostukorvi sisu on v\u00f5imalik hiljem kohendada - \"Uuenda ostukorvi\". Edasi liigu - \"Mine kassasse\". Kauba tellimine:\u00a0 T\u00e4ida korrektselt k\u00f5ik Sinu tellimust\u2026","rel":"","context":"Similar post","block_context":{"text":"Similar post","link":""},"img":{"alt_text":"","src":"","width":0,"height":0},"classes":[]},{"id":2337,"url":"https:\/\/horsefood.ee\/latvia\/","url_meta":{"origin":3944,"position":2},"title":"Meist","author":"kadri koppel","date":"2. Jan 2016","format":false,"excerpt":"Kvaliteetne hobus\u00f6\u00f6t ja hoolikalt valitud lisandid. Horsefood \u2013 hea tulemus algab hoolimisest. \u00d5ige toit on selle oluline osa. Pakume Hollandis toodetud Horsefood The Best hobus\u00f6\u00f6tasid ja lisandeid. Oleme seda teinud juba \u00fcle kaheksa aasta ning aidanud nii harrastus- kui sporthobuseid \u2013 nii noori kui ka vanu. L\u00e4htume iga hobuse erip\u00e4rast\u2026","rel":"","context":"Similar post","block_context":{"text":"Similar post","link":""},"img":{"alt_text":"","src":"https:\/\/i0.wp.com\/www.horsefood.ee\/wp-content\/uploads\/2026\/04\/Avaleht-e1777214725173.webp?fit=1200%2C588&ssl=1&resize=350%2C200","width":350,"height":200,"srcset":"https:\/\/i0.wp.com\/www.horsefood.ee\/wp-content\/uploads\/2026\/04\/Avaleht-e1777214725173.webp?fit=1200%2C588&ssl=1&resize=350%2C200 1x, https:\/\/i0.wp.com\/www.horsefood.ee\/wp-content\/uploads\/2026\/04\/Avaleht-e1777214725173.webp?fit=1200%2C588&ssl=1&resize=525%2C300 1.5x, https:\/\/i0.wp.com\/www.horsefood.ee\/wp-content\/uploads\/2026\/04\/Avaleht-e1777214725173.webp?fit=1200%2C588&ssl=1&resize=700%2C400 2x, https:\/\/i0.wp.com\/www.horsefood.ee\/wp-content\/uploads\/2026\/04\/Avaleht-e1777214725173.webp?fit=1200%2C588&ssl=1&resize=1050%2C600 3x"},"classes":[]},{"id":3941,"url":"https:\/\/horsefood.ee\/latvia\/hulgimuuk\/","url_meta":{"origin":3944,"position":3},"title":"Hulgim\u00fc\u00fck!","author":"kadri koppel","date":"13. J\u016bl 2017","format":false,"excerpt":"Hea hobuses\u00f5ber! Horsefoodthebest hobutoodete nimistusse kuulub ligemale 100 toodet. Vali Horsefoodthebest, sest Sinu hobune v\u00e4\u00e4rib vaid k\u00f5ige paremat! Suuremate kaubakoguste puhul, k\u00fcsi palun personaalset hinnapakkumist! T\u00e4nud! Enamikke s\u00f6\u00f6tasid ja heinagraanulit saab pakendada ka Bigbox-i vormis (1oookg). K\u00fcsi hinnapakkumist Sind huvipakkuvale\u00a0Horsefoodthebest s\u00f6\u00f6dale! Transpordime s\u00f6\u00f6tasid \u00fcle kogu Eesti! \u00a0","rel":"","context":"Similar post","block_context":{"text":"Similar post","link":""},"img":{"alt_text":"","src":"https:\/\/i0.wp.com\/www.horsefood.ee\/wp-content\/uploads\/2021\/03\/bigbox-uus.jpg?resize=350%2C200&ssl=1","width":350,"height":200,"srcset":"https:\/\/i0.wp.com\/www.horsefood.ee\/wp-content\/uploads\/2021\/03\/bigbox-uus.jpg?resize=350%2C200&ssl=1 1x, https:\/\/i0.wp.com\/www.horsefood.ee\/wp-content\/uploads\/2021\/03\/bigbox-uus.jpg?resize=525%2C300&ssl=1 1.5x, https:\/\/i0.wp.com\/www.horsefood.ee\/wp-content\/uploads\/2021\/03\/bigbox-uus.jpg?resize=700%2C400&ssl=1 2x, https:\/\/i0.wp.com\/www.horsefood.ee\/wp-content\/uploads\/2021\/03\/bigbox-uus.jpg?resize=1050%2C600&ssl=1 3x, https:\/\/i0.wp.com\/www.horsefood.ee\/wp-content\/uploads\/2021\/03\/bigbox-uus.jpg?resize=1400%2C800&ssl=1 4x"},"classes":[]},{"id":3253,"url":"https:\/\/horsefood.ee\/latvia\/e-pood\/","url_meta":{"origin":3944,"position":4},"title":"E-POOD","author":"kadri koppel","date":"11. Apr 2017","format":false,"excerpt":"","rel":"","context":"Similar post","block_context":{"text":"Similar post","link":""},"img":{"alt_text":"","src":"","width":0,"height":0},"classes":[]},{"id":3374,"url":"https:\/\/horsefood.ee\/latvia\/hinnakiri\/","url_meta":{"origin":3944,"position":5},"title":"Hinnakiri","author":"kadri koppel","date":"14. Apr 2017","format":false,"excerpt":"NB! K\u00f5ik meie sortimendis olevad tooted on valmistatud ainult looduslikku p\u00e4ritolu toorainest ja need on dopinguvabad!\u00a0 Siit leiad\u00a0HORSEFOOD eestikeelne kataloog You can find here\u00a0HORSEFOOD catalogue in English H I N N A K I R I `2024 GRAANULID Basis-Sportbrok (harrastus\/sport\/keskmine koormus) 20kg 19.82\u20ac Digest Controlbrok (seedimine\/k\u00f5ikidele hobustele) 20kg 24.39\u20ac Refit\u2026","rel":"","context":"Similar post","block_context":{"text":"Similar post","link":""},"img":{"alt_text":"","src":"https:\/\/i0.wp.com\/www.horsefood.ee\/wp-content\/uploads\/2020\/02\/Kvaliteet.png?resize=350%2C200&ssl=1","width":350,"height":200,"srcset":"https:\/\/i0.wp.com\/www.horsefood.ee\/wp-content\/uploads\/2020\/02\/Kvaliteet.png?resize=350%2C200&ssl=1 1x, https:\/\/i0.wp.com\/www.horsefood.ee\/wp-content\/uploads\/2020\/02\/Kvaliteet.png?resize=525%2C300&ssl=1 1.5x, https:\/\/i0.wp.com\/www.horsefood.ee\/wp-content\/uploads\/2020\/02\/Kvaliteet.png?resize=700%2C400&ssl=1 2x, https:\/\/i0.wp.com\/www.horsefood.ee\/wp-content\/uploads\/2020\/02\/Kvaliteet.png?resize=1050%2C600&ssl=1 3x, https:\/\/i0.wp.com\/www.horsefood.ee\/wp-content\/uploads\/2020\/02\/Kvaliteet.png?resize=1400%2C800&ssl=1 4x"},"classes":[]}],"_links":{"self":[{"href":"https:\/\/horsefood.ee\/latvia\/wp-json\/wp\/v2\/pages\/3944","targetHints":{"allow":["GET"]}}],"collection":[{"href":"https:\/\/horsefood.ee\/latvia\/wp-json\/wp\/v2\/pages"}],"about":[{"href":"https:\/\/horsefood.ee\/latvia\/wp-json\/wp\/v2\/types\/page"}],"author":[{"embeddable":true,"href":"https:\/\/horsefood.ee\/latvia\/wp-json\/wp\/v2\/users\/1"}],"replies":[{"embeddable":true,"href":"https:\/\/horsefood.ee\/latvia\/wp-json\/wp\/v2\/comments?post=3944"}],"version-history":[{"count":5,"href":"https:\/\/horsefood.ee\/latvia\/wp-json\/wp\/v2\/pages\/3944\/revisions"}],"predecessor-version":[{"id":22934,"href":"https:\/\/horsefood.ee\/latvia\/wp-json\/wp\/v2\/pages\/3944\/revisions\/22934"}],"wp:attachment":[{"href":"https:\/\/horsefood.ee\/latvia\/wp-json\/wp\/v2\/media?parent=3944"}],"curies":[{"name":"wp","href":"https:\/\/api.w.org\/{rel}","templated":true}]}}