{"id":3941,"date":"2017-07-13T08:11:16","date_gmt":"2017-07-13T05:11:16","guid":{"rendered":"http:\/\/horsefood.ee\/?page_id=3941"},"modified":"2021-03-07T22:09:15","modified_gmt":"2021-03-07T20:09:15","slug":"hulgimuuk","status":"publish","type":"page","link":"https:\/\/horsefood.ee\/latvia\/hulgimuuk\/","title":{"rendered":"Hulgim\u00fc\u00fck!"},"content":{"rendered":"<p><strong>Hea hobuses\u00f5ber! <\/strong><\/p>\n<hr \/>\n<p><em><strong>Horsefoodthebest<\/strong><\/em> hobutoodete nimistusse kuulub ligemale 100 toodet. Vali <em><strong>Horsefoodthebest<\/strong><\/em>, sest Sinu hobune v\u00e4\u00e4rib vaid k\u00f5ige paremat!<\/p>\n<ul>\n<li><span style=\"color: #000000;\">Suuremate kaubakoguste puhul, k\u00fcsi palun personaalset hinnapakkumist! T\u00e4nud!<\/span><\/li>\n<li><span style=\"color: #000000;\">Enamikke s\u00f6\u00f6tasid ja heinagraanulit saab pakendada ka Bigbox-i vormis (1oookg). K\u00fcsi hinnapakkumist Sind huvipakkuvale\u00a0<strong><em>Horsefoodthebest<\/em><\/strong> s\u00f6\u00f6dale!<\/span><\/li>\n<li>Transpordime s\u00f6\u00f6tasid \u00fcle kogu Eesti!<\/li>\n<\/ul>\n<p>\u00a0<\/p>\n\n\n<figure class=\"wp-block-image size-large is-resized\"><img loading=\"lazy\" decoding=\"async\" data-attachment-id=\"12522\" data-permalink=\"https:\/\/horsefood.ee\/latvia\/hulgimuuk\/bigbox-uus\/#main\" data-orig-file=\"https:\/\/i0.wp.com\/horsefood.ee\/wp-content\/uploads\/2021\/03\/bigbox-uus.jpg?fit=1701%2C1398&amp;ssl=1\" data-orig-size=\"1701,1398\" data-comments-opened=\"0\" data-image-meta=\"{&quot;aperture&quot;:&quot;0&quot;,&quot;credit&quot;:&quot;&quot;,&quot;camera&quot;:&quot;&quot;,&quot;caption&quot;:&quot;&quot;,&quot;created_timestamp&quot;:&quot;0&quot;,&quot;copyright&quot;:&quot;&quot;,&quot;focal_length&quot;:&quot;0&quot;,&quot;iso&quot;:&quot;0&quot;,&quot;shutter_speed&quot;:&quot;0&quot;,&quot;title&quot;:&quot;&quot;,&quot;orientation&quot;:&quot;0&quot;}\" data-image-title=\"bigbox-uus\" data-image-description=\"\" data-image-caption=\"\" data-large-file=\"https:\/\/i0.wp.com\/horsefood.ee\/wp-content\/uploads\/2021\/03\/bigbox-uus.jpg?fit=1020%2C839&amp;ssl=1\" src=\"https:\/\/i0.wp.com\/www.horsefood.ee\/wp-content\/uploads\/2021\/03\/bigbox-uus.jpg?fit=980%2C806&amp;ssl=1\" alt=\"\" class=\"wp-image-12522\" width=\"735\" height=\"604\" srcset=\"https:\/\/i0.wp.com\/horsefood.ee\/wp-content\/uploads\/2021\/03\/bigbox-uus.jpg?w=1701&amp;ssl=1 1701w, https:\/\/i0.wp.com\/horsefood.ee\/wp-content\/uploads\/2021\/03\/bigbox-uus.jpg?resize=300%2C247&amp;ssl=1 300w, https:\/\/i0.wp.com\/horsefood.ee\/wp-content\/uploads\/2021\/03\/bigbox-uus.jpg?resize=1024%2C842&amp;ssl=1 1024w, https:\/\/i0.wp.com\/horsefood.ee\/wp-content\/uploads\/2021\/03\/bigbox-uus.jpg?resize=768%2C631&amp;ssl=1 768w, https:\/\/i0.wp.com\/horsefood.ee\/wp-content\/uploads\/2021\/03\/bigbox-uus.jpg?resize=1536%2C1262&amp;ssl=1 1536w, https:\/\/i0.wp.com\/horsefood.ee\/wp-content\/uploads\/2021\/03\/bigbox-uus.jpg?resize=416%2C342&amp;ssl=1 416w\" sizes=\"auto, (max-width: 735px) 100vw, 735px\" \/><\/figure>","protected":false},"excerpt":{"rendered":"<p>Hea hobuses\u00f5ber! Horsefoodthebest hobutoodete nimistusse kuulub ligemale 100 toodet. Vali Horsefoodthebest, sest Sinu hobune v\u00e4\u00e4rib vaid k\u00f5ige paremat! Suuremate kaubakoguste puhul, k\u00fcsi palun personaalset hinnapakkumist! T\u00e4nud! Enamikke s\u00f6\u00f6tasid ja heinagraanulit saab pakendada ka Bigbox-i vormis (1oookg). K\u00fcsi hinnapakkumist Sind huvipakkuvale\u00a0Horsefoodthebest s\u00f6\u00f6dale! Transpordime s\u00f6\u00f6tasid \u00fcle kogu Eesti! \u00a0<\/p>","protected":false},"author":1,"featured_media":0,"parent":0,"menu_order":0,"comment_status":"closed","ping_status":"closed","template":"","meta":{"jetpack_post_was_ever_published":false,"footnotes":""},"class_list":["post-3941","page","type-page","status-publish","hentry"],"jetpack_sharing_enabled":true,"jetpack_shortlink":"https:\/\/wp.me\/PaE1on-11z","jetpack-related-posts":[{"id":3944,"url":"https:\/\/horsefood.ee\/latvia\/soodajaam\/","url_meta":{"origin":3941,"position":0},"title":"KUIDAS SAAB KAUPA OSTA!","author":"kadri koppel","date":"13. J\u016bl 2017","format":false,"excerpt":"Kuidas saab\u00a0Horsefoodthebest\u00a0hobutooteid\u00a0osta? Palun soorita ost l\u00e4bi e-poe!\u00a0Horsefoodthebest\u00a0\u00a0\u00fclimaitsvad ning naturaalsed hobus\u00f6\u00f6dad toimetame Tallinna - ja Harjumaa tallidesse \u00a01-5 t\u00f6\u00f6p\u00e4eva jooksul klientideni TASUTA!\u00a0Ostja v\u00f5ib kaubale ka ise Tallinna linnas j\u00e4rele tulla! Kauba \u00fcleandmise lepime eelnevalt kokku e-kirja v\u00f5i telefoni teel! Eestimaa teistesse maakondadesse pakume\u00a0Horsefoodthebest\u00a0s\u00f6\u00f6tadele TASUTA transporti (kohaletoimetamine OSC- kulleriga kuni 3-4 t\u00f6\u00f6p\u00e4eva\u2026","rel":"","context":"Similar post","block_context":{"text":"Similar post","link":""},"img":{"alt_text":"","src":"https:\/\/i0.wp.com\/horsefood.ee\/wp-content\/uploads\/2020\/06\/Kaup-klientideni-tasuta-1.png?resize=350%2C200","width":350,"height":200,"srcset":"https:\/\/i0.wp.com\/horsefood.ee\/wp-content\/uploads\/2020\/06\/Kaup-klientideni-tasuta-1.png?resize=350%2C200 1x, https:\/\/i0.wp.com\/horsefood.ee\/wp-content\/uploads\/2020\/06\/Kaup-klientideni-tasuta-1.png?resize=525%2C300 1.5x, https:\/\/i0.wp.com\/horsefood.ee\/wp-content\/uploads\/2020\/06\/Kaup-klientideni-tasuta-1.png?resize=700%2C400 2x"},"classes":[]},{"id":2337,"url":"https:\/\/horsefood.ee\/latvia\/","url_meta":{"origin":3941,"position":1},"title":"Meist","author":"kadri koppel","date":"2. Jan 2016","format":false,"excerpt":"Kvaliteetne hobus\u00f6\u00f6t ja hoolikalt valitud lisandid. Horsefood \u2013 hea tulemus algab hoolimisest. \u00d5ige toit on sellest suur osa. Horsefood Estonia O\u00dc toob Eestisse Hollandi Horsefood the Best hobus\u00f6\u00f6dad ja lisandid. Oleme seda teinud juba \u00fcle kaheksa aasta ja aidanud nii harrastus- kui sporthobuseid \u2013 nii noori kui vanu. Vaatame koos\u2026","rel":"","context":"Similar post","block_context":{"text":"Similar post","link":""},"img":{"alt_text":"","src":"https:\/\/i0.wp.com\/horsefood.ee\/wp-content\/uploads\/2016\/01\/HORSEFOOD-Georgi-tehtud-kaanefoto.png?resize=350%2C200","width":350,"height":200,"srcset":"https:\/\/i0.wp.com\/horsefood.ee\/wp-content\/uploads\/2016\/01\/HORSEFOOD-Georgi-tehtud-kaanefoto.png?resize=350%2C200 1x, https:\/\/i0.wp.com\/horsefood.ee\/wp-content\/uploads\/2016\/01\/HORSEFOOD-Georgi-tehtud-kaanefoto.png?resize=525%2C300 1.5x, https:\/\/i0.wp.com\/horsefood.ee\/wp-content\/uploads\/2016\/01\/HORSEFOOD-Georgi-tehtud-kaanefoto.png?resize=700%2C400 2x, https:\/\/i0.wp.com\/horsefood.ee\/wp-content\/uploads\/2016\/01\/HORSEFOOD-Georgi-tehtud-kaanefoto.png?resize=1050%2C600 3x, https:\/\/i0.wp.com\/horsefood.ee\/wp-content\/uploads\/2016\/01\/HORSEFOOD-Georgi-tehtud-kaanefoto.png?resize=1400%2C800 4x"},"classes":[]},{"id":3938,"url":"https:\/\/horsefood.ee\/latvia\/uudised\/","url_meta":{"origin":3941,"position":2},"title":"UUDISED!","author":"kadri koppel","date":"13. J\u016bl 2017","format":false,"excerpt":"Kuidas saab\u00a0Horsefoodthebest\u00a0hobutooteid\u00a0osta? Palun soorita ost l\u00e4bi e-poe!\u00a0Horsefoodthebest\u00a0\u00fclimaitsvad ning naturaalsed hobus\u00f6\u00f6dad toimetame Tallinna linnas\u00a0ja Harjumaa piires klientideni (miinimumkogus 2x20kg) 1-4 t\u00f6\u00f6p\u00e4eva jooksul TASUTA! Kindlasti eelnevalt t\u00e4psustada ja kokku leppida. \u00a0Ostja v\u00f5ib kaubale ka ise j\u00e4rele tulla, ladu asub V\u00e4\u00e4nas, Harku vald! Kauba \u00fcleandmise lepime eelnevalt kokku e-kirja v\u00f5i telefoni teel! Eestimaa\u2026","rel":"","context":"Similar post","block_context":{"text":"Similar post","link":""},"img":{"alt_text":"","src":"https:\/\/i0.wp.com\/horsefood.ee\/wp-content\/uploads\/2020\/07\/MAP-pakend-1.png?resize=350%2C200","width":350,"height":200,"srcset":"https:\/\/i0.wp.com\/horsefood.ee\/wp-content\/uploads\/2020\/07\/MAP-pakend-1.png?resize=350%2C200 1x, https:\/\/i0.wp.com\/horsefood.ee\/wp-content\/uploads\/2020\/07\/MAP-pakend-1.png?resize=525%2C300 1.5x, https:\/\/i0.wp.com\/horsefood.ee\/wp-content\/uploads\/2020\/07\/MAP-pakend-1.png?resize=700%2C400 2x"},"classes":[]},{"id":4822,"url":"https:\/\/horsefood.ee\/latvia\/kusi-alati-soodanou-ara-pusi-uksinda\/","url_meta":{"origin":3941,"position":3},"title":"TARKUSETERA!","author":"kadri koppel","date":"5. Dec 2017","format":false,"excerpt":"\u00a0\u00c4ra \u00fctle millist s\u00f6\u00f6ta Sinul vaja oleks, vaid r\u00e4\u00e4gi minuga oma hobusest! Tea, et HORSEFOOD`the best tervislik s\u00f6\u00f6gikord koosneb v\u00f5rdses koguses, graanulit ja m\u00fcslit. Meie kohalikus, Eestimaa tootevalikus on kaheksa erinevat graanuls\u00f6\u00f6ta ning \u00fcheksa sorti mixe! Toodetele omistatud kvaliteedim\u00e4rgised: GMP+, HACCP, Skal, SECURE FEED.\u00a0","rel":"","context":"Similar post","block_context":{"text":"Similar post","link":""},"img":{"alt_text":"","src":"https:\/\/i0.wp.com\/horsefood.ee\/wp-content\/uploads\/2018\/05\/Horsefoodthe-best-saadikud-kujundus.png?resize=350%2C200","width":350,"height":200,"srcset":"https:\/\/i0.wp.com\/horsefood.ee\/wp-content\/uploads\/2018\/05\/Horsefoodthe-best-saadikud-kujundus.png?resize=350%2C200 1x, https:\/\/i0.wp.com\/horsefood.ee\/wp-content\/uploads\/2018\/05\/Horsefoodthe-best-saadikud-kujundus.png?resize=525%2C300 1.5x, https:\/\/i0.wp.com\/horsefood.ee\/wp-content\/uploads\/2018\/05\/Horsefoodthe-best-saadikud-kujundus.png?resize=700%2C400 2x"},"classes":[]}],"_links":{"self":[{"href":"https:\/\/horsefood.ee\/latvia\/wp-json\/wp\/v2\/pages\/3941","targetHints":{"allow":["GET"]}}],"collection":[{"href":"https:\/\/horsefood.ee\/latvia\/wp-json\/wp\/v2\/pages"}],"about":[{"href":"https:\/\/horsefood.ee\/latvia\/wp-json\/wp\/v2\/types\/page"}],"author":[{"embeddable":true,"href":"https:\/\/horsefood.ee\/latvia\/wp-json\/wp\/v2\/users\/1"}],"replies":[{"embeddable":true,"href":"https:\/\/horsefood.ee\/latvia\/wp-json\/wp\/v2\/comments?post=3941"}],"version-history":[{"count":5,"href":"https:\/\/horsefood.ee\/latvia\/wp-json\/wp\/v2\/pages\/3941\/revisions"}],"predecessor-version":[{"id":12523,"href":"https:\/\/horsefood.ee\/latvia\/wp-json\/wp\/v2\/pages\/3941\/revisions\/12523"}],"wp:attachment":[{"href":"https:\/\/horsefood.ee\/latvia\/wp-json\/wp\/v2\/media?parent=3941"}],"curies":[{"name":"wp","href":"https:\/\/api.w.org\/{rel}","templated":true}]}}