{"id":3570,"date":"2017-04-18T08:12:52","date_gmt":"2017-04-18T05:12:52","guid":{"rendered":"http:\/\/horsefood.ee\/?page_id=3570"},"modified":"2026-02-13T11:22:30","modified_gmt":"2026-02-13T09:22:30","slug":"ostutingimused","status":"publish","type":"page","link":"https:\/\/horsefood.ee\/latvia\/ostutingimused\/","title":{"rendered":"Ostutingimused"},"content":{"rendered":"<p>Veebipoe omanik on: Horsefood Estonia O\u00dc\/<\/p>\n<p><strong>LADU asub aadressil Kaera 6, V\u00e4\u00e4na, Harku vald,<\/strong><\/p>\n<p>\u00a0+372 5016180 Kaido Koppel<\/p>\n<hr \/>\n<p><strong>Kauba valimine:\u00a0<\/strong><\/p>\n<ul>\n<li>Palun valige v\u00e4lja sobilikud tooted ja lisage need ostukorvi.<\/li>\n<li>Ostukorvi sisu on v\u00f5imalik hiljem kohendada &#8211; &#8220;Uuenda ostukorvi&#8221;.<\/li>\n<li>Edasi liigu &#8211; &#8220;Mine kassasse&#8221;.<\/li>\n<\/ul>\n<p><strong>Kauba tellimine:\u00a0<\/strong><\/p>\n<ul>\n<li>T\u00e4ida korrektselt k\u00f5ik Sinu tellimust puudutavad ning arvelduse andmed. Ostja on vastutav tellimuse esitamise \u00f5igsuse eest.<\/li>\n<li>Lahtrisse &#8220;M\u00e4rkused tellimuse kohta&#8221; &#8211; palume kirjutada k\u00f5ik Sinu tellimust puudutavad m\u00e4rkused (ka aadress v\u00f5i pakiautomaadi asukoht, kuhu soovid kaupa saada).<\/li>\n<li>L\u00f5puks vajutage &#8220;Esita tellimus&#8221;. Kui k\u00f5ik v\u00e4ljad on korrektselt t\u00e4idetud, ilmub ekraanile &#8220;Ait\u00e4h! Sinu tellimus on vastu v\u00f5etud!&#8221;.<\/li>\n<\/ul>\n<p><strong>Kauba kohaletoimetamine:\u00a0<\/strong><\/p>\n<ul>\n<li>Tallinna linnas ja Harjumaa piires toimetame s\u00f6\u00f6dakotid \u00a0kliendini 1-5 t\u00f6\u00f6p\u00e4eva jooksul TASUTA! Ostja v\u00f5ib kaubale ka ise <strong>V\u00e4\u00e4nasse<\/strong> j\u00e4rele tulla! Kauba \u00fcleandmise lepime eelnevalt kokku e-kirja v\u00f5i telefoni teel!<\/li>\n<li>Eestimaa teistesse maakondadesse pakume s\u00f6\u00f6tadele TASUTA transporti (kohaletoimetamine kuni 4 t\u00f6\u00f6p\u00e4eva jooksul) juhul, kui klient ostab minimaalselt <strong>\u00a04<\/strong>\u00a0s\u00f6\u00f6dakotti!<\/li>\n<li>V\u00e4iksemate kaubakoguste ostusoovi puhul, palun j\u00e4lgi meie s\u00f6\u00f6daringi. K\u00f5ik lisak\u00fcsimused ja erisoovid palume edastada e-kirja post<strong>@horsefood.ee<\/strong> v\u00f5i telefoni teel <strong>+372 5016180.<\/strong>\u00a0T\u00e4nud ette!<\/li>\n<li><span style=\"color: #000000;\">Saadame kaupa Dpd pakiautomaatidesse v\u00f5i kulleriga. <\/span><strong>Dpd<\/strong> pakiautomaadi saatmiskulu\u00a0 on k\u00f5ikidele pakisuurustele (kuni 15kg) 3<strong>.00<\/strong> euri! \u00a0<strong>Kullerteenus on kuni<\/strong> <strong>40kg \u00a07\u20ac, -60kg \u00a07,5\u20ac, -100kg \u00a08\u20ac ja \u00fcle 110 kg TASUTA<\/strong><\/li>\n<li><span style=\"color: #0000ff;\"><strong>Arve tellitud toodetele saadetakse peale kauba postitamist\/-kohaletoimetamist Teie e-kirjale.<\/strong> <\/span>Juhul kui Teie pole saanud k\u00e4tte meie e-kirja koos arvega, palun kontrollige SPAM\/R\u00e4mpsposti kausta!<\/li>\n<li>Horsefood Estonia tiim teeb k\u00f5ik endast oleneva, et kaup j\u00f5uaks kliendini t\u00f5rgeteta ja \u00f5igeaegselt!<\/li>\n<\/ul>\n<p><strong>Kauba tagastamine:\u00a0<\/strong><\/p>\n<ul>\n<li>Meie e-poest ostetud kaubale kehtib 14 p\u00e4evane tagastamis\u00f5igus.<\/li>\n<li>Kauba tagastamiseks tuleb esitada allkirjastatud avaldus kauba ostust taganemise kohta ning saata see e-kirjale<strong> post@horsefood.ee<\/strong>\u00a0hiljemalt 14 p\u00e4eva jooksul kauba k\u00e4ttesaamisest.<\/li>\n<li>Tagastatav kaup peab olema originaalpakendis, rikkumata, puhas ja kasutamata.<\/li>\n<li>Toote tagastamisega seotud kulud katab Ostja, va juhul, kui tagastatav kaup ei vastanud tellitule.<\/li>\n<\/ul>\n<p><strong>Isikuandmete t\u00f6\u00f6tlemine:\u00a0<\/strong><\/p>\n<ul>\n<li>Horsefood Estonia tiimi veebipood kasutab ostja poolt sisestatud isikuandmeid ainult tellimuse t\u00f6\u00f6tlemiseks ning kauba ostjale toimetamiseks. Edastame isikuandmeid veoteenust pakkuvale ettev\u00f5tetele ainult selleks, et kohale toimetada kaupa. Horsefood Estonia tiimi veebipood k\u00e4itleb isikuandmeid k\u00f5igi seadusest tulenevate turvameetmetega!<\/li>\n<li>Kui ostjal on veebipoe osas pretensioone tuleb need esitada e-kirja teel post<strong>@horsefood.ee<\/strong>. Kui ostja ja Horsefood Estonia tiimi veebipood ei suuda lahenda vaidlust kokkuleppe teel, siis on ostjal v\u00f5imalik p\u00f6\u00f6rduda Tarbijakaitseametisse. Tarbijavaidluste komisjoni p\u00e4devuses on lahendada ostja ja Horsefood Estonia tiimi veebipoe vahel s\u00f5lmitud lepingust tulenevaid vaidlusi.<\/li>\n<\/ul>","protected":false},"excerpt":{"rendered":"","protected":false},"author":1,"featured_media":0,"parent":0,"menu_order":0,"comment_status":"closed","ping_status":"closed","template":"","meta":{"jetpack_post_was_ever_published":false,"footnotes":""},"class_list":["post-3570","page","type-page","status-publish","hentry"],"jetpack_sharing_enabled":true,"jetpack_shortlink":"https:\/\/wp.me\/PaE1on-VA","jetpack-related-posts":[{"id":3944,"url":"https:\/\/horsefood.ee\/latvia\/soodajaam\/","url_meta":{"origin":3570,"position":0},"title":"KUIDAS SAAB KAUPA OSTA!","author":"kadri koppel","date":"13. J\u016bl 2017","format":false,"excerpt":"Kuidas saab\u00a0Horsefoodthebest\u00a0hobutooteid\u00a0osta? Palun soorita ost l\u00e4bi e-poe!\u00a0Horsefoodthebest\u00a0\u00a0\u00fclimaitsvad ning naturaalsed hobus\u00f6\u00f6dad toimetame Tallinna - ja Harjumaa tallidesse \u00a01-5 t\u00f6\u00f6p\u00e4eva jooksul klientideni TASUTA!\u00a0Ostja v\u00f5ib kaubale ka ise Tallinna linnas j\u00e4rele tulla! Kauba \u00fcleandmise lepime eelnevalt kokku e-kirja v\u00f5i telefoni teel! Eestimaa teistesse maakondadesse pakume\u00a0Horsefoodthebest\u00a0s\u00f6\u00f6tadele TASUTA transporti (kohaletoimetamine OSC- kulleriga kuni 3-4 t\u00f6\u00f6p\u00e4eva\u2026","rel":"","context":"Similar post","block_context":{"text":"Similar post","link":""},"img":{"alt_text":"","src":"https:\/\/i0.wp.com\/horsefood.ee\/wp-content\/uploads\/2020\/06\/Kaup-klientideni-tasuta-1.png?resize=350%2C200","width":350,"height":200,"srcset":"https:\/\/i0.wp.com\/horsefood.ee\/wp-content\/uploads\/2020\/06\/Kaup-klientideni-tasuta-1.png?resize=350%2C200 1x, https:\/\/i0.wp.com\/horsefood.ee\/wp-content\/uploads\/2020\/06\/Kaup-klientideni-tasuta-1.png?resize=525%2C300 1.5x, https:\/\/i0.wp.com\/horsefood.ee\/wp-content\/uploads\/2020\/06\/Kaup-klientideni-tasuta-1.png?resize=700%2C400 2x"},"classes":[]},{"id":3938,"url":"https:\/\/horsefood.ee\/latvia\/uudised\/","url_meta":{"origin":3570,"position":1},"title":"UUDISED!","author":"kadri koppel","date":"13. J\u016bl 2017","format":false,"excerpt":"Kuidas saab\u00a0Horsefoodthebest\u00a0hobutooteid\u00a0osta? Palun soorita ost l\u00e4bi e-poe!\u00a0Horsefoodthebest\u00a0\u00fclimaitsvad ning naturaalsed hobus\u00f6\u00f6dad toimetame Tallinna linnas\u00a0ja Harjumaa piires klientideni (miinimumkogus 2x20kg) 1-4 t\u00f6\u00f6p\u00e4eva jooksul TASUTA! Kindlasti eelnevalt t\u00e4psustada ja kokku leppida. \u00a0Ostja v\u00f5ib kaubale ka ise j\u00e4rele tulla, ladu asub V\u00e4\u00e4nas, Harku vald! Kauba \u00fcleandmise lepime eelnevalt kokku e-kirja v\u00f5i telefoni teel! Eestimaa\u2026","rel":"","context":"Similar post","block_context":{"text":"Similar post","link":""},"img":{"alt_text":"","src":"https:\/\/i0.wp.com\/horsefood.ee\/wp-content\/uploads\/2020\/07\/MAP-pakend-1.png?resize=350%2C200","width":350,"height":200,"srcset":"https:\/\/i0.wp.com\/horsefood.ee\/wp-content\/uploads\/2020\/07\/MAP-pakend-1.png?resize=350%2C200 1x, https:\/\/i0.wp.com\/horsefood.ee\/wp-content\/uploads\/2020\/07\/MAP-pakend-1.png?resize=525%2C300 1.5x, https:\/\/i0.wp.com\/horsefood.ee\/wp-content\/uploads\/2020\/07\/MAP-pakend-1.png?resize=700%2C400 2x"},"classes":[]},{"id":3941,"url":"https:\/\/horsefood.ee\/latvia\/hulgimuuk\/","url_meta":{"origin":3570,"position":2},"title":"Hulgim\u00fc\u00fck!","author":"kadri koppel","date":"13. J\u016bl 2017","format":false,"excerpt":"Hea hobuses\u00f5ber! Horsefoodthebest hobutoodete nimistusse kuulub ligemale 100 toodet. Vali Horsefoodthebest, sest Sinu hobune v\u00e4\u00e4rib vaid k\u00f5ige paremat! Suuremate kaubakoguste puhul, k\u00fcsi palun personaalset hinnapakkumist! T\u00e4nud! Enamikke s\u00f6\u00f6tasid ja heinagraanulit saab pakendada ka Bigbox-i vormis (1oookg). K\u00fcsi hinnapakkumist Sind huvipakkuvale\u00a0Horsefoodthebest s\u00f6\u00f6dale! Transpordime s\u00f6\u00f6tasid \u00fcle kogu Eesti! \u00a0","rel":"","context":"Similar post","block_context":{"text":"Similar post","link":""},"img":{"alt_text":"","src":"https:\/\/i0.wp.com\/horsefood.ee\/wp-content\/uploads\/2021\/03\/bigbox-uus.jpg?resize=350%2C200&ssl=1","width":350,"height":200,"srcset":"https:\/\/i0.wp.com\/horsefood.ee\/wp-content\/uploads\/2021\/03\/bigbox-uus.jpg?resize=350%2C200&ssl=1 1x, https:\/\/i0.wp.com\/horsefood.ee\/wp-content\/uploads\/2021\/03\/bigbox-uus.jpg?resize=525%2C300&ssl=1 1.5x, https:\/\/i0.wp.com\/horsefood.ee\/wp-content\/uploads\/2021\/03\/bigbox-uus.jpg?resize=700%2C400&ssl=1 2x, https:\/\/i0.wp.com\/horsefood.ee\/wp-content\/uploads\/2021\/03\/bigbox-uus.jpg?resize=1050%2C600&ssl=1 3x, https:\/\/i0.wp.com\/horsefood.ee\/wp-content\/uploads\/2021\/03\/bigbox-uus.jpg?resize=1400%2C800&ssl=1 4x"},"classes":[]},{"id":2337,"url":"https:\/\/horsefood.ee\/latvia\/","url_meta":{"origin":3570,"position":3},"title":"Meist","author":"kadri koppel","date":"2. Jan 2016","format":false,"excerpt":"Kvaliteetne hobus\u00f6\u00f6t ja hoolikalt valitud lisandid. Horsefood \u2013 hea tulemus algab hoolimisest. \u00d5ige toit on sellest suur osa. Horsefood Estonia O\u00dc toob Eestisse Hollandi Horsefood the Best hobus\u00f6\u00f6dad ja lisandid. Oleme seda teinud juba \u00fcle kaheksa aasta ja aidanud nii harrastus- kui sporthobuseid \u2013 nii noori kui vanu. Vaatame koos\u2026","rel":"","context":"Similar post","block_context":{"text":"Similar post","link":""},"img":{"alt_text":"","src":"https:\/\/i0.wp.com\/horsefood.ee\/wp-content\/uploads\/2016\/01\/HORSEFOOD-Georgi-tehtud-kaanefoto.png?resize=350%2C200","width":350,"height":200,"srcset":"https:\/\/i0.wp.com\/horsefood.ee\/wp-content\/uploads\/2016\/01\/HORSEFOOD-Georgi-tehtud-kaanefoto.png?resize=350%2C200 1x, https:\/\/i0.wp.com\/horsefood.ee\/wp-content\/uploads\/2016\/01\/HORSEFOOD-Georgi-tehtud-kaanefoto.png?resize=525%2C300 1.5x, https:\/\/i0.wp.com\/horsefood.ee\/wp-content\/uploads\/2016\/01\/HORSEFOOD-Georgi-tehtud-kaanefoto.png?resize=700%2C400 2x, https:\/\/i0.wp.com\/horsefood.ee\/wp-content\/uploads\/2016\/01\/HORSEFOOD-Georgi-tehtud-kaanefoto.png?resize=1050%2C600 3x, https:\/\/i0.wp.com\/horsefood.ee\/wp-content\/uploads\/2016\/01\/HORSEFOOD-Georgi-tehtud-kaanefoto.png?resize=1400%2C800 4x"},"classes":[]},{"id":3374,"url":"https:\/\/horsefood.ee\/latvia\/hinnakiri\/","url_meta":{"origin":3570,"position":4},"title":"Hinnakiri","author":"kadri koppel","date":"14. Apr 2017","format":false,"excerpt":"NB! K\u00f5ik meie sortimendis olevad tooted on valmistatud ainult looduslikku p\u00e4ritolu toorainest ja need on dopinguvabad!\u00a0 Siit leiad\u00a0HORSEFOOD eestikeelne kataloog You can find here\u00a0HORSEFOOD catalogue in English H I N N A K I R I `2024 GRAANULID Basis-Sportbrok (harrastus\/sport\/keskmine koormus) 20kg 19.82\u20ac Digest Controlbrok (seedimine\/k\u00f5ikidele hobustele) 20kg 24.39\u20ac Refit\u2026","rel":"","context":"Similar post","block_context":{"text":"Similar post","link":""},"img":{"alt_text":"","src":"https:\/\/i0.wp.com\/horsefood.ee\/wp-content\/uploads\/2020\/02\/Kvaliteet.png?resize=350%2C200&ssl=1","width":350,"height":200,"srcset":"https:\/\/i0.wp.com\/horsefood.ee\/wp-content\/uploads\/2020\/02\/Kvaliteet.png?resize=350%2C200&ssl=1 1x, https:\/\/i0.wp.com\/horsefood.ee\/wp-content\/uploads\/2020\/02\/Kvaliteet.png?resize=525%2C300&ssl=1 1.5x, https:\/\/i0.wp.com\/horsefood.ee\/wp-content\/uploads\/2020\/02\/Kvaliteet.png?resize=700%2C400&ssl=1 2x, https:\/\/i0.wp.com\/horsefood.ee\/wp-content\/uploads\/2020\/02\/Kvaliteet.png?resize=1050%2C600&ssl=1 3x, https:\/\/i0.wp.com\/horsefood.ee\/wp-content\/uploads\/2020\/02\/Kvaliteet.png?resize=1400%2C800&ssl=1 4x"},"classes":[]},{"id":4822,"url":"https:\/\/horsefood.ee\/latvia\/kusi-alati-soodanou-ara-pusi-uksinda\/","url_meta":{"origin":3570,"position":5},"title":"TARKUSETERA!","author":"kadri koppel","date":"5. Dec 2017","format":false,"excerpt":"\u00a0\u00c4ra \u00fctle millist s\u00f6\u00f6ta Sinul vaja oleks, vaid r\u00e4\u00e4gi minuga oma hobusest! Tea, et HORSEFOOD`the best tervislik s\u00f6\u00f6gikord koosneb v\u00f5rdses koguses, graanulit ja m\u00fcslit. Meie kohalikus, Eestimaa tootevalikus on kaheksa erinevat graanuls\u00f6\u00f6ta ning \u00fcheksa sorti mixe! Toodetele omistatud kvaliteedim\u00e4rgised: GMP+, HACCP, Skal, SECURE FEED.\u00a0","rel":"","context":"Similar post","block_context":{"text":"Similar post","link":""},"img":{"alt_text":"","src":"https:\/\/i0.wp.com\/horsefood.ee\/wp-content\/uploads\/2018\/05\/Horsefoodthe-best-saadikud-kujundus.png?resize=350%2C200","width":350,"height":200,"srcset":"https:\/\/i0.wp.com\/horsefood.ee\/wp-content\/uploads\/2018\/05\/Horsefoodthe-best-saadikud-kujundus.png?resize=350%2C200 1x, https:\/\/i0.wp.com\/horsefood.ee\/wp-content\/uploads\/2018\/05\/Horsefoodthe-best-saadikud-kujundus.png?resize=525%2C300 1.5x, https:\/\/i0.wp.com\/horsefood.ee\/wp-content\/uploads\/2018\/05\/Horsefoodthe-best-saadikud-kujundus.png?resize=700%2C400 2x"},"classes":[]}],"_links":{"self":[{"href":"https:\/\/horsefood.ee\/latvia\/wp-json\/wp\/v2\/pages\/3570","targetHints":{"allow":["GET"]}}],"collection":[{"href":"https:\/\/horsefood.ee\/latvia\/wp-json\/wp\/v2\/pages"}],"about":[{"href":"https:\/\/horsefood.ee\/latvia\/wp-json\/wp\/v2\/types\/page"}],"author":[{"embeddable":true,"href":"https:\/\/horsefood.ee\/latvia\/wp-json\/wp\/v2\/users\/1"}],"replies":[{"embeddable":true,"href":"https:\/\/horsefood.ee\/latvia\/wp-json\/wp\/v2\/comments?post=3570"}],"version-history":[{"count":5,"href":"https:\/\/horsefood.ee\/latvia\/wp-json\/wp\/v2\/pages\/3570\/revisions"}],"predecessor-version":[{"id":22935,"href":"https:\/\/horsefood.ee\/latvia\/wp-json\/wp\/v2\/pages\/3570\/revisions\/22935"}],"wp:attachment":[{"href":"https:\/\/horsefood.ee\/latvia\/wp-json\/wp\/v2\/media?parent=3570"}],"curies":[{"name":"wp","href":"https:\/\/api.w.org\/{rel}","templated":true}]}}