{"id":3374,"date":"2017-04-14T12:51:56","date_gmt":"2017-04-14T09:51:56","guid":{"rendered":"http:\/\/hobukomm.ee\/?page_id=3374"},"modified":"2025-07-03T13:39:43","modified_gmt":"2025-07-03T10:39:43","slug":"hinnakiri","status":"publish","type":"page","link":"https:\/\/horsefood.ee\/latvia\/hinnakiri\/","title":{"rendered":"Hinnakiri"},"content":{"rendered":"<figure class=\"wp-block-image size-large is-resized\"><img loading=\"lazy\" decoding=\"async\" width=\"1920\" height=\"1080\" data-attachment-id=\"9847\" data-permalink=\"https:\/\/horsefood.ee\/latvia\/hinnakiri\/kvaliteet\/#main\" data-orig-file=\"https:\/\/i0.wp.com\/horsefood.ee\/wp-content\/uploads\/2020\/02\/Kvaliteet.png?fit=1920%2C1080&amp;ssl=1\" data-orig-size=\"1920,1080\" data-comments-opened=\"0\" data-image-meta=\"{&quot;aperture&quot;:&quot;0&quot;,&quot;credit&quot;:&quot;&quot;,&quot;camera&quot;:&quot;&quot;,&quot;caption&quot;:&quot;&quot;,&quot;created_timestamp&quot;:&quot;0&quot;,&quot;copyright&quot;:&quot;&quot;,&quot;focal_length&quot;:&quot;0&quot;,&quot;iso&quot;:&quot;0&quot;,&quot;shutter_speed&quot;:&quot;0&quot;,&quot;title&quot;:&quot;&quot;,&quot;orientation&quot;:&quot;0&quot;}\" data-image-title=\"\" data-image-description=\"\" data-image-caption=\"\" data-large-file=\"https:\/\/i0.wp.com\/horsefood.ee\/wp-content\/uploads\/2020\/02\/Kvaliteet.png?fit=1020%2C574&amp;ssl=1\" src=\"https:\/\/i2.wp.com\/horsefood.ee\/wp-content\/uploads\/2020\/02\/Kvaliteet.png?fit=980%2C551&amp;ssl=1\" alt=\"\" class=\"wp-image-9847\" style=\"width:735px;height:413px\" srcset=\"https:\/\/i0.wp.com\/horsefood.ee\/wp-content\/uploads\/2020\/02\/Kvaliteet.png?w=1920&amp;ssl=1 1920w, https:\/\/i0.wp.com\/horsefood.ee\/wp-content\/uploads\/2020\/02\/Kvaliteet.png?resize=300%2C169&amp;ssl=1 300w, https:\/\/i0.wp.com\/horsefood.ee\/wp-content\/uploads\/2020\/02\/Kvaliteet.png?resize=1024%2C576&amp;ssl=1 1024w, https:\/\/i0.wp.com\/horsefood.ee\/wp-content\/uploads\/2020\/02\/Kvaliteet.png?resize=768%2C432&amp;ssl=1 768w, https:\/\/i0.wp.com\/horsefood.ee\/wp-content\/uploads\/2020\/02\/Kvaliteet.png?resize=1536%2C864&amp;ssl=1 1536w, https:\/\/i0.wp.com\/horsefood.ee\/wp-content\/uploads\/2020\/02\/Kvaliteet.png?resize=416%2C234&amp;ssl=1 416w\" sizes=\"auto, (max-width: 1020px) 100vw, 1020px\" \/><\/figure>\n\n\n\n<p><span style=\"color: #000000;\"><em><strong>NB! K\u00f5ik meie sortimendis olevad tooted on <span style=\"color: #0000ff;\">valmistatud ainult looduslikku p\u00e4ritolu toorainest <span style=\"color: #000000;\">ja<\/span> need on dopinguvabad!&nbsp;<\/span><\/strong><\/em><\/span><\/p>\n<hr \/>\n<p><em><strong><span style=\"color: #000000;\">Siit leiad&nbsp;<span style=\"color: #0000ff;\"><a style=\"color: #0000ff;\" href=\"http:\/\/horsefood.ee\/wp-content\/uploads\/2018\/04\/HORSEFOOD-ESTONIA-kataloog-2018.pdf\" target=\"_blank\" rel=\"noopener noreferrer\">HORSEFOOD eestikeelne kataloog<\/a><\/span><\/span><\/strong><\/em><\/p>\n<p><em><strong><span style=\"color: #000000;\">You can find here<\/span>&nbsp;<span style=\"color: #0000ff;\"><a style=\"color: #0000ff;\" href=\"http:\/\/horsefood.ee\/wp-content\/uploads\/2017\/10\/HORSEFOOD-catalogue-in-English.pdf\" target=\"_blank\" rel=\"noopener noreferrer\">HORSEFOOD catalogue in English<\/a><\/span><\/strong><\/em><\/p>\n\n\n\n<blockquote class=\"wp-block-quote is-layout-flow wp-block-quote-is-layout-flow\">\n<p><strong>H I N N A K I R I  `202<\/strong>4<\/p>\n<cite>GRAANULID<\/cite><\/blockquote>\n\n\n\n<ul class=\"wp-block-list\">\n<li><strong>Basis-Sportbrok<\/strong> (harrastus\/sport\/keskmine koormus) 20kg <strong>19.<\/strong>82\u20ac<\/li>\n\n\n\n<li><strong>Digest Controlbrok<\/strong> (seedimine\/k\u00f5ikidele hobustele) 20kg<strong> 24.<\/strong>39\u20ac<\/li>\n\n\n\n<li><strong>Refit Energybrok<\/strong> (kiire taastumine\/sport\/raske t\u00f6\u00f6) 20kg <strong>24.<\/strong>39\u20ac<\/li>\n\n\n\n<li><strong>XP-EQ Gistbrok<\/strong> (p\u00e4rmikultuurid\/tippsooritus) 20kg <strong>24.50<\/strong>\u20ac<\/li>\n\n\n\n<li><strong>Kernmixbrok<\/strong> (\u00fclalpidamisgraanul\/suurtallid) 20kg \u20ac (<em>ettetellimisega<\/em>) <\/li>\n\n\n\n<li><strong>Mais-lijnzaadbrok<\/strong> (alakaalulisus\/lisaenergia\/\u00fclimaitsev) 20kg <strong>24.<\/strong>39\u20ac<\/li>\n\n\n\n<li><strong>Veulenkorrell Start<\/strong> (varsad alates 3-ndast elun\u00e4dalast) 20kg <strong>25.<\/strong>41\u20ac<\/li>\n\n\n\n<li><strong>Jaarling-Merriebrokken<\/strong> (s\u00e4lud kuni 2,5 eluaastani\/m\u00e4rad) 20kg <strong>22.<\/strong>87\u20ac<\/li>\n\n\n\n<li><strong>Merriebrok-Beta<\/strong> (beetakaroteen\/t\u00f5uaretuse m\u00e4rad\/t\u00e4kud) 20kg <strong>24.<\/strong>39\u20ac<\/li>\n\n\n\n<li> <strong>Mahem\u00e4rgisega \u00f6koloogilised s\u00f6\u00f6dagraanulid <\/strong>(k\u00f5ik hobuspordi distsipliinid) 20kg <strong>25.<\/strong>41\u20ac<\/li>\n\n\n\n<li><strong>Suhkrupeedi viljalihagraanulid <\/strong>(seedimine\/konditsioon) 20kg<strong> 22.<\/strong>36\u20ac<\/li>\n\n\n\n<li><strong>Heinagraanulid<\/strong> (ei vaja leotamist) 20kg  21,34\u20ac<\/li>\n<\/ul>\n\n\n\n<blockquote class=\"wp-block-quote is-layout-flow wp-block-quote-is-layout-flow\">\n<p><\/p>\n<cite>M\u00dcSLID ja LUTSERN<\/cite><\/blockquote>\n\n\n\n<ul class=\"wp-block-list\">\n<li><strong>Gastro-Activecare-Mix<\/strong> (teravilja-, melassi- ja gluteenivaba\/lisatud p\u00e4rm ja magneesium\/k\u00f5rgeim koormus) 20kg <strong>31,31\u20ac<\/strong><\/li>\n\n\n\n<li><strong>Graanvrij-Mix <\/strong>(teravilja- ja melassivaba\/madal suhkur-t\u00e4rklis\/probiootikum\/kerge-keskmine t\u00f6\u00f6) 20kg <strong>28.46\u20ac<\/strong><\/li>\n\n\n\n<li><strong>Multibeet Senior-Mix<\/strong> (hambaprobleemid\/halb konditsioon \/ pirtsakad s\u00f6\u00f6jad\/temperamentsed isendid) 20kg <strong>28.<\/strong>97\u20ac<\/li>\n\n\n\n<li><strong>Appel-Mix<\/strong> (kaeravaba\/klassikaline\/heaolu\/harrastus\/sport) 20kg <strong>26.<\/strong>93\u20ac<\/li>\n\n\n\n<li><strong>Easy-Mix<\/strong> (kaeravaba\/n\u00e4rvilisus\/sport\/keskmine koormus) 20kg<strong> 27.<\/strong>44\u20ac<\/li>\n\n\n\n<li><strong>Slobbermeel<\/strong> (mash\/konditsioon\/lisaenergia\/seedimine) 20kg <strong>28.<\/strong>97\u20ac<\/li>\n\n\n\n<li><strong>Kruidenstruktuur-Mix<\/strong> (kaeravaba\/tervisem\u00fcsli\/hingamine\/sport) 20kg<strong> 29.<\/strong>48\u20ac<\/li>\n\n\n\n<li><strong>Omega-3 Power Mix<\/strong> (kaeravaba\/v\u00f5imekad lihased\/tippsooritus) 20kg <strong>29.<\/strong>98\u20ac<\/li>\n\n\n\n<li><strong>Speed-Mix<\/strong> (must kaer\/pre- ja probiootikumid\/plahvatuslik energia\/tippsooritus) 20kg <strong>28.<\/strong>46\u20ac<\/li>\n\n\n\n<li><strong>Happy-Summermix<\/strong> (kaeravaba\/ainevahetushaigused) 20kg <strong>3<\/strong>3,03\u20ac<\/li>\n\n\n\n<li><strong>Grow-Mix<\/strong> (varsad alates 3-ndast elun\u00e4dalast\/s\u00e4lud kuni 2,5 eluaastani\/m\u00e4rad) 20kg <strong>28.<\/strong>97\u20ac<\/li>\n\n\n\n<li><strong>Lutsern \/ Hippoluz<\/strong> (hekseldatud\/100% naturaalne toode\/toodetud Hollandis) 20kg <strong>24.<\/strong>40\u20ac<\/li>\n\n\n\n<li><strong>Lutsern \/ Digest Wafer<\/strong>(k\u00e4ep\u00e4rased kuubikud\/seedimine) 20kg  <strong>29.<\/strong>48\u20ac<\/li>\n<\/ul>\n\n\n\n<blockquote class=\"wp-block-quote is-layout-flow wp-block-quote-is-layout-flow\">\n<p><\/p>\n<cite>MINERAALID<\/cite><\/blockquote>\n\n\n\n<ul class=\"wp-block-list\">\n<li><strong>Zeewier-Mix<\/strong> (merevetikad\/valik mineraale: kaltsium, biotiin, seleen, naatrium) 2kg <strong>24.<\/strong>40\u20ac<\/li>\n\n\n\n<li><strong>Zeewier-Mix<\/strong> (     &#8221;     ) 20kg <strong>167.00<\/strong>\u20ac <em>(ettetellimisega!) <\/em><\/li>\n\n\n\n<li><strong>Vita Horse Korrels<\/strong> (vitamiinid\/mineraalid\/immuunsus\/j\u00f5udlus) 5kg <strong>28.<\/strong>46\u20ac<\/li>\n\n\n\n<li><strong>Vita Horse Korrels<\/strong> (     &#8221;     ) 25kg <strong>9<\/strong>4,52\u20ac<\/li>\n\n\n\n<li><strong>Sunsetbalance Korrel<\/strong>s (mineraalid\/immuunsus\/eriline kaitse!) 10kg <strong>39.<\/strong>64\u20ac<\/li>\n\n\n\n<li><strong>Sunsetbalance Korrels<\/strong> (     &#8221;     ) 20kg<strong> 6<\/strong>5,05\u20ac <\/li>\n<\/ul>\n\n\n\n<blockquote class=\"wp-block-quote is-layout-flow wp-block-quote-is-layout-flow\">\n<p><\/p>\n<cite>S\u00d6\u00d6DALISANDID<\/cite><\/blockquote>\n\n\n\n<ul class=\"wp-block-list\">\n<li><strong>Biotinemix <\/strong>(biotiin\/ kabja tugevus\/karvkatte tihedus) 1000gr <strong>42.<\/strong>69\u20ac<\/li>\n\n\n\n<li><strong>Detox Immuno Support<\/strong> (immuunsus\/heaolu\/tervis) 1000ml <strong>43.70\u20ac<\/strong><\/li>\n\n\n\n<li><strong>Bodybuilder<\/strong> (sooritusv\u00f5ime\/lihased) 1000ml <strong>32.<\/strong>52\u20ac<\/li>\n\n\n\n<li><strong>Easy&amp;Relax<\/strong>  (magneesium\/n\u00e4rvis\u00fcsteemi tugevdamine) 1000ml <strong>35.<\/strong>57\u20ac<\/li>\n\n\n\n<li><strong>Relax&amp;Easy<\/strong>\/<strong>Julian&amp;Jones<\/strong> (n\u00e4rvilisus) 500gr <strong>53.00\u20ac<\/strong><\/li>\n\n\n\n<li><strong>Mood Control \/ Julian&amp;Jones<\/strong> (hormoonid kontrolli alla\/meeleoluh\u00e4ired) 1000ml <strong>58.00<\/strong>\u20ac <em>(ettetellimisega!)<\/em><\/li>\n\n\n\n<li><strong>Elektrolyten+<\/strong> (elektrol\u00fc\u00fcdid\/taastumine) 1000ml <strong>38.<\/strong>62\u20ac<\/li>\n\n\n\n<li><strong>MGC Artro Mix<\/strong> (liigesed\/k\u00f5hred\/sidekude) 1000ml <strong>50.<\/strong>82\u20ac<\/li>\n\n\n\n<li><strong>E-Seleen<\/strong> (ainevahetus\/sooritusv\u00f5ime) 1000ml <strong> 36.<\/strong>59\u20ac<\/li>\n\n\n\n<li><strong>K\u00fc\u00fcslauguhelbed<\/strong> (immuunsus\/s\u00f6\u00f6giisu soodustav) 2kg  <strong>37.<\/strong>61\u20ac<\/li>\n\n\n\n<li><strong>K\u00fc\u00fcslauguhelbed<\/strong> (     &#8221;     ) 10kg <strong>137.00<\/strong>\u20ac <em>(ettetellimisega!) <\/em><\/li>\n\n\n\n<li><strong>Linaseemne\u00f5li<\/strong> (esimene k\u00fclmpress\/k\u00f5rgeim toitev\u00e4\u00e4rtus) 5000ml <strong>39.<\/strong>64\u20ac<\/li>\n\n\n\n<li><strong>Linaseemned kohe valmis s\u00f6\u00f6tmiseks<\/strong> (seedimine\/heaolu) 5kg <strong>27.<\/strong>44\u20ac<\/li>\n\n\n\n<li><strong>Linaseemned kohe valmis s\u00f6\u00f6tmiseks<\/strong> (     &#8221;     ) 20kg <strong>6<\/strong>3,05\u20ac<\/li>\n\n\n\n<li><strong>P\u00e4rmigraanulid Bix-Peq Korrels<\/strong> (seedimine\/investeering tulevikku!) 4kg <strong>38.<\/strong>62\u20ac<\/li>\n\n\n\n<li><strong>P\u00e4rmigraanulid Bix-Peq Korrels<\/strong> (     &#8221;     ) 25kg    <strong> 169.00<\/strong>\u20ac<em> (ettetellimise<\/em>ga!) <\/li>\n\n\n\n<li> <strong>Stomach Shield\/Julian&amp;Jones <\/strong>(K\u00f5hukaitse) 1200gr <strong>86.00\u20ac<\/strong> <\/li>\n\n\n\n<li><strong>Heparen<\/strong>+\/<strong>Julian&amp;Jones<\/strong> (neerude ja maksa kaitse) 1000ml <strong>48.00\u20ac<\/strong><\/li>\n\n\n\n<li><strong>Breath \/ Julian&amp;Jones<\/strong> (hingamine\/kogu bronhides\u00fcsteem) 1000ml <strong>48.00<\/strong>\u20ac<\/li>\n\n\n\n<li><strong>Sport Recovery+ <\/strong>(aleuroon\/sooritusv\u00f5ime\/taastumine) 4kg <strong>35.<\/strong>57\u20ac<\/li>\n\n\n\n<li><strong>Sport Recovery+ HF \u00e4mbris<\/strong> (     &#8221;     )  10kg <strong>7<\/strong>9,28\u20ac<em> (ettetellimisega!) <\/em><\/li>\n\n\n\n<li><strong>Sport Recovery+<\/strong> <strong>paberkotis<\/strong> (     &#8221;     ) 20kg <strong>130.00<\/strong>\u20ac<em> (ettetellimisega!)<\/em><\/li>\n\n\n\n<li><strong>Superhorze Lactarecovery\/Julian&amp;Jones<\/strong> (taastumine\/j\u00f5udlus) 1000ml <strong>54.00\u20ac<\/strong><\/li>\n<\/ul>\n\n\n\n<p><\/p>\n\n\n\n<blockquote class=\"wp-block-quote is-layout-flow wp-block-quote-is-layout-flow\">\n<p><\/p>\n<cite>HOBUMAIUSED<\/cite><\/blockquote>\n\n\n\n<ul class=\"wp-block-list\">\n<li><strong>\u00dcrdibonbonid karbis<\/strong> (kuue erineva maitsetaimega\/vitaminiseeritud) 1,5kg <strong>12.00<\/strong>\u20ac<\/li>\n\n\n\n<li><strong>\u00dcrdibonbonid<\/strong> <strong>pakendis<\/strong> 5kg <strong>26.00<\/strong>\u20ac<\/li>\n\n\n\n<li><strong>\u00dcrdibonbonid HF \u00e4mbris<\/strong> 7,5kg <strong>00.00<\/strong>\u20ac (<em>ettetellimisega<\/em>)<\/li>\n\n\n\n<li><strong>\u00dcrdibonbonid paberkotis<\/strong> 15kg<strong> 65.00<\/strong>\u20ac <em>(ettetellimisega!) <\/em><\/li>\n<\/ul>\n\n\n\n<blockquote class=\"wp-block-quote is-layout-flow wp-block-quote-is-layout-flow\">\n<p><\/p>\n<cite>TEISED TOOTED<\/cite><\/blockquote>\n\n\n\n<ul class=\"wp-block-list\">\n<li><strong>Laka- ja sabapalsam<\/strong> (Hi-Gloss\/premiumklassi toode)  500ml <strong>14.<\/strong>23\u20ac<\/li>\n\n\n\n<li><strong>Laka- ja sabapalsam<\/strong> (Hi-Gloss\/premiumklassi toode) 2500ml <strong>40.<\/strong>66\u20ac <em>(ettetellimisega!)<\/em><\/li>\n\n\n\n<li><strong>Hydra-Fix Horse huulepulk<\/strong>\/<strong>Julian&amp;Jones <\/strong>50ml <strong>14.00\u20ac<\/strong><\/li>\n\n\n\n<li><strong>Kabjasalv<\/strong>\/<strong>Julian&amp;Jones<\/strong> 850ml <strong>26.00\u20ac<\/strong><\/li>\n\n\n\n<li><strong>Antiklit-Gel<\/strong> (l\u00e4ikegeel lakale ja sabale) 250ml <strong>16.00<\/strong>\u20ac<\/li>\n\n\n\n<li><strong>Lavendli shampoon<\/strong> (100% naturaalne toode\/v\u00f5ib pesta ka teisi koduloomi) 1000ml <strong>16.00<\/strong>\u20ac<\/li>\n\n\n\n<li><strong>S\u00f6\u00f6da\u00e4mber<\/strong> kaanega 15L <strong>12.00<\/strong>\u20ac<\/li>\n\n\n\n<li><strong>S\u00f6\u00f6dakopsik 4.80<\/strong>\u20ac<\/li>\n\n\n\n<li><strong>Tallitahvel<\/strong> Horsefood`The best <strong>5.00<\/strong>\u20ac<\/li>\n\n\n\n<li><strong>Nahahooldusvahend \/ Julian&amp;Jones<\/strong> 550ml <strong>25.00<\/strong>\u20ac<\/li>\n\n\n\n<li><strong>Pump 5L kanistrile 6.50\u20ac<\/strong><\/li>\n<\/ul>\n\n\n\n<p><strong><em>NB! Abistame igati sobilike toodete valikul!  Ettetellimisega toodete ostusoovi  ja t\u00e4iendavate k\u00fcsimuste korral, palun helista v\u00f5i kirjuta! <\/em><\/strong> +372 5016180 \/ post@horsefood.ee. <\/p>","protected":false},"excerpt":{"rendered":"<p>NB! K\u00f5ik meie sortimendis olevad tooted on valmistatud ainult looduslikku p\u00e4ritolu toorainest ja need on dopinguvabad!&nbsp; Siit leiad&nbsp;HORSEFOOD eestikeelne kataloog You can find here&nbsp;HORSEFOOD catalogue in English H I N N A K I R I `2024 GRAANULID M\u00dcSLID ja LUTSERN MINERAALID S\u00d6\u00d6DALISANDID HOBUMAIUSED TEISED TOOTED NB! Abistame igati sobilike toodete valikul! Ettetellimisega toodete ostusoovi ja t\u00e4iendavate k\u00fcsimuste korral, palun helista v\u00f5i kirjuta! +372 5016180 \/ post@horsefood.ee.<\/p>","protected":false},"author":1,"featured_media":0,"parent":0,"menu_order":0,"comment_status":"closed","ping_status":"closed","template":"","meta":{"jetpack_post_was_ever_published":false,"footnotes":""},"class_list":["post-3374","page","type-page","status-publish","hentry"],"jetpack_sharing_enabled":true,"jetpack_shortlink":"https:\/\/wp.me\/PaE1on-Sq","jetpack-related-posts":[],"_links":{"self":[{"href":"https:\/\/horsefood.ee\/latvia\/wp-json\/wp\/v2\/pages\/3374","targetHints":{"allow":["GET"]}}],"collection":[{"href":"https:\/\/horsefood.ee\/latvia\/wp-json\/wp\/v2\/pages"}],"about":[{"href":"https:\/\/horsefood.ee\/latvia\/wp-json\/wp\/v2\/types\/page"}],"author":[{"embeddable":true,"href":"https:\/\/horsefood.ee\/latvia\/wp-json\/wp\/v2\/users\/1"}],"replies":[{"embeddable":true,"href":"https:\/\/horsefood.ee\/latvia\/wp-json\/wp\/v2\/comments?post=3374"}],"version-history":[{"count":5,"href":"https:\/\/horsefood.ee\/latvia\/wp-json\/wp\/v2\/pages\/3374\/revisions"}],"predecessor-version":[{"id":21838,"href":"https:\/\/horsefood.ee\/latvia\/wp-json\/wp\/v2\/pages\/3374\/revisions\/21838"}],"wp:attachment":[{"href":"https:\/\/horsefood.ee\/latvia\/wp-json\/wp\/v2\/media?parent=3374"}],"curies":[{"name":"wp","href":"https:\/\/api.w.org\/{rel}","templated":true}]}}