{"id":3313,"date":"2017-04-14T11:35:02","date_gmt":"2017-04-14T08:35:02","guid":{"rendered":"http:\/\/hobukomm.ee\/?page_id=3313"},"modified":"2024-07-18T18:46:20","modified_gmt":"2024-07-18T15:46:20","slug":"kontakt","status":"publish","type":"page","link":"https:\/\/horsefood.ee\/latvia\/kontakt\/","title":{"rendered":"Kontakt"},"content":{"rendered":"<figure class=\"wp-block-image is-resized\"><img data-recalc-dims=\"1\" loading=\"lazy\" decoding=\"async\" width=\"1020\" height=\"359\" data-attachment-id=\"8294\" data-permalink=\"https:\/\/horsefood.ee\/latvia\/kontakt\/reklaamriba-1\/#main\" data-orig-file=\"https:\/\/i0.wp.com\/horsefood.ee\/wp-content\/uploads\/2019\/11\/reklaamriba-1.png?fit=3000%2C1055&amp;ssl=1\" data-orig-size=\"3000,1055\" data-comments-opened=\"0\" data-image-meta=\"{&quot;aperture&quot;:&quot;0&quot;,&quot;credit&quot;:&quot;&quot;,&quot;camera&quot;:&quot;&quot;,&quot;caption&quot;:&quot;&quot;,&quot;created_timestamp&quot;:&quot;0&quot;,&quot;copyright&quot;:&quot;&quot;,&quot;focal_length&quot;:&quot;0&quot;,&quot;iso&quot;:&quot;0&quot;,&quot;shutter_speed&quot;:&quot;0&quot;,&quot;title&quot;:&quot;&quot;,&quot;orientation&quot;:&quot;0&quot;}\" data-image-title=\"\" data-image-description=\"\" data-image-caption=\"\" data-large-file=\"https:\/\/i0.wp.com\/horsefood.ee\/wp-content\/uploads\/2019\/11\/reklaamriba-1.png?fit=1020%2C359&amp;ssl=1\" src=\"https:\/\/i0.wp.com\/horsefood.ee\/wp-content\/uploads\/2019\/11\/reklaamriba-1.png?resize=1020%2C359&#038;ssl=1\" alt=\"\" class=\"wp-image-8294\" style=\"width:768px;height:270px\" srcset=\"https:\/\/i0.wp.com\/horsefood.ee\/wp-content\/uploads\/2019\/11\/reklaamriba-1.png?resize=1024%2C360&amp;ssl=1 1024w, https:\/\/i0.wp.com\/horsefood.ee\/wp-content\/uploads\/2019\/11\/reklaamriba-1.png?resize=300%2C106&amp;ssl=1 300w, https:\/\/i0.wp.com\/horsefood.ee\/wp-content\/uploads\/2019\/11\/reklaamriba-1.png?resize=768%2C270&amp;ssl=1 768w, https:\/\/i0.wp.com\/horsefood.ee\/wp-content\/uploads\/2019\/11\/reklaamriba-1.png?resize=416%2C146&amp;ssl=1 416w, https:\/\/i0.wp.com\/horsefood.ee\/wp-content\/uploads\/2019\/11\/reklaamriba-1.png?w=2040&amp;ssl=1 2040w\" sizes=\"auto, (max-width: 1020px) 100vw, 1020px\" \/><\/figure>\n\n\n<hr \/>\n<p><strong>Esindaja Eesti, Leedu, L\u00e4ti;<\/strong><\/p>\n<p>Senne O\u00dc, Kaera tee 6, V\u00e4\u00e4na, Harku vald, \u00a0Estonia<\/p>\n<p><strong>\u00c4rijuht:\u00a0<\/strong>Kaido Koppel, +372 5016180 \/ kaido@horsefood.ee<\/p>\n<p><strong>Tooted: kaido<\/strong>@horsefood.ee<\/p>","protected":false},"excerpt":{"rendered":"<p>Esindaja Eesti, Leedu, L\u00e4ti; Senne O\u00dc, Kaera tee 6, V\u00e4\u00e4na, Harku vald, \u00a0Estonia \u00c4rijuht:\u00a0Kaido Koppel, +372 5016180 \/ kaido@horsefood.ee Tooted: kaido@horsefood.ee<\/p>","protected":false},"author":2,"featured_media":0,"parent":0,"menu_order":0,"comment_status":"closed","ping_status":"closed","template":"","meta":{"jetpack_post_was_ever_published":false,"footnotes":""},"class_list":["post-3313","page","type-page","status-publish","hentry"],"jetpack_sharing_enabled":true,"jetpack_shortlink":"https:\/\/wp.me\/PaE1on-Rr","jetpack-related-posts":[{"id":3570,"url":"https:\/\/horsefood.ee\/latvia\/ostutingimused\/","url_meta":{"origin":3313,"position":0},"title":"Ostutingimused","author":"kadri koppel","date":"18. Apr 2017","format":false,"excerpt":"Veebipoe omanik on: Horsefood Estonia O\u00dc\/ LADU asub aadressil Kaera 6, V\u00e4\u00e4na, Harku vald, \u00a0+372 5016180 Kaido Koppel Kauba valimine:\u00a0 Palun valige v\u00e4lja sobilikud tooted ja lisage need ostukorvi. Ostukorvi sisu on v\u00f5imalik hiljem kohendada - \"Uuenda ostukorvi\". Edasi liigu - \"Mine kassasse\". Kauba tellimine:\u00a0 T\u00e4ida korrektselt k\u00f5ik Sinu tellimust\u2026","rel":"","context":"Similar post","block_context":{"text":"Similar post","link":""},"img":{"alt_text":"","src":"","width":0,"height":0},"classes":[]},{"id":3255,"url":"https:\/\/horsefood.ee\/latvia\/ostukorv\/","url_meta":{"origin":3313,"position":1},"title":"Ostukorv","author":"kadri koppel","date":"11. Apr 2017","format":false,"excerpt":"","rel":"","context":"Similar post","block_context":{"text":"Similar post","link":""},"img":{"alt_text":"","src":"","width":0,"height":0},"classes":[]},{"id":3257,"url":"https:\/\/horsefood.ee\/latvia\/kassa\/","url_meta":{"origin":3313,"position":2},"title":"Kassa","author":"kadri koppel","date":"11. Apr 2017","format":false,"excerpt":"","rel":"","context":"Similar post","block_context":{"text":"Similar post","link":""},"img":{"alt_text":"","src":"","width":0,"height":0},"classes":[]},{"id":3698,"url":"https:\/\/horsefood.ee\/latvia\/blogi\/","url_meta":{"origin":3313,"position":3},"title":"Blogi","author":"Georg Koppel","date":"25. Apr 2017","format":false,"excerpt":"","rel":"","context":"Similar post","block_context":{"text":"Similar post","link":""},"img":{"alt_text":"","src":"","width":0,"height":0},"classes":[]},{"id":3253,"url":"https:\/\/horsefood.ee\/latvia\/e-pood\/","url_meta":{"origin":3313,"position":4},"title":"E-POOD","author":"kadri koppel","date":"11. Apr 2017","format":false,"excerpt":"","rel":"","context":"Similar post","block_context":{"text":"Similar post","link":""},"img":{"alt_text":"","src":"","width":0,"height":0},"classes":[]},{"id":3259,"url":"https:\/\/horsefood.ee\/latvia\/minu-tellimused\/","url_meta":{"origin":3313,"position":5},"title":"Minu tellimused","author":"kadri koppel","date":"11. Apr 2017","format":false,"excerpt":"","rel":"","context":"Similar post","block_context":{"text":"Similar post","link":""},"img":{"alt_text":"","src":"","width":0,"height":0},"classes":[]}],"_links":{"self":[{"href":"https:\/\/horsefood.ee\/latvia\/wp-json\/wp\/v2\/pages\/3313","targetHints":{"allow":["GET"]}}],"collection":[{"href":"https:\/\/horsefood.ee\/latvia\/wp-json\/wp\/v2\/pages"}],"about":[{"href":"https:\/\/horsefood.ee\/latvia\/wp-json\/wp\/v2\/types\/page"}],"author":[{"embeddable":true,"href":"https:\/\/horsefood.ee\/latvia\/wp-json\/wp\/v2\/users\/2"}],"replies":[{"embeddable":true,"href":"https:\/\/horsefood.ee\/latvia\/wp-json\/wp\/v2\/comments?post=3313"}],"version-history":[{"count":5,"href":"https:\/\/horsefood.ee\/latvia\/wp-json\/wp\/v2\/pages\/3313\/revisions"}],"predecessor-version":[{"id":19854,"href":"https:\/\/horsefood.ee\/latvia\/wp-json\/wp\/v2\/pages\/3313\/revisions\/19854"}],"wp:attachment":[{"href":"https:\/\/horsefood.ee\/latvia\/wp-json\/wp\/v2\/media?parent=3313"}],"curies":[{"name":"wp","href":"https:\/\/api.w.org\/{rel}","templated":true}]}}