{"id":2337,"date":"2016-01-02T15:12:04","date_gmt":"2016-01-02T13:12:04","guid":{"rendered":"http:\/\/hobukomm.ee\/?page_id=2337"},"modified":"2025-12-01T13:18:34","modified_gmt":"2025-12-01T11:18:34","slug":"meist","status":"publish","type":"page","link":"https:\/\/horsefood.ee\/latvia\/","title":{"rendered":"Meist"},"content":{"rendered":"<a href=\"https:\/\/i0.wp.com\/horsefood.ee\/wp-content\/uploads\/2016\/01\/HORSEFOOD-Georgi-tehtud-kaanefoto.png\">\n<img data-recalc-dims=\"1\" loading=\"lazy\" decoding=\"async\" data-attachment-id=\"3841\" data-permalink=\"https:\/\/horsefood.ee\/latvia\/kontakt\/meist\/horsefood-georgi-tehtud-kaanefoto\/#main\" data-orig-file=\"https:\/\/i0.wp.com\/horsefood.ee\/wp-content\/uploads\/2016\/01\/HORSEFOOD-Georgi-tehtud-kaanefoto.png?fit=3009%2C903&amp;ssl=1\" data-orig-size=\"3009,903\" data-comments-opened=\"0\" data-image-meta=\"{&quot;aperture&quot;:&quot;0&quot;,&quot;credit&quot;:&quot;&quot;,&quot;camera&quot;:&quot;&quot;,&quot;caption&quot;:&quot;&quot;,&quot;created_timestamp&quot;:&quot;0&quot;,&quot;copyright&quot;:&quot;&quot;,&quot;focal_length&quot;:&quot;0&quot;,&quot;iso&quot;:&quot;0&quot;,&quot;shutter_speed&quot;:&quot;0&quot;,&quot;title&quot;:&quot;&quot;,&quot;orientation&quot;:&quot;0&quot;}\" data-image-title=\"Saavutus l\u00e4bi naturaalse toidu!\" data-image-description=\"\" data-image-caption=\"\" data-large-file=\"https:\/\/i0.wp.com\/horsefood.ee\/wp-content\/uploads\/2016\/01\/HORSEFOOD-Georgi-tehtud-kaanefoto.png?fit=1020%2C306&amp;ssl=1\" class=\"aligncenter size-full wp-image-3841\" src=\"https:\/\/i0.wp.com\/horsefood.ee\/wp-content\/uploads\/2016\/01\/HORSEFOOD-Georgi-tehtud-kaanefoto.png?resize=1020%2C306\" alt=\"\" width=\"1020\" height=\"306\" srcset=\"https:\/\/i0.wp.com\/horsefood.ee\/wp-content\/uploads\/2016\/01\/HORSEFOOD-Georgi-tehtud-kaanefoto.png?w=3009&amp;ssl=1 3009w, https:\/\/i0.wp.com\/horsefood.ee\/wp-content\/uploads\/2016\/01\/HORSEFOOD-Georgi-tehtud-kaanefoto.png?resize=300%2C90&amp;ssl=1 300w, https:\/\/i0.wp.com\/horsefood.ee\/wp-content\/uploads\/2016\/01\/HORSEFOOD-Georgi-tehtud-kaanefoto.png?resize=768%2C230&amp;ssl=1 768w, https:\/\/i0.wp.com\/horsefood.ee\/wp-content\/uploads\/2016\/01\/HORSEFOOD-Georgi-tehtud-kaanefoto.png?resize=1024%2C307&amp;ssl=1 1024w, https:\/\/i0.wp.com\/horsefood.ee\/wp-content\/uploads\/2016\/01\/HORSEFOOD-Georgi-tehtud-kaanefoto.png?resize=180%2C54&amp;ssl=1 180w, https:\/\/i0.wp.com\/horsefood.ee\/wp-content\/uploads\/2016\/01\/HORSEFOOD-Georgi-tehtud-kaanefoto.png?resize=600%2C180&amp;ssl=1 600w, https:\/\/i0.wp.com\/horsefood.ee\/wp-content\/uploads\/2016\/01\/HORSEFOOD-Georgi-tehtud-kaanefoto.png?w=2040&amp;ssl=1 2040w\" sizes=\"auto, (max-width: 1020px) 100vw, 1020px\" \/><\/a>\n\n\n<hr \/>\n\n<p><strong>Kvaliteetne hobus\u00f6\u00f6t ja hoolikalt valitud lisandid.<\/strong><\/p>\n<p><strong>Horsefood \u2013 hea tulemus algab hoolimisest. \u00d5ige toit on sellest suur osa.<\/strong><\/p>\n\n<p>Horsefood Estonia O\u00dc toob Eestisse Hollandi Horsefood the Best hobus\u00f6\u00f6dad ja lisandid.\nOleme seda teinud juba \u00fcle kaheksa aasta ja aidanud nii harrastus- kui sporthobuseid \u2013 nii noori kui vanu.\nVaatame koos hobuse vanust, koormust ja erip\u00e4rasid ning aitame leida s\u00f6\u00f6dakombinatsiooni, mis talle p\u00e4riselt sobib. \ud83d\udc34<\/p>\n\n<p>\ud83d\udc49 Vaata hobus\u00f6\u00f6ta meie veebipoes:\n<a href=\"https:\/\/horsefood.ee\/latvia\/produkta-kategorija\/horsefoodthebest\/\">https:\/\/horsefood.ee\/tootekategooria\/horsefoodthebest\/<\/a><br \/>\n\ud83d\udc49 Kui vajad abi valikul, k\u00fcsi julgelt s\u00f6\u00f6tmisn\u00f5u.<\/p>\n\n<p><strong>Alates 4 kotist on transport \u00fcle Eesti tasuta \u2013 hea v\u00f5imalus tellida koos tallikaaslastega.<\/strong><\/p>\n\n<p><strong>Kellele Horsefood s\u00f6\u00f6dad on m\u00f5eldud?<\/strong><\/p>\n\n\n<p>Meie kliendid on nii tallid kui \u00fcksikud hobuseomanikud \u00fcle Eesti.\nHorsefood tuleb eriti h\u00e4sti kasuks siis, kui otsid:<\/p>\n<ul>\n  <li>igap\u00e4evast tasakaalustatud s\u00f6\u00f6ta treeningul olevale v\u00f5i v\u00f5istlevatele hobustele;<\/li>\n  <li>lahendust k\u00f5hnale, kehva isuga v\u00f5i ainevahetusprobleemiga hobusele;<\/li>\n  <li>lihtsat ja l\u00e4bipaistvat s\u00f6\u00f6davalikut tervele hobi- v\u00f5i pensionihobusele;<\/li>\n  <li>abi hobuse s\u00f6\u00f6daratsiooni kokkupanekul, mitte lihtsalt suvalist kotit\u00e4it s\u00f6\u00f6ta.<\/li>\n<\/ul>\n\n<p><strong>Kuidas Horsefoodist tellimine k\u00e4ib?<\/strong><\/p>\n\n<p>Oleme tellimise teinud v\u00f5imalikult lihtsaks: valid s\u00f6\u00f6dad v\u00e4lja, kinnitad tellimuse ja meie toome need sinuni. \ud83d\udce6<\/p>\n<ol>\n  <li><strong>Vali tooted veebipoest<\/strong><br \/>\n      Sirvi hobus\u00f6\u00f6tade ja lisandite valikut ning lisa sobivad tooted ostukorvi. K\u00fcsimuste korral k\u00fcsi julgelt n\u00f5u.\n  <\/li>\n  <li><strong>Sisesta andmed ja tarneviis<\/strong><br \/>\n      Lisa kontaktandmed ja vali, kas soovid kaupa talli, kulleriga, pakiautomaati v\u00f5i kokkulepitud \u00fcleandmiskohta.\n  <\/li>\n  <li><strong>V\u00f5ta kaup vastu<\/strong><br \/>\n      Toome s\u00f6\u00f6da sinuni esimesel v\u00f5imalusel. T\u00e4psemad tarne- ja maksetingimused leiad lehelt \u201eKuidas saab kaupa osta?\u201c.\n  <\/li>\n<\/ol>\n\n<strong>Ei tea, millist s\u00f6\u00f6ta valida?<\/strong>\n\n\n<p>Iga hobune on oma n\u00e4gu \u2013 vanus, t\u00f6\u00f6koormus, iseloom ja tervis m\u00e4ngivad suurt rolli.\nKui tahad kindlust, et s\u00f6\u00f6t sobib just sinu hobusele, kirjuta meile l\u00fchidalt hobuse kohta ja oma k\u00fcsimus. \ud83d\udcac\nVastame arusaadavalt ja otse ning teeme s\u00f6\u00f6tmise sinu jaoks v\u00f5imalikult lihtsaks ja muretuks.<\/p>","protected":false},"excerpt":{"rendered":"<p>Kvaliteetne hobus\u00f6\u00f6t ja hoolikalt valitud lisandid. Horsefood \u2013 hea tulemus algab hoolimisest. \u00d5ige toit on sellest suur osa. Horsefood Estonia O\u00dc toob Eestisse Hollandi Horsefood the Best hobus\u00f6\u00f6dad ja lisandid. Oleme seda teinud juba \u00fcle kaheksa aasta ja aidanud nii harrastus- kui sporthobuseid \u2013 nii noori kui vanu. Vaatame koos hobuse vanust, koormust ja erip\u00e4rasid ning aitame leida s\u00f6\u00f6dakombinatsiooni, mis talle p\u00e4riselt sobib. \ud83d\udc34 \ud83d\udc49 Vaata hobus\u00f6\u00f6ta meie veebipoes: https:\/\/horsefood.ee\/tootekategooria\/horsefoodthebest\/ \ud83d\udc49 Kui vajad abi valikul, [&#8230;]\n","protected":false},"author":1,"featured_media":0,"parent":3313,"menu_order":1,"comment_status":"closed","ping_status":"closed","template":"","meta":{"jetpack_post_was_ever_published":false,"footnotes":""},"class_list":["post-2337","page","type-page","status-publish","hentry"],"jetpack_sharing_enabled":true,"jetpack_shortlink":"https:\/\/wp.me\/PaE1on-BH","jetpack-related-posts":[{"id":3570,"url":"https:\/\/horsefood.ee\/latvia\/ostutingimused\/","url_meta":{"origin":2337,"position":0},"title":"Ostutingimused","author":"kadri koppel","date":"18. Apr 2017","format":false,"excerpt":"Veebipoe omanik on: Horsefood Estonia O\u00dc\/ LADU asub aadressil Kaera 6, V\u00e4\u00e4na, Harku vald, \u00a0+372 5016180 Kaido Koppel Kauba valimine:\u00a0 Palun valige v\u00e4lja sobilikud tooted ja lisage need ostukorvi. Ostukorvi sisu on v\u00f5imalik hiljem kohendada - \"Uuenda ostukorvi\". Edasi liigu - \"Mine kassasse\". Kauba tellimine:\u00a0 T\u00e4ida korrektselt k\u00f5ik Sinu tellimust\u2026","rel":"","context":"Similar post","block_context":{"text":"Similar post","link":""},"img":{"alt_text":"","src":"","width":0,"height":0},"classes":[]},{"id":3944,"url":"https:\/\/horsefood.ee\/latvia\/soodajaam\/","url_meta":{"origin":2337,"position":1},"title":"KUIDAS SAAB KAUPA OSTA!","author":"kadri koppel","date":"13. J\u016bl 2017","format":false,"excerpt":"Kuidas saab\u00a0Horsefoodthebest\u00a0hobutooteid\u00a0osta? Palun soorita ost l\u00e4bi e-poe!\u00a0Horsefoodthebest\u00a0\u00a0\u00fclimaitsvad ning naturaalsed hobus\u00f6\u00f6dad toimetame Tallinna - ja Harjumaa tallidesse \u00a01-5 t\u00f6\u00f6p\u00e4eva jooksul klientideni TASUTA!\u00a0Ostja v\u00f5ib kaubale ka ise Tallinna linnas j\u00e4rele tulla! Kauba \u00fcleandmise lepime eelnevalt kokku e-kirja v\u00f5i telefoni teel! Eestimaa teistesse maakondadesse pakume\u00a0Horsefoodthebest\u00a0s\u00f6\u00f6tadele TASUTA transporti (kohaletoimetamine OSC- kulleriga kuni 3-4 t\u00f6\u00f6p\u00e4eva\u2026","rel":"","context":"Similar post","block_context":{"text":"Similar post","link":""},"img":{"alt_text":"","src":"https:\/\/i0.wp.com\/horsefood.ee\/wp-content\/uploads\/2020\/06\/Kaup-klientideni-tasuta-1.png?resize=350%2C200","width":350,"height":200,"srcset":"https:\/\/i0.wp.com\/horsefood.ee\/wp-content\/uploads\/2020\/06\/Kaup-klientideni-tasuta-1.png?resize=350%2C200 1x, https:\/\/i0.wp.com\/horsefood.ee\/wp-content\/uploads\/2020\/06\/Kaup-klientideni-tasuta-1.png?resize=525%2C300 1.5x, https:\/\/i0.wp.com\/horsefood.ee\/wp-content\/uploads\/2020\/06\/Kaup-klientideni-tasuta-1.png?resize=700%2C400 2x"},"classes":[]},{"id":3941,"url":"https:\/\/horsefood.ee\/latvia\/hulgimuuk\/","url_meta":{"origin":2337,"position":2},"title":"Hulgim\u00fc\u00fck!","author":"kadri koppel","date":"13. J\u016bl 2017","format":false,"excerpt":"Hea hobuses\u00f5ber! Horsefoodthebest hobutoodete nimistusse kuulub ligemale 100 toodet. Vali Horsefoodthebest, sest Sinu hobune v\u00e4\u00e4rib vaid k\u00f5ige paremat! Suuremate kaubakoguste puhul, k\u00fcsi palun personaalset hinnapakkumist! T\u00e4nud! Enamikke s\u00f6\u00f6tasid ja heinagraanulit saab pakendada ka Bigbox-i vormis (1oookg). K\u00fcsi hinnapakkumist Sind huvipakkuvale\u00a0Horsefoodthebest s\u00f6\u00f6dale! Transpordime s\u00f6\u00f6tasid \u00fcle kogu Eesti! \u00a0","rel":"","context":"Similar post","block_context":{"text":"Similar post","link":""},"img":{"alt_text":"","src":"https:\/\/i0.wp.com\/horsefood.ee\/wp-content\/uploads\/2021\/03\/bigbox-uus.jpg?resize=350%2C200&ssl=1","width":350,"height":200,"srcset":"https:\/\/i0.wp.com\/horsefood.ee\/wp-content\/uploads\/2021\/03\/bigbox-uus.jpg?resize=350%2C200&ssl=1 1x, https:\/\/i0.wp.com\/horsefood.ee\/wp-content\/uploads\/2021\/03\/bigbox-uus.jpg?resize=525%2C300&ssl=1 1.5x, https:\/\/i0.wp.com\/horsefood.ee\/wp-content\/uploads\/2021\/03\/bigbox-uus.jpg?resize=700%2C400&ssl=1 2x, https:\/\/i0.wp.com\/horsefood.ee\/wp-content\/uploads\/2021\/03\/bigbox-uus.jpg?resize=1050%2C600&ssl=1 3x, https:\/\/i0.wp.com\/horsefood.ee\/wp-content\/uploads\/2021\/03\/bigbox-uus.jpg?resize=1400%2C800&ssl=1 4x"},"classes":[]},{"id":3938,"url":"https:\/\/horsefood.ee\/latvia\/uudised\/","url_meta":{"origin":2337,"position":3},"title":"UUDISED!","author":"kadri koppel","date":"13. J\u016bl 2017","format":false,"excerpt":"Kuidas saab\u00a0Horsefoodthebest\u00a0hobutooteid\u00a0osta? Palun soorita ost l\u00e4bi e-poe!\u00a0Horsefoodthebest\u00a0\u00fclimaitsvad ning naturaalsed hobus\u00f6\u00f6dad toimetame Tallinna linnas\u00a0ja Harjumaa piires klientideni (miinimumkogus 2x20kg) 1-4 t\u00f6\u00f6p\u00e4eva jooksul TASUTA! Kindlasti eelnevalt t\u00e4psustada ja kokku leppida. \u00a0Ostja v\u00f5ib kaubale ka ise j\u00e4rele tulla, ladu asub V\u00e4\u00e4nas, Harku vald! Kauba \u00fcleandmise lepime eelnevalt kokku e-kirja v\u00f5i telefoni teel! Eestimaa\u2026","rel":"","context":"Similar post","block_context":{"text":"Similar post","link":""},"img":{"alt_text":"","src":"https:\/\/i0.wp.com\/horsefood.ee\/wp-content\/uploads\/2020\/07\/MAP-pakend-1.png?resize=350%2C200","width":350,"height":200,"srcset":"https:\/\/i0.wp.com\/horsefood.ee\/wp-content\/uploads\/2020\/07\/MAP-pakend-1.png?resize=350%2C200 1x, https:\/\/i0.wp.com\/horsefood.ee\/wp-content\/uploads\/2020\/07\/MAP-pakend-1.png?resize=525%2C300 1.5x, https:\/\/i0.wp.com\/horsefood.ee\/wp-content\/uploads\/2020\/07\/MAP-pakend-1.png?resize=700%2C400 2x"},"classes":[]},{"id":4822,"url":"https:\/\/horsefood.ee\/latvia\/kusi-alati-soodanou-ara-pusi-uksinda\/","url_meta":{"origin":2337,"position":4},"title":"TARKUSETERA!","author":"kadri koppel","date":"5. Dec 2017","format":false,"excerpt":"\u00a0\u00c4ra \u00fctle millist s\u00f6\u00f6ta Sinul vaja oleks, vaid r\u00e4\u00e4gi minuga oma hobusest! Tea, et HORSEFOOD`the best tervislik s\u00f6\u00f6gikord koosneb v\u00f5rdses koguses, graanulit ja m\u00fcslit. Meie kohalikus, Eestimaa tootevalikus on kaheksa erinevat graanuls\u00f6\u00f6ta ning \u00fcheksa sorti mixe! Toodetele omistatud kvaliteedim\u00e4rgised: GMP+, HACCP, Skal, SECURE FEED.\u00a0","rel":"","context":"Similar post","block_context":{"text":"Similar post","link":""},"img":{"alt_text":"","src":"https:\/\/i0.wp.com\/horsefood.ee\/wp-content\/uploads\/2018\/05\/Horsefoodthe-best-saadikud-kujundus.png?resize=350%2C200","width":350,"height":200,"srcset":"https:\/\/i0.wp.com\/horsefood.ee\/wp-content\/uploads\/2018\/05\/Horsefoodthe-best-saadikud-kujundus.png?resize=350%2C200 1x, https:\/\/i0.wp.com\/horsefood.ee\/wp-content\/uploads\/2018\/05\/Horsefoodthe-best-saadikud-kujundus.png?resize=525%2C300 1.5x, https:\/\/i0.wp.com\/horsefood.ee\/wp-content\/uploads\/2018\/05\/Horsefoodthe-best-saadikud-kujundus.png?resize=700%2C400 2x"},"classes":[]},{"id":3374,"url":"https:\/\/horsefood.ee\/latvia\/hinnakiri\/","url_meta":{"origin":2337,"position":5},"title":"Hinnakiri","author":"kadri koppel","date":"14. Apr 2017","format":false,"excerpt":"NB! K\u00f5ik meie sortimendis olevad tooted on valmistatud ainult looduslikku p\u00e4ritolu toorainest ja need on dopinguvabad!\u00a0 Siit leiad\u00a0HORSEFOOD eestikeelne kataloog You can find here\u00a0HORSEFOOD catalogue in English H I N N A K I R I `2024 GRAANULID Basis-Sportbrok (harrastus\/sport\/keskmine koormus) 20kg 19.82\u20ac Digest Controlbrok (seedimine\/k\u00f5ikidele hobustele) 20kg 24.39\u20ac Refit\u2026","rel":"","context":"Similar post","block_context":{"text":"Similar post","link":""},"img":{"alt_text":"","src":"https:\/\/i0.wp.com\/horsefood.ee\/wp-content\/uploads\/2020\/02\/Kvaliteet.png?resize=350%2C200&ssl=1","width":350,"height":200,"srcset":"https:\/\/i0.wp.com\/horsefood.ee\/wp-content\/uploads\/2020\/02\/Kvaliteet.png?resize=350%2C200&ssl=1 1x, https:\/\/i0.wp.com\/horsefood.ee\/wp-content\/uploads\/2020\/02\/Kvaliteet.png?resize=525%2C300&ssl=1 1.5x, https:\/\/i0.wp.com\/horsefood.ee\/wp-content\/uploads\/2020\/02\/Kvaliteet.png?resize=700%2C400&ssl=1 2x, https:\/\/i0.wp.com\/horsefood.ee\/wp-content\/uploads\/2020\/02\/Kvaliteet.png?resize=1050%2C600&ssl=1 3x, https:\/\/i0.wp.com\/horsefood.ee\/wp-content\/uploads\/2020\/02\/Kvaliteet.png?resize=1400%2C800&ssl=1 4x"},"classes":[]}],"_links":{"self":[{"href":"https:\/\/horsefood.ee\/latvia\/wp-json\/wp\/v2\/pages\/2337","targetHints":{"allow":["GET"]}}],"collection":[{"href":"https:\/\/horsefood.ee\/latvia\/wp-json\/wp\/v2\/pages"}],"about":[{"href":"https:\/\/horsefood.ee\/latvia\/wp-json\/wp\/v2\/types\/page"}],"author":[{"embeddable":true,"href":"https:\/\/horsefood.ee\/latvia\/wp-json\/wp\/v2\/users\/1"}],"replies":[{"embeddable":true,"href":"https:\/\/horsefood.ee\/latvia\/wp-json\/wp\/v2\/comments?post=2337"}],"version-history":[{"count":5,"href":"https:\/\/horsefood.ee\/latvia\/wp-json\/wp\/v2\/pages\/2337\/revisions"}],"predecessor-version":[{"id":22548,"href":"https:\/\/horsefood.ee\/latvia\/wp-json\/wp\/v2\/pages\/2337\/revisions\/22548"}],"up":[{"embeddable":true,"href":"https:\/\/horsefood.ee\/latvia\/wp-json\/wp\/v2\/pages\/3313"}],"wp:attachment":[{"href":"https:\/\/horsefood.ee\/latvia\/wp-json\/wp\/v2\/media?parent=2337"}],"curies":[{"name":"wp","href":"https:\/\/api.w.org\/{rel}","templated":true}]}}